{"id":1887,"date":"2019-02-13T15:56:40","date_gmt":"2019-02-13T15:56:40","guid":{"rendered":"https:\/\/new.cooptaxis.pt\/?page_id=1887"},"modified":"2019-02-13T16:09:26","modified_gmt":"2019-02-13T16:09:26","slug":"privacy-policy","status":"publish","type":"page","link":"https:\/\/cooptaxis.pt\/en\/privacy-policy\/","title":{"rendered":"Privacy policy"},"content":{"rendered":"<h2 class=\"wp-block-heading\">Privacy\npolicy<\/h2><p><\/p><p class=\"has-text-color has-very-dark-gray-color\">Cooptaxis is committed to protecting the privacy of its users in the apps and websites they provide. <br>The following privacy policy has been created with the intention of establishing its compromise and respect for the rules of privacy and protection of personal data.  <br>The usage of our websites, apps and sharing of data imply the previous knowledge and acceptance of the conditions of this privacy policy.  <br>Coopt\u00e1xis provides a call center service to all of its clients where the purchase of taxi related services can be made, without providing any contractual information nor personal information to others.  <br>Still, we keep the right to, when faced with legal obligations and at the request of competent authorities, provide them with your personal data. <\/p><h4 class=\"wp-block-heading\">Responsible for the treatment and\nfiling of data. <\/h4><p class=\"has-text-color has-very-dark-gray-color\">Autocoope-Cooperativa de\nT\u00e1xis de Lisboa, C.R.L, owner of the brand Coopt\u00e1xis, with its social\nheadquarters in Av. Visconde Valmor, nr\u00ba30 r\/c dto, 1050-240 Lisboa is the\nresponsible entity for the management of your personal data.<\/p><p class=\"has-text-color has-very-dark-gray-color\">The owner of the data\ncan contact, by written message, Autocoope, CRL regarding any questions about\nthe protection of their personal data and the extent of their rights when it\ncomes to such data. Contact us via post mail to the address shown above or\nthrough the means of email.<\/p><p class=\"has-text-color has-very-dark-gray-color\">Contact the head of data protection through the email: <br><a href=\"mailto:dpo@autocoope.pt\">dpo@autocoope.pt<\/a> Or by post mail to the address shown above. <\/p><h4 class=\"wp-block-heading\">Personal data<\/h4><p class=\"has-text-color has-very-dark-gray-color\">It is understood that \u201cpersonal data\u201d refers to any information, of any form or nature and regardless of its medium (including sound and image) related to a single identifiable person (the data\u00b4s owner).<br><\/p><p class=\"has-text-color has-very-dark-gray-color\">A person is considered identifiable, directly or indirectly, through the\nreference of an identification number or other specific elements of one\u2019s\nphysical, physiological, psychic, economical, cultural or social identity.<\/p><h4 class=\"wp-block-heading\">Collecting of information, its treatment and purpose<\/h4><p class=\"has-text-color has-very-dark-gray-color\">Coopt\u00e1xis proceeds to the gathering and treatment, provided by the\nrespective owner, of the following data: name, cellphone number, address, email\nand NIF.<\/p><p class=\"has-text-color has-very-dark-gray-color\">Coopt\u00e1xis assumes the provided data is given by their respective owner\nor that this one gave permission to do so and that the information in question\nis true and updated.<\/p><p class=\"has-text-color has-very-dark-gray-color\"><strong>Personal data can be gathered through the following methods:<\/strong><\/p><p class=\"has-text-color has-very-dark-gray-color\">Email <br>Websites  <br>Phonecalls  <br>Apps instaled in mobile devices <\/p><p class=\"has-text-color has-very-dark-gray-color\"><strong>The data we gather is exclusively used for the following purposes:<\/strong><\/p><p class=\"has-text-color has-very-dark-gray-color\">Solicitation, management, processing and\nwhatever may be further needed to the provision of services\/products;<\/p><p class=\"has-text-color has-very-dark-gray-color\">The collected data is processed and filed in a specific computer\nsystem\u2019s data base, according to what is established by the legislation on the\nprotection of data, by Coopt\u00e1xis or by its hired entities. Some of the personal\ndata required to fill in the website\u00b4s form is obligatory. The lack or\ninsufficiency of the obligatory data required on the website might lead to an\nimpossibility of Coopt\u00e1xis to provide the services and informations by you\nneeded.<\/p><p class=\"has-text-color has-very-dark-gray-color\">Autocoope CRL might subcontract other companies for the providence of\nservices according to the requirements of the goals stated above, in case those\ncompanies meet the conditions &nbsp;imposed by\nthe RGPD.<\/p><h4 class=\"wp-block-heading\">Your rights<\/h4><p class=\"has-text-color has-very-dark-gray-color\">In the terms of the applicable legislation, the\nowner of the data might request, at any given time, the access to their own\npersonal data and also its rectification, elimination or limitation of its\ntreatment and portability, or oppose to the treatment (with the exception of\nthe data strictly required for the providence of the service), directly through\na written request to the addresses given above.<\/p><p class=\"has-text-color has-very-dark-gray-color\">You can obtain the confirmation of which\nspecific personal data is the target of treatment, as well as access to the\nsame, being given, in case you require it, a copy of the data being the target\nof such treatment by Coopt\u00e1xis.<\/p><p class=\"has-text-color has-very-dark-gray-color\">In the terms established by the law it is\nguaranteed you the right, through the means referred above, to withdraw your\npermission of the treatment of the data which constitutes the basis of\nlegitimacy of such treatment and\/or deletion.<\/p><p class=\"has-text-color has-very-dark-gray-color\">The&nbsp;\nowner&nbsp; of the data has the right\nto make a complaint to the (National Commission of the Protection of Data)\nComiss\u00e3o Nacional de Prote\u00e7\u00e3o de Dados (CNPD), or any other competent control\nentity in accordance with the terms of the law, in case they consider their\ndata is not being subject to a legitimate treatment by Coopt\u00e1xis in the terms\nof the applicable legislation and the present Privacy Policy.<\/p><h4 class=\"wp-block-heading\" id=\"mce_89\">Duration of information retention<\/h4><p class=\"has-text-color has-very-dark-gray-color\">The gathered personal data is treated in accordance with the terms of\nthe applicable legislation and saved in specific data bases, created for such\nan effect.<\/p><p class=\"has-text-color has-very-dark-gray-color\">The duration\/period of time in which the data is filed varies according\nto the goal to which it was gathered, being saved for the duration of the\nvalidity of the respective contract, except in situations covered by legal\nobligation.<\/p><h4 class=\"wp-block-heading\">Transference of data<\/h4><p class=\"has-text-color has-very-dark-gray-color\">In case there might be any transfers of data\nto a third country not belonging to the European Union or the European\nEconomical Space, Coopt\u00e1xis will act in accordance with the law, when it comes\nto the suitability of the country of destination regarding&nbsp; the protection of personal data and the\nrequirements that are applicable to such transfers, not transferring any data\nto jurisdictions that cannot afford guaranties of its security and protection.<\/p><h4 class=\"wp-block-heading\">Changes to the Privacy Policy <\/h4><p class=\"has-text-color has-very-dark-gray-color\">Coopt\u00e1xis reserves itself the right to,\nwhenever needed, proceed to the modification and updating of its present\nprivacy policy. Such alterations will be properly announced and updated in all\nof our platforms. We suggest you consult them regularly in order to be up to\nsuch changes.<\/p>","protected":false},"excerpt":{"rendered":"<p>Privacy policy Cooptaxis is committed to protecting the privacy of its users in the apps and websites they provide. The following privacy policy has been created with the intention of establishing its compromise and respect for the rules of privacy and protection of personal data. The usage of our websites, apps and sharing of data imply the previous knowledge and &#8230; <\/p>\n<div><a href=\"https:\/\/cooptaxis.pt\/en\/privacy-policy\/\" class=\"more-link\">Read More<\/a><\/div>\n","protected":false},"author":1,"featured_media":0,"parent":0,"menu_order":0,"comment_status":"closed","ping_status":"closed","template":"template-blank-1.php","meta":{"om_disable_all_campaigns":false,"_uag_custom_page_level_css":"","_monsterinsights_skip_tracking":false,"_monsterinsights_sitenote_active":false,"_monsterinsights_sitenote_note":"","_monsterinsights_sitenote_category":0,"footnotes":""},"class_list":["post-1887","page","type-page","status-publish","hentry","no-post-thumbnail"],"aioseo_notices":[],"yoast_head":"<!-- This site is optimized with the Yoast SEO plugin v24.7 - https:\/\/yoast.com\/wordpress\/plugins\/seo\/ -->\n<title>Privacy policy - Coopt\u00e1xis<\/title>\n<meta name=\"robots\" content=\"index, follow, max-snippet:-1, max-image-preview:large, max-video-preview:-1\" \/>\n<link rel=\"canonical\" href=\"https:\/\/cooptaxis.pt\/en\/privacy-policy\/\" \/>\n<meta property=\"og:locale\" content=\"en_US\" \/>\n<meta property=\"og:type\" content=\"article\" \/>\n<meta property=\"og:title\" content=\"Privacy policy - Coopt\u00e1xis\" \/>\n<meta property=\"og:description\" content=\"Privacy policy Cooptaxis is committed to protecting the privacy of its users in the apps and websites they provide. The following privacy policy has been created with the intention of establishing its compromise and respect for the rules of privacy and protection of personal data. The usage of our websites, apps and sharing of data imply the previous knowledge and ... Read More\" \/>\n<meta property=\"og:url\" content=\"https:\/\/cooptaxis.pt\/en\/privacy-policy\/\" \/>\n<meta property=\"og:site_name\" content=\"Coopt\u00e1xis\" \/>\n<meta property=\"article:publisher\" content=\"https:\/\/www.instagram.com\/cooptaxisportugal\/\" \/>\n<meta property=\"article:modified_time\" content=\"2019-02-13T16:09:26+00:00\" \/>\n<meta name=\"twitter:card\" content=\"summary_large_image\" \/>\n<meta name=\"twitter:label1\" content=\"Est. reading time\" \/>\n\t<meta name=\"twitter:data1\" content=\"5 minutes\" \/>\n<script type=\"application\/ld+json\" class=\"yoast-schema-graph\">{\"@context\":\"https:\/\/schema.org\",\"@graph\":[{\"@type\":\"WebPage\",\"@id\":\"https:\/\/cooptaxis.pt\/en\/privacy-policy\/\",\"url\":\"https:\/\/cooptaxis.pt\/en\/privacy-policy\/\",\"name\":\"Privacy policy - Coopt\u00e1xis\",\"isPartOf\":{\"@id\":\"https:\/\/cooptaxis.pt\/#website\"},\"datePublished\":\"2019-02-13T15:56:40+00:00\",\"dateModified\":\"2019-02-13T16:09:26+00:00\",\"breadcrumb\":{\"@id\":\"https:\/\/cooptaxis.pt\/en\/privacy-policy\/#breadcrumb\"},\"inLanguage\":\"en-US\",\"potentialAction\":[{\"@type\":\"ReadAction\",\"target\":[\"https:\/\/cooptaxis.pt\/en\/privacy-policy\/\"]}]},{\"@type\":\"BreadcrumbList\",\"@id\":\"https:\/\/cooptaxis.pt\/en\/privacy-policy\/#breadcrumb\",\"itemListElement\":[{\"@type\":\"ListItem\",\"position\":1,\"name\":\"In\u00edcio\",\"item\":\"https:\/\/cooptaxis.pt\/en\/home\/\"},{\"@type\":\"ListItem\",\"position\":2,\"name\":\"Privacy policy\"}]},{\"@type\":\"WebSite\",\"@id\":\"https:\/\/cooptaxis.pt\/#website\",\"url\":\"https:\/\/cooptaxis.pt\/\",\"name\":\"Coopt\u00e1xis\",\"description\":\"A maior Frota Nacional de T\u00e1xis\",\"publisher\":{\"@id\":\"https:\/\/cooptaxis.pt\/#organization\"},\"potentialAction\":[{\"@type\":\"SearchAction\",\"target\":{\"@type\":\"EntryPoint\",\"urlTemplate\":\"https:\/\/cooptaxis.pt\/?s={search_term_string}\"},\"query-input\":{\"@type\":\"PropertyValueSpecification\",\"valueRequired\":true,\"valueName\":\"search_term_string\"}}],\"inLanguage\":\"en-US\"},{\"@type\":\"Organization\",\"@id\":\"https:\/\/cooptaxis.pt\/#organization\",\"name\":\"Coopt\u00e1xis\",\"url\":\"https:\/\/cooptaxis.pt\/\",\"logo\":{\"@type\":\"ImageObject\",\"inLanguage\":\"en-US\",\"@id\":\"https:\/\/cooptaxis.pt\/#\/schema\/logo\/image\/\",\"url\":\"https:\/\/cooptaxis.pt\/wp-content\/uploads\/2019\/02\/cropped-COOPTAXIS_fundo_Pantone.jpg\",\"contentUrl\":\"https:\/\/cooptaxis.pt\/wp-content\/uploads\/2019\/02\/cropped-COOPTAXIS_fundo_Pantone.jpg\",\"width\":512,\"height\":512,\"caption\":\"Coopt\u00e1xis\"},\"image\":{\"@id\":\"https:\/\/cooptaxis.pt\/#\/schema\/logo\/image\/\"},\"sameAs\":[\"https:\/\/www.instagram.com\/cooptaxisportugal\/\",\"https:\/\/www.youtube.com\/watch?v=jLvAnznJhBo&amp;amp;amp;list=PLXqoHUfSBV2Dh-_t5RfvN-rKuClmSlzfW\"]}]}<\/script>\n<!-- \/ Yoast SEO plugin. -->","yoast_head_json":{"title":"Privacy policy - Coopt\u00e1xis","robots":{"index":"index","follow":"follow","max-snippet":"max-snippet:-1","max-image-preview":"max-image-preview:large","max-video-preview":"max-video-preview:-1"},"canonical":"https:\/\/cooptaxis.pt\/en\/privacy-policy\/","og_locale":"en_US","og_type":"article","og_title":"Privacy policy - Coopt\u00e1xis","og_description":"Privacy policy Cooptaxis is committed to protecting the privacy of its users in the apps and websites they provide. The following privacy policy has been created with the intention of establishing its compromise and respect for the rules of privacy and protection of personal data. The usage of our websites, apps and sharing of data imply the previous knowledge and ... Read More","og_url":"https:\/\/cooptaxis.pt\/en\/privacy-policy\/","og_site_name":"Coopt\u00e1xis","article_publisher":"https:\/\/www.instagram.com\/cooptaxisportugal\/","article_modified_time":"2019-02-13T16:09:26+00:00","twitter_card":"summary_large_image","twitter_misc":{"Est. reading time":"5 minutes"},"schema":{"@context":"https:\/\/schema.org","@graph":[{"@type":"WebPage","@id":"https:\/\/cooptaxis.pt\/en\/privacy-policy\/","url":"https:\/\/cooptaxis.pt\/en\/privacy-policy\/","name":"Privacy policy - Coopt\u00e1xis","isPartOf":{"@id":"https:\/\/cooptaxis.pt\/#website"},"datePublished":"2019-02-13T15:56:40+00:00","dateModified":"2019-02-13T16:09:26+00:00","breadcrumb":{"@id":"https:\/\/cooptaxis.pt\/en\/privacy-policy\/#breadcrumb"},"inLanguage":"en-US","potentialAction":[{"@type":"ReadAction","target":["https:\/\/cooptaxis.pt\/en\/privacy-policy\/"]}]},{"@type":"BreadcrumbList","@id":"https:\/\/cooptaxis.pt\/en\/privacy-policy\/#breadcrumb","itemListElement":[{"@type":"ListItem","position":1,"name":"In\u00edcio","item":"https:\/\/cooptaxis.pt\/en\/home\/"},{"@type":"ListItem","position":2,"name":"Privacy policy"}]},{"@type":"WebSite","@id":"https:\/\/cooptaxis.pt\/#website","url":"https:\/\/cooptaxis.pt\/","name":"Coopt\u00e1xis","description":"A maior Frota Nacional de T\u00e1xis","publisher":{"@id":"https:\/\/cooptaxis.pt\/#organization"},"potentialAction":[{"@type":"SearchAction","target":{"@type":"EntryPoint","urlTemplate":"https:\/\/cooptaxis.pt\/?s={search_term_string}"},"query-input":{"@type":"PropertyValueSpecification","valueRequired":true,"valueName":"search_term_string"}}],"inLanguage":"en-US"},{"@type":"Organization","@id":"https:\/\/cooptaxis.pt\/#organization","name":"Coopt\u00e1xis","url":"https:\/\/cooptaxis.pt\/","logo":{"@type":"ImageObject","inLanguage":"en-US","@id":"https:\/\/cooptaxis.pt\/#\/schema\/logo\/image\/","url":"https:\/\/cooptaxis.pt\/wp-content\/uploads\/2019\/02\/cropped-COOPTAXIS_fundo_Pantone.jpg","contentUrl":"https:\/\/cooptaxis.pt\/wp-content\/uploads\/2019\/02\/cropped-COOPTAXIS_fundo_Pantone.jpg","width":512,"height":512,"caption":"Coopt\u00e1xis"},"image":{"@id":"https:\/\/cooptaxis.pt\/#\/schema\/logo\/image\/"},"sameAs":["https:\/\/www.instagram.com\/cooptaxisportugal\/","https:\/\/www.youtube.com\/watch?v=jLvAnznJhBo&amp;amp;amp;list=PLXqoHUfSBV2Dh-_t5RfvN-rKuClmSlzfW"]}]}},"uagb_featured_image_src":{"full":false,"thumbnail":false,"medium":false,"medium_large":false,"large":false,"1536x1536":false,"2048x2048":false,"woocommerce_thumbnail":false,"woocommerce_single":false,"woocommerce_gallery_thumbnail":false,"post-thumbnail":false,"entry":false,"entry-cropped":false,"entry-fullwidth":false,"entry-cropped-fullwidth":false},"uagb_author_info":{"display_name":"mauriatti","author_link":"https:\/\/cooptaxis.pt\/en\/author\/mauriatti\/"},"uagb_comment_info":0,"uagb_excerpt":"Privacy policy Cooptaxis is committed to protecting the privacy of its users in the apps and websites they provide. The following privacy policy has been created with the intention of establishing its compromise and respect for the rules of privacy and protection of personal data. The usage of our websites, apps and sharing of data&hellip;","_links":{"self":[{"href":"https:\/\/cooptaxis.pt\/en\/wp-json\/wp\/v2\/pages\/1887","targetHints":{"allow":["GET"]}}],"collection":[{"href":"https:\/\/cooptaxis.pt\/en\/wp-json\/wp\/v2\/pages"}],"about":[{"href":"https:\/\/cooptaxis.pt\/en\/wp-json\/wp\/v2\/types\/page"}],"author":[{"embeddable":true,"href":"https:\/\/cooptaxis.pt\/en\/wp-json\/wp\/v2\/users\/1"}],"replies":[{"embeddable":true,"href":"https:\/\/cooptaxis.pt\/en\/wp-json\/wp\/v2\/comments?post=1887"}],"version-history":[{"count":6,"href":"https:\/\/cooptaxis.pt\/en\/wp-json\/wp\/v2\/pages\/1887\/revisions"}],"predecessor-version":[{"id":1900,"href":"https:\/\/cooptaxis.pt\/en\/wp-json\/wp\/v2\/pages\/1887\/revisions\/1900"}],"wp:attachment":[{"href":"https:\/\/cooptaxis.pt\/en\/wp-json\/wp\/v2\/media?parent=1887"}],"curies":[{"name":"wp","href":"https:\/\/api.w.org\/{rel}","templated":true}]}}