{"id":6929,"date":"2020-10-16T10:08:19","date_gmt":"2020-10-16T10:08:19","guid":{"rendered":"https:\/\/cooptaxis.pt\/?page_id=6929"},"modified":"2020-10-16T10:28:58","modified_gmt":"2020-10-16T10:28:58","slug":"servico-entregas","status":"publish","type":"page","link":"https:\/\/cooptaxis.pt\/en\/servico-entregas\/","title":{"rendered":"Servi\u00e7o Entregas"},"content":{"rendered":"<div id=\"cs-content\" class=\"cs-content\"><\/div>\n","protected":false},"excerpt":{"rendered":"<p>Servi\u00e7o de Entregas Coopt\u00e1xis Input your text here! The text element is intended for longform copy that could potentially include multiple paragraphs. Contacto O envio dos dados atrav\u00e9s deste formul\u00e1rio \u00e9 absolutamente volunt\u00e1rio. Toda a informa\u00e7\u00e3o que nos disponibilizar ser\u00e1 incorporada no nosso ficheiro de clientes. Todos os dados pessoais ser\u00e3o tratados com toda a confidencialidade pela Autocoope, Cooperativa de &#8230; <\/p>\n<div><a href=\"https:\/\/cooptaxis.pt\/en\/servico-entregas\/\" class=\"more-link\">Read More<\/a><\/div>\n","protected":false},"author":1,"featured_media":0,"parent":0,"menu_order":0,"comment_status":"closed","ping_status":"closed","template":"template-blank-1.php","meta":{"om_disable_all_campaigns":false,"_uag_custom_page_level_css":"","_monsterinsights_skip_tracking":false,"_monsterinsights_sitenote_active":false,"_monsterinsights_sitenote_note":"","_monsterinsights_sitenote_category":0,"footnotes":""},"class_list":["post-6929","page","type-page","status-publish","hentry","no-post-thumbnail"],"aioseo_notices":[],"yoast_head":"<!-- This site is optimized with the Yoast SEO plugin v24.7 - https:\/\/yoast.com\/wordpress\/plugins\/seo\/ -->\n<title>Servi\u00e7o Entregas - Coopt\u00e1xis<\/title>\n<meta name=\"robots\" content=\"index, follow, max-snippet:-1, max-image-preview:large, max-video-preview:-1\" \/>\n<link rel=\"canonical\" href=\"https:\/\/cooptaxis.pt\/en\/servico-entregas\/\" \/>\n<meta property=\"og:locale\" content=\"en_US\" \/>\n<meta property=\"og:type\" content=\"article\" \/>\n<meta property=\"og:title\" content=\"Servi\u00e7o Entregas - Coopt\u00e1xis\" \/>\n<meta property=\"og:description\" content=\"Servi\u00e7o de Entregas Coopt\u00e1xis Input your text here! The text element is intended for longform copy that could potentially include multiple paragraphs. Contacto O envio dos dados atrav\u00e9s deste formul\u00e1rio \u00e9 absolutamente volunt\u00e1rio. Toda a informa\u00e7\u00e3o que nos disponibilizar ser\u00e1 incorporada no nosso ficheiro de clientes. Todos os dados pessoais ser\u00e3o tratados com toda a confidencialidade pela Autocoope, Cooperativa de ... Read More\" \/>\n<meta property=\"og:url\" content=\"https:\/\/cooptaxis.pt\/en\/servico-entregas\/\" \/>\n<meta property=\"og:site_name\" content=\"Coopt\u00e1xis\" \/>\n<meta property=\"article:publisher\" content=\"https:\/\/www.instagram.com\/cooptaxisportugal\/\" \/>\n<meta property=\"article:modified_time\" content=\"2020-10-16T10:28:58+00:00\" \/>\n<meta property=\"og:image\" content=\"https:\/\/cooptaxis.pt\/wp-content\/uploads\/2020\/10\/ccb85ee6-e385-4556-82b0-550032afdab7.jpg\" \/>\n<meta name=\"twitter:card\" content=\"summary_large_image\" \/>\n<meta name=\"twitter:label1\" content=\"Est. reading time\" \/>\n\t<meta name=\"twitter:data1\" content=\"1 minute\" \/>\n<script type=\"application\/ld+json\" class=\"yoast-schema-graph\">{\"@context\":\"https:\/\/schema.org\",\"@graph\":[{\"@type\":\"WebPage\",\"@id\":\"https:\/\/cooptaxis.pt\/en\/servico-entregas\/\",\"url\":\"https:\/\/cooptaxis.pt\/en\/servico-entregas\/\",\"name\":\"Servi\u00e7o Entregas - Coopt\u00e1xis\",\"isPartOf\":{\"@id\":\"https:\/\/cooptaxis.pt\/#website\"},\"primaryImageOfPage\":{\"@id\":\"https:\/\/cooptaxis.pt\/en\/servico-entregas\/#primaryimage\"},\"image\":{\"@id\":\"https:\/\/cooptaxis.pt\/en\/servico-entregas\/#primaryimage\"},\"thumbnailUrl\":\"https:\/\/cooptaxis.pt\/wp-content\/uploads\/2020\/10\/ccb85ee6-e385-4556-82b0-550032afdab7.jpg\",\"datePublished\":\"2020-10-16T10:08:19+00:00\",\"dateModified\":\"2020-10-16T10:28:58+00:00\",\"breadcrumb\":{\"@id\":\"https:\/\/cooptaxis.pt\/en\/servico-entregas\/#breadcrumb\"},\"inLanguage\":\"en-US\",\"potentialAction\":[{\"@type\":\"ReadAction\",\"target\":[\"https:\/\/cooptaxis.pt\/en\/servico-entregas\/\"]}]},{\"@type\":\"ImageObject\",\"inLanguage\":\"en-US\",\"@id\":\"https:\/\/cooptaxis.pt\/en\/servico-entregas\/#primaryimage\",\"url\":\"https:\/\/cooptaxis.pt\/wp-content\/uploads\/2020\/10\/ccb85ee6-e385-4556-82b0-550032afdab7.jpg\",\"contentUrl\":\"https:\/\/cooptaxis.pt\/wp-content\/uploads\/2020\/10\/ccb85ee6-e385-4556-82b0-550032afdab7.jpg\"},{\"@type\":\"BreadcrumbList\",\"@id\":\"https:\/\/cooptaxis.pt\/en\/servico-entregas\/#breadcrumb\",\"itemListElement\":[{\"@type\":\"ListItem\",\"position\":1,\"name\":\"In\u00edcio\",\"item\":\"https:\/\/cooptaxis.pt\/en\/home\/\"},{\"@type\":\"ListItem\",\"position\":2,\"name\":\"Servi\u00e7o Entregas\"}]},{\"@type\":\"WebSite\",\"@id\":\"https:\/\/cooptaxis.pt\/#website\",\"url\":\"https:\/\/cooptaxis.pt\/\",\"name\":\"Coopt\u00e1xis\",\"description\":\"A maior Frota Nacional de T\u00e1xis\",\"publisher\":{\"@id\":\"https:\/\/cooptaxis.pt\/#organization\"},\"potentialAction\":[{\"@type\":\"SearchAction\",\"target\":{\"@type\":\"EntryPoint\",\"urlTemplate\":\"https:\/\/cooptaxis.pt\/?s={search_term_string}\"},\"query-input\":{\"@type\":\"PropertyValueSpecification\",\"valueRequired\":true,\"valueName\":\"search_term_string\"}}],\"inLanguage\":\"en-US\"},{\"@type\":\"Organization\",\"@id\":\"https:\/\/cooptaxis.pt\/#organization\",\"name\":\"Coopt\u00e1xis\",\"url\":\"https:\/\/cooptaxis.pt\/\",\"logo\":{\"@type\":\"ImageObject\",\"inLanguage\":\"en-US\",\"@id\":\"https:\/\/cooptaxis.pt\/#\/schema\/logo\/image\/\",\"url\":\"https:\/\/cooptaxis.pt\/wp-content\/uploads\/2019\/02\/cropped-COOPTAXIS_fundo_Pantone.jpg\",\"contentUrl\":\"https:\/\/cooptaxis.pt\/wp-content\/uploads\/2019\/02\/cropped-COOPTAXIS_fundo_Pantone.jpg\",\"width\":512,\"height\":512,\"caption\":\"Coopt\u00e1xis\"},\"image\":{\"@id\":\"https:\/\/cooptaxis.pt\/#\/schema\/logo\/image\/\"},\"sameAs\":[\"https:\/\/www.instagram.com\/cooptaxisportugal\/\",\"https:\/\/www.youtube.com\/watch?v=jLvAnznJhBo&amp;amp;amp;list=PLXqoHUfSBV2Dh-_t5RfvN-rKuClmSlzfW\"]}]}<\/script>\n<!-- \/ Yoast SEO plugin. -->","yoast_head_json":{"title":"Servi\u00e7o Entregas - Coopt\u00e1xis","robots":{"index":"index","follow":"follow","max-snippet":"max-snippet:-1","max-image-preview":"max-image-preview:large","max-video-preview":"max-video-preview:-1"},"canonical":"https:\/\/cooptaxis.pt\/en\/servico-entregas\/","og_locale":"en_US","og_type":"article","og_title":"Servi\u00e7o Entregas - Coopt\u00e1xis","og_description":"Servi\u00e7o de Entregas Coopt\u00e1xis Input your text here! The text element is intended for longform copy that could potentially include multiple paragraphs. Contacto O envio dos dados atrav\u00e9s deste formul\u00e1rio \u00e9 absolutamente volunt\u00e1rio. Toda a informa\u00e7\u00e3o que nos disponibilizar ser\u00e1 incorporada no nosso ficheiro de clientes. Todos os dados pessoais ser\u00e3o tratados com toda a confidencialidade pela Autocoope, Cooperativa de ... Read More","og_url":"https:\/\/cooptaxis.pt\/en\/servico-entregas\/","og_site_name":"Coopt\u00e1xis","article_publisher":"https:\/\/www.instagram.com\/cooptaxisportugal\/","article_modified_time":"2020-10-16T10:28:58+00:00","og_image":[{"url":"https:\/\/cooptaxis.pt\/wp-content\/uploads\/2020\/10\/ccb85ee6-e385-4556-82b0-550032afdab7.jpg","type":"","width":"","height":""}],"twitter_card":"summary_large_image","twitter_misc":{"Est. reading time":"1 minute"},"schema":{"@context":"https:\/\/schema.org","@graph":[{"@type":"WebPage","@id":"https:\/\/cooptaxis.pt\/en\/servico-entregas\/","url":"https:\/\/cooptaxis.pt\/en\/servico-entregas\/","name":"Servi\u00e7o Entregas - Coopt\u00e1xis","isPartOf":{"@id":"https:\/\/cooptaxis.pt\/#website"},"primaryImageOfPage":{"@id":"https:\/\/cooptaxis.pt\/en\/servico-entregas\/#primaryimage"},"image":{"@id":"https:\/\/cooptaxis.pt\/en\/servico-entregas\/#primaryimage"},"thumbnailUrl":"https:\/\/cooptaxis.pt\/wp-content\/uploads\/2020\/10\/ccb85ee6-e385-4556-82b0-550032afdab7.jpg","datePublished":"2020-10-16T10:08:19+00:00","dateModified":"2020-10-16T10:28:58+00:00","breadcrumb":{"@id":"https:\/\/cooptaxis.pt\/en\/servico-entregas\/#breadcrumb"},"inLanguage":"en-US","potentialAction":[{"@type":"ReadAction","target":["https:\/\/cooptaxis.pt\/en\/servico-entregas\/"]}]},{"@type":"ImageObject","inLanguage":"en-US","@id":"https:\/\/cooptaxis.pt\/en\/servico-entregas\/#primaryimage","url":"https:\/\/cooptaxis.pt\/wp-content\/uploads\/2020\/10\/ccb85ee6-e385-4556-82b0-550032afdab7.jpg","contentUrl":"https:\/\/cooptaxis.pt\/wp-content\/uploads\/2020\/10\/ccb85ee6-e385-4556-82b0-550032afdab7.jpg"},{"@type":"BreadcrumbList","@id":"https:\/\/cooptaxis.pt\/en\/servico-entregas\/#breadcrumb","itemListElement":[{"@type":"ListItem","position":1,"name":"In\u00edcio","item":"https:\/\/cooptaxis.pt\/en\/home\/"},{"@type":"ListItem","position":2,"name":"Servi\u00e7o Entregas"}]},{"@type":"WebSite","@id":"https:\/\/cooptaxis.pt\/#website","url":"https:\/\/cooptaxis.pt\/","name":"Coopt\u00e1xis","description":"A maior Frota Nacional de T\u00e1xis","publisher":{"@id":"https:\/\/cooptaxis.pt\/#organization"},"potentialAction":[{"@type":"SearchAction","target":{"@type":"EntryPoint","urlTemplate":"https:\/\/cooptaxis.pt\/?s={search_term_string}"},"query-input":{"@type":"PropertyValueSpecification","valueRequired":true,"valueName":"search_term_string"}}],"inLanguage":"en-US"},{"@type":"Organization","@id":"https:\/\/cooptaxis.pt\/#organization","name":"Coopt\u00e1xis","url":"https:\/\/cooptaxis.pt\/","logo":{"@type":"ImageObject","inLanguage":"en-US","@id":"https:\/\/cooptaxis.pt\/#\/schema\/logo\/image\/","url":"https:\/\/cooptaxis.pt\/wp-content\/uploads\/2019\/02\/cropped-COOPTAXIS_fundo_Pantone.jpg","contentUrl":"https:\/\/cooptaxis.pt\/wp-content\/uploads\/2019\/02\/cropped-COOPTAXIS_fundo_Pantone.jpg","width":512,"height":512,"caption":"Coopt\u00e1xis"},"image":{"@id":"https:\/\/cooptaxis.pt\/#\/schema\/logo\/image\/"},"sameAs":["https:\/\/www.instagram.com\/cooptaxisportugal\/","https:\/\/www.youtube.com\/watch?v=jLvAnznJhBo&amp;amp;amp;list=PLXqoHUfSBV2Dh-_t5RfvN-rKuClmSlzfW"]}]}},"uagb_featured_image_src":{"full":false,"thumbnail":false,"medium":false,"medium_large":false,"large":false,"1536x1536":false,"2048x2048":false,"woocommerce_thumbnail":false,"woocommerce_single":false,"woocommerce_gallery_thumbnail":false,"post-thumbnail":false,"entry":false,"entry-cropped":false,"entry-fullwidth":false,"entry-cropped-fullwidth":false},"uagb_author_info":{"display_name":"mauriatti","author_link":"https:\/\/cooptaxis.pt\/en\/author\/mauriatti\/"},"uagb_comment_info":0,"uagb_excerpt":"Servi\u00e7o de Entregas Coopt\u00e1xis Input your text here! The text element is intended for longform copy that could potentially include multiple paragraphs. Contacto O envio dos dados atrav\u00e9s deste formul\u00e1rio \u00e9 absolutamente volunt\u00e1rio. Toda a informa\u00e7\u00e3o que nos disponibilizar ser\u00e1 incorporada no nosso ficheiro de clientes. Todos os dados pessoais ser\u00e3o tratados com toda a&hellip;","_links":{"self":[{"href":"https:\/\/cooptaxis.pt\/en\/wp-json\/wp\/v2\/pages\/6929","targetHints":{"allow":["GET"]}}],"collection":[{"href":"https:\/\/cooptaxis.pt\/en\/wp-json\/wp\/v2\/pages"}],"about":[{"href":"https:\/\/cooptaxis.pt\/en\/wp-json\/wp\/v2\/types\/page"}],"author":[{"embeddable":true,"href":"https:\/\/cooptaxis.pt\/en\/wp-json\/wp\/v2\/users\/1"}],"replies":[{"embeddable":true,"href":"https:\/\/cooptaxis.pt\/en\/wp-json\/wp\/v2\/comments?post=6929"}],"version-history":[{"count":2,"href":"https:\/\/cooptaxis.pt\/en\/wp-json\/wp\/v2\/pages\/6929\/revisions"}],"predecessor-version":[{"id":6939,"href":"https:\/\/cooptaxis.pt\/en\/wp-json\/wp\/v2\/pages\/6929\/revisions\/6939"}],"wp:attachment":[{"href":"https:\/\/cooptaxis.pt\/en\/wp-json\/wp\/v2\/media?parent=6929"}],"curies":[{"name":"wp","href":"https:\/\/api.w.org\/{rel}","templated":true}]}}