{"id":1371,"date":"2019-01-14T16:50:40","date_gmt":"2019-01-30T16:39:43","guid":{"rendered":"https:\/\/new.cooptaxis.pt\/?post_type=product&#038;p=1371"},"modified":"2023-11-15T11:27:16","modified_gmt":"2023-11-15T11:27:16","slug":"setubal-arrabida-sesimbra-tour","status":"publish","type":"product","link":"https:\/\/cooptaxis.pt\/en\/product\/setubal-arrabida-sesimbra-tour\/","title":{"rendered":"Set\u00fabal\/ Arr\u00e1bida \/ Sesimbra Tour"},"content":{"rendered":"<p>We will start by Azeit\u00e3o, so you can taste the famous local cheeses and tortas (traditional pastries).<br \/>\nWe will proceed towards Sesimbra, a typical Portuguese fishing village and visit Cabo Espichel. We also reach both Serra da Arr\u00e1bida (Arr\u00e1bida Mount) and Portinho da Arr\u00e1bida from where we will arrive at Set\u00fabal, on the Sado river mouth the city of Convento de Jesus where you can walk within its historical center, see the local shops and taste its excellent food and Wines.<\/p>\n<p><strong>Bookings<\/strong><br \/>\nExclusively at cooptaxis.pt<\/p>\n<p><strong>General Conditions<\/strong><br \/>\nAll tours require booking<br \/>\nAll National Monuments are closed on holidays<\/p>\n<p><strong>Includes:<\/strong> only trip with stops announced<br \/>\n<strong>Does not includes:<\/strong> meals and monuments\u00b4s ticket and other turist sites<\/p>\n<p><strong>Notes<\/strong><br \/>\nOther itinerary combinations can be arranged according to your interests. Contact us: taxi@cooptaxis.pt<\/p>\n<p><strong>Further Informations<\/strong><br \/>\nFor each 30 min. over the tour\u00b4s duration, as set on its description 12\u20ac will be charged.<\/p>\n","protected":false},"excerpt":{"rendered":"<p>We will start by Azeit\u00e3o, so you can taste the famous local cheeses and tortas (traditional pastries). We will proceed towards Sesimbra, a typical Portuguese fishing village and visit Cabo Espichel. We also reach both Serra da Arr\u00e1bida (Arr\u00e1bida Mount) and Portinho da Arr\u00e1bida from where we will arrive at Set\u00fabal, on the Sado river mouth the city of Convento &#8230; <\/p>\n<div><a href=\"https:\/\/cooptaxis.pt\/en\/product\/setubal-arrabida-sesimbra-tour\/\" class=\"more-link\">Read More<\/a><\/div>\n","protected":false},"featured_media":326,"template":"","meta":{"om_disable_all_campaigns":false,"_uag_custom_page_level_css":"","_monsterinsights_skip_tracking":false,"_monsterinsights_sitenote_active":false,"_monsterinsights_sitenote_note":"","_monsterinsights_sitenote_category":0},"product_brand":[],"product_cat":[129],"product_tag":[133],"class_list":{"0":"post-1371","1":"product","2":"type-product","3":"status-publish","4":"has-post-thumbnail","6":"product_cat-tours-en","7":"product_tag-tour-en-2","8":"tm-has-options","11":"first","12":"instock","13":"taxable","14":"shipping-taxable","15":"purchasable","16":"product-type-simple"},"aioseo_notices":[],"yoast_head":"<!-- This site is optimized with the Yoast SEO plugin v24.7 - https:\/\/yoast.com\/wordpress\/plugins\/seo\/ -->\n<title>Set\u00fabal\/ Arr\u00e1bida \/ Sesimbra Tour - Coopt\u00e1xis<\/title>\n<meta name=\"robots\" content=\"index, follow, max-snippet:-1, max-image-preview:large, max-video-preview:-1\" \/>\n<link rel=\"canonical\" href=\"https:\/\/cooptaxis.pt\/en\/product\/setubal-arrabida-sesimbra-tour\/\" \/>\n<meta property=\"og:locale\" content=\"en_US\" \/>\n<meta property=\"og:type\" content=\"article\" \/>\n<meta property=\"og:title\" content=\"Set\u00fabal\/ Arr\u00e1bida \/ Sesimbra Tour - Coopt\u00e1xis\" \/>\n<meta property=\"og:description\" content=\"We will start by Azeit\u00e3o, so you can taste the famous local cheeses and tortas (traditional pastries). We will proceed towards Sesimbra, a typical Portuguese fishing village and visit Cabo Espichel. We also reach both Serra da Arr\u00e1bida (Arr\u00e1bida Mount) and Portinho da Arr\u00e1bida from where we will arrive at Set\u00fabal, on the Sado river mouth the city of Convento ... Read More\" \/>\n<meta property=\"og:url\" content=\"https:\/\/cooptaxis.pt\/en\/product\/setubal-arrabida-sesimbra-tour\/\" \/>\n<meta property=\"og:site_name\" content=\"Coopt\u00e1xis\" \/>\n<meta property=\"article:publisher\" content=\"https:\/\/www.instagram.com\/cooptaxisportugal\/\" \/>\n<meta property=\"article:modified_time\" content=\"2023-11-15T11:27:16+00:00\" \/>\n<meta property=\"og:image\" content=\"https:\/\/cooptaxis.pt\/wp-content\/uploads\/2019\/01\/apreciar-vista-do-miradouro.jpg\" \/>\n\t<meta property=\"og:image:width\" content=\"1600\" \/>\n\t<meta property=\"og:image:height\" content=\"1066\" \/>\n\t<meta property=\"og:image:type\" content=\"image\/jpeg\" \/>\n<meta name=\"twitter:card\" content=\"summary_large_image\" \/>\n<meta name=\"twitter:label1\" content=\"Est. reading time\" \/>\n\t<meta name=\"twitter:data1\" content=\"1 minute\" \/>\n<script type=\"application\/ld+json\" class=\"yoast-schema-graph\">{\"@context\":\"https:\/\/schema.org\",\"@graph\":[{\"@type\":\"WebPage\",\"@id\":\"https:\/\/cooptaxis.pt\/en\/product\/setubal-arrabida-sesimbra-tour\/\",\"url\":\"https:\/\/cooptaxis.pt\/en\/product\/setubal-arrabida-sesimbra-tour\/\",\"name\":\"Set\u00fabal\/ Arr\u00e1bida \/ Sesimbra Tour - Coopt\u00e1xis\",\"isPartOf\":{\"@id\":\"https:\/\/cooptaxis.pt\/#website\"},\"primaryImageOfPage\":{\"@id\":\"https:\/\/cooptaxis.pt\/en\/product\/setubal-arrabida-sesimbra-tour\/#primaryimage\"},\"image\":{\"@id\":\"https:\/\/cooptaxis.pt\/en\/product\/setubal-arrabida-sesimbra-tour\/#primaryimage\"},\"thumbnailUrl\":\"https:\/\/cooptaxis.pt\/wp-content\/uploads\/2019\/01\/apreciar-vista-do-miradouro.jpg\",\"datePublished\":\"2019-01-30T16:39:43+00:00\",\"dateModified\":\"2023-11-15T11:27:16+00:00\",\"breadcrumb\":{\"@id\":\"https:\/\/cooptaxis.pt\/en\/product\/setubal-arrabida-sesimbra-tour\/#breadcrumb\"},\"inLanguage\":\"en-US\",\"potentialAction\":[{\"@type\":\"ReadAction\",\"target\":[\"https:\/\/cooptaxis.pt\/en\/product\/setubal-arrabida-sesimbra-tour\/\"]}]},{\"@type\":\"ImageObject\",\"inLanguage\":\"en-US\",\"@id\":\"https:\/\/cooptaxis.pt\/en\/product\/setubal-arrabida-sesimbra-tour\/#primaryimage\",\"url\":\"https:\/\/cooptaxis.pt\/wp-content\/uploads\/2019\/01\/apreciar-vista-do-miradouro.jpg\",\"contentUrl\":\"https:\/\/cooptaxis.pt\/wp-content\/uploads\/2019\/01\/apreciar-vista-do-miradouro.jpg\",\"width\":1600,\"height\":1066},{\"@type\":\"BreadcrumbList\",\"@id\":\"https:\/\/cooptaxis.pt\/en\/product\/setubal-arrabida-sesimbra-tour\/#breadcrumb\",\"itemListElement\":[{\"@type\":\"ListItem\",\"position\":1,\"name\":\"In\u00edcio\",\"item\":\"https:\/\/cooptaxis.pt\/en\/home\/\"},{\"@type\":\"ListItem\",\"position\":2,\"name\":\"Tour-en\",\"item\":\"https:\/\/cooptaxis.pt\/en\/shop\/\"},{\"@type\":\"ListItem\",\"position\":3,\"name\":\"Set\u00fabal\/ Arr\u00e1bida \/ Sesimbra Tour\"}]},{\"@type\":\"WebSite\",\"@id\":\"https:\/\/cooptaxis.pt\/#website\",\"url\":\"https:\/\/cooptaxis.pt\/\",\"name\":\"Coopt\u00e1xis\",\"description\":\"A maior Frota Nacional de T\u00e1xis\",\"publisher\":{\"@id\":\"https:\/\/cooptaxis.pt\/#organization\"},\"potentialAction\":[{\"@type\":\"SearchAction\",\"target\":{\"@type\":\"EntryPoint\",\"urlTemplate\":\"https:\/\/cooptaxis.pt\/?s={search_term_string}\"},\"query-input\":{\"@type\":\"PropertyValueSpecification\",\"valueRequired\":true,\"valueName\":\"search_term_string\"}}],\"inLanguage\":\"en-US\"},{\"@type\":\"Organization\",\"@id\":\"https:\/\/cooptaxis.pt\/#organization\",\"name\":\"Coopt\u00e1xis\",\"url\":\"https:\/\/cooptaxis.pt\/\",\"logo\":{\"@type\":\"ImageObject\",\"inLanguage\":\"en-US\",\"@id\":\"https:\/\/cooptaxis.pt\/#\/schema\/logo\/image\/\",\"url\":\"https:\/\/cooptaxis.pt\/wp-content\/uploads\/2019\/02\/cropped-COOPTAXIS_fundo_Pantone.jpg\",\"contentUrl\":\"https:\/\/cooptaxis.pt\/wp-content\/uploads\/2019\/02\/cropped-COOPTAXIS_fundo_Pantone.jpg\",\"width\":512,\"height\":512,\"caption\":\"Coopt\u00e1xis\"},\"image\":{\"@id\":\"https:\/\/cooptaxis.pt\/#\/schema\/logo\/image\/\"},\"sameAs\":[\"https:\/\/www.instagram.com\/cooptaxisportugal\/\",\"https:\/\/www.youtube.com\/watch?v=jLvAnznJhBo&amp;amp;amp;list=PLXqoHUfSBV2Dh-_t5RfvN-rKuClmSlzfW\"]}]}<\/script>\n<!-- \/ Yoast SEO plugin. -->","yoast_head_json":{"title":"Set\u00fabal\/ Arr\u00e1bida \/ Sesimbra Tour - Coopt\u00e1xis","robots":{"index":"index","follow":"follow","max-snippet":"max-snippet:-1","max-image-preview":"max-image-preview:large","max-video-preview":"max-video-preview:-1"},"canonical":"https:\/\/cooptaxis.pt\/en\/product\/setubal-arrabida-sesimbra-tour\/","og_locale":"en_US","og_type":"article","og_title":"Set\u00fabal\/ Arr\u00e1bida \/ Sesimbra Tour - Coopt\u00e1xis","og_description":"We will start by Azeit\u00e3o, so you can taste the famous local cheeses and tortas (traditional pastries). We will proceed towards Sesimbra, a typical Portuguese fishing village and visit Cabo Espichel. We also reach both Serra da Arr\u00e1bida (Arr\u00e1bida Mount) and Portinho da Arr\u00e1bida from where we will arrive at Set\u00fabal, on the Sado river mouth the city of Convento ... Read More","og_url":"https:\/\/cooptaxis.pt\/en\/product\/setubal-arrabida-sesimbra-tour\/","og_site_name":"Coopt\u00e1xis","article_publisher":"https:\/\/www.instagram.com\/cooptaxisportugal\/","article_modified_time":"2023-11-15T11:27:16+00:00","og_image":[{"width":1600,"height":1066,"url":"https:\/\/cooptaxis.pt\/wp-content\/uploads\/2019\/01\/apreciar-vista-do-miradouro.jpg","type":"image\/jpeg"}],"twitter_card":"summary_large_image","twitter_misc":{"Est. reading time":"1 minute"},"schema":{"@context":"https:\/\/schema.org","@graph":[{"@type":"WebPage","@id":"https:\/\/cooptaxis.pt\/en\/product\/setubal-arrabida-sesimbra-tour\/","url":"https:\/\/cooptaxis.pt\/en\/product\/setubal-arrabida-sesimbra-tour\/","name":"Set\u00fabal\/ Arr\u00e1bida \/ Sesimbra Tour - Coopt\u00e1xis","isPartOf":{"@id":"https:\/\/cooptaxis.pt\/#website"},"primaryImageOfPage":{"@id":"https:\/\/cooptaxis.pt\/en\/product\/setubal-arrabida-sesimbra-tour\/#primaryimage"},"image":{"@id":"https:\/\/cooptaxis.pt\/en\/product\/setubal-arrabida-sesimbra-tour\/#primaryimage"},"thumbnailUrl":"https:\/\/cooptaxis.pt\/wp-content\/uploads\/2019\/01\/apreciar-vista-do-miradouro.jpg","datePublished":"2019-01-30T16:39:43+00:00","dateModified":"2023-11-15T11:27:16+00:00","breadcrumb":{"@id":"https:\/\/cooptaxis.pt\/en\/product\/setubal-arrabida-sesimbra-tour\/#breadcrumb"},"inLanguage":"en-US","potentialAction":[{"@type":"ReadAction","target":["https:\/\/cooptaxis.pt\/en\/product\/setubal-arrabida-sesimbra-tour\/"]}]},{"@type":"ImageObject","inLanguage":"en-US","@id":"https:\/\/cooptaxis.pt\/en\/product\/setubal-arrabida-sesimbra-tour\/#primaryimage","url":"https:\/\/cooptaxis.pt\/wp-content\/uploads\/2019\/01\/apreciar-vista-do-miradouro.jpg","contentUrl":"https:\/\/cooptaxis.pt\/wp-content\/uploads\/2019\/01\/apreciar-vista-do-miradouro.jpg","width":1600,"height":1066},{"@type":"BreadcrumbList","@id":"https:\/\/cooptaxis.pt\/en\/product\/setubal-arrabida-sesimbra-tour\/#breadcrumb","itemListElement":[{"@type":"ListItem","position":1,"name":"In\u00edcio","item":"https:\/\/cooptaxis.pt\/en\/home\/"},{"@type":"ListItem","position":2,"name":"Tour-en","item":"https:\/\/cooptaxis.pt\/en\/shop\/"},{"@type":"ListItem","position":3,"name":"Set\u00fabal\/ Arr\u00e1bida \/ Sesimbra Tour"}]},{"@type":"WebSite","@id":"https:\/\/cooptaxis.pt\/#website","url":"https:\/\/cooptaxis.pt\/","name":"Coopt\u00e1xis","description":"A maior Frota Nacional de T\u00e1xis","publisher":{"@id":"https:\/\/cooptaxis.pt\/#organization"},"potentialAction":[{"@type":"SearchAction","target":{"@type":"EntryPoint","urlTemplate":"https:\/\/cooptaxis.pt\/?s={search_term_string}"},"query-input":{"@type":"PropertyValueSpecification","valueRequired":true,"valueName":"search_term_string"}}],"inLanguage":"en-US"},{"@type":"Organization","@id":"https:\/\/cooptaxis.pt\/#organization","name":"Coopt\u00e1xis","url":"https:\/\/cooptaxis.pt\/","logo":{"@type":"ImageObject","inLanguage":"en-US","@id":"https:\/\/cooptaxis.pt\/#\/schema\/logo\/image\/","url":"https:\/\/cooptaxis.pt\/wp-content\/uploads\/2019\/02\/cropped-COOPTAXIS_fundo_Pantone.jpg","contentUrl":"https:\/\/cooptaxis.pt\/wp-content\/uploads\/2019\/02\/cropped-COOPTAXIS_fundo_Pantone.jpg","width":512,"height":512,"caption":"Coopt\u00e1xis"},"image":{"@id":"https:\/\/cooptaxis.pt\/#\/schema\/logo\/image\/"},"sameAs":["https:\/\/www.instagram.com\/cooptaxisportugal\/","https:\/\/www.youtube.com\/watch?v=jLvAnznJhBo&amp;amp;amp;list=PLXqoHUfSBV2Dh-_t5RfvN-rKuClmSlzfW"]}]}},"uagb_featured_image_src":{"full":["https:\/\/cooptaxis.pt\/wp-content\/uploads\/2019\/01\/apreciar-vista-do-miradouro.jpg",1600,1066,false],"thumbnail":["https:\/\/cooptaxis.pt\/wp-content\/uploads\/2019\/01\/apreciar-vista-do-miradouro-150x150.jpg",150,150,true],"medium":["https:\/\/cooptaxis.pt\/wp-content\/uploads\/2019\/01\/apreciar-vista-do-miradouro-300x200.jpg",300,200,true],"medium_large":["https:\/\/cooptaxis.pt\/wp-content\/uploads\/2019\/01\/apreciar-vista-do-miradouro-768x512.jpg",768,512,true],"large":["https:\/\/cooptaxis.pt\/wp-content\/uploads\/2019\/01\/apreciar-vista-do-miradouro-1024x682.jpg",1024,682,true],"1536x1536":["https:\/\/cooptaxis.pt\/wp-content\/uploads\/2019\/01\/apreciar-vista-do-miradouro.jpg",1536,1023,false],"2048x2048":["https:\/\/cooptaxis.pt\/wp-content\/uploads\/2019\/01\/apreciar-vista-do-miradouro.jpg",1600,1066,false],"woocommerce_thumbnail":["https:\/\/cooptaxis.pt\/wp-content\/uploads\/2019\/01\/apreciar-vista-do-miradouro-600x450.jpg",600,450,true],"woocommerce_single":["https:\/\/cooptaxis.pt\/wp-content\/uploads\/2019\/01\/apreciar-vista-do-miradouro-600x400.jpg",600,400,true],"woocommerce_gallery_thumbnail":["https:\/\/cooptaxis.pt\/wp-content\/uploads\/2019\/01\/apreciar-vista-do-miradouro-100x100.jpg",100,100,true],"post-thumbnail":["https:\/\/cooptaxis.pt\/wp-content\/uploads\/2019\/01\/apreciar-vista-do-miradouro-100x67.jpg",100,67,true],"entry":["https:\/\/cooptaxis.pt\/wp-content\/uploads\/2019\/01\/apreciar-vista-do-miradouro-862x574.jpg",862,574,true],"entry-cropped":["https:\/\/cooptaxis.pt\/wp-content\/uploads\/2019\/01\/apreciar-vista-do-miradouro-862x482.jpg",862,482,true],"entry-fullwidth":["https:\/\/cooptaxis.pt\/wp-content\/uploads\/2019\/01\/apreciar-vista-do-miradouro-1200x800.jpg",1200,800,true],"entry-cropped-fullwidth":["https:\/\/cooptaxis.pt\/wp-content\/uploads\/2019\/01\/apreciar-vista-do-miradouro-1200x671.jpg",1200,671,true]},"uagb_author_info":{"display_name":"mauriatti","author_link":"https:\/\/cooptaxis.pt\/en\/author\/"},"uagb_comment_info":0,"uagb_excerpt":"We will start by Azeit\u00e3o, so you can taste the famous local cheeses and tortas (traditional pastries). We will proceed towards Sesimbra, a typical Portuguese fishing village and visit Cabo Espichel. We also reach both Serra da Arr\u00e1bida (Arr\u00e1bida Mount) and Portinho da Arr\u00e1bida from where we will arrive at Set\u00fabal, on the Sado river&hellip;","_links":{"self":[{"href":"https:\/\/cooptaxis.pt\/en\/wp-json\/wp\/v2\/product\/1371","targetHints":{"allow":["GET"]}}],"collection":[{"href":"https:\/\/cooptaxis.pt\/en\/wp-json\/wp\/v2\/product"}],"about":[{"href":"https:\/\/cooptaxis.pt\/en\/wp-json\/wp\/v2\/types\/product"}],"wp:featuredmedia":[{"embeddable":true,"href":"https:\/\/cooptaxis.pt\/en\/wp-json\/wp\/v2\/media\/326"}],"wp:attachment":[{"href":"https:\/\/cooptaxis.pt\/en\/wp-json\/wp\/v2\/media?parent=1371"}],"wp:term":[{"taxonomy":"product_brand","embeddable":true,"href":"https:\/\/cooptaxis.pt\/en\/wp-json\/wp\/v2\/product_brand?post=1371"},{"taxonomy":"product_cat","embeddable":true,"href":"https:\/\/cooptaxis.pt\/en\/wp-json\/wp\/v2\/product_cat?post=1371"},{"taxonomy":"product_tag","embeddable":true,"href":"https:\/\/cooptaxis.pt\/en\/wp-json\/wp\/v2\/product_tag?post=1371"}],"curies":[{"name":"wp","href":"https:\/\/api.w.org\/{rel}","templated":true}]}}