{"id":1399,"date":"2019-01-15T10:02:56","date_gmt":"2019-02-07T11:13:05","guid":{"rendered":"https:\/\/new.cooptaxis.pt\/?post_type=product&#038;p=1399"},"modified":"2023-06-07T11:06:26","modified_gmt":"2023-06-07T11:06:26","slug":"transfers","status":"publish","type":"product","link":"https:\/\/cooptaxis.pt\/en\/product\/transfers\/","title":{"rendered":"Transfers"},"content":{"rendered":"<p><strong>Crown 1<\/strong><br \/>\nIt covers the following zones:<br \/>\n&#8211; Prior Velho, Portela e Moscavide<br \/>\n&#8211; Parque das Na\u00e7\u00f5es, Encarna\u00e7\u00e3o, Olivais, Marvila e Beato<br \/>\n&#8211; Galinheiras, Alta de Lisboa, Lumiar<br \/>\n&#8211; Campo Grande, Alvalade e B\u00ba S\u00e3o Miguel<\/p>\n<p><strong>Crown 2 <\/strong><br \/>\nIt covers the following zones:<br \/>\n&#8211; restantes \u00e1reas da Cidade de Lisboa (except Alc\u00e2ntara, Ajuda e Bel\u00e9m).<br \/>\n&#8211; Sacav\u00e9m, Bobadela, Unhos, Camarate, Frielas e S.to Ant\u00ba. Cavaleiros.<br \/>\n&#8211; P\u00f3voa S.to Adri\u00e3o, Olival de Basto, Odivelas e Pontinha<\/p>\n<p><strong>Crown 3<\/strong><br \/>\nIt covers the following zones:<br \/>\n&#8211; Alc\u00e2ntara, Ajuda e Bel\u00e9m<br \/>\n&#8211; Santa Iria de Az\u00f3ia, Unhos, Tojal e Loures<br \/>\n&#8211; Ramada, Cane\u00e7as, Fam\u00f5es e Casal de Cambra<br \/>\n&#8211; Amadora, Venda Nova, Damaia, Reboleira e Buraca<br \/>\n&#8211; Queluz, Belas, Queluz de Baixo e Valejas<br \/>\n&#8211; Alfragide, Carnaxide, Linda-a-Pastora e Queijas<br \/>\n&#8211; Alg\u00e9s, Linda-a-Velha, Dafundo e Cruz Quebrada<\/p>\n","protected":false},"excerpt":{"rendered":"<p>Crown 1 It covers the following zones: &#8211; Prior Velho, Portela e Moscavide &#8211; Parque das Na\u00e7\u00f5es, Encarna\u00e7\u00e3o, Olivais, Marvila e Beato &#8211; Galinheiras, Alta de Lisboa, Lumiar &#8211; Campo Grande, Alvalade e B\u00ba S\u00e3o Miguel Crown 2 It covers the following zones: &#8211; restantes \u00e1reas da Cidade de Lisboa (except Alc\u00e2ntara, Ajuda e Bel\u00e9m). &#8211; Sacav\u00e9m, Bobadela, Unhos, Camarate, &#8230; <\/p>\n<div><a href=\"https:\/\/cooptaxis.pt\/en\/product\/transfers\/\" class=\"more-link\">Read More<\/a><\/div>\n","protected":false},"featured_media":8506,"template":"","meta":{"om_disable_all_campaigns":false,"_uag_custom_page_level_css":"","_monsterinsights_skip_tracking":false,"_monsterinsights_sitenote_active":false,"_monsterinsights_sitenote_note":"","_monsterinsights_sitenote_category":0},"product_brand":[],"product_cat":[149],"product_tag":[],"class_list":{"0":"post-1399","1":"product","2":"type-product","3":"status-publish","4":"has-post-thumbnail","6":"product_cat-transfers-en","7":"tm-has-options","10":"first","11":"instock","12":"taxable","13":"shipping-taxable","14":"purchasable","15":"product-type-variable","16":"has-default-attributes"},"aioseo_notices":[],"yoast_head":"<!-- This site is optimized with the Yoast SEO plugin v24.7 - https:\/\/yoast.com\/wordpress\/plugins\/seo\/ -->\n<title>Transfers - Lisbon Airport - Coopt\u00e1xis<\/title>\n<meta name=\"description\" content=\"Transfers - Your trip to and from Lisbon Airport. Taxi Voucher - Get your voucher online, trust and safety on your trip.\" \/>\n<meta name=\"robots\" content=\"index, follow, max-snippet:-1, max-image-preview:large, max-video-preview:-1\" \/>\n<link rel=\"canonical\" href=\"https:\/\/cooptaxis.pt\/en\/product\/transfers\/\" \/>\n<meta property=\"og:locale\" content=\"en_US\" \/>\n<meta property=\"og:type\" content=\"article\" \/>\n<meta property=\"og:title\" content=\"Transfers - Lisbon Airport - Coopt\u00e1xis\" \/>\n<meta property=\"og:description\" content=\"Transfers - Your trip to and from Lisbon Airport. Taxi Voucher - Get your voucher online, trust and safety on your trip.\" \/>\n<meta property=\"og:url\" content=\"https:\/\/cooptaxis.pt\/en\/product\/transfers\/\" \/>\n<meta property=\"og:site_name\" content=\"Coopt\u00e1xis\" \/>\n<meta property=\"article:publisher\" content=\"https:\/\/www.instagram.com\/cooptaxisportugal\/\" \/>\n<meta property=\"article:modified_time\" content=\"2023-06-07T11:06:26+00:00\" \/>\n<meta property=\"og:image\" content=\"https:\/\/cooptaxis.pt\/wp-content\/uploads\/2019\/01\/mapa_coroas04-743x1024.png\" \/>\n\t<meta property=\"og:image:width\" content=\"743\" \/>\n\t<meta property=\"og:image:height\" content=\"1024\" \/>\n\t<meta property=\"og:image:type\" content=\"image\/png\" \/>\n<meta name=\"twitter:card\" content=\"summary_large_image\" \/>\n<meta name=\"twitter:label1\" content=\"Est. reading time\" \/>\n\t<meta name=\"twitter:data1\" content=\"1 minute\" \/>\n<script type=\"application\/ld+json\" class=\"yoast-schema-graph\">{\"@context\":\"https:\/\/schema.org\",\"@graph\":[{\"@type\":\"WebPage\",\"@id\":\"https:\/\/cooptaxis.pt\/en\/product\/transfers\/\",\"url\":\"https:\/\/cooptaxis.pt\/en\/product\/transfers\/\",\"name\":\"Transfers - Lisbon Airport - Coopt\u00e1xis\",\"isPartOf\":{\"@id\":\"https:\/\/cooptaxis.pt\/#website\"},\"primaryImageOfPage\":{\"@id\":\"https:\/\/cooptaxis.pt\/en\/product\/transfers\/#primaryimage\"},\"image\":{\"@id\":\"https:\/\/cooptaxis.pt\/en\/product\/transfers\/#primaryimage\"},\"thumbnailUrl\":\"https:\/\/cooptaxis.pt\/wp-content\/uploads\/2019\/01\/mapa_coroas05.png\",\"datePublished\":\"2019-02-07T11:13:05+00:00\",\"dateModified\":\"2023-06-07T11:06:26+00:00\",\"description\":\"Transfers - Your trip to and from Lisbon Airport. Taxi Voucher - Get your voucher online, trust and safety on your trip.\",\"breadcrumb\":{\"@id\":\"https:\/\/cooptaxis.pt\/en\/product\/transfers\/#breadcrumb\"},\"inLanguage\":\"en-US\",\"potentialAction\":[{\"@type\":\"ReadAction\",\"target\":[\"https:\/\/cooptaxis.pt\/en\/product\/transfers\/\"]}]},{\"@type\":\"ImageObject\",\"inLanguage\":\"en-US\",\"@id\":\"https:\/\/cooptaxis.pt\/en\/product\/transfers\/#primaryimage\",\"url\":\"https:\/\/cooptaxis.pt\/wp-content\/uploads\/2019\/01\/mapa_coroas05.png\",\"contentUrl\":\"https:\/\/cooptaxis.pt\/wp-content\/uploads\/2019\/01\/mapa_coroas05.png\",\"width\":1080,\"height\":1428},{\"@type\":\"BreadcrumbList\",\"@id\":\"https:\/\/cooptaxis.pt\/en\/product\/transfers\/#breadcrumb\",\"itemListElement\":[{\"@type\":\"ListItem\",\"position\":1,\"name\":\"In\u00edcio\",\"item\":\"https:\/\/cooptaxis.pt\/en\/home\/\"},{\"@type\":\"ListItem\",\"position\":2,\"name\":\"Tour-en\",\"item\":\"https:\/\/cooptaxis.pt\/en\/shop\/\"},{\"@type\":\"ListItem\",\"position\":3,\"name\":\"Transfers\"}]},{\"@type\":\"WebSite\",\"@id\":\"https:\/\/cooptaxis.pt\/#website\",\"url\":\"https:\/\/cooptaxis.pt\/\",\"name\":\"Coopt\u00e1xis\",\"description\":\"A maior Frota Nacional de T\u00e1xis\",\"publisher\":{\"@id\":\"https:\/\/cooptaxis.pt\/#organization\"},\"potentialAction\":[{\"@type\":\"SearchAction\",\"target\":{\"@type\":\"EntryPoint\",\"urlTemplate\":\"https:\/\/cooptaxis.pt\/?s={search_term_string}\"},\"query-input\":{\"@type\":\"PropertyValueSpecification\",\"valueRequired\":true,\"valueName\":\"search_term_string\"}}],\"inLanguage\":\"en-US\"},{\"@type\":\"Organization\",\"@id\":\"https:\/\/cooptaxis.pt\/#organization\",\"name\":\"Coopt\u00e1xis\",\"url\":\"https:\/\/cooptaxis.pt\/\",\"logo\":{\"@type\":\"ImageObject\",\"inLanguage\":\"en-US\",\"@id\":\"https:\/\/cooptaxis.pt\/#\/schema\/logo\/image\/\",\"url\":\"https:\/\/cooptaxis.pt\/wp-content\/uploads\/2019\/02\/cropped-COOPTAXIS_fundo_Pantone.jpg\",\"contentUrl\":\"https:\/\/cooptaxis.pt\/wp-content\/uploads\/2019\/02\/cropped-COOPTAXIS_fundo_Pantone.jpg\",\"width\":512,\"height\":512,\"caption\":\"Coopt\u00e1xis\"},\"image\":{\"@id\":\"https:\/\/cooptaxis.pt\/#\/schema\/logo\/image\/\"},\"sameAs\":[\"https:\/\/www.instagram.com\/cooptaxisportugal\/\",\"https:\/\/www.youtube.com\/watch?v=jLvAnznJhBo&amp;amp;amp;list=PLXqoHUfSBV2Dh-_t5RfvN-rKuClmSlzfW\"]}]}<\/script>\n<!-- \/ Yoast SEO plugin. -->","yoast_head_json":{"title":"Transfers - Lisbon Airport - Coopt\u00e1xis","description":"Transfers - Your trip to and from Lisbon Airport. Taxi Voucher - Get your voucher online, trust and safety on your trip.","robots":{"index":"index","follow":"follow","max-snippet":"max-snippet:-1","max-image-preview":"max-image-preview:large","max-video-preview":"max-video-preview:-1"},"canonical":"https:\/\/cooptaxis.pt\/en\/product\/transfers\/","og_locale":"en_US","og_type":"article","og_title":"Transfers - Lisbon Airport - Coopt\u00e1xis","og_description":"Transfers - Your trip to and from Lisbon Airport. Taxi Voucher - Get your voucher online, trust and safety on your trip.","og_url":"https:\/\/cooptaxis.pt\/en\/product\/transfers\/","og_site_name":"Coopt\u00e1xis","article_publisher":"https:\/\/www.instagram.com\/cooptaxisportugal\/","article_modified_time":"2023-06-07T11:06:26+00:00","og_image":[{"width":743,"height":1024,"url":"https:\/\/cooptaxis.pt\/wp-content\/uploads\/2019\/01\/mapa_coroas04-743x1024.png","type":"image\/png"}],"twitter_card":"summary_large_image","twitter_misc":{"Est. reading time":"1 minute"},"schema":{"@context":"https:\/\/schema.org","@graph":[{"@type":"WebPage","@id":"https:\/\/cooptaxis.pt\/en\/product\/transfers\/","url":"https:\/\/cooptaxis.pt\/en\/product\/transfers\/","name":"Transfers - Lisbon Airport - Coopt\u00e1xis","isPartOf":{"@id":"https:\/\/cooptaxis.pt\/#website"},"primaryImageOfPage":{"@id":"https:\/\/cooptaxis.pt\/en\/product\/transfers\/#primaryimage"},"image":{"@id":"https:\/\/cooptaxis.pt\/en\/product\/transfers\/#primaryimage"},"thumbnailUrl":"https:\/\/cooptaxis.pt\/wp-content\/uploads\/2019\/01\/mapa_coroas05.png","datePublished":"2019-02-07T11:13:05+00:00","dateModified":"2023-06-07T11:06:26+00:00","description":"Transfers - Your trip to and from Lisbon Airport. Taxi Voucher - Get your voucher online, trust and safety on your trip.","breadcrumb":{"@id":"https:\/\/cooptaxis.pt\/en\/product\/transfers\/#breadcrumb"},"inLanguage":"en-US","potentialAction":[{"@type":"ReadAction","target":["https:\/\/cooptaxis.pt\/en\/product\/transfers\/"]}]},{"@type":"ImageObject","inLanguage":"en-US","@id":"https:\/\/cooptaxis.pt\/en\/product\/transfers\/#primaryimage","url":"https:\/\/cooptaxis.pt\/wp-content\/uploads\/2019\/01\/mapa_coroas05.png","contentUrl":"https:\/\/cooptaxis.pt\/wp-content\/uploads\/2019\/01\/mapa_coroas05.png","width":1080,"height":1428},{"@type":"BreadcrumbList","@id":"https:\/\/cooptaxis.pt\/en\/product\/transfers\/#breadcrumb","itemListElement":[{"@type":"ListItem","position":1,"name":"In\u00edcio","item":"https:\/\/cooptaxis.pt\/en\/home\/"},{"@type":"ListItem","position":2,"name":"Tour-en","item":"https:\/\/cooptaxis.pt\/en\/shop\/"},{"@type":"ListItem","position":3,"name":"Transfers"}]},{"@type":"WebSite","@id":"https:\/\/cooptaxis.pt\/#website","url":"https:\/\/cooptaxis.pt\/","name":"Coopt\u00e1xis","description":"A maior Frota Nacional de T\u00e1xis","publisher":{"@id":"https:\/\/cooptaxis.pt\/#organization"},"potentialAction":[{"@type":"SearchAction","target":{"@type":"EntryPoint","urlTemplate":"https:\/\/cooptaxis.pt\/?s={search_term_string}"},"query-input":{"@type":"PropertyValueSpecification","valueRequired":true,"valueName":"search_term_string"}}],"inLanguage":"en-US"},{"@type":"Organization","@id":"https:\/\/cooptaxis.pt\/#organization","name":"Coopt\u00e1xis","url":"https:\/\/cooptaxis.pt\/","logo":{"@type":"ImageObject","inLanguage":"en-US","@id":"https:\/\/cooptaxis.pt\/#\/schema\/logo\/image\/","url":"https:\/\/cooptaxis.pt\/wp-content\/uploads\/2019\/02\/cropped-COOPTAXIS_fundo_Pantone.jpg","contentUrl":"https:\/\/cooptaxis.pt\/wp-content\/uploads\/2019\/02\/cropped-COOPTAXIS_fundo_Pantone.jpg","width":512,"height":512,"caption":"Coopt\u00e1xis"},"image":{"@id":"https:\/\/cooptaxis.pt\/#\/schema\/logo\/image\/"},"sameAs":["https:\/\/www.instagram.com\/cooptaxisportugal\/","https:\/\/www.youtube.com\/watch?v=jLvAnznJhBo&amp;amp;amp;list=PLXqoHUfSBV2Dh-_t5RfvN-rKuClmSlzfW"]}]}},"uagb_featured_image_src":{"full":["https:\/\/cooptaxis.pt\/wp-content\/uploads\/2019\/01\/mapa_coroas05.png",1080,1428,false],"thumbnail":["https:\/\/cooptaxis.pt\/wp-content\/uploads\/2019\/01\/mapa_coroas05-150x150.png",150,150,true],"medium":["https:\/\/cooptaxis.pt\/wp-content\/uploads\/2019\/01\/mapa_coroas05-227x300.png",227,300,true],"medium_large":["https:\/\/cooptaxis.pt\/wp-content\/uploads\/2019\/01\/mapa_coroas05-768x1015.png",768,1015,true],"large":["https:\/\/cooptaxis.pt\/wp-content\/uploads\/2019\/01\/mapa_coroas05-774x1024.png",774,1024,true],"1536x1536":["https:\/\/cooptaxis.pt\/wp-content\/uploads\/2019\/01\/mapa_coroas05.png",1080,1428,false],"2048x2048":["https:\/\/cooptaxis.pt\/wp-content\/uploads\/2019\/01\/mapa_coroas05.png",1080,1428,false],"woocommerce_thumbnail":["https:\/\/cooptaxis.pt\/wp-content\/uploads\/2019\/01\/mapa_coroas05-600x450.png",600,450,true],"woocommerce_single":["https:\/\/cooptaxis.pt\/wp-content\/uploads\/2019\/01\/mapa_coroas05-600x793.png",600,793,true],"woocommerce_gallery_thumbnail":["https:\/\/cooptaxis.pt\/wp-content\/uploads\/2019\/01\/mapa_coroas05-100x100.png",100,100,true],"post-thumbnail":["https:\/\/cooptaxis.pt\/wp-content\/uploads\/2019\/01\/mapa_coroas05-100x132.png",100,132,true],"entry":["https:\/\/cooptaxis.pt\/wp-content\/uploads\/2019\/01\/mapa_coroas05-862x1140.png",862,1140,true],"entry-cropped":["https:\/\/cooptaxis.pt\/wp-content\/uploads\/2019\/01\/mapa_coroas05-862x482.png",862,482,true],"entry-fullwidth":["https:\/\/cooptaxis.pt\/wp-content\/uploads\/2019\/01\/mapa_coroas05.png",1080,1428,false],"entry-cropped-fullwidth":["https:\/\/cooptaxis.pt\/wp-content\/uploads\/2019\/01\/mapa_coroas05-1080x671.png",1080,671,true]},"uagb_author_info":{"display_name":"mauriatti","author_link":"https:\/\/cooptaxis.pt\/en\/author\/"},"uagb_comment_info":0,"uagb_excerpt":"Crown 1 It covers the following zones: &#8211; Prior Velho, Portela e Moscavide &#8211; Parque das Na\u00e7\u00f5es, Encarna\u00e7\u00e3o, Olivais, Marvila e Beato &#8211; Galinheiras, Alta de Lisboa, Lumiar &#8211; Campo Grande, Alvalade e B\u00ba S\u00e3o Miguel Crown 2 It covers the following zones: &#8211; restantes \u00e1reas da Cidade de Lisboa (except Alc\u00e2ntara, Ajuda e Bel\u00e9m).&hellip;","_links":{"self":[{"href":"https:\/\/cooptaxis.pt\/en\/wp-json\/wp\/v2\/product\/1399","targetHints":{"allow":["GET"]}}],"collection":[{"href":"https:\/\/cooptaxis.pt\/en\/wp-json\/wp\/v2\/product"}],"about":[{"href":"https:\/\/cooptaxis.pt\/en\/wp-json\/wp\/v2\/types\/product"}],"wp:featuredmedia":[{"embeddable":true,"href":"https:\/\/cooptaxis.pt\/en\/wp-json\/wp\/v2\/media\/8506"}],"wp:attachment":[{"href":"https:\/\/cooptaxis.pt\/en\/wp-json\/wp\/v2\/media?parent=1399"}],"wp:term":[{"taxonomy":"product_brand","embeddable":true,"href":"https:\/\/cooptaxis.pt\/en\/wp-json\/wp\/v2\/product_brand?post=1399"},{"taxonomy":"product_cat","embeddable":true,"href":"https:\/\/cooptaxis.pt\/en\/wp-json\/wp\/v2\/product_cat?post=1399"},{"taxonomy":"product_tag","embeddable":true,"href":"https:\/\/cooptaxis.pt\/en\/wp-json\/wp\/v2\/product_tag?post=1399"}],"curies":[{"name":"wp","href":"https:\/\/api.w.org\/{rel}","templated":true}]}}