{"id":1617,"date":"2019-02-12T11:50:40","date_gmt":"2019-02-12T11:50:40","guid":{"rendered":"https:\/\/new.cooptaxis.pt\/tienda\/"},"modified":"2019-03-21T17:17:56","modified_gmt":"2019-03-21T17:17:56","slug":"tienda","status":"publish","type":"page","link":"https:\/\/cooptaxis.pt\/es\/tienda\/","title":{"rendered":"Tours"},"content":{"rendered":"<div class=\"wp-block-image\"><figure class=\"aligncenter is-resized\"><img loading=\"lazy\" decoding=\"async\" src=\"https:\/\/cooptaxis.pt\/wp-content\/uploads\/2019\/02\/Tours.jpg\" alt=\"\" class=\"wp-image-1442\" width=\"297\" height=\"105\" srcset=\"https:\/\/cooptaxis.pt\/wp-content\/uploads\/2019\/02\/Tours.jpg 402w, https:\/\/cooptaxis.pt\/wp-content\/uploads\/2019\/02\/Tours-300x106.jpg 300w, https:\/\/cooptaxis.pt\/wp-content\/uploads\/2019\/02\/Tours-100x35.jpg 100w\" sizes=\"auto, (max-width: 297px) 100vw, 297px\" \/><\/figure><\/div><h3 class=\"wp-block-heading\" style=\"text-align:center\" id=\"mce_3\">Descubrir Portugal<\/h3><p style=\"text-align:center\">Venga a conocer los monumentos, parques nacionales, palacios, lugares de culto, itinerarios m\u00e1gicos y saborear la gastronom\u00eda tradicional. <br>Un viaje personalizado a trav\u00e9s de la historia de Portugal.<\/p>","protected":false},"excerpt":{"rendered":"<p>Descubrir Portugal Venga a conocer los monumentos, parques nacionales, palacios, lugares de culto, itinerarios m\u00e1gicos y saborear la gastronom\u00eda tradicional. Un viaje personalizado a trav\u00e9s de la historia de Portugal.<\/p>\n","protected":false},"author":1,"featured_media":0,"parent":0,"menu_order":0,"comment_status":"closed","ping_status":"closed","template":"","meta":{"om_disable_all_campaigns":false,"_uag_custom_page_level_css":"","_monsterinsights_skip_tracking":false,"_monsterinsights_sitenote_active":false,"_monsterinsights_sitenote_note":"","_monsterinsights_sitenote_category":0,"footnotes":""},"class_list":["post-1617","page","type-page","status-publish","hentry","no-post-thumbnail"],"aioseo_notices":[],"yoast_head":"<!-- This site is optimized with the Yoast SEO plugin v24.7 - https:\/\/yoast.com\/wordpress\/plugins\/seo\/ -->\n<title>Tours Portugal - Coopt\u00e1xis<\/title>\n<meta name=\"description\" content=\"Venga a conocer los monumentos, parques nacionales, palacios, lugares de culto, itinerarios m\u00e1gicos y saborear la gastronom\u00eda tradicional. Un viaje personalizado a trav\u00e9s de la historia de Portugal.\" \/>\n<meta name=\"robots\" content=\"index, follow, max-snippet:-1, max-image-preview:large, max-video-preview:-1\" \/>\n<link rel=\"canonical\" href=\"https:\/\/cooptaxis.pt\/es\/tienda\/\" \/>\n<meta property=\"og:locale\" content=\"es_ES\" \/>\n<meta property=\"og:type\" content=\"article\" \/>\n<meta property=\"og:title\" content=\"Tours Portugal - Coopt\u00e1xis\" \/>\n<meta property=\"og:description\" content=\"Venga a conocer los monumentos, parques nacionales, palacios, lugares de culto, itinerarios m\u00e1gicos y saborear la gastronom\u00eda tradicional. Un viaje personalizado a trav\u00e9s de la historia de Portugal.\" \/>\n<meta property=\"og:url\" content=\"https:\/\/cooptaxis.pt\/es\/tienda\/\" \/>\n<meta property=\"og:site_name\" content=\"Coopt\u00e1xis\" \/>\n<meta property=\"article:publisher\" content=\"https:\/\/www.instagram.com\/cooptaxisportugal\/\" \/>\n<meta property=\"article:modified_time\" content=\"2019-03-21T17:17:56+00:00\" \/>\n<meta property=\"og:image\" content=\"https:\/\/cooptaxis.pt\/wp-content\/uploads\/2019\/02\/Tours.jpg\" \/>\n<meta name=\"twitter:card\" content=\"summary_large_image\" \/>\n<script type=\"application\/ld+json\" class=\"yoast-schema-graph\">{\"@context\":\"https:\/\/schema.org\",\"@graph\":[{\"@type\":\"WebPage\",\"@id\":\"https:\/\/cooptaxis.pt\/es\/tienda\/\",\"url\":\"https:\/\/cooptaxis.pt\/es\/tienda\/\",\"name\":\"Tours Portugal - Coopt\u00e1xis\",\"isPartOf\":{\"@id\":\"https:\/\/cooptaxis.pt\/#website\"},\"primaryImageOfPage\":{\"@id\":\"https:\/\/cooptaxis.pt\/es\/tienda\/#primaryimage\"},\"image\":{\"@id\":\"https:\/\/cooptaxis.pt\/es\/tienda\/#primaryimage\"},\"thumbnailUrl\":\"https:\/\/cooptaxis.pt\/wp-content\/uploads\/2019\/02\/Tours.jpg\",\"datePublished\":\"2019-02-12T11:50:40+00:00\",\"dateModified\":\"2019-03-21T17:17:56+00:00\",\"description\":\"Venga a conocer los monumentos, parques nacionales, palacios, lugares de culto, itinerarios m\u00e1gicos y saborear la gastronom\u00eda tradicional. Un viaje personalizado a trav\u00e9s de la historia de Portugal.\",\"breadcrumb\":{\"@id\":\"https:\/\/cooptaxis.pt\/es\/tienda\/#breadcrumb\"},\"inLanguage\":\"es\",\"potentialAction\":[{\"@type\":\"ReadAction\",\"target\":[\"https:\/\/cooptaxis.pt\/es\/tienda\/\"]}]},{\"@type\":\"ImageObject\",\"inLanguage\":\"es\",\"@id\":\"https:\/\/cooptaxis.pt\/es\/tienda\/#primaryimage\",\"url\":\"https:\/\/cooptaxis.pt\/wp-content\/uploads\/2019\/02\/Tours.jpg\",\"contentUrl\":\"https:\/\/cooptaxis.pt\/wp-content\/uploads\/2019\/02\/Tours.jpg\"},{\"@type\":\"BreadcrumbList\",\"@id\":\"https:\/\/cooptaxis.pt\/es\/tienda\/#breadcrumb\",\"itemListElement\":[{\"@type\":\"ListItem\",\"position\":1,\"name\":\"In\u00edcio\",\"item\":\"https:\/\/cooptaxis.pt\/es\/home-es\/\"},{\"@type\":\"ListItem\",\"position\":2,\"name\":\"Tours\"}]},{\"@type\":\"WebSite\",\"@id\":\"https:\/\/cooptaxis.pt\/#website\",\"url\":\"https:\/\/cooptaxis.pt\/\",\"name\":\"Coopt\u00e1xis\",\"description\":\"A maior Frota Nacional de T\u00e1xis\",\"publisher\":{\"@id\":\"https:\/\/cooptaxis.pt\/#organization\"},\"potentialAction\":[{\"@type\":\"SearchAction\",\"target\":{\"@type\":\"EntryPoint\",\"urlTemplate\":\"https:\/\/cooptaxis.pt\/?s={search_term_string}\"},\"query-input\":{\"@type\":\"PropertyValueSpecification\",\"valueRequired\":true,\"valueName\":\"search_term_string\"}}],\"inLanguage\":\"es\"},{\"@type\":\"Organization\",\"@id\":\"https:\/\/cooptaxis.pt\/#organization\",\"name\":\"Coopt\u00e1xis\",\"url\":\"https:\/\/cooptaxis.pt\/\",\"logo\":{\"@type\":\"ImageObject\",\"inLanguage\":\"es\",\"@id\":\"https:\/\/cooptaxis.pt\/#\/schema\/logo\/image\/\",\"url\":\"https:\/\/cooptaxis.pt\/wp-content\/uploads\/2019\/02\/cropped-COOPTAXIS_fundo_Pantone.jpg\",\"contentUrl\":\"https:\/\/cooptaxis.pt\/wp-content\/uploads\/2019\/02\/cropped-COOPTAXIS_fundo_Pantone.jpg\",\"width\":512,\"height\":512,\"caption\":\"Coopt\u00e1xis\"},\"image\":{\"@id\":\"https:\/\/cooptaxis.pt\/#\/schema\/logo\/image\/\"},\"sameAs\":[\"https:\/\/www.instagram.com\/cooptaxisportugal\/\",\"https:\/\/www.youtube.com\/watch?v=jLvAnznJhBo&amp;amp;amp;list=PLXqoHUfSBV2Dh-_t5RfvN-rKuClmSlzfW\"]}]}<\/script>\n<!-- \/ Yoast SEO plugin. -->","yoast_head_json":{"title":"Tours Portugal - Coopt\u00e1xis","description":"Venga a conocer los monumentos, parques nacionales, palacios, lugares de culto, itinerarios m\u00e1gicos y saborear la gastronom\u00eda tradicional. Un viaje personalizado a trav\u00e9s de la historia de Portugal.","robots":{"index":"index","follow":"follow","max-snippet":"max-snippet:-1","max-image-preview":"max-image-preview:large","max-video-preview":"max-video-preview:-1"},"canonical":"https:\/\/cooptaxis.pt\/es\/tienda\/","og_locale":"es_ES","og_type":"article","og_title":"Tours Portugal - Coopt\u00e1xis","og_description":"Venga a conocer los monumentos, parques nacionales, palacios, lugares de culto, itinerarios m\u00e1gicos y saborear la gastronom\u00eda tradicional. Un viaje personalizado a trav\u00e9s de la historia de Portugal.","og_url":"https:\/\/cooptaxis.pt\/es\/tienda\/","og_site_name":"Coopt\u00e1xis","article_publisher":"https:\/\/www.instagram.com\/cooptaxisportugal\/","article_modified_time":"2019-03-21T17:17:56+00:00","og_image":[{"url":"https:\/\/cooptaxis.pt\/wp-content\/uploads\/2019\/02\/Tours.jpg","type":"","width":"","height":""}],"twitter_card":"summary_large_image","schema":{"@context":"https:\/\/schema.org","@graph":[{"@type":"WebPage","@id":"https:\/\/cooptaxis.pt\/es\/tienda\/","url":"https:\/\/cooptaxis.pt\/es\/tienda\/","name":"Tours Portugal - Coopt\u00e1xis","isPartOf":{"@id":"https:\/\/cooptaxis.pt\/#website"},"primaryImageOfPage":{"@id":"https:\/\/cooptaxis.pt\/es\/tienda\/#primaryimage"},"image":{"@id":"https:\/\/cooptaxis.pt\/es\/tienda\/#primaryimage"},"thumbnailUrl":"https:\/\/cooptaxis.pt\/wp-content\/uploads\/2019\/02\/Tours.jpg","datePublished":"2019-02-12T11:50:40+00:00","dateModified":"2019-03-21T17:17:56+00:00","description":"Venga a conocer los monumentos, parques nacionales, palacios, lugares de culto, itinerarios m\u00e1gicos y saborear la gastronom\u00eda tradicional. Un viaje personalizado a trav\u00e9s de la historia de Portugal.","breadcrumb":{"@id":"https:\/\/cooptaxis.pt\/es\/tienda\/#breadcrumb"},"inLanguage":"es","potentialAction":[{"@type":"ReadAction","target":["https:\/\/cooptaxis.pt\/es\/tienda\/"]}]},{"@type":"ImageObject","inLanguage":"es","@id":"https:\/\/cooptaxis.pt\/es\/tienda\/#primaryimage","url":"https:\/\/cooptaxis.pt\/wp-content\/uploads\/2019\/02\/Tours.jpg","contentUrl":"https:\/\/cooptaxis.pt\/wp-content\/uploads\/2019\/02\/Tours.jpg"},{"@type":"BreadcrumbList","@id":"https:\/\/cooptaxis.pt\/es\/tienda\/#breadcrumb","itemListElement":[{"@type":"ListItem","position":1,"name":"In\u00edcio","item":"https:\/\/cooptaxis.pt\/es\/home-es\/"},{"@type":"ListItem","position":2,"name":"Tours"}]},{"@type":"WebSite","@id":"https:\/\/cooptaxis.pt\/#website","url":"https:\/\/cooptaxis.pt\/","name":"Coopt\u00e1xis","description":"A maior Frota Nacional de T\u00e1xis","publisher":{"@id":"https:\/\/cooptaxis.pt\/#organization"},"potentialAction":[{"@type":"SearchAction","target":{"@type":"EntryPoint","urlTemplate":"https:\/\/cooptaxis.pt\/?s={search_term_string}"},"query-input":{"@type":"PropertyValueSpecification","valueRequired":true,"valueName":"search_term_string"}}],"inLanguage":"es"},{"@type":"Organization","@id":"https:\/\/cooptaxis.pt\/#organization","name":"Coopt\u00e1xis","url":"https:\/\/cooptaxis.pt\/","logo":{"@type":"ImageObject","inLanguage":"es","@id":"https:\/\/cooptaxis.pt\/#\/schema\/logo\/image\/","url":"https:\/\/cooptaxis.pt\/wp-content\/uploads\/2019\/02\/cropped-COOPTAXIS_fundo_Pantone.jpg","contentUrl":"https:\/\/cooptaxis.pt\/wp-content\/uploads\/2019\/02\/cropped-COOPTAXIS_fundo_Pantone.jpg","width":512,"height":512,"caption":"Coopt\u00e1xis"},"image":{"@id":"https:\/\/cooptaxis.pt\/#\/schema\/logo\/image\/"},"sameAs":["https:\/\/www.instagram.com\/cooptaxisportugal\/","https:\/\/www.youtube.com\/watch?v=jLvAnznJhBo&amp;amp;amp;list=PLXqoHUfSBV2Dh-_t5RfvN-rKuClmSlzfW"]}]}},"uagb_featured_image_src":{"full":false,"thumbnail":false,"medium":false,"medium_large":false,"large":false,"1536x1536":false,"2048x2048":false,"woocommerce_thumbnail":false,"woocommerce_single":false,"woocommerce_gallery_thumbnail":false,"post-thumbnail":false,"entry":false,"entry-cropped":false,"entry-fullwidth":false,"entry-cropped-fullwidth":false},"uagb_author_info":{"display_name":"mauriatti","author_link":"https:\/\/cooptaxis.pt\/es\/author\/mauriatti\/"},"uagb_comment_info":0,"uagb_excerpt":"Descubrir Portugal Venga a conocer los monumentos, parques nacionales, palacios, lugares de culto, itinerarios m\u00e1gicos y saborear la gastronom\u00eda tradicional. Un viaje personalizado a trav\u00e9s de la historia de Portugal.","_links":{"self":[{"href":"https:\/\/cooptaxis.pt\/es\/wp-json\/wp\/v2\/pages\/1617","targetHints":{"allow":["GET"]}}],"collection":[{"href":"https:\/\/cooptaxis.pt\/es\/wp-json\/wp\/v2\/pages"}],"about":[{"href":"https:\/\/cooptaxis.pt\/es\/wp-json\/wp\/v2\/types\/page"}],"author":[{"embeddable":true,"href":"https:\/\/cooptaxis.pt\/es\/wp-json\/wp\/v2\/users\/1"}],"replies":[{"embeddable":true,"href":"https:\/\/cooptaxis.pt\/es\/wp-json\/wp\/v2\/comments?post=1617"}],"version-history":[{"count":3,"href":"https:\/\/cooptaxis.pt\/es\/wp-json\/wp\/v2\/pages\/1617\/revisions"}],"predecessor-version":[{"id":1833,"href":"https:\/\/cooptaxis.pt\/es\/wp-json\/wp\/v2\/pages\/1617\/revisions\/1833"}],"wp:attachment":[{"href":"https:\/\/cooptaxis.pt\/es\/wp-json\/wp\/v2\/media?parent=1617"}],"curies":[{"name":"wp","href":"https:\/\/api.w.org\/{rel}","templated":true}]}}