{"id":1623,"date":"2019-02-12T11:50:41","date_gmt":"2019-02-12T11:50:41","guid":{"rendered":"https:\/\/new.cooptaxis.pt\/mi-cuenta\/"},"modified":"2019-02-25T12:27:49","modified_gmt":"2019-02-25T12:27:49","slug":"mi-cuenta","status":"publish","type":"page","link":"https:\/\/cooptaxis.pt\/es\/mi-cuenta\/","title":{"rendered":"T\u00c9RMINOS Y CONDICIONES"},"content":{"rendered":"<h1><span style=\"color: #000000;\"><strong>T\u00c9RMINOS Y CONDICIONES <\/strong><\/span><\/h1>\n<p><span style=\"color: #000000;\"><strong> Condiciones generales<\/strong><\/span><\/p>\n<p><span style=\"color: #000000;\">a) Coopt\u00e1xis\u00ae es una marca comercial y registrada de Autocoope- Taxi Cooperativa Lisboa, CRL, con sede en Av. Visconde Valmor, 30, R \/ C, 1050-240 Lisboa y el NIF 500 320 462, que describe, promueve y vende productos a trav\u00e9s de su sitio, los cuales podr\u00e1n ser disfrutados por los leg\u00edtimos portadores de vales.<\/span><br \/>\n<span style=\"color: #000000;\">b) Los vales referidos toman la forma de cup\u00f3n en l\u00ednea que se vende en cooptaxis.pt, pudiendo los mismos ser usados en Portugal Continental.<\/span><br \/>\n<span style=\"color: #000000;\">c) c) Los vales divulgados y promovidos por Coopt\u00e1xis\u00ae incluyen una variedad de servicios, en constante modificaci\u00f3n y actualizaci\u00f3n.<\/span><br \/>\n<span style=\"color: #000000;\">d) Los productos divulgados y promovidos por Coopt\u00e1xis\u00ae son proporcionados por conductores certificados y calificados, seg\u00fan los t\u00e9rminos de los acuerdos de asociaci\u00f3n celebrada entre ellos y Coopt\u00e1xis\u00ae.<\/span><br \/>\n<span style=\"color: #000000;\">e) Los vales se consideran v\u00e1lidos s\u00f3lo despu\u00e9s del correcto pago de los mismos. El portador \/ adquirente debe guardar el comprobante de pago de los vales adquiridos en el sitio de Coopt\u00e1xis\u00ae, cuya activaci\u00f3n es hecha por sistema inform\u00e1tico en la propia tienda. Si el sistema de Coopt\u00e1xis\u00ae no tiene el registro de ese pago, se reserva el derecho de no permitir la marcaci\u00f3n del servicio deseado.<\/span><br \/>\n<span style=\"color: #000000;\">f) Cualquier adquisici\u00f3n de un vale implica la aceptaci\u00f3n, tanto por los adquirentes, por los portadores, de estos T\u00e9rminos y Condiciones Generales, as\u00ed como su adhesi\u00f3n plena e integral a las condiciones que prevalezcan sobre cualquier otro documento de los adquirentes o de los portadores y, sobre cualquier otra condici\u00f3n general de compra que los adquirentes o los portadores reconocer\u00e1n expresamente que no ser\u00e1n aplicables &#8211; salvo acuerdo excepcional, escrito, expreso y previo por parte de Coopt\u00e1xis\u00ae.<\/span><br \/>\n<span style=\"color: #000000;\">g) La informaci\u00f3n contenida en la descripci\u00f3n de las zanjas, incluidos los precios, no vinculan a Coopt\u00e1xis\u00ae hasta la celebraci\u00f3n de cada contrato.<\/span><\/p>\n<p><span style=\"color: #000000;\"><strong>Vales \u2013 Marcaci\u00f3n \/ Realizaci\u00f3n de los Servicios<\/strong><\/span><\/p>\n<p><span style=\"color: #000000;\">a) a) Las marcaciones ser\u00e1n consideradas v\u00e1lidas y definitivas s\u00f3lo cuando el portador reciba la confirmaci\u00f3n de los servicios, v\u00eda correo electr\u00f3nico por parte de Coopt\u00e1xis\u00ae.<\/span><br \/>\n<span style=\"color: #000000;\">b) En el d\u00eda de la realizaci\u00f3n del servicio es necesario presentar el vale debidamente firmado al conductor y la asistencia en el local y la hora de la marcaci\u00f3n.<\/span><br \/>\n<span style=\"color: #000000;\">c) La emisi\u00f3n de la factura se procesar\u00e1 inmediatamente despu\u00e9s de la comprobaci\u00f3n del pago.<\/span><\/p>\n<p><span style=\"color: #000000;\"><strong> Vales \u2013 Servicios incluidos<\/strong><\/span><\/p>\n<p><span style=\"color: #000000;\">a) Los vales en l\u00ednea confieren la posibilidad de marcar y obtener los servicios divulgados o promovidos por Coopt\u00e1xis\u00ae &#8211; insertados en la lista de productos en l\u00ednea de Coopt\u00e1xis\u00ae.<\/span><br \/>\n<span style=\"color: #000000;\">b) Si se trata de un vale adquirido en condiciones promocionales, el adquirente \/ portador no podr\u00e1 efectuar ning\u00fan tipo de cambio del producto adquirido.<\/span><\/p>\n<p><span style=\"color: #000000;\"><strong> Vales \u2013 Cancelaci\u00f3n, falta de comparecencia e imprevistos<\/strong><\/span><\/p>\n<p><span style=\"color: #000000;\">a) Cualquier cambio o cancelaci\u00f3n prevista por el portador del vale deber\u00e1 efectuarse con un m\u00ednimo de 48 horas de antelaci\u00f3n.<\/span><br \/>\n<span style=\"color: #000000;\">b) La cancelaci\u00f3n que no respete el plazo previsto en la parte anterior implica la p\u00e9rdida de los derechos inherentes al vale en cuesti\u00f3n.<\/span><br \/>\n<span style=\"color: #000000;\">c) Una vez efectuada la marcaci\u00f3n, si el portador no comparece en la fecha, hora y lugar marcado sin haber efectuado una cancelaci\u00f3n ni modificaci\u00f3n en los t\u00e9rminos arriba descritos, perder\u00e1 todos los derechos inherentes a ese vale, en particular aquel de una nueva marcaci\u00f3n.<\/span><br \/>\n<span style=\"color: #000000;\">d) Cuando, emergente de causas fortuitas o naturales, no pueda prestar los servicios adquiridos y marcados Cooptaxis\u00ae no podr\u00e1 ser responsabilizada.<\/span><br \/>\n<span style=\"color: #000000;\">e) Siempre que existan razones ajenas que lo justifiquen, Coopt\u00e1xis\u00ae podr\u00e1 modificar el orden de los productos vendidos y las horas o lugares de partida.<\/span><\/p>\n<p><span style=\"color: #000000;\"><strong> Descripci\u00f3n y Duraci\u00f3n de las Experiencias y del Transporte<\/strong><\/span><\/p>\n<p><span style=\"color: #000000;\">a) La descripci\u00f3n de cada servicio, aunque de forma abreviada, consta en la lista en la direcci\u00f3n cooptaxis.pt. Estas descripciones pueden sufrir modificaciones sin previo aviso (en particular en cuanto a la duraci\u00f3n y caracter\u00edsticas de los servicios incluidos, entre otras).<\/span><br \/>\n<span style=\"color: #000000;\">b) La duraci\u00f3n del servicio se menciona de forma aproximada y el precio correspondiente supone la duraci\u00f3n m\u00e1xima de doce horas, duraci\u00f3n que, con excepci\u00f3n de las transferencias, cuando sobrepasada, determina el cobro del correspondiente acrecimiento.<\/span><br \/>\n<span style=\"color: #000000;\">c) Los viajes (<em>Tours<\/em> y Transferencias) no incluyen alojamiento, comidas, entradas u acompa\u00f1amiento en monumentos, otros lugares de inter\u00e9s tur\u00edstico ni en paradas.<\/span><\/p>\n<p><span style=\"color: #000000;\"><strong> Validez de los presentes &#8211; T\u00e9rminos y condiciones<\/strong><\/span><\/p>\n<p><span style=\"color: #000000;\">Al adquirir un vale publicitado por Coopt\u00e1xis\u00ae, los compradores, los portadores y, en general, todos los clientes de Coopt\u00e1xis expresamente declaran que se les ha comunicado convenientemente estos T\u00e9rminos y Condiciones, declarando haber tomado perfecto e integral conocimiento y haber comprendido todo su contenido, condiciones e implicaciones, declarando aceptar, sin reservas, estos T\u00e9rminos y condiciones en su totalidad.<\/span><br \/>\n<span style=\"color: #000000;\">El comprador \/ portador del vale es \u00edntegramente responsable del mismo despu\u00e9s de su validaci\u00f3n por Coopt\u00e1xis\u00ae, no pudiendo exigir compensaci\u00f3n ni indemnizaci\u00f3n a Coopt\u00e1xis\u00ae en virtud de p\u00e9rdida, hurto, robo, destrucci\u00f3n o no utilizaci\u00f3n.<\/span><\/p>\n<p><span style=\"color: #000000;\"><strong> Sugerencias y Reclamaciones<\/strong><\/span><\/p>\n<p><span style=\"color: #000000;\">Su opini\u00f3n es importante para Coopt\u00e1xis\u00ae. Si tiene alguna sugerencia o reclamaci\u00f3n no deje de presentarla, pues esas son de una importancia extrema para mejorar nuestros servicios. Cont\u00e1ctenlos para taxi@cooptaxis.pt.<\/span><\/p>\n","protected":false},"excerpt":{"rendered":"<p>T\u00c9RMINOS Y CONDICIONES Condiciones generales a) Coopt\u00e1xis\u00ae es una marca comercial y registrada de Autocoope- Taxi Cooperativa Lisboa, CRL, con sede en Av. Visconde Valmor, 30, R \/ C, 1050-240 Lisboa y el NIF 500 320 462, que describe, promueve y vende productos a trav\u00e9s de su sitio, los cuales podr\u00e1n ser disfrutados por los leg\u00edtimos portadores de vales. b) &#8230; <\/p>\n<div><a href=\"https:\/\/cooptaxis.pt\/es\/mi-cuenta\/\" class=\"more-link\">Read More<\/a><\/div>\n","protected":false},"author":1,"featured_media":0,"parent":0,"menu_order":0,"comment_status":"closed","ping_status":"open","template":"template-blank-1.php","meta":{"om_disable_all_campaigns":false,"_uag_custom_page_level_css":"","_monsterinsights_skip_tracking":false,"_monsterinsights_sitenote_active":false,"_monsterinsights_sitenote_note":"","_monsterinsights_sitenote_category":0,"footnotes":""},"class_list":["post-1623","page","type-page","status-publish","hentry","no-post-thumbnail"],"aioseo_notices":[],"yoast_head":"<!-- This site is optimized with the Yoast SEO plugin v24.7 - https:\/\/yoast.com\/wordpress\/plugins\/seo\/ -->\n<title>T\u00c9RMINOS Y CONDICIONES - Coopt\u00e1xis<\/title>\n<meta name=\"robots\" content=\"index, follow, max-snippet:-1, max-image-preview:large, max-video-preview:-1\" \/>\n<link rel=\"canonical\" href=\"https:\/\/cooptaxis.pt\/es\/mi-cuenta\/\" \/>\n<meta property=\"og:locale\" content=\"es_ES\" \/>\n<meta property=\"og:type\" content=\"article\" \/>\n<meta property=\"og:title\" content=\"T\u00c9RMINOS Y CONDICIONES - Coopt\u00e1xis\" \/>\n<meta property=\"og:description\" content=\"T\u00c9RMINOS Y CONDICIONES Condiciones generales a) Coopt\u00e1xis\u00ae es una marca comercial y registrada de Autocoope- Taxi Cooperativa Lisboa, CRL, con sede en Av. Visconde Valmor, 30, R \/ C, 1050-240 Lisboa y el NIF 500 320 462, que describe, promueve y vende productos a trav\u00e9s de su sitio, los cuales podr\u00e1n ser disfrutados por los leg\u00edtimos portadores de vales. b) ... Read More\" \/>\n<meta property=\"og:url\" content=\"https:\/\/cooptaxis.pt\/es\/mi-cuenta\/\" \/>\n<meta property=\"og:site_name\" content=\"Coopt\u00e1xis\" \/>\n<meta property=\"article:publisher\" content=\"https:\/\/www.instagram.com\/cooptaxisportugal\/\" \/>\n<meta property=\"article:modified_time\" content=\"2019-02-25T12:27:49+00:00\" \/>\n<meta name=\"twitter:card\" content=\"summary_large_image\" \/>\n<meta name=\"twitter:label1\" content=\"Tiempo de lectura\" \/>\n\t<meta name=\"twitter:data1\" content=\"5 minutos\" \/>\n<script type=\"application\/ld+json\" class=\"yoast-schema-graph\">{\"@context\":\"https:\/\/schema.org\",\"@graph\":[{\"@type\":\"WebPage\",\"@id\":\"https:\/\/cooptaxis.pt\/es\/mi-cuenta\/\",\"url\":\"https:\/\/cooptaxis.pt\/es\/mi-cuenta\/\",\"name\":\"T\u00c9RMINOS Y CONDICIONES - Coopt\u00e1xis\",\"isPartOf\":{\"@id\":\"https:\/\/cooptaxis.pt\/#website\"},\"datePublished\":\"2019-02-12T11:50:41+00:00\",\"dateModified\":\"2019-02-25T12:27:49+00:00\",\"breadcrumb\":{\"@id\":\"https:\/\/cooptaxis.pt\/es\/mi-cuenta\/#breadcrumb\"},\"inLanguage\":\"es\",\"potentialAction\":[{\"@type\":\"ReadAction\",\"target\":[\"https:\/\/cooptaxis.pt\/es\/mi-cuenta\/\"]}]},{\"@type\":\"BreadcrumbList\",\"@id\":\"https:\/\/cooptaxis.pt\/es\/mi-cuenta\/#breadcrumb\",\"itemListElement\":[{\"@type\":\"ListItem\",\"position\":1,\"name\":\"In\u00edcio\",\"item\":\"https:\/\/cooptaxis.pt\/es\/home-es\/\"},{\"@type\":\"ListItem\",\"position\":2,\"name\":\"T\u00c9RMINOS Y CONDICIONES\"}]},{\"@type\":\"WebSite\",\"@id\":\"https:\/\/cooptaxis.pt\/#website\",\"url\":\"https:\/\/cooptaxis.pt\/\",\"name\":\"Coopt\u00e1xis\",\"description\":\"A maior Frota Nacional de T\u00e1xis\",\"publisher\":{\"@id\":\"https:\/\/cooptaxis.pt\/#organization\"},\"potentialAction\":[{\"@type\":\"SearchAction\",\"target\":{\"@type\":\"EntryPoint\",\"urlTemplate\":\"https:\/\/cooptaxis.pt\/?s={search_term_string}\"},\"query-input\":{\"@type\":\"PropertyValueSpecification\",\"valueRequired\":true,\"valueName\":\"search_term_string\"}}],\"inLanguage\":\"es\"},{\"@type\":\"Organization\",\"@id\":\"https:\/\/cooptaxis.pt\/#organization\",\"name\":\"Coopt\u00e1xis\",\"url\":\"https:\/\/cooptaxis.pt\/\",\"logo\":{\"@type\":\"ImageObject\",\"inLanguage\":\"es\",\"@id\":\"https:\/\/cooptaxis.pt\/#\/schema\/logo\/image\/\",\"url\":\"https:\/\/cooptaxis.pt\/wp-content\/uploads\/2019\/02\/cropped-COOPTAXIS_fundo_Pantone.jpg\",\"contentUrl\":\"https:\/\/cooptaxis.pt\/wp-content\/uploads\/2019\/02\/cropped-COOPTAXIS_fundo_Pantone.jpg\",\"width\":512,\"height\":512,\"caption\":\"Coopt\u00e1xis\"},\"image\":{\"@id\":\"https:\/\/cooptaxis.pt\/#\/schema\/logo\/image\/\"},\"sameAs\":[\"https:\/\/www.instagram.com\/cooptaxisportugal\/\",\"https:\/\/www.youtube.com\/watch?v=jLvAnznJhBo&amp;amp;amp;list=PLXqoHUfSBV2Dh-_t5RfvN-rKuClmSlzfW\"]}]}<\/script>\n<!-- \/ Yoast SEO plugin. -->","yoast_head_json":{"title":"T\u00c9RMINOS Y CONDICIONES - Coopt\u00e1xis","robots":{"index":"index","follow":"follow","max-snippet":"max-snippet:-1","max-image-preview":"max-image-preview:large","max-video-preview":"max-video-preview:-1"},"canonical":"https:\/\/cooptaxis.pt\/es\/mi-cuenta\/","og_locale":"es_ES","og_type":"article","og_title":"T\u00c9RMINOS Y CONDICIONES - Coopt\u00e1xis","og_description":"T\u00c9RMINOS Y CONDICIONES Condiciones generales a) Coopt\u00e1xis\u00ae es una marca comercial y registrada de Autocoope- Taxi Cooperativa Lisboa, CRL, con sede en Av. Visconde Valmor, 30, R \/ C, 1050-240 Lisboa y el NIF 500 320 462, que describe, promueve y vende productos a trav\u00e9s de su sitio, los cuales podr\u00e1n ser disfrutados por los leg\u00edtimos portadores de vales. b) ... Read More","og_url":"https:\/\/cooptaxis.pt\/es\/mi-cuenta\/","og_site_name":"Coopt\u00e1xis","article_publisher":"https:\/\/www.instagram.com\/cooptaxisportugal\/","article_modified_time":"2019-02-25T12:27:49+00:00","twitter_card":"summary_large_image","twitter_misc":{"Tiempo de lectura":"5 minutos"},"schema":{"@context":"https:\/\/schema.org","@graph":[{"@type":"WebPage","@id":"https:\/\/cooptaxis.pt\/es\/mi-cuenta\/","url":"https:\/\/cooptaxis.pt\/es\/mi-cuenta\/","name":"T\u00c9RMINOS Y CONDICIONES - Coopt\u00e1xis","isPartOf":{"@id":"https:\/\/cooptaxis.pt\/#website"},"datePublished":"2019-02-12T11:50:41+00:00","dateModified":"2019-02-25T12:27:49+00:00","breadcrumb":{"@id":"https:\/\/cooptaxis.pt\/es\/mi-cuenta\/#breadcrumb"},"inLanguage":"es","potentialAction":[{"@type":"ReadAction","target":["https:\/\/cooptaxis.pt\/es\/mi-cuenta\/"]}]},{"@type":"BreadcrumbList","@id":"https:\/\/cooptaxis.pt\/es\/mi-cuenta\/#breadcrumb","itemListElement":[{"@type":"ListItem","position":1,"name":"In\u00edcio","item":"https:\/\/cooptaxis.pt\/es\/home-es\/"},{"@type":"ListItem","position":2,"name":"T\u00c9RMINOS Y CONDICIONES"}]},{"@type":"WebSite","@id":"https:\/\/cooptaxis.pt\/#website","url":"https:\/\/cooptaxis.pt\/","name":"Coopt\u00e1xis","description":"A maior Frota Nacional de T\u00e1xis","publisher":{"@id":"https:\/\/cooptaxis.pt\/#organization"},"potentialAction":[{"@type":"SearchAction","target":{"@type":"EntryPoint","urlTemplate":"https:\/\/cooptaxis.pt\/?s={search_term_string}"},"query-input":{"@type":"PropertyValueSpecification","valueRequired":true,"valueName":"search_term_string"}}],"inLanguage":"es"},{"@type":"Organization","@id":"https:\/\/cooptaxis.pt\/#organization","name":"Coopt\u00e1xis","url":"https:\/\/cooptaxis.pt\/","logo":{"@type":"ImageObject","inLanguage":"es","@id":"https:\/\/cooptaxis.pt\/#\/schema\/logo\/image\/","url":"https:\/\/cooptaxis.pt\/wp-content\/uploads\/2019\/02\/cropped-COOPTAXIS_fundo_Pantone.jpg","contentUrl":"https:\/\/cooptaxis.pt\/wp-content\/uploads\/2019\/02\/cropped-COOPTAXIS_fundo_Pantone.jpg","width":512,"height":512,"caption":"Coopt\u00e1xis"},"image":{"@id":"https:\/\/cooptaxis.pt\/#\/schema\/logo\/image\/"},"sameAs":["https:\/\/www.instagram.com\/cooptaxisportugal\/","https:\/\/www.youtube.com\/watch?v=jLvAnznJhBo&amp;amp;amp;list=PLXqoHUfSBV2Dh-_t5RfvN-rKuClmSlzfW"]}]}},"uagb_featured_image_src":{"full":false,"thumbnail":false,"medium":false,"medium_large":false,"large":false,"1536x1536":false,"2048x2048":false,"woocommerce_thumbnail":false,"woocommerce_single":false,"woocommerce_gallery_thumbnail":false,"post-thumbnail":false,"entry":false,"entry-cropped":false,"entry-fullwidth":false,"entry-cropped-fullwidth":false},"uagb_author_info":{"display_name":"mauriatti","author_link":"https:\/\/cooptaxis.pt\/es\/author\/mauriatti\/"},"uagb_comment_info":0,"uagb_excerpt":"T\u00c9RMINOS Y CONDICIONES Condiciones generales a) Coopt\u00e1xis\u00ae es una marca comercial y registrada de Autocoope- Taxi Cooperativa Lisboa, CRL, con sede en Av. Visconde Valmor, 30, R \/ C, 1050-240 Lisboa y el NIF 500 320 462, que describe, promueve y vende productos a trav\u00e9s de su sitio, los cuales podr\u00e1n ser disfrutados por los&hellip;","_links":{"self":[{"href":"https:\/\/cooptaxis.pt\/es\/wp-json\/wp\/v2\/pages\/1623","targetHints":{"allow":["GET"]}}],"collection":[{"href":"https:\/\/cooptaxis.pt\/es\/wp-json\/wp\/v2\/pages"}],"about":[{"href":"https:\/\/cooptaxis.pt\/es\/wp-json\/wp\/v2\/types\/page"}],"author":[{"embeddable":true,"href":"https:\/\/cooptaxis.pt\/es\/wp-json\/wp\/v2\/users\/1"}],"replies":[{"embeddable":true,"href":"https:\/\/cooptaxis.pt\/es\/wp-json\/wp\/v2\/comments?post=1623"}],"version-history":[{"count":3,"href":"https:\/\/cooptaxis.pt\/es\/wp-json\/wp\/v2\/pages\/1623\/revisions"}],"predecessor-version":[{"id":2186,"href":"https:\/\/cooptaxis.pt\/es\/wp-json\/wp\/v2\/pages\/1623\/revisions\/2186"}],"wp:attachment":[{"href":"https:\/\/cooptaxis.pt\/es\/wp-json\/wp\/v2\/media?parent=1623"}],"curies":[{"name":"wp","href":"https:\/\/api.w.org\/{rel}","templated":true}]}}