{"id":1910,"date":"2019-02-13T16:21:36","date_gmt":"2019-02-13T16:21:36","guid":{"rendered":"https:\/\/new.cooptaxis.pt\/?page_id=1910"},"modified":"2019-02-13T16:21:41","modified_gmt":"2019-02-13T16:21:41","slug":"politica-de-privacidad","status":"publish","type":"page","link":"https:\/\/cooptaxis.pt\/es\/politica-de-privacidad\/","title":{"rendered":"Pol\u00edtica de Privacidad"},"content":{"rendered":"<h2 class=\"wp-block-heading\"><strong>POL\u00cdTICA DE\nPRIVACIDAD<\/strong><\/h2><p><\/p><p class=\"has-text-color has-very-dark-gray-color\">Coopt\u00e1xis se ha comprometido a proteger la privacidad de los usuarios en los sitios web y las aplicaciones que ofrecen. <br>Se ha elaborado la presente Pol\u00edtica de Privacidad con el fin de afirmar su compromiso y respeto con las reglas de privacidad y de protecci\u00f3n de datos personales.  <br>El uso y la navegaci\u00f3n en nuestros sitios web y aplicaciones y el suministro de datos implican el conocimiento y la aceptaci\u00f3n de las condiciones de esta pol\u00edtica de privacidad.  <br>Coopt\u00e1xis ofrece a todos sus clientes el servicio de <em>call-center<\/em> para despacho de servicios en transporte de taxi, no proporcionando informaci\u00f3n contractual ni datos personales a terceros.  <br>Sin embargo, nos reservamos el derecho, en el cumplimiento de la obligaci\u00f3n legal y la solicitud de la autoridad competente (Autoridad Tributaria y Aduanera, Tribunales, Fuerzas de Seguridad y otras legalmente aplicables), informar sus datos personales.\u00a0  <\/p><h4 class=\"wp-block-heading\"><strong>Responsable del\ntratamiento de datos<\/strong><\/h4><p class=\"has-text-color has-very-dark-gray-color\">AEl Autocoope -. Cooperativa\nTaxis de Lisboa, C.R.L, propietaria de la marca Coopt\u00e1xis, con domicilio en\nAvenida Visconde Valmor, nr\u00ba30 r \/ c dto, 1050-240 Lisboa, es responsable de la\ngesti\u00f3n de sus datos personales. <\/p><p class=\"has-text-color has-very-dark-gray-color\">El titular de los datos\npodr\u00e1 ponerse en contacto con Autocoope, CRL para cualquier asunto relacionada\ncon la protecci\u00f3n de datos personales, as\u00ed como para el ejercicio de los\nderechos relativos, por correo postal para la direcci\u00f3n anteriormente\nmencionada o para la siguiente direcci\u00f3n del encargado de protecci\u00f3n de datos;\ncorreo electr\u00f3nico: dpo@autocoope.pt.<\/p><h4 class=\"wp-block-heading\"><strong>Datos personales<\/strong><\/h4><p class=\"has-text-color has-very-dark-gray-color\">Se entiende por \u00abDatos\nPersonales\u00bb cualquier informaci\u00f3n, de cualquier naturaleza e\nindependientemente del soporte (incluyendo sonido e imagen), relativa a una\npersona f\u00edsica identificada o identificable (titular del dato).<br>\n<br>\nSe considera identificable la persona que pueda ser reconocida directa o\nindirectamente, en particular mediante la referencia a un n\u00famero de\nidentificaci\u00f3n u otros elementos espec\u00edficos de su identidad f\u00edsica,\nfisiol\u00f3gica, ps\u00edquica, econ\u00f3mica, cultural o social.<\/p><h4 class=\"wp-block-heading\"><strong>Recogida y finalidad\ndel tratamiento<\/strong><\/h4><p class=\"has-text-color has-very-dark-gray-color\">La Coopt\u00e1xis proceder\u00e1 a la\nrecogida, proporcionada por el titular respectivo, y al tratamiento, entre\notros, de los siguientes datos personales: nombre, n\u00famero de tel\u00e9fono,\ndirecci\u00f3n, correo electr\u00f3nico, NIF y direcci\u00f3n de correo electr\u00f3nico.<\/p><p class=\"has-text-color has-very-dark-gray-color\">Coopt\u00e1xis asume que los\ndatos suministrados por el titular o que \u00e9ste autoriz\u00f3 al efecto y presume que\nlos mismos son verdaderos y se actualizan.<\/p><p class=\"has-text-color has-very-dark-gray-color\"><strong>Los datos personales se pueden recoger mediante los siguientes medios:<\/strong><\/p><p class=\"has-text-color has-very-dark-gray-color\">Correo electr\u00f3nico; <br>Sitios web;  <br>Llamadas telef\u00f3nicas;  <br>Aplicaciones (Apps)instaladas en dispositivos m\u00f3viles <\/p><p class=\"has-text-color has-very-dark-gray-color\"><strong>Los datos personales que tratamos s\u00f3lo se utilizar\u00e1n para los siguientes fines:<\/strong><\/p><p class=\"has-text-color has-very-dark-gray-color\">Solicitud, gesti\u00f3n, procesamiento y dem\u00e1s necesarios para la prestaci\u00f3n de servicios \/ productos;<\/p><p class=\"has-text-color has-very-dark-gray-color\">Los datos recogidos se\nprocesan y almacenan de forma informativa en base de datos espec\u00edficos, en el\ncumplimiento estricto de la legislaci\u00f3n de protecci\u00f3n de datos personales,\nCoopt\u00e1xis o las entidades subcontratadas. Algunos datos personales recogidos en\nel sitio web son obligatorios y la falta o insuficiencia de los datos\nsolicitados puede determinar la imposibilidad de proporcionarle los servicios o\nlas informaciones que usted solicite a Coopt\u00e1xis.<\/p><p class=\"has-text-color has-very-dark-gray-color\">Autocoope, CRL podr\u00e1\nsubcontratar la prestaci\u00f3n de servicios ante otras empresas o entidades para el\ncumplimiento de las finalidades arriba indicadas, en cuyo caso se certificar\u00e1\nque dichas entidades cumplen los requisitos del RGPD (Reglamento general de protecci\u00f3n\nde datos). Autocoope, CRL podr\u00e1 subcontratar la prestaci\u00f3n de servicios ante\notras empresas o entidades para el cumplimiento de las finalidades arriba\nindicadas, en cuyo caso se certificar\u00e1 que dichas entidades cumplen los\nrequisitos del RGPD (Reglamento general de protecci\u00f3n de datos). <\/p><h4 class=\"wp-block-heading\"><strong>Sus derechos<\/strong><\/h4><p class=\"has-text-color has-very-dark-gray-color\">En virtud de la legislaci\u00f3n aplicable, el titular de los datos podr\u00e1\nsolicitar en todo momento el acceso a sus datos personales, as\u00ed como su\nrectificaci\u00f3n, eliminaci\u00f3n o limitaci\u00f3n de su tratamiento y la portabilidad de\nsus datos, u oponerse al cumplimiento su tratamiento (con la excepci\u00f3n de los\ndatos estrictamente necesarios para la prestaci\u00f3n del servicio), directamente a\ntrav\u00e9s de una solicitud escrita y enviada a las direcciones arriba identificadas.<\/p><p class=\"has-text-color has-very-dark-gray-color\">Usted podr\u00e1 obtener confirmaci\u00f3n sobre qu\u00e9 datos personales suyos son objeto de tratamiento, as\u00ed como acceso a los mismos, estando disponible, si se solicita, una copia de los datos objeto de tratamiento por parte de Coopt\u00e1xis.<\/p><p class=\"has-text-color has-very-dark-gray-color\">En virtud de la ley se le garantiza el derecho de, a trav\u00e9s del medio mencionado, retirar su permiso para el tratamiento de los datos; el consentimiento constituye el fundamento de legitimidad del correspondiente tratamiento y \/ o su supresi\u00f3n.<\/p><p class=\"has-text-color has-very-dark-gray-color\">Sin perjuicio de otra v\u00eda de recurso administrativo o judicial, el titular\nde los datos tiene derecho a presentar una reclamaci\u00f3n a la Comisi\u00f3n Nacional\nde Protecci\u00f3n de Datos (CNPD)u la otra autoridad de control competente en\nvirtud de la ley, si considera que sus datos no est\u00e1n siendo objeto de un trato\nleg\u00edtimo por parte de Coopt\u00e1xis en virtud de la legislaci\u00f3n aplicable y de la\nnuestra Pol\u00edtica de Privacidad.<\/p><h4 class=\"wp-block-heading\"><strong>Plazo de\nconservaci\u00f3n<\/strong><\/h4><p class=\"has-text-color has-very-dark-gray-color\">Los datos personales\nrecogidos se tratan conforme al cumplimiento de la legislaci\u00f3n aplicable y se conservan\nen bases de datos espec\u00edficas, creadas a tal efecto. El per\u00edodo de tiempo\ndurante el cual se almacenan los datos var\u00eda seg\u00fan el prop\u00f3sito para que se\nhayan recogido y conservado durante el per\u00edodo de vigencia del contrato\ncorrespondiente, excepto en las situaciones cubiertas por la obligaci\u00f3n legal.<\/p><h4 class=\"wp-block-heading\"><strong>Transferencia de Datos<\/strong><\/h4><p class=\"has-text-color has-very-dark-gray-color\">En caso de que puedan producirse transferencias de datos a terceros pa\u00edses\nque no pertenezcan a la Uni\u00f3n Europea o al Espacio Econ\u00f3mico Europeo, Coopt\u00e1xis\ncumplir\u00e1 la ley, especialmente en lo que se refiere a la adecuaci\u00f3n del pa\u00eds de\ndestino en lo que se refiere a la protecci\u00f3n de datos personales ya los\nrequisitos que se aplican a estas transferencias y no se transfieren datos\npersonales a jurisdicciones que no ofrezcan garant\u00edas de seguridad y\nprotecci\u00f3n. <\/p><h4 class=\"wp-block-heading\"><strong>Cambios en la Pol\u00edtica de Privacidad<\/strong><\/h4><p class=\"has-text-color has-very-dark-gray-color\">Coopt\u00e1xis se reserva el derecho de cuando sea necesario, proceder a\nmodificaciones o actualizaciones a nuestra Pol\u00edtica de Privacidad, cambios que\nser\u00e1n debidamente actualizados en nuestras Plataformas. Sugerimos que las\nconsulte regularmente para estar al tanto de eventuales cambios.<\/p>","protected":false},"excerpt":{"rendered":"<p>POL\u00cdTICA DE PRIVACIDAD Coopt\u00e1xis se ha comprometido a proteger la privacidad de los usuarios en los sitios web y las aplicaciones que ofrecen. Se ha elaborado la presente Pol\u00edtica de Privacidad con el fin de afirmar su compromiso y respeto con las reglas de privacidad y de protecci\u00f3n de datos personales. El uso y la navegaci\u00f3n en nuestros sitios web &#8230; <\/p>\n<div><a href=\"https:\/\/cooptaxis.pt\/es\/politica-de-privacidad\/\" class=\"more-link\">Read More<\/a><\/div>\n","protected":false},"author":1,"featured_media":0,"parent":0,"menu_order":0,"comment_status":"closed","ping_status":"closed","template":"template-blank-1.php","meta":{"om_disable_all_campaigns":false,"_uag_custom_page_level_css":"","_monsterinsights_skip_tracking":false,"_monsterinsights_sitenote_active":false,"_monsterinsights_sitenote_note":"","_monsterinsights_sitenote_category":0,"footnotes":""},"class_list":["post-1910","page","type-page","status-publish","hentry","no-post-thumbnail"],"aioseo_notices":[],"yoast_head":"<!-- This site is optimized with the Yoast SEO plugin v24.7 - https:\/\/yoast.com\/wordpress\/plugins\/seo\/ -->\n<title>Pol\u00edtica de Privacidad - Coopt\u00e1xis<\/title>\n<meta name=\"robots\" content=\"index, follow, max-snippet:-1, max-image-preview:large, max-video-preview:-1\" \/>\n<link rel=\"canonical\" href=\"https:\/\/cooptaxis.pt\/es\/politica-de-privacidad\/\" \/>\n<meta property=\"og:locale\" content=\"es_ES\" \/>\n<meta property=\"og:type\" content=\"article\" \/>\n<meta property=\"og:title\" content=\"Pol\u00edtica de Privacidad - Coopt\u00e1xis\" \/>\n<meta property=\"og:description\" content=\"POL\u00cdTICA DE PRIVACIDAD Coopt\u00e1xis se ha comprometido a proteger la privacidad de los usuarios en los sitios web y las aplicaciones que ofrecen. Se ha elaborado la presente Pol\u00edtica de Privacidad con el fin de afirmar su compromiso y respeto con las reglas de privacidad y de protecci\u00f3n de datos personales. El uso y la navegaci\u00f3n en nuestros sitios web ... Read More\" \/>\n<meta property=\"og:url\" content=\"https:\/\/cooptaxis.pt\/es\/politica-de-privacidad\/\" \/>\n<meta property=\"og:site_name\" content=\"Coopt\u00e1xis\" \/>\n<meta property=\"article:publisher\" content=\"https:\/\/www.instagram.com\/cooptaxisportugal\/\" \/>\n<meta property=\"article:modified_time\" content=\"2019-02-13T16:21:41+00:00\" \/>\n<meta name=\"twitter:card\" content=\"summary_large_image\" \/>\n<meta name=\"twitter:label1\" content=\"Tiempo de lectura\" \/>\n\t<meta name=\"twitter:data1\" content=\"5 minutos\" \/>\n<script type=\"application\/ld+json\" class=\"yoast-schema-graph\">{\"@context\":\"https:\/\/schema.org\",\"@graph\":[{\"@type\":\"WebPage\",\"@id\":\"https:\/\/cooptaxis.pt\/es\/politica-de-privacidad\/\",\"url\":\"https:\/\/cooptaxis.pt\/es\/politica-de-privacidad\/\",\"name\":\"Pol\u00edtica de Privacidad - Coopt\u00e1xis\",\"isPartOf\":{\"@id\":\"https:\/\/cooptaxis.pt\/#website\"},\"datePublished\":\"2019-02-13T16:21:36+00:00\",\"dateModified\":\"2019-02-13T16:21:41+00:00\",\"breadcrumb\":{\"@id\":\"https:\/\/cooptaxis.pt\/es\/politica-de-privacidad\/#breadcrumb\"},\"inLanguage\":\"es\",\"potentialAction\":[{\"@type\":\"ReadAction\",\"target\":[\"https:\/\/cooptaxis.pt\/es\/politica-de-privacidad\/\"]}]},{\"@type\":\"BreadcrumbList\",\"@id\":\"https:\/\/cooptaxis.pt\/es\/politica-de-privacidad\/#breadcrumb\",\"itemListElement\":[{\"@type\":\"ListItem\",\"position\":1,\"name\":\"In\u00edcio\",\"item\":\"https:\/\/cooptaxis.pt\/es\/home-es\/\"},{\"@type\":\"ListItem\",\"position\":2,\"name\":\"Pol\u00edtica de Privacidad\"}]},{\"@type\":\"WebSite\",\"@id\":\"https:\/\/cooptaxis.pt\/#website\",\"url\":\"https:\/\/cooptaxis.pt\/\",\"name\":\"Coopt\u00e1xis\",\"description\":\"A maior Frota Nacional de T\u00e1xis\",\"publisher\":{\"@id\":\"https:\/\/cooptaxis.pt\/#organization\"},\"potentialAction\":[{\"@type\":\"SearchAction\",\"target\":{\"@type\":\"EntryPoint\",\"urlTemplate\":\"https:\/\/cooptaxis.pt\/?s={search_term_string}\"},\"query-input\":{\"@type\":\"PropertyValueSpecification\",\"valueRequired\":true,\"valueName\":\"search_term_string\"}}],\"inLanguage\":\"es\"},{\"@type\":\"Organization\",\"@id\":\"https:\/\/cooptaxis.pt\/#organization\",\"name\":\"Coopt\u00e1xis\",\"url\":\"https:\/\/cooptaxis.pt\/\",\"logo\":{\"@type\":\"ImageObject\",\"inLanguage\":\"es\",\"@id\":\"https:\/\/cooptaxis.pt\/#\/schema\/logo\/image\/\",\"url\":\"https:\/\/cooptaxis.pt\/wp-content\/uploads\/2019\/02\/cropped-COOPTAXIS_fundo_Pantone.jpg\",\"contentUrl\":\"https:\/\/cooptaxis.pt\/wp-content\/uploads\/2019\/02\/cropped-COOPTAXIS_fundo_Pantone.jpg\",\"width\":512,\"height\":512,\"caption\":\"Coopt\u00e1xis\"},\"image\":{\"@id\":\"https:\/\/cooptaxis.pt\/#\/schema\/logo\/image\/\"},\"sameAs\":[\"https:\/\/www.instagram.com\/cooptaxisportugal\/\",\"https:\/\/www.youtube.com\/watch?v=jLvAnznJhBo&amp;amp;amp;list=PLXqoHUfSBV2Dh-_t5RfvN-rKuClmSlzfW\"]}]}<\/script>\n<!-- \/ Yoast SEO plugin. -->","yoast_head_json":{"title":"Pol\u00edtica de Privacidad - Coopt\u00e1xis","robots":{"index":"index","follow":"follow","max-snippet":"max-snippet:-1","max-image-preview":"max-image-preview:large","max-video-preview":"max-video-preview:-1"},"canonical":"https:\/\/cooptaxis.pt\/es\/politica-de-privacidad\/","og_locale":"es_ES","og_type":"article","og_title":"Pol\u00edtica de Privacidad - Coopt\u00e1xis","og_description":"POL\u00cdTICA DE PRIVACIDAD Coopt\u00e1xis se ha comprometido a proteger la privacidad de los usuarios en los sitios web y las aplicaciones que ofrecen. Se ha elaborado la presente Pol\u00edtica de Privacidad con el fin de afirmar su compromiso y respeto con las reglas de privacidad y de protecci\u00f3n de datos personales. El uso y la navegaci\u00f3n en nuestros sitios web ... Read More","og_url":"https:\/\/cooptaxis.pt\/es\/politica-de-privacidad\/","og_site_name":"Coopt\u00e1xis","article_publisher":"https:\/\/www.instagram.com\/cooptaxisportugal\/","article_modified_time":"2019-02-13T16:21:41+00:00","twitter_card":"summary_large_image","twitter_misc":{"Tiempo de lectura":"5 minutos"},"schema":{"@context":"https:\/\/schema.org","@graph":[{"@type":"WebPage","@id":"https:\/\/cooptaxis.pt\/es\/politica-de-privacidad\/","url":"https:\/\/cooptaxis.pt\/es\/politica-de-privacidad\/","name":"Pol\u00edtica de Privacidad - Coopt\u00e1xis","isPartOf":{"@id":"https:\/\/cooptaxis.pt\/#website"},"datePublished":"2019-02-13T16:21:36+00:00","dateModified":"2019-02-13T16:21:41+00:00","breadcrumb":{"@id":"https:\/\/cooptaxis.pt\/es\/politica-de-privacidad\/#breadcrumb"},"inLanguage":"es","potentialAction":[{"@type":"ReadAction","target":["https:\/\/cooptaxis.pt\/es\/politica-de-privacidad\/"]}]},{"@type":"BreadcrumbList","@id":"https:\/\/cooptaxis.pt\/es\/politica-de-privacidad\/#breadcrumb","itemListElement":[{"@type":"ListItem","position":1,"name":"In\u00edcio","item":"https:\/\/cooptaxis.pt\/es\/home-es\/"},{"@type":"ListItem","position":2,"name":"Pol\u00edtica de Privacidad"}]},{"@type":"WebSite","@id":"https:\/\/cooptaxis.pt\/#website","url":"https:\/\/cooptaxis.pt\/","name":"Coopt\u00e1xis","description":"A maior Frota Nacional de T\u00e1xis","publisher":{"@id":"https:\/\/cooptaxis.pt\/#organization"},"potentialAction":[{"@type":"SearchAction","target":{"@type":"EntryPoint","urlTemplate":"https:\/\/cooptaxis.pt\/?s={search_term_string}"},"query-input":{"@type":"PropertyValueSpecification","valueRequired":true,"valueName":"search_term_string"}}],"inLanguage":"es"},{"@type":"Organization","@id":"https:\/\/cooptaxis.pt\/#organization","name":"Coopt\u00e1xis","url":"https:\/\/cooptaxis.pt\/","logo":{"@type":"ImageObject","inLanguage":"es","@id":"https:\/\/cooptaxis.pt\/#\/schema\/logo\/image\/","url":"https:\/\/cooptaxis.pt\/wp-content\/uploads\/2019\/02\/cropped-COOPTAXIS_fundo_Pantone.jpg","contentUrl":"https:\/\/cooptaxis.pt\/wp-content\/uploads\/2019\/02\/cropped-COOPTAXIS_fundo_Pantone.jpg","width":512,"height":512,"caption":"Coopt\u00e1xis"},"image":{"@id":"https:\/\/cooptaxis.pt\/#\/schema\/logo\/image\/"},"sameAs":["https:\/\/www.instagram.com\/cooptaxisportugal\/","https:\/\/www.youtube.com\/watch?v=jLvAnznJhBo&amp;amp;amp;list=PLXqoHUfSBV2Dh-_t5RfvN-rKuClmSlzfW"]}]}},"uagb_featured_image_src":{"full":false,"thumbnail":false,"medium":false,"medium_large":false,"large":false,"1536x1536":false,"2048x2048":false,"woocommerce_thumbnail":false,"woocommerce_single":false,"woocommerce_gallery_thumbnail":false,"post-thumbnail":false,"entry":false,"entry-cropped":false,"entry-fullwidth":false,"entry-cropped-fullwidth":false},"uagb_author_info":{"display_name":"mauriatti","author_link":"https:\/\/cooptaxis.pt\/es\/author\/mauriatti\/"},"uagb_comment_info":0,"uagb_excerpt":"POL\u00cdTICA DE PRIVACIDAD Coopt\u00e1xis se ha comprometido a proteger la privacidad de los usuarios en los sitios web y las aplicaciones que ofrecen. Se ha elaborado la presente Pol\u00edtica de Privacidad con el fin de afirmar su compromiso y respeto con las reglas de privacidad y de protecci\u00f3n de datos personales. El uso y la&hellip;","_links":{"self":[{"href":"https:\/\/cooptaxis.pt\/es\/wp-json\/wp\/v2\/pages\/1910","targetHints":{"allow":["GET"]}}],"collection":[{"href":"https:\/\/cooptaxis.pt\/es\/wp-json\/wp\/v2\/pages"}],"about":[{"href":"https:\/\/cooptaxis.pt\/es\/wp-json\/wp\/v2\/types\/page"}],"author":[{"embeddable":true,"href":"https:\/\/cooptaxis.pt\/es\/wp-json\/wp\/v2\/users\/1"}],"replies":[{"embeddable":true,"href":"https:\/\/cooptaxis.pt\/es\/wp-json\/wp\/v2\/comments?post=1910"}],"version-history":[{"count":1,"href":"https:\/\/cooptaxis.pt\/es\/wp-json\/wp\/v2\/pages\/1910\/revisions"}],"predecessor-version":[{"id":1915,"href":"https:\/\/cooptaxis.pt\/es\/wp-json\/wp\/v2\/pages\/1910\/revisions\/1915"}],"wp:attachment":[{"href":"https:\/\/cooptaxis.pt\/es\/wp-json\/wp\/v2\/media?parent=1910"}],"curies":[{"name":"wp","href":"https:\/\/api.w.org\/{rel}","templated":true}]}}