{"id":1980,"date":"2019-02-14T11:51:03","date_gmt":"2019-02-14T11:51:03","guid":{"rendered":"https:\/\/new.cooptaxis.pt\/?page_id=1980"},"modified":"2019-02-14T11:52:12","modified_gmt":"2019-02-14T11:52:12","slug":"reservas","status":"publish","type":"page","link":"https:\/\/cooptaxis.pt\/es\/reservas\/","title":{"rendered":"Reservas"},"content":{"rendered":"<div id=\"cs-content\" class=\"cs-content\"><\/div>\n","protected":false},"excerpt":{"rendered":"<p>Reservas Para m\u00e1s informaci\u00f3n, rellene el formulario de contacto. &#8211;\u00a0comunicac\u00e3o@cooptaxis.pt &#8211; taxi@cooptaxis.pt &#8211; dpo@autocoope.pt T\u00e1xiTransfersToursotro El env\u00edo de los datos a trav\u00e9s de este formulario es absolutamente voluntario. Toda la informaci\u00f3n que nos proporcione ser\u00e1 incorporada en nuestro archivo de clientes. Todos los datos personales se tratar\u00e1n de forma confidencial por Autocoope, Taxi Cooperativa de Lisboa, el CRL. Si desea &#8230; <\/p>\n<div><a href=\"https:\/\/cooptaxis.pt\/es\/reservas\/\" class=\"more-link\">Read More<\/a><\/div>\n","protected":false},"author":1,"featured_media":0,"parent":0,"menu_order":0,"comment_status":"closed","ping_status":"closed","template":"template-blank-1.php","meta":{"om_disable_all_campaigns":false,"_uag_custom_page_level_css":"","_monsterinsights_skip_tracking":false,"_monsterinsights_sitenote_active":false,"_monsterinsights_sitenote_note":"","_monsterinsights_sitenote_category":0,"footnotes":""},"class_list":["post-1980","page","type-page","status-publish","hentry","no-post-thumbnail"],"aioseo_notices":[],"yoast_head":"<!-- This site is optimized with the Yoast SEO plugin v24.7 - https:\/\/yoast.com\/wordpress\/plugins\/seo\/ -->\n<title>Reservas - Coopt\u00e1xis<\/title>\n<meta name=\"robots\" content=\"index, follow, max-snippet:-1, max-image-preview:large, max-video-preview:-1\" \/>\n<link rel=\"canonical\" href=\"https:\/\/cooptaxis.pt\/es\/reservas\/\" \/>\n<meta property=\"og:locale\" content=\"es_ES\" \/>\n<meta property=\"og:type\" content=\"article\" \/>\n<meta property=\"og:title\" content=\"Reservas - Coopt\u00e1xis\" \/>\n<meta property=\"og:description\" content=\"Reservas Para m\u00e1s informaci\u00f3n, rellene el formulario de contacto. -\u00a0comunicac\u00e3o@cooptaxis.pt - taxi@cooptaxis.pt - dpo@autocoope.pt T\u00e1xiTransfersToursotro El env\u00edo de los datos a trav\u00e9s de este formulario es absolutamente voluntario. Toda la informaci\u00f3n que nos proporcione ser\u00e1 incorporada en nuestro archivo de clientes. Todos los datos personales se tratar\u00e1n de forma confidencial por Autocoope, Taxi Cooperativa de Lisboa, el CRL. Si desea ... Read More\" \/>\n<meta property=\"og:url\" content=\"https:\/\/cooptaxis.pt\/es\/reservas\/\" \/>\n<meta property=\"og:site_name\" content=\"Coopt\u00e1xis\" \/>\n<meta property=\"article:publisher\" content=\"https:\/\/www.instagram.com\/cooptaxisportugal\/\" \/>\n<meta property=\"article:modified_time\" content=\"2019-02-14T11:52:12+00:00\" \/>\n<meta name=\"twitter:card\" content=\"summary_large_image\" \/>\n<script type=\"application\/ld+json\" class=\"yoast-schema-graph\">{\"@context\":\"https:\/\/schema.org\",\"@graph\":[{\"@type\":\"WebPage\",\"@id\":\"https:\/\/cooptaxis.pt\/es\/reservas\/\",\"url\":\"https:\/\/cooptaxis.pt\/es\/reservas\/\",\"name\":\"Reservas - Coopt\u00e1xis\",\"isPartOf\":{\"@id\":\"https:\/\/cooptaxis.pt\/#website\"},\"datePublished\":\"2019-02-14T11:51:03+00:00\",\"dateModified\":\"2019-02-14T11:52:12+00:00\",\"breadcrumb\":{\"@id\":\"https:\/\/cooptaxis.pt\/es\/reservas\/#breadcrumb\"},\"inLanguage\":\"es\",\"potentialAction\":[{\"@type\":\"ReadAction\",\"target\":[\"https:\/\/cooptaxis.pt\/es\/reservas\/\"]}]},{\"@type\":\"BreadcrumbList\",\"@id\":\"https:\/\/cooptaxis.pt\/es\/reservas\/#breadcrumb\",\"itemListElement\":[{\"@type\":\"ListItem\",\"position\":1,\"name\":\"In\u00edcio\",\"item\":\"https:\/\/cooptaxis.pt\/es\/home-es\/\"},{\"@type\":\"ListItem\",\"position\":2,\"name\":\"Reservas\"}]},{\"@type\":\"WebSite\",\"@id\":\"https:\/\/cooptaxis.pt\/#website\",\"url\":\"https:\/\/cooptaxis.pt\/\",\"name\":\"Coopt\u00e1xis\",\"description\":\"A maior Frota Nacional de T\u00e1xis\",\"publisher\":{\"@id\":\"https:\/\/cooptaxis.pt\/#organization\"},\"potentialAction\":[{\"@type\":\"SearchAction\",\"target\":{\"@type\":\"EntryPoint\",\"urlTemplate\":\"https:\/\/cooptaxis.pt\/?s={search_term_string}\"},\"query-input\":{\"@type\":\"PropertyValueSpecification\",\"valueRequired\":true,\"valueName\":\"search_term_string\"}}],\"inLanguage\":\"es\"},{\"@type\":\"Organization\",\"@id\":\"https:\/\/cooptaxis.pt\/#organization\",\"name\":\"Coopt\u00e1xis\",\"url\":\"https:\/\/cooptaxis.pt\/\",\"logo\":{\"@type\":\"ImageObject\",\"inLanguage\":\"es\",\"@id\":\"https:\/\/cooptaxis.pt\/#\/schema\/logo\/image\/\",\"url\":\"https:\/\/cooptaxis.pt\/wp-content\/uploads\/2019\/02\/cropped-COOPTAXIS_fundo_Pantone.jpg\",\"contentUrl\":\"https:\/\/cooptaxis.pt\/wp-content\/uploads\/2019\/02\/cropped-COOPTAXIS_fundo_Pantone.jpg\",\"width\":512,\"height\":512,\"caption\":\"Coopt\u00e1xis\"},\"image\":{\"@id\":\"https:\/\/cooptaxis.pt\/#\/schema\/logo\/image\/\"},\"sameAs\":[\"https:\/\/www.instagram.com\/cooptaxisportugal\/\",\"https:\/\/www.youtube.com\/watch?v=jLvAnznJhBo&amp;amp;amp;list=PLXqoHUfSBV2Dh-_t5RfvN-rKuClmSlzfW\"]}]}<\/script>\n<!-- \/ Yoast SEO plugin. -->","yoast_head_json":{"title":"Reservas - Coopt\u00e1xis","robots":{"index":"index","follow":"follow","max-snippet":"max-snippet:-1","max-image-preview":"max-image-preview:large","max-video-preview":"max-video-preview:-1"},"canonical":"https:\/\/cooptaxis.pt\/es\/reservas\/","og_locale":"es_ES","og_type":"article","og_title":"Reservas - Coopt\u00e1xis","og_description":"Reservas Para m\u00e1s informaci\u00f3n, rellene el formulario de contacto. -\u00a0comunicac\u00e3o@cooptaxis.pt - taxi@cooptaxis.pt - dpo@autocoope.pt T\u00e1xiTransfersToursotro El env\u00edo de los datos a trav\u00e9s de este formulario es absolutamente voluntario. Toda la informaci\u00f3n que nos proporcione ser\u00e1 incorporada en nuestro archivo de clientes. Todos los datos personales se tratar\u00e1n de forma confidencial por Autocoope, Taxi Cooperativa de Lisboa, el CRL. Si desea ... Read More","og_url":"https:\/\/cooptaxis.pt\/es\/reservas\/","og_site_name":"Coopt\u00e1xis","article_publisher":"https:\/\/www.instagram.com\/cooptaxisportugal\/","article_modified_time":"2019-02-14T11:52:12+00:00","twitter_card":"summary_large_image","schema":{"@context":"https:\/\/schema.org","@graph":[{"@type":"WebPage","@id":"https:\/\/cooptaxis.pt\/es\/reservas\/","url":"https:\/\/cooptaxis.pt\/es\/reservas\/","name":"Reservas - Coopt\u00e1xis","isPartOf":{"@id":"https:\/\/cooptaxis.pt\/#website"},"datePublished":"2019-02-14T11:51:03+00:00","dateModified":"2019-02-14T11:52:12+00:00","breadcrumb":{"@id":"https:\/\/cooptaxis.pt\/es\/reservas\/#breadcrumb"},"inLanguage":"es","potentialAction":[{"@type":"ReadAction","target":["https:\/\/cooptaxis.pt\/es\/reservas\/"]}]},{"@type":"BreadcrumbList","@id":"https:\/\/cooptaxis.pt\/es\/reservas\/#breadcrumb","itemListElement":[{"@type":"ListItem","position":1,"name":"In\u00edcio","item":"https:\/\/cooptaxis.pt\/es\/home-es\/"},{"@type":"ListItem","position":2,"name":"Reservas"}]},{"@type":"WebSite","@id":"https:\/\/cooptaxis.pt\/#website","url":"https:\/\/cooptaxis.pt\/","name":"Coopt\u00e1xis","description":"A maior Frota Nacional de T\u00e1xis","publisher":{"@id":"https:\/\/cooptaxis.pt\/#organization"},"potentialAction":[{"@type":"SearchAction","target":{"@type":"EntryPoint","urlTemplate":"https:\/\/cooptaxis.pt\/?s={search_term_string}"},"query-input":{"@type":"PropertyValueSpecification","valueRequired":true,"valueName":"search_term_string"}}],"inLanguage":"es"},{"@type":"Organization","@id":"https:\/\/cooptaxis.pt\/#organization","name":"Coopt\u00e1xis","url":"https:\/\/cooptaxis.pt\/","logo":{"@type":"ImageObject","inLanguage":"es","@id":"https:\/\/cooptaxis.pt\/#\/schema\/logo\/image\/","url":"https:\/\/cooptaxis.pt\/wp-content\/uploads\/2019\/02\/cropped-COOPTAXIS_fundo_Pantone.jpg","contentUrl":"https:\/\/cooptaxis.pt\/wp-content\/uploads\/2019\/02\/cropped-COOPTAXIS_fundo_Pantone.jpg","width":512,"height":512,"caption":"Coopt\u00e1xis"},"image":{"@id":"https:\/\/cooptaxis.pt\/#\/schema\/logo\/image\/"},"sameAs":["https:\/\/www.instagram.com\/cooptaxisportugal\/","https:\/\/www.youtube.com\/watch?v=jLvAnznJhBo&amp;amp;amp;list=PLXqoHUfSBV2Dh-_t5RfvN-rKuClmSlzfW"]}]}},"uagb_featured_image_src":{"full":false,"thumbnail":false,"medium":false,"medium_large":false,"large":false,"1536x1536":false,"2048x2048":false,"woocommerce_thumbnail":false,"woocommerce_single":false,"woocommerce_gallery_thumbnail":false,"post-thumbnail":false,"entry":false,"entry-cropped":false,"entry-fullwidth":false,"entry-cropped-fullwidth":false},"uagb_author_info":{"display_name":"mauriatti","author_link":"https:\/\/cooptaxis.pt\/es\/author\/mauriatti\/"},"uagb_comment_info":0,"uagb_excerpt":"Reservas Para m\u00e1s informaci\u00f3n, rellene el formulario de contacto. -\u00a0comunicac\u00e3o@cooptaxis.pt - taxi@cooptaxis.pt - dpo@autocoope.pt T\u00e1xiTransfersToursotro El env\u00edo de los datos a trav\u00e9s de este formulario es absolutamente voluntario. Toda la informaci\u00f3n que nos proporcione ser\u00e1 incorporada en nuestro archivo de clientes. Todos los datos personales se tratar\u00e1n de forma confidencial por Autocoope, Taxi Cooperativa de&hellip;","_links":{"self":[{"href":"https:\/\/cooptaxis.pt\/es\/wp-json\/wp\/v2\/pages\/1980","targetHints":{"allow":["GET"]}}],"collection":[{"href":"https:\/\/cooptaxis.pt\/es\/wp-json\/wp\/v2\/pages"}],"about":[{"href":"https:\/\/cooptaxis.pt\/es\/wp-json\/wp\/v2\/types\/page"}],"author":[{"embeddable":true,"href":"https:\/\/cooptaxis.pt\/es\/wp-json\/wp\/v2\/users\/1"}],"replies":[{"embeddable":true,"href":"https:\/\/cooptaxis.pt\/es\/wp-json\/wp\/v2\/comments?post=1980"}],"version-history":[{"count":2,"href":"https:\/\/cooptaxis.pt\/es\/wp-json\/wp\/v2\/pages\/1980\/revisions"}],"predecessor-version":[{"id":1986,"href":"https:\/\/cooptaxis.pt\/es\/wp-json\/wp\/v2\/pages\/1980\/revisions\/1986"}],"wp:attachment":[{"href":"https:\/\/cooptaxis.pt\/es\/wp-json\/wp\/v2\/media?parent=1980"}],"curies":[{"name":"wp","href":"https:\/\/api.w.org\/{rel}","templated":true}]}}