{"id":1712,"date":"2019-01-30T15:43:15","date_gmt":"2019-02-13T12:12:20","guid":{"rendered":"https:\/\/new.cooptaxis.pt\/?post_type=product&#038;p=1712"},"modified":"2023-11-15T11:41:50","modified_gmt":"2023-11-15T11:41:50","slug":"tour-lisboa","status":"publish","type":"product","link":"https:\/\/cooptaxis.pt\/es\/producto\/tour-lisboa\/","title":{"rendered":"Tour Lisboa"},"content":{"rendered":"<p>Esta excursi\u00f3n es una manera \u00fanica de ver los lugares m\u00e1s hist\u00f3ricos y emblem\u00e1ticos del centro de Lisboa. Este tour se dirige a todos los interesados en la historia y la cultura de esta hermosa y antigua ciudad. Puede conocer los puntos de vista de Santa Luzia, Senhora do Monte, San Pedro de Alcantara y Portas do Sol. Descubre el Castillo de San Jorge, uno de los monumentos m\u00e1s emblem\u00e1ticos de Lisboa, donde se puede contemplar dentro de las paredes de una de las vistas m\u00e1s bellas sobre la ciudad. Vamos a seguir a Bel\u00e9n, el lugar desde donde en el siglo XVI los navegantes portugueses en busca de Nuevos Mundos. Aqu\u00ed se puede conocer y ver el Monasterio de los Jer\u00f3nimos, la Torre de Bel\u00e9m y la hist\u00f3rica f\u00e1brica de Pastel de Bel\u00e9m. Pruebe uno de los m\u00e1s famosos dulces de Portugal en el extranjero.<\/p>\n<p><strong>Importante<\/strong><br \/>\nDuraci\u00f3n 3H<\/p>\n<p><strong>Reservas en:<\/strong><br \/>\ncooptaxis.pt<\/p>\n<p><strong>Condiciones generales:<\/strong><br \/>\nTodos los tours requieren reserva previa.<br \/>\nTodos los monumentos nacionales se cierran a los d\u00edas de fiesta.<\/p>\n<p><strong>Incluye: <\/strong>Transporte con las paradas anunciadas, Wi-Fi<br \/>\n<strong>No incluye: <\/strong>Comidas, entradas y acompa\u00f1amiento en monumentos y otros lugares de inter\u00e9s tur\u00edstico o de parada.<\/p>\n<p><strong>Notas<\/strong><br \/>\nOtros itinerarios pueden ser acordados seg\u00fan su inter\u00e9s. Contacte con nosotros en taxi@cooptaxis.pt<\/p>\n<p><strong>Further Informations<\/strong><br \/>\nPor cada fracci\u00f3n de 30 minutos despu\u00e9s de la duraci\u00f3n estipulada en la descripci\u00f3n del tour ser\u00e1n cobrados 12 \u20ac.<\/p>\n","protected":false},"excerpt":{"rendered":"<p>Esta excursi\u00f3n es una manera \u00fanica de ver los lugares m\u00e1s hist\u00f3ricos y emblem\u00e1ticos del centro de Lisboa. Este tour se dirige a todos los interesados en la historia y la cultura de esta hermosa y antigua ciudad. Puede conocer los puntos de vista de Santa Luzia, Senhora do Monte, San Pedro de Alcantara y Portas do Sol. Descubre el &#8230; <\/p>\n<div><a href=\"https:\/\/cooptaxis.pt\/es\/producto\/tour-lisboa\/\" class=\"more-link\">Read More<\/a><\/div>\n","protected":false},"featured_media":8896,"template":"","meta":{"om_disable_all_campaigns":false,"_uag_custom_page_level_css":"","_monsterinsights_skip_tracking":false,"_monsterinsights_sitenote_active":false,"_monsterinsights_sitenote_note":"","_monsterinsights_sitenote_category":0},"product_brand":[],"product_cat":[347],"product_tag":[],"class_list":{"0":"post-1712","1":"product","2":"type-product","3":"status-publish","4":"has-post-thumbnail","6":"product_cat-tours-es","7":"tm-has-options","10":"first","11":"instock","12":"taxable","13":"shipping-taxable","14":"purchasable","15":"product-type-simple"},"aioseo_notices":[],"yoast_head":"<!-- This site is optimized with the Yoast SEO plugin v24.7 - https:\/\/yoast.com\/wordpress\/plugins\/seo\/ -->\n<title>Tour Lisboa - Coopt\u00e1xis<\/title>\n<meta name=\"description\" content=\"Esta excursi\u00f3n es una manera \u00fanica de ver los lugares m\u00e1s hist\u00f3ricos y emblem\u00e1ticos del centro de Lisboa. Este tour se dirige a todos los interesados en la historia y la cultura de esta hermosa y antigua ciudad. Puede conocer los puntos de vista de Santa Luzia, Senhora do Monte, San Pedro de Alcantara y Portas do Sol. Descubre el Castillo de San Jorge, uno de los monumentos m\u00e1s emblem\u00e1ticos de Lisboa, donde se puede contemplar dentro de las paredes de una de las vistas m\u00e1s bellas sobre la ciudad. Vamos a seguir a Bel\u00e9n, el lugar desde donde en el siglo XVI los navegantes portugueses en busca de Nuevos Mundos. Aqu\u00ed se puede conocer y ver el Monasterio de los Jer\u00f3nimos, la Torre de Bel\u00e9m y la hist\u00f3rica f\u00e1brica de Pastel de Bel\u00e9m. Pruebe uno de los m\u00e1s famosos dulces de Portugal en el extranjero.\" \/>\n<meta name=\"robots\" content=\"index, follow, max-snippet:-1, max-image-preview:large, max-video-preview:-1\" \/>\n<link rel=\"canonical\" href=\"https:\/\/cooptaxis.pt\/es\/producto\/tour-lisboa\/\" \/>\n<meta property=\"og:locale\" content=\"es_ES\" \/>\n<meta property=\"og:type\" content=\"article\" \/>\n<meta property=\"og:title\" content=\"Tour Lisboa - Coopt\u00e1xis\" \/>\n<meta property=\"og:description\" content=\"Esta excursi\u00f3n es una manera \u00fanica de ver los lugares m\u00e1s hist\u00f3ricos y emblem\u00e1ticos del centro de Lisboa. Este tour se dirige a todos los interesados en la historia y la cultura de esta hermosa y antigua ciudad. Puede conocer los puntos de vista de Santa Luzia, Senhora do Monte, San Pedro de Alcantara y Portas do Sol. Descubre el Castillo de San Jorge, uno de los monumentos m\u00e1s emblem\u00e1ticos de Lisboa, donde se puede contemplar dentro de las paredes de una de las vistas m\u00e1s bellas sobre la ciudad. Vamos a seguir a Bel\u00e9n, el lugar desde donde en el siglo XVI los navegantes portugueses en busca de Nuevos Mundos. Aqu\u00ed se puede conocer y ver el Monasterio de los Jer\u00f3nimos, la Torre de Bel\u00e9m y la hist\u00f3rica f\u00e1brica de Pastel de Bel\u00e9m. Pruebe uno de los m\u00e1s famosos dulces de Portugal en el extranjero.\" \/>\n<meta property=\"og:url\" content=\"https:\/\/cooptaxis.pt\/es\/producto\/tour-lisboa\/\" \/>\n<meta property=\"og:site_name\" content=\"Coopt\u00e1xis\" \/>\n<meta property=\"article:publisher\" content=\"https:\/\/www.instagram.com\/cooptaxisportugal\/\" \/>\n<meta property=\"article:modified_time\" content=\"2023-11-15T11:41:50+00:00\" \/>\n<meta property=\"og:image\" content=\"https:\/\/cooptaxis.pt\/wp-content\/uploads\/2019\/01\/lisboa03-1.jpg\" \/>\n\t<meta property=\"og:image:width\" content=\"518\" \/>\n\t<meta property=\"og:image:height\" content=\"391\" \/>\n\t<meta property=\"og:image:type\" content=\"image\/jpeg\" \/>\n<meta name=\"twitter:card\" content=\"summary_large_image\" \/>\n<meta name=\"twitter:label1\" content=\"Tiempo de lectura\" \/>\n\t<meta name=\"twitter:data1\" content=\"2 minutos\" \/>\n<script type=\"application\/ld+json\" class=\"yoast-schema-graph\">{\"@context\":\"https:\/\/schema.org\",\"@graph\":[{\"@type\":\"WebPage\",\"@id\":\"https:\/\/cooptaxis.pt\/es\/producto\/tour-lisboa\/\",\"url\":\"https:\/\/cooptaxis.pt\/es\/producto\/tour-lisboa\/\",\"name\":\"Tour Lisboa - Coopt\u00e1xis\",\"isPartOf\":{\"@id\":\"https:\/\/cooptaxis.pt\/#website\"},\"primaryImageOfPage\":{\"@id\":\"https:\/\/cooptaxis.pt\/es\/producto\/tour-lisboa\/#primaryimage\"},\"image\":{\"@id\":\"https:\/\/cooptaxis.pt\/es\/producto\/tour-lisboa\/#primaryimage\"},\"thumbnailUrl\":\"https:\/\/cooptaxis.pt\/wp-content\/uploads\/2019\/01\/torre-scaled-e1700052422318.jpg\",\"datePublished\":\"2019-02-13T12:12:20+00:00\",\"dateModified\":\"2023-11-15T11:41:50+00:00\",\"description\":\"Esta excursi\u00f3n es una manera \u00fanica de ver los lugares m\u00e1s hist\u00f3ricos y emblem\u00e1ticos del centro de Lisboa. Este tour se dirige a todos los interesados en la historia y la cultura de esta hermosa y antigua ciudad. Puede conocer los puntos de vista de Santa Luzia, Senhora do Monte, San Pedro de Alcantara y Portas do Sol. Descubre el Castillo de San Jorge, uno de los monumentos m\u00e1s emblem\u00e1ticos de Lisboa, donde se puede contemplar dentro de las paredes de una de las vistas m\u00e1s bellas sobre la ciudad. Vamos a seguir a Bel\u00e9n, el lugar desde donde en el siglo XVI los navegantes portugueses en busca de Nuevos Mundos. Aqu\u00ed se puede conocer y ver el Monasterio de los Jer\u00f3nimos, la Torre de Bel\u00e9m y la hist\u00f3rica f\u00e1brica de Pastel de Bel\u00e9m. Pruebe uno de los m\u00e1s famosos dulces de Portugal en el extranjero.\",\"breadcrumb\":{\"@id\":\"https:\/\/cooptaxis.pt\/es\/producto\/tour-lisboa\/#breadcrumb\"},\"inLanguage\":\"es\",\"potentialAction\":[{\"@type\":\"ReadAction\",\"target\":[\"https:\/\/cooptaxis.pt\/es\/producto\/tour-lisboa\/\"]}]},{\"@type\":\"ImageObject\",\"inLanguage\":\"es\",\"@id\":\"https:\/\/cooptaxis.pt\/es\/producto\/tour-lisboa\/#primaryimage\",\"url\":\"https:\/\/cooptaxis.pt\/wp-content\/uploads\/2019\/01\/torre-scaled-e1700052422318.jpg\",\"contentUrl\":\"https:\/\/cooptaxis.pt\/wp-content\/uploads\/2019\/01\/torre-scaled-e1700052422318.jpg\",\"width\":2048,\"height\":1368},{\"@type\":\"BreadcrumbList\",\"@id\":\"https:\/\/cooptaxis.pt\/es\/producto\/tour-lisboa\/#breadcrumb\",\"itemListElement\":[{\"@type\":\"ListItem\",\"position\":1,\"name\":\"In\u00edcio\",\"item\":\"https:\/\/cooptaxis.pt\/es\/home-es\/\"},{\"@type\":\"ListItem\",\"position\":2,\"name\":\"Tours\",\"item\":\"https:\/\/cooptaxis.pt\/es\/tienda\/\"},{\"@type\":\"ListItem\",\"position\":3,\"name\":\"Tour Lisboa\"}]},{\"@type\":\"WebSite\",\"@id\":\"https:\/\/cooptaxis.pt\/#website\",\"url\":\"https:\/\/cooptaxis.pt\/\",\"name\":\"Coopt\u00e1xis\",\"description\":\"A maior Frota Nacional de T\u00e1xis\",\"publisher\":{\"@id\":\"https:\/\/cooptaxis.pt\/#organization\"},\"potentialAction\":[{\"@type\":\"SearchAction\",\"target\":{\"@type\":\"EntryPoint\",\"urlTemplate\":\"https:\/\/cooptaxis.pt\/?s={search_term_string}\"},\"query-input\":{\"@type\":\"PropertyValueSpecification\",\"valueRequired\":true,\"valueName\":\"search_term_string\"}}],\"inLanguage\":\"es\"},{\"@type\":\"Organization\",\"@id\":\"https:\/\/cooptaxis.pt\/#organization\",\"name\":\"Coopt\u00e1xis\",\"url\":\"https:\/\/cooptaxis.pt\/\",\"logo\":{\"@type\":\"ImageObject\",\"inLanguage\":\"es\",\"@id\":\"https:\/\/cooptaxis.pt\/#\/schema\/logo\/image\/\",\"url\":\"https:\/\/cooptaxis.pt\/wp-content\/uploads\/2019\/02\/cropped-COOPTAXIS_fundo_Pantone.jpg\",\"contentUrl\":\"https:\/\/cooptaxis.pt\/wp-content\/uploads\/2019\/02\/cropped-COOPTAXIS_fundo_Pantone.jpg\",\"width\":512,\"height\":512,\"caption\":\"Coopt\u00e1xis\"},\"image\":{\"@id\":\"https:\/\/cooptaxis.pt\/#\/schema\/logo\/image\/\"},\"sameAs\":[\"https:\/\/www.instagram.com\/cooptaxisportugal\/\",\"https:\/\/www.youtube.com\/watch?v=jLvAnznJhBo&amp;amp;amp;list=PLXqoHUfSBV2Dh-_t5RfvN-rKuClmSlzfW\"]}]}<\/script>\n<!-- \/ Yoast SEO plugin. -->","yoast_head_json":{"title":"Tour Lisboa - Coopt\u00e1xis","description":"Esta excursi\u00f3n es una manera \u00fanica de ver los lugares m\u00e1s hist\u00f3ricos y emblem\u00e1ticos del centro de Lisboa. Este tour se dirige a todos los interesados en la historia y la cultura de esta hermosa y antigua ciudad. Puede conocer los puntos de vista de Santa Luzia, Senhora do Monte, San Pedro de Alcantara y Portas do Sol. Descubre el Castillo de San Jorge, uno de los monumentos m\u00e1s emblem\u00e1ticos de Lisboa, donde se puede contemplar dentro de las paredes de una de las vistas m\u00e1s bellas sobre la ciudad. Vamos a seguir a Bel\u00e9n, el lugar desde donde en el siglo XVI los navegantes portugueses en busca de Nuevos Mundos. Aqu\u00ed se puede conocer y ver el Monasterio de los Jer\u00f3nimos, la Torre de Bel\u00e9m y la hist\u00f3rica f\u00e1brica de Pastel de Bel\u00e9m. Pruebe uno de los m\u00e1s famosos dulces de Portugal en el extranjero.","robots":{"index":"index","follow":"follow","max-snippet":"max-snippet:-1","max-image-preview":"max-image-preview:large","max-video-preview":"max-video-preview:-1"},"canonical":"https:\/\/cooptaxis.pt\/es\/producto\/tour-lisboa\/","og_locale":"es_ES","og_type":"article","og_title":"Tour Lisboa - Coopt\u00e1xis","og_description":"Esta excursi\u00f3n es una manera \u00fanica de ver los lugares m\u00e1s hist\u00f3ricos y emblem\u00e1ticos del centro de Lisboa. Este tour se dirige a todos los interesados en la historia y la cultura de esta hermosa y antigua ciudad. Puede conocer los puntos de vista de Santa Luzia, Senhora do Monte, San Pedro de Alcantara y Portas do Sol. Descubre el Castillo de San Jorge, uno de los monumentos m\u00e1s emblem\u00e1ticos de Lisboa, donde se puede contemplar dentro de las paredes de una de las vistas m\u00e1s bellas sobre la ciudad. Vamos a seguir a Bel\u00e9n, el lugar desde donde en el siglo XVI los navegantes portugueses en busca de Nuevos Mundos. Aqu\u00ed se puede conocer y ver el Monasterio de los Jer\u00f3nimos, la Torre de Bel\u00e9m y la hist\u00f3rica f\u00e1brica de Pastel de Bel\u00e9m. Pruebe uno de los m\u00e1s famosos dulces de Portugal en el extranjero.","og_url":"https:\/\/cooptaxis.pt\/es\/producto\/tour-lisboa\/","og_site_name":"Coopt\u00e1xis","article_publisher":"https:\/\/www.instagram.com\/cooptaxisportugal\/","article_modified_time":"2023-11-15T11:41:50+00:00","og_image":[{"width":518,"height":391,"url":"https:\/\/cooptaxis.pt\/wp-content\/uploads\/2019\/01\/lisboa03-1.jpg","type":"image\/jpeg"}],"twitter_card":"summary_large_image","twitter_misc":{"Tiempo de lectura":"2 minutos"},"schema":{"@context":"https:\/\/schema.org","@graph":[{"@type":"WebPage","@id":"https:\/\/cooptaxis.pt\/es\/producto\/tour-lisboa\/","url":"https:\/\/cooptaxis.pt\/es\/producto\/tour-lisboa\/","name":"Tour Lisboa - Coopt\u00e1xis","isPartOf":{"@id":"https:\/\/cooptaxis.pt\/#website"},"primaryImageOfPage":{"@id":"https:\/\/cooptaxis.pt\/es\/producto\/tour-lisboa\/#primaryimage"},"image":{"@id":"https:\/\/cooptaxis.pt\/es\/producto\/tour-lisboa\/#primaryimage"},"thumbnailUrl":"https:\/\/cooptaxis.pt\/wp-content\/uploads\/2019\/01\/torre-scaled-e1700052422318.jpg","datePublished":"2019-02-13T12:12:20+00:00","dateModified":"2023-11-15T11:41:50+00:00","description":"Esta excursi\u00f3n es una manera \u00fanica de ver los lugares m\u00e1s hist\u00f3ricos y emblem\u00e1ticos del centro de Lisboa. Este tour se dirige a todos los interesados en la historia y la cultura de esta hermosa y antigua ciudad. Puede conocer los puntos de vista de Santa Luzia, Senhora do Monte, San Pedro de Alcantara y Portas do Sol. Descubre el Castillo de San Jorge, uno de los monumentos m\u00e1s emblem\u00e1ticos de Lisboa, donde se puede contemplar dentro de las paredes de una de las vistas m\u00e1s bellas sobre la ciudad. Vamos a seguir a Bel\u00e9n, el lugar desde donde en el siglo XVI los navegantes portugueses en busca de Nuevos Mundos. Aqu\u00ed se puede conocer y ver el Monasterio de los Jer\u00f3nimos, la Torre de Bel\u00e9m y la hist\u00f3rica f\u00e1brica de Pastel de Bel\u00e9m. Pruebe uno de los m\u00e1s famosos dulces de Portugal en el extranjero.","breadcrumb":{"@id":"https:\/\/cooptaxis.pt\/es\/producto\/tour-lisboa\/#breadcrumb"},"inLanguage":"es","potentialAction":[{"@type":"ReadAction","target":["https:\/\/cooptaxis.pt\/es\/producto\/tour-lisboa\/"]}]},{"@type":"ImageObject","inLanguage":"es","@id":"https:\/\/cooptaxis.pt\/es\/producto\/tour-lisboa\/#primaryimage","url":"https:\/\/cooptaxis.pt\/wp-content\/uploads\/2019\/01\/torre-scaled-e1700052422318.jpg","contentUrl":"https:\/\/cooptaxis.pt\/wp-content\/uploads\/2019\/01\/torre-scaled-e1700052422318.jpg","width":2048,"height":1368},{"@type":"BreadcrumbList","@id":"https:\/\/cooptaxis.pt\/es\/producto\/tour-lisboa\/#breadcrumb","itemListElement":[{"@type":"ListItem","position":1,"name":"In\u00edcio","item":"https:\/\/cooptaxis.pt\/es\/home-es\/"},{"@type":"ListItem","position":2,"name":"Tours","item":"https:\/\/cooptaxis.pt\/es\/tienda\/"},{"@type":"ListItem","position":3,"name":"Tour Lisboa"}]},{"@type":"WebSite","@id":"https:\/\/cooptaxis.pt\/#website","url":"https:\/\/cooptaxis.pt\/","name":"Coopt\u00e1xis","description":"A maior Frota Nacional de T\u00e1xis","publisher":{"@id":"https:\/\/cooptaxis.pt\/#organization"},"potentialAction":[{"@type":"SearchAction","target":{"@type":"EntryPoint","urlTemplate":"https:\/\/cooptaxis.pt\/?s={search_term_string}"},"query-input":{"@type":"PropertyValueSpecification","valueRequired":true,"valueName":"search_term_string"}}],"inLanguage":"es"},{"@type":"Organization","@id":"https:\/\/cooptaxis.pt\/#organization","name":"Coopt\u00e1xis","url":"https:\/\/cooptaxis.pt\/","logo":{"@type":"ImageObject","inLanguage":"es","@id":"https:\/\/cooptaxis.pt\/#\/schema\/logo\/image\/","url":"https:\/\/cooptaxis.pt\/wp-content\/uploads\/2019\/02\/cropped-COOPTAXIS_fundo_Pantone.jpg","contentUrl":"https:\/\/cooptaxis.pt\/wp-content\/uploads\/2019\/02\/cropped-COOPTAXIS_fundo_Pantone.jpg","width":512,"height":512,"caption":"Coopt\u00e1xis"},"image":{"@id":"https:\/\/cooptaxis.pt\/#\/schema\/logo\/image\/"},"sameAs":["https:\/\/www.instagram.com\/cooptaxisportugal\/","https:\/\/www.youtube.com\/watch?v=jLvAnznJhBo&amp;amp;amp;list=PLXqoHUfSBV2Dh-_t5RfvN-rKuClmSlzfW"]}]}},"uagb_featured_image_src":{"full":["https:\/\/cooptaxis.pt\/wp-content\/uploads\/2019\/01\/torre-scaled-e1700052422318.jpg",2048,1368,false],"thumbnail":["https:\/\/cooptaxis.pt\/wp-content\/uploads\/2019\/01\/torre-150x150.jpg",150,150,true],"medium":["https:\/\/cooptaxis.pt\/wp-content\/uploads\/2019\/01\/torre-300x200.jpg",300,200,true],"medium_large":["https:\/\/cooptaxis.pt\/wp-content\/uploads\/2019\/01\/torre-768x513.jpg",768,513,true],"large":["https:\/\/cooptaxis.pt\/wp-content\/uploads\/2019\/01\/torre-1024x684.jpg",1024,684,true],"1536x1536":["https:\/\/cooptaxis.pt\/wp-content\/uploads\/2019\/01\/torre-1536x1026.jpg",1536,1026,true],"2048x2048":["https:\/\/cooptaxis.pt\/wp-content\/uploads\/2019\/01\/torre-2048x1368.jpg",2048,1368,true],"woocommerce_thumbnail":["https:\/\/cooptaxis.pt\/wp-content\/uploads\/2019\/01\/torre-600x450.jpg",600,450,true],"woocommerce_single":["https:\/\/cooptaxis.pt\/wp-content\/uploads\/2019\/01\/torre-600x401.jpg",600,401,true],"woocommerce_gallery_thumbnail":["https:\/\/cooptaxis.pt\/wp-content\/uploads\/2019\/01\/torre-100x100.jpg",100,100,true],"post-thumbnail":["https:\/\/cooptaxis.pt\/wp-content\/uploads\/2019\/01\/torre-100x67.jpg",100,67,true],"entry":["https:\/\/cooptaxis.pt\/wp-content\/uploads\/2019\/01\/torre-862x576.jpg",862,576,true],"entry-cropped":["https:\/\/cooptaxis.pt\/wp-content\/uploads\/2019\/01\/torre-862x482.jpg",862,482,true],"entry-fullwidth":["https:\/\/cooptaxis.pt\/wp-content\/uploads\/2019\/01\/torre-1200x802.jpg",1200,802,true],"entry-cropped-fullwidth":["https:\/\/cooptaxis.pt\/wp-content\/uploads\/2019\/01\/torre-1200x671.jpg",1200,671,true]},"uagb_author_info":{"display_name":"mauriatti","author_link":"https:\/\/cooptaxis.pt\/es\/author\/"},"uagb_comment_info":0,"uagb_excerpt":"Esta excursi\u00f3n es una manera \u00fanica de ver los lugares m\u00e1s hist\u00f3ricos y emblem\u00e1ticos del centro de Lisboa. Este tour se dirige a todos los interesados en la historia y la cultura de esta hermosa y antigua ciudad. Puede conocer los puntos de vista de Santa Luzia, Senhora do Monte, San Pedro de Alcantara y&hellip;","_links":{"self":[{"href":"https:\/\/cooptaxis.pt\/es\/wp-json\/wp\/v2\/product\/1712","targetHints":{"allow":["GET"]}}],"collection":[{"href":"https:\/\/cooptaxis.pt\/es\/wp-json\/wp\/v2\/product"}],"about":[{"href":"https:\/\/cooptaxis.pt\/es\/wp-json\/wp\/v2\/types\/product"}],"wp:featuredmedia":[{"embeddable":true,"href":"https:\/\/cooptaxis.pt\/es\/wp-json\/wp\/v2\/media\/8896"}],"wp:attachment":[{"href":"https:\/\/cooptaxis.pt\/es\/wp-json\/wp\/v2\/media?parent=1712"}],"wp:term":[{"taxonomy":"product_brand","embeddable":true,"href":"https:\/\/cooptaxis.pt\/es\/wp-json\/wp\/v2\/product_brand?post=1712"},{"taxonomy":"product_cat","embeddable":true,"href":"https:\/\/cooptaxis.pt\/es\/wp-json\/wp\/v2\/product_cat?post=1712"},{"taxonomy":"product_tag","embeddable":true,"href":"https:\/\/cooptaxis.pt\/es\/wp-json\/wp\/v2\/product_tag?post=1712"}],"curies":[{"name":"wp","href":"https:\/\/api.w.org\/{rel}","templated":true}]}}