{"id":1739,"date":"2019-01-14T17:13:11","date_gmt":"2019-02-13T13:41:34","guid":{"rendered":"https:\/\/new.cooptaxis.pt\/?post_type=product&#038;p=1739"},"modified":"2023-11-15T11:33:27","modified_gmt":"2023-11-15T11:33:27","slug":"tour-fatima-batalha-nazare-obidos","status":"publish","type":"product","link":"https:\/\/cooptaxis.pt\/es\/producto\/tour-fatima-batalha-nazare-obidos\/","title":{"rendered":"Tour F\u00e1tima \/ Batalha \/ Nazar\u00e9 \/ \u00d3bidos"},"content":{"rendered":"<p>Conozca el maravilloso Santuario de F\u00e1tima y disfrute de las villas hist\u00f3ricas y tradicionales de \u00d3bidos, Batalha y Nazar\u00e9.<\/p>\n<p>Iniciaremos nuestro tour con destino a F\u00e1tima y puede conocer Valinhos (localidad donde resid\u00edan los tres pastorcillos). El Santuario es la sede de uno de los m\u00e1s importantes cultos marianos del mundo.<br \/>\nVamos a seguir Batalha, donde se puede visitar el Monasterio, que celebra la victoria portuguesa sobre el ej\u00e9rcito invasor, un monumento g\u00f3tico del patrimonio mundial por la UNESCO. En este paseo puede ver otras bellezas de la regi\u00f3n, como Nazar\u00e9, pueblo t\u00edpico de la piscina con vistas a la playa. En el regreso, puede pasear por \u00d3bidos, una villa medieval con siglos de historia.<\/p>\n<p><strong>Importante<\/strong><br \/>\nDuraci\u00f3n 8H<\/p>\n<p><strong>Reservas en:<\/strong><br \/>\ncooptaxis.pt<\/p>\n<p><strong>Condiciones generales:<\/strong><br \/>\nTodos los tours requieren reserva previa.<br \/>\nTodos los monumentos nacionales se cierran a los d\u00edas de fiesta.<\/p>\n<p><strong>Incluye: <\/strong>Transporte con las paradas anunciadas, Wi-Fi<br \/>\n<strong>No incluye: <\/strong>Comidas, entradas y acompa\u00f1amiento en monumentos y otros lugares de inter\u00e9s tur\u00edstico o de parada.<\/p>\n<p><strong>Notas<\/strong><br \/>\nOtros itinerarios pueden ser acordados seg\u00fan su inter\u00e9s. Contacte con nosotros en taxi@cooptaxis.pt<\/p>\n<p><strong>Further Informations<\/strong><br \/>\nPor cada fracci\u00f3n de 30 minutos despu\u00e9s de la duraci\u00f3n estipulada en la descripci\u00f3n del tour ser\u00e1n cobrados 12 \u20ac.<\/p>\n","protected":false},"excerpt":{"rendered":"<p>Conozca el maravilloso Santuario de F\u00e1tima y disfrute de las villas hist\u00f3ricas y tradicionales de \u00d3bidos, Batalha y Nazar\u00e9. Iniciaremos nuestro tour con destino a F\u00e1tima y puede conocer Valinhos (localidad donde resid\u00edan los tres pastorcillos). El Santuario es la sede de uno de los m\u00e1s importantes cultos marianos del mundo. Vamos a seguir Batalha, donde se puede visitar el &#8230; <\/p>\n<div><a href=\"https:\/\/cooptaxis.pt\/es\/producto\/tour-fatima-batalha-nazare-obidos\/\" class=\"more-link\">Read More<\/a><\/div>\n","protected":false},"featured_media":8892,"template":"","meta":{"om_disable_all_campaigns":false,"_uag_custom_page_level_css":"","_monsterinsights_skip_tracking":false,"_monsterinsights_sitenote_active":false,"_monsterinsights_sitenote_note":"","_monsterinsights_sitenote_category":0},"product_brand":[],"product_cat":[347],"product_tag":[363],"class_list":{"0":"post-1739","1":"product","2":"type-product","3":"status-publish","4":"has-post-thumbnail","6":"product_cat-tours-es","7":"product_tag-tour-es","8":"tm-has-options","11":"first","12":"instock","13":"taxable","14":"shipping-taxable","15":"purchasable","16":"product-type-simple"},"aioseo_notices":[],"yoast_head":"<!-- This site is optimized with the Yoast SEO plugin v24.7 - https:\/\/yoast.com\/wordpress\/plugins\/seo\/ -->\n<title>Tour F\u00e1tima \/ Batalha \/ Nazar\u00e9 \/ \u00d3bidos - Coopt\u00e1xis<\/title>\n<meta name=\"robots\" content=\"index, follow, max-snippet:-1, max-image-preview:large, max-video-preview:-1\" \/>\n<link rel=\"canonical\" href=\"https:\/\/cooptaxis.pt\/es\/producto\/tour-fatima-batalha-nazare-obidos\/\" \/>\n<meta property=\"og:locale\" content=\"es_ES\" \/>\n<meta property=\"og:type\" content=\"article\" \/>\n<meta property=\"og:title\" content=\"Tour F\u00e1tima \/ Batalha \/ Nazar\u00e9 \/ \u00d3bidos - Coopt\u00e1xis\" \/>\n<meta property=\"og:description\" content=\"Conozca el maravilloso Santuario de F\u00e1tima y disfrute de las villas hist\u00f3ricas y tradicionales de \u00d3bidos, Batalha y Nazar\u00e9. Iniciaremos nuestro tour con destino a F\u00e1tima y puede conocer Valinhos (localidad donde resid\u00edan los tres pastorcillos). El Santuario es la sede de uno de los m\u00e1s importantes cultos marianos del mundo. Vamos a seguir Batalha, donde se puede visitar el ... Read More\" \/>\n<meta property=\"og:url\" content=\"https:\/\/cooptaxis.pt\/es\/producto\/tour-fatima-batalha-nazare-obidos\/\" \/>\n<meta property=\"og:site_name\" content=\"Coopt\u00e1xis\" \/>\n<meta property=\"article:publisher\" content=\"https:\/\/www.instagram.com\/cooptaxisportugal\/\" \/>\n<meta property=\"article:modified_time\" content=\"2023-11-15T11:33:27+00:00\" \/>\n<meta property=\"og:image\" content=\"https:\/\/cooptaxis.pt\/wp-content\/uploads\/2019\/01\/fatima.jpg\" \/>\n\t<meta property=\"og:image:width\" content=\"518\" \/>\n\t<meta property=\"og:image:height\" content=\"391\" \/>\n\t<meta property=\"og:image:type\" content=\"image\/jpeg\" \/>\n<meta name=\"twitter:card\" content=\"summary_large_image\" \/>\n<meta name=\"twitter:label1\" content=\"Tiempo de lectura\" \/>\n\t<meta name=\"twitter:data1\" content=\"2 minutos\" \/>\n<script type=\"application\/ld+json\" class=\"yoast-schema-graph\">{\"@context\":\"https:\/\/schema.org\",\"@graph\":[{\"@type\":\"WebPage\",\"@id\":\"https:\/\/cooptaxis.pt\/es\/producto\/tour-fatima-batalha-nazare-obidos\/\",\"url\":\"https:\/\/cooptaxis.pt\/es\/producto\/tour-fatima-batalha-nazare-obidos\/\",\"name\":\"Tour F\u00e1tima \/ Batalha \/ Nazar\u00e9 \/ \u00d3bidos - Coopt\u00e1xis\",\"isPartOf\":{\"@id\":\"https:\/\/cooptaxis.pt\/#website\"},\"primaryImageOfPage\":{\"@id\":\"https:\/\/cooptaxis.pt\/es\/producto\/tour-fatima-batalha-nazare-obidos\/#primaryimage\"},\"image\":{\"@id\":\"https:\/\/cooptaxis.pt\/es\/producto\/tour-fatima-batalha-nazare-obidos\/#primaryimage\"},\"thumbnailUrl\":\"https:\/\/cooptaxis.pt\/wp-content\/uploads\/2019\/01\/fatima-1-e1700052531247.jpg\",\"datePublished\":\"2019-02-13T13:41:34+00:00\",\"dateModified\":\"2023-11-15T11:33:27+00:00\",\"breadcrumb\":{\"@id\":\"https:\/\/cooptaxis.pt\/es\/producto\/tour-fatima-batalha-nazare-obidos\/#breadcrumb\"},\"inLanguage\":\"es\",\"potentialAction\":[{\"@type\":\"ReadAction\",\"target\":[\"https:\/\/cooptaxis.pt\/es\/producto\/tour-fatima-batalha-nazare-obidos\/\"]}]},{\"@type\":\"ImageObject\",\"inLanguage\":\"es\",\"@id\":\"https:\/\/cooptaxis.pt\/es\/producto\/tour-fatima-batalha-nazare-obidos\/#primaryimage\",\"url\":\"https:\/\/cooptaxis.pt\/wp-content\/uploads\/2019\/01\/fatima-1-e1700052531247.jpg\",\"contentUrl\":\"https:\/\/cooptaxis.pt\/wp-content\/uploads\/2019\/01\/fatima-1-e1700052531247.jpg\",\"width\":730,\"height\":487},{\"@type\":\"BreadcrumbList\",\"@id\":\"https:\/\/cooptaxis.pt\/es\/producto\/tour-fatima-batalha-nazare-obidos\/#breadcrumb\",\"itemListElement\":[{\"@type\":\"ListItem\",\"position\":1,\"name\":\"In\u00edcio\",\"item\":\"https:\/\/cooptaxis.pt\/es\/home-es\/\"},{\"@type\":\"ListItem\",\"position\":2,\"name\":\"Tours\",\"item\":\"https:\/\/cooptaxis.pt\/es\/tienda\/\"},{\"@type\":\"ListItem\",\"position\":3,\"name\":\"Tour F\u00e1tima \/ Batalha \/ Nazar\u00e9 \/ \u00d3bidos\"}]},{\"@type\":\"WebSite\",\"@id\":\"https:\/\/cooptaxis.pt\/#website\",\"url\":\"https:\/\/cooptaxis.pt\/\",\"name\":\"Coopt\u00e1xis\",\"description\":\"A maior Frota Nacional de T\u00e1xis\",\"publisher\":{\"@id\":\"https:\/\/cooptaxis.pt\/#organization\"},\"potentialAction\":[{\"@type\":\"SearchAction\",\"target\":{\"@type\":\"EntryPoint\",\"urlTemplate\":\"https:\/\/cooptaxis.pt\/?s={search_term_string}\"},\"query-input\":{\"@type\":\"PropertyValueSpecification\",\"valueRequired\":true,\"valueName\":\"search_term_string\"}}],\"inLanguage\":\"es\"},{\"@type\":\"Organization\",\"@id\":\"https:\/\/cooptaxis.pt\/#organization\",\"name\":\"Coopt\u00e1xis\",\"url\":\"https:\/\/cooptaxis.pt\/\",\"logo\":{\"@type\":\"ImageObject\",\"inLanguage\":\"es\",\"@id\":\"https:\/\/cooptaxis.pt\/#\/schema\/logo\/image\/\",\"url\":\"https:\/\/cooptaxis.pt\/wp-content\/uploads\/2019\/02\/cropped-COOPTAXIS_fundo_Pantone.jpg\",\"contentUrl\":\"https:\/\/cooptaxis.pt\/wp-content\/uploads\/2019\/02\/cropped-COOPTAXIS_fundo_Pantone.jpg\",\"width\":512,\"height\":512,\"caption\":\"Coopt\u00e1xis\"},\"image\":{\"@id\":\"https:\/\/cooptaxis.pt\/#\/schema\/logo\/image\/\"},\"sameAs\":[\"https:\/\/www.instagram.com\/cooptaxisportugal\/\",\"https:\/\/www.youtube.com\/watch?v=jLvAnznJhBo&amp;amp;amp;list=PLXqoHUfSBV2Dh-_t5RfvN-rKuClmSlzfW\"]}]}<\/script>\n<!-- \/ Yoast SEO plugin. -->","yoast_head_json":{"title":"Tour F\u00e1tima \/ Batalha \/ Nazar\u00e9 \/ \u00d3bidos - Coopt\u00e1xis","robots":{"index":"index","follow":"follow","max-snippet":"max-snippet:-1","max-image-preview":"max-image-preview:large","max-video-preview":"max-video-preview:-1"},"canonical":"https:\/\/cooptaxis.pt\/es\/producto\/tour-fatima-batalha-nazare-obidos\/","og_locale":"es_ES","og_type":"article","og_title":"Tour F\u00e1tima \/ Batalha \/ Nazar\u00e9 \/ \u00d3bidos - Coopt\u00e1xis","og_description":"Conozca el maravilloso Santuario de F\u00e1tima y disfrute de las villas hist\u00f3ricas y tradicionales de \u00d3bidos, Batalha y Nazar\u00e9. Iniciaremos nuestro tour con destino a F\u00e1tima y puede conocer Valinhos (localidad donde resid\u00edan los tres pastorcillos). El Santuario es la sede de uno de los m\u00e1s importantes cultos marianos del mundo. Vamos a seguir Batalha, donde se puede visitar el ... Read More","og_url":"https:\/\/cooptaxis.pt\/es\/producto\/tour-fatima-batalha-nazare-obidos\/","og_site_name":"Coopt\u00e1xis","article_publisher":"https:\/\/www.instagram.com\/cooptaxisportugal\/","article_modified_time":"2023-11-15T11:33:27+00:00","og_image":[{"width":518,"height":391,"url":"https:\/\/cooptaxis.pt\/wp-content\/uploads\/2019\/01\/fatima.jpg","type":"image\/jpeg"}],"twitter_card":"summary_large_image","twitter_misc":{"Tiempo de lectura":"2 minutos"},"schema":{"@context":"https:\/\/schema.org","@graph":[{"@type":"WebPage","@id":"https:\/\/cooptaxis.pt\/es\/producto\/tour-fatima-batalha-nazare-obidos\/","url":"https:\/\/cooptaxis.pt\/es\/producto\/tour-fatima-batalha-nazare-obidos\/","name":"Tour F\u00e1tima \/ Batalha \/ Nazar\u00e9 \/ \u00d3bidos - Coopt\u00e1xis","isPartOf":{"@id":"https:\/\/cooptaxis.pt\/#website"},"primaryImageOfPage":{"@id":"https:\/\/cooptaxis.pt\/es\/producto\/tour-fatima-batalha-nazare-obidos\/#primaryimage"},"image":{"@id":"https:\/\/cooptaxis.pt\/es\/producto\/tour-fatima-batalha-nazare-obidos\/#primaryimage"},"thumbnailUrl":"https:\/\/cooptaxis.pt\/wp-content\/uploads\/2019\/01\/fatima-1-e1700052531247.jpg","datePublished":"2019-02-13T13:41:34+00:00","dateModified":"2023-11-15T11:33:27+00:00","breadcrumb":{"@id":"https:\/\/cooptaxis.pt\/es\/producto\/tour-fatima-batalha-nazare-obidos\/#breadcrumb"},"inLanguage":"es","potentialAction":[{"@type":"ReadAction","target":["https:\/\/cooptaxis.pt\/es\/producto\/tour-fatima-batalha-nazare-obidos\/"]}]},{"@type":"ImageObject","inLanguage":"es","@id":"https:\/\/cooptaxis.pt\/es\/producto\/tour-fatima-batalha-nazare-obidos\/#primaryimage","url":"https:\/\/cooptaxis.pt\/wp-content\/uploads\/2019\/01\/fatima-1-e1700052531247.jpg","contentUrl":"https:\/\/cooptaxis.pt\/wp-content\/uploads\/2019\/01\/fatima-1-e1700052531247.jpg","width":730,"height":487},{"@type":"BreadcrumbList","@id":"https:\/\/cooptaxis.pt\/es\/producto\/tour-fatima-batalha-nazare-obidos\/#breadcrumb","itemListElement":[{"@type":"ListItem","position":1,"name":"In\u00edcio","item":"https:\/\/cooptaxis.pt\/es\/home-es\/"},{"@type":"ListItem","position":2,"name":"Tours","item":"https:\/\/cooptaxis.pt\/es\/tienda\/"},{"@type":"ListItem","position":3,"name":"Tour F\u00e1tima \/ Batalha \/ Nazar\u00e9 \/ \u00d3bidos"}]},{"@type":"WebSite","@id":"https:\/\/cooptaxis.pt\/#website","url":"https:\/\/cooptaxis.pt\/","name":"Coopt\u00e1xis","description":"A maior Frota Nacional de T\u00e1xis","publisher":{"@id":"https:\/\/cooptaxis.pt\/#organization"},"potentialAction":[{"@type":"SearchAction","target":{"@type":"EntryPoint","urlTemplate":"https:\/\/cooptaxis.pt\/?s={search_term_string}"},"query-input":{"@type":"PropertyValueSpecification","valueRequired":true,"valueName":"search_term_string"}}],"inLanguage":"es"},{"@type":"Organization","@id":"https:\/\/cooptaxis.pt\/#organization","name":"Coopt\u00e1xis","url":"https:\/\/cooptaxis.pt\/","logo":{"@type":"ImageObject","inLanguage":"es","@id":"https:\/\/cooptaxis.pt\/#\/schema\/logo\/image\/","url":"https:\/\/cooptaxis.pt\/wp-content\/uploads\/2019\/02\/cropped-COOPTAXIS_fundo_Pantone.jpg","contentUrl":"https:\/\/cooptaxis.pt\/wp-content\/uploads\/2019\/02\/cropped-COOPTAXIS_fundo_Pantone.jpg","width":512,"height":512,"caption":"Coopt\u00e1xis"},"image":{"@id":"https:\/\/cooptaxis.pt\/#\/schema\/logo\/image\/"},"sameAs":["https:\/\/www.instagram.com\/cooptaxisportugal\/","https:\/\/www.youtube.com\/watch?v=jLvAnznJhBo&amp;amp;amp;list=PLXqoHUfSBV2Dh-_t5RfvN-rKuClmSlzfW"]}]}},"uagb_featured_image_src":{"full":["https:\/\/cooptaxis.pt\/wp-content\/uploads\/2019\/01\/fatima-1-e1700052531247.jpg",730,487,false],"thumbnail":["https:\/\/cooptaxis.pt\/wp-content\/uploads\/2019\/01\/fatima-1-150x150.jpg",150,150,true],"medium":["https:\/\/cooptaxis.pt\/wp-content\/uploads\/2019\/01\/fatima-1-300x200.jpg",300,200,true],"medium_large":["https:\/\/cooptaxis.pt\/wp-content\/uploads\/2019\/01\/fatima-1-e1700052531247.jpg",730,487,false],"large":["https:\/\/cooptaxis.pt\/wp-content\/uploads\/2019\/01\/fatima-1-e1700052531247.jpg",730,487,false],"1536x1536":["https:\/\/cooptaxis.pt\/wp-content\/uploads\/2019\/01\/fatima-1-e1700052531247.jpg",730,487,false],"2048x2048":["https:\/\/cooptaxis.pt\/wp-content\/uploads\/2019\/01\/fatima-1-e1700052531247.jpg",730,487,false],"woocommerce_thumbnail":["https:\/\/cooptaxis.pt\/wp-content\/uploads\/2019\/01\/fatima-1-600x450.jpg",600,450,true],"woocommerce_single":["https:\/\/cooptaxis.pt\/wp-content\/uploads\/2019\/01\/fatima-1-600x400.jpg",600,400,true],"woocommerce_gallery_thumbnail":["https:\/\/cooptaxis.pt\/wp-content\/uploads\/2019\/01\/fatima-1-100x100.jpg",100,100,true],"post-thumbnail":["https:\/\/cooptaxis.pt\/wp-content\/uploads\/2019\/01\/fatima-1-100x67.jpg",100,67,true],"entry":["https:\/\/cooptaxis.pt\/wp-content\/uploads\/2019\/01\/fatima-1-e1700052531247.jpg",730,487,false],"entry-cropped":["https:\/\/cooptaxis.pt\/wp-content\/uploads\/2019\/01\/fatima-1-730x482.jpg",730,482,true],"entry-fullwidth":["https:\/\/cooptaxis.pt\/wp-content\/uploads\/2019\/01\/fatima-1-e1700052531247.jpg",730,487,false],"entry-cropped-fullwidth":["https:\/\/cooptaxis.pt\/wp-content\/uploads\/2019\/01\/fatima-1-e1700052531247.jpg",730,487,false]},"uagb_author_info":{"display_name":"mauriatti","author_link":"https:\/\/cooptaxis.pt\/es\/author\/"},"uagb_comment_info":0,"uagb_excerpt":"Conozca el maravilloso Santuario de F\u00e1tima y disfrute de las villas hist\u00f3ricas y tradicionales de \u00d3bidos, Batalha y Nazar\u00e9. Iniciaremos nuestro tour con destino a F\u00e1tima y puede conocer Valinhos (localidad donde resid\u00edan los tres pastorcillos). El Santuario es la sede de uno de los m\u00e1s importantes cultos marianos del mundo. Vamos a seguir Batalha,&hellip;","_links":{"self":[{"href":"https:\/\/cooptaxis.pt\/es\/wp-json\/wp\/v2\/product\/1739","targetHints":{"allow":["GET"]}}],"collection":[{"href":"https:\/\/cooptaxis.pt\/es\/wp-json\/wp\/v2\/product"}],"about":[{"href":"https:\/\/cooptaxis.pt\/es\/wp-json\/wp\/v2\/types\/product"}],"wp:featuredmedia":[{"embeddable":true,"href":"https:\/\/cooptaxis.pt\/es\/wp-json\/wp\/v2\/media\/8892"}],"wp:attachment":[{"href":"https:\/\/cooptaxis.pt\/es\/wp-json\/wp\/v2\/media?parent=1739"}],"wp:term":[{"taxonomy":"product_brand","embeddable":true,"href":"https:\/\/cooptaxis.pt\/es\/wp-json\/wp\/v2\/product_brand?post=1739"},{"taxonomy":"product_cat","embeddable":true,"href":"https:\/\/cooptaxis.pt\/es\/wp-json\/wp\/v2\/product_cat?post=1739"},{"taxonomy":"product_tag","embeddable":true,"href":"https:\/\/cooptaxis.pt\/es\/wp-json\/wp\/v2\/product_tag?post=1739"}],"curies":[{"name":"wp","href":"https:\/\/api.w.org\/{rel}","templated":true}]}}