{"id":1760,"date":"2019-01-14T16:50:40","date_gmt":"2019-02-13T13:55:12","guid":{"rendered":"https:\/\/new.cooptaxis.pt\/?post_type=product&#038;p=1760"},"modified":"2023-11-15T11:45:05","modified_gmt":"2023-11-15T11:45:05","slug":"tour-setubal-arrabida-sesimbra","status":"publish","type":"product","link":"https:\/\/cooptaxis.pt\/es\/producto\/tour-setubal-arrabida-sesimbra\/","title":{"rendered":"Tour Set\u00fabal\/ Arr\u00e1bida \/ Sesimbra"},"content":{"rendered":"<p>Descubra todas las maravillas naturales de esta regi\u00f3n, situada en el alto norte del estuario del r\u00edo Sado.Comenzamos nuestro paseo parando en Azeit\u00e3o, para que se deleite con los famosos quesos y las tortas de Azeit\u00e3o. Vamos a seguir Sesimbra, un impresionante pueblo pesquero portugu\u00e9s y donde se puede visitar el Cabo Espichel. Nos dirigiremos tambi\u00e9n a Convento de los Capuchinos, donde se puede disfrutar del hermoso paisaje, los bellos contrastes entre la tierra y el mar y sus maravillosas playas: pasan, obviamente, por Portinho da Arr\u00e1bida &#8211; una de las playas m\u00e1s bellas de Portugal, lo que contrasta con la imponente austeridad de la sierra. Desde la Sierra de Arr\u00e1bida iremos hasta Set\u00fabal, en pleno Estuario del Sado, la ciudad del Convento de Jes\u00fas, donde podr\u00e1 pasear en el centro hist\u00f3rico, en el que existen varias tiendas del comercio tradicional, donde podr\u00e1 degustar la deliciosa gastronom\u00eda de la regi\u00f3n, y recorrer la ruta de los Vinos de la pen\u00ednsula de Set\u00fabal.<\/p>\n<p><strong>Importante<\/strong><br \/>\nDuraci\u00f3n 6H<\/p>\n<p><strong>Reservas en:<\/strong><br \/>\ncooptaxis.pt<\/p>\n<p><strong>Condiciones generales:<\/strong><br \/>\nTodos los tours requieren reserva previa.<br \/>\nTodos los monumentos nacionales se cierran a los d\u00edas de fiesta.<\/p>\n<p><strong>Incluye: <\/strong>Transporte con las paradas anunciadas, Wi-Fi<br \/>\n<strong>No incluye: <\/strong>Comidas, entradas y acompa\u00f1amiento en monumentos y otros lugares de inter\u00e9s tur\u00edstico o de parada.<\/p>\n<p><strong>Notas<\/strong><br \/>\nOtros itinerarios pueden ser acordados seg\u00fan su inter\u00e9s. Contacte con nosotros en taxi@cooptaxis.pt<\/p>\n<p><strong>Further Informations<\/strong><br \/>\nPor cada fracci\u00f3n de 30 minutos despu\u00e9s de la duraci\u00f3n estipulada en la descripci\u00f3n del tour ser\u00e1n cobrados 12 \u20ac.<\/p>\n","protected":false},"excerpt":{"rendered":"<p>Descubra todas las maravillas naturales de esta regi\u00f3n, situada en el alto norte del estuario del r\u00edo Sado.Comenzamos nuestro paseo parando en Azeit\u00e3o, para que se deleite con los famosos quesos y las tortas de Azeit\u00e3o. Vamos a seguir Sesimbra, un impresionante pueblo pesquero portugu\u00e9s y donde se puede visitar el Cabo Espichel. Nos dirigiremos tambi\u00e9n a Convento de los &#8230; <\/p>\n<div><a href=\"https:\/\/cooptaxis.pt\/es\/producto\/tour-setubal-arrabida-sesimbra\/\" class=\"more-link\">Read More<\/a><\/div>\n","protected":false},"featured_media":326,"template":"","meta":{"om_disable_all_campaigns":false,"_uag_custom_page_level_css":"","_monsterinsights_skip_tracking":false,"_monsterinsights_sitenote_active":false,"_monsterinsights_sitenote_note":"","_monsterinsights_sitenote_category":0},"product_brand":[],"product_cat":[347],"product_tag":[363],"class_list":{"0":"post-1760","1":"product","2":"type-product","3":"status-publish","4":"has-post-thumbnail","6":"product_cat-tours-es","7":"product_tag-tour-es","8":"tm-has-options","11":"first","12":"instock","13":"taxable","14":"shipping-taxable","15":"purchasable","16":"product-type-simple"},"aioseo_notices":[],"yoast_head":"<!-- This site is optimized with the Yoast SEO plugin v24.7 - https:\/\/yoast.com\/wordpress\/plugins\/seo\/ -->\n<title>Tour Set\u00fabal\/ Arr\u00e1bida \/ Sesimbra - Coopt\u00e1xis<\/title>\n<meta name=\"robots\" content=\"index, follow, max-snippet:-1, max-image-preview:large, max-video-preview:-1\" \/>\n<link rel=\"canonical\" href=\"https:\/\/cooptaxis.pt\/es\/producto\/tour-setubal-arrabida-sesimbra\/\" \/>\n<meta property=\"og:locale\" content=\"es_ES\" \/>\n<meta property=\"og:type\" content=\"article\" \/>\n<meta property=\"og:title\" content=\"Tour Set\u00fabal\/ Arr\u00e1bida \/ Sesimbra - Coopt\u00e1xis\" \/>\n<meta property=\"og:description\" content=\"Descubra todas las maravillas naturales de esta regi\u00f3n, situada en el alto norte del estuario del r\u00edo Sado.Comenzamos nuestro paseo parando en Azeit\u00e3o, para que se deleite con los famosos quesos y las tortas de Azeit\u00e3o. Vamos a seguir Sesimbra, un impresionante pueblo pesquero portugu\u00e9s y donde se puede visitar el Cabo Espichel. Nos dirigiremos tambi\u00e9n a Convento de los ... Read More\" \/>\n<meta property=\"og:url\" content=\"https:\/\/cooptaxis.pt\/es\/producto\/tour-setubal-arrabida-sesimbra\/\" \/>\n<meta property=\"og:site_name\" content=\"Coopt\u00e1xis\" \/>\n<meta property=\"article:publisher\" content=\"https:\/\/www.instagram.com\/cooptaxisportugal\/\" \/>\n<meta property=\"article:modified_time\" content=\"2023-11-15T11:45:05+00:00\" \/>\n<meta property=\"og:image\" content=\"https:\/\/cooptaxis.pt\/wp-content\/uploads\/2019\/01\/apreciar-vista-do-miradouro.jpg\" \/>\n\t<meta property=\"og:image:width\" content=\"1600\" \/>\n\t<meta property=\"og:image:height\" content=\"1066\" \/>\n\t<meta property=\"og:image:type\" content=\"image\/jpeg\" \/>\n<meta name=\"twitter:card\" content=\"summary_large_image\" \/>\n<meta name=\"twitter:label1\" content=\"Tiempo de lectura\" \/>\n\t<meta name=\"twitter:data1\" content=\"2 minutos\" \/>\n<script type=\"application\/ld+json\" class=\"yoast-schema-graph\">{\"@context\":\"https:\/\/schema.org\",\"@graph\":[{\"@type\":\"WebPage\",\"@id\":\"https:\/\/cooptaxis.pt\/es\/producto\/tour-setubal-arrabida-sesimbra\/\",\"url\":\"https:\/\/cooptaxis.pt\/es\/producto\/tour-setubal-arrabida-sesimbra\/\",\"name\":\"Tour Set\u00fabal\/ Arr\u00e1bida \/ Sesimbra - Coopt\u00e1xis\",\"isPartOf\":{\"@id\":\"https:\/\/cooptaxis.pt\/#website\"},\"primaryImageOfPage\":{\"@id\":\"https:\/\/cooptaxis.pt\/es\/producto\/tour-setubal-arrabida-sesimbra\/#primaryimage\"},\"image\":{\"@id\":\"https:\/\/cooptaxis.pt\/es\/producto\/tour-setubal-arrabida-sesimbra\/#primaryimage\"},\"thumbnailUrl\":\"https:\/\/cooptaxis.pt\/wp-content\/uploads\/2019\/01\/apreciar-vista-do-miradouro.jpg\",\"datePublished\":\"2019-02-13T13:55:12+00:00\",\"dateModified\":\"2023-11-15T11:45:05+00:00\",\"breadcrumb\":{\"@id\":\"https:\/\/cooptaxis.pt\/es\/producto\/tour-setubal-arrabida-sesimbra\/#breadcrumb\"},\"inLanguage\":\"es\",\"potentialAction\":[{\"@type\":\"ReadAction\",\"target\":[\"https:\/\/cooptaxis.pt\/es\/producto\/tour-setubal-arrabida-sesimbra\/\"]}]},{\"@type\":\"ImageObject\",\"inLanguage\":\"es\",\"@id\":\"https:\/\/cooptaxis.pt\/es\/producto\/tour-setubal-arrabida-sesimbra\/#primaryimage\",\"url\":\"https:\/\/cooptaxis.pt\/wp-content\/uploads\/2019\/01\/apreciar-vista-do-miradouro.jpg\",\"contentUrl\":\"https:\/\/cooptaxis.pt\/wp-content\/uploads\/2019\/01\/apreciar-vista-do-miradouro.jpg\",\"width\":1600,\"height\":1066},{\"@type\":\"BreadcrumbList\",\"@id\":\"https:\/\/cooptaxis.pt\/es\/producto\/tour-setubal-arrabida-sesimbra\/#breadcrumb\",\"itemListElement\":[{\"@type\":\"ListItem\",\"position\":1,\"name\":\"In\u00edcio\",\"item\":\"https:\/\/cooptaxis.pt\/es\/home-es\/\"},{\"@type\":\"ListItem\",\"position\":2,\"name\":\"Tours\",\"item\":\"https:\/\/cooptaxis.pt\/es\/tienda\/\"},{\"@type\":\"ListItem\",\"position\":3,\"name\":\"Tour Set\u00fabal\/ Arr\u00e1bida \/ Sesimbra\"}]},{\"@type\":\"WebSite\",\"@id\":\"https:\/\/cooptaxis.pt\/#website\",\"url\":\"https:\/\/cooptaxis.pt\/\",\"name\":\"Coopt\u00e1xis\",\"description\":\"A maior Frota Nacional de T\u00e1xis\",\"publisher\":{\"@id\":\"https:\/\/cooptaxis.pt\/#organization\"},\"potentialAction\":[{\"@type\":\"SearchAction\",\"target\":{\"@type\":\"EntryPoint\",\"urlTemplate\":\"https:\/\/cooptaxis.pt\/?s={search_term_string}\"},\"query-input\":{\"@type\":\"PropertyValueSpecification\",\"valueRequired\":true,\"valueName\":\"search_term_string\"}}],\"inLanguage\":\"es\"},{\"@type\":\"Organization\",\"@id\":\"https:\/\/cooptaxis.pt\/#organization\",\"name\":\"Coopt\u00e1xis\",\"url\":\"https:\/\/cooptaxis.pt\/\",\"logo\":{\"@type\":\"ImageObject\",\"inLanguage\":\"es\",\"@id\":\"https:\/\/cooptaxis.pt\/#\/schema\/logo\/image\/\",\"url\":\"https:\/\/cooptaxis.pt\/wp-content\/uploads\/2019\/02\/cropped-COOPTAXIS_fundo_Pantone.jpg\",\"contentUrl\":\"https:\/\/cooptaxis.pt\/wp-content\/uploads\/2019\/02\/cropped-COOPTAXIS_fundo_Pantone.jpg\",\"width\":512,\"height\":512,\"caption\":\"Coopt\u00e1xis\"},\"image\":{\"@id\":\"https:\/\/cooptaxis.pt\/#\/schema\/logo\/image\/\"},\"sameAs\":[\"https:\/\/www.instagram.com\/cooptaxisportugal\/\",\"https:\/\/www.youtube.com\/watch?v=jLvAnznJhBo&amp;amp;amp;list=PLXqoHUfSBV2Dh-_t5RfvN-rKuClmSlzfW\"]}]}<\/script>\n<!-- \/ Yoast SEO plugin. -->","yoast_head_json":{"title":"Tour Set\u00fabal\/ Arr\u00e1bida \/ Sesimbra - Coopt\u00e1xis","robots":{"index":"index","follow":"follow","max-snippet":"max-snippet:-1","max-image-preview":"max-image-preview:large","max-video-preview":"max-video-preview:-1"},"canonical":"https:\/\/cooptaxis.pt\/es\/producto\/tour-setubal-arrabida-sesimbra\/","og_locale":"es_ES","og_type":"article","og_title":"Tour Set\u00fabal\/ Arr\u00e1bida \/ Sesimbra - Coopt\u00e1xis","og_description":"Descubra todas las maravillas naturales de esta regi\u00f3n, situada en el alto norte del estuario del r\u00edo Sado.Comenzamos nuestro paseo parando en Azeit\u00e3o, para que se deleite con los famosos quesos y las tortas de Azeit\u00e3o. Vamos a seguir Sesimbra, un impresionante pueblo pesquero portugu\u00e9s y donde se puede visitar el Cabo Espichel. Nos dirigiremos tambi\u00e9n a Convento de los ... Read More","og_url":"https:\/\/cooptaxis.pt\/es\/producto\/tour-setubal-arrabida-sesimbra\/","og_site_name":"Coopt\u00e1xis","article_publisher":"https:\/\/www.instagram.com\/cooptaxisportugal\/","article_modified_time":"2023-11-15T11:45:05+00:00","og_image":[{"width":1600,"height":1066,"url":"https:\/\/cooptaxis.pt\/wp-content\/uploads\/2019\/01\/apreciar-vista-do-miradouro.jpg","type":"image\/jpeg"}],"twitter_card":"summary_large_image","twitter_misc":{"Tiempo de lectura":"2 minutos"},"schema":{"@context":"https:\/\/schema.org","@graph":[{"@type":"WebPage","@id":"https:\/\/cooptaxis.pt\/es\/producto\/tour-setubal-arrabida-sesimbra\/","url":"https:\/\/cooptaxis.pt\/es\/producto\/tour-setubal-arrabida-sesimbra\/","name":"Tour Set\u00fabal\/ Arr\u00e1bida \/ Sesimbra - Coopt\u00e1xis","isPartOf":{"@id":"https:\/\/cooptaxis.pt\/#website"},"primaryImageOfPage":{"@id":"https:\/\/cooptaxis.pt\/es\/producto\/tour-setubal-arrabida-sesimbra\/#primaryimage"},"image":{"@id":"https:\/\/cooptaxis.pt\/es\/producto\/tour-setubal-arrabida-sesimbra\/#primaryimage"},"thumbnailUrl":"https:\/\/cooptaxis.pt\/wp-content\/uploads\/2019\/01\/apreciar-vista-do-miradouro.jpg","datePublished":"2019-02-13T13:55:12+00:00","dateModified":"2023-11-15T11:45:05+00:00","breadcrumb":{"@id":"https:\/\/cooptaxis.pt\/es\/producto\/tour-setubal-arrabida-sesimbra\/#breadcrumb"},"inLanguage":"es","potentialAction":[{"@type":"ReadAction","target":["https:\/\/cooptaxis.pt\/es\/producto\/tour-setubal-arrabida-sesimbra\/"]}]},{"@type":"ImageObject","inLanguage":"es","@id":"https:\/\/cooptaxis.pt\/es\/producto\/tour-setubal-arrabida-sesimbra\/#primaryimage","url":"https:\/\/cooptaxis.pt\/wp-content\/uploads\/2019\/01\/apreciar-vista-do-miradouro.jpg","contentUrl":"https:\/\/cooptaxis.pt\/wp-content\/uploads\/2019\/01\/apreciar-vista-do-miradouro.jpg","width":1600,"height":1066},{"@type":"BreadcrumbList","@id":"https:\/\/cooptaxis.pt\/es\/producto\/tour-setubal-arrabida-sesimbra\/#breadcrumb","itemListElement":[{"@type":"ListItem","position":1,"name":"In\u00edcio","item":"https:\/\/cooptaxis.pt\/es\/home-es\/"},{"@type":"ListItem","position":2,"name":"Tours","item":"https:\/\/cooptaxis.pt\/es\/tienda\/"},{"@type":"ListItem","position":3,"name":"Tour Set\u00fabal\/ Arr\u00e1bida \/ Sesimbra"}]},{"@type":"WebSite","@id":"https:\/\/cooptaxis.pt\/#website","url":"https:\/\/cooptaxis.pt\/","name":"Coopt\u00e1xis","description":"A maior Frota Nacional de T\u00e1xis","publisher":{"@id":"https:\/\/cooptaxis.pt\/#organization"},"potentialAction":[{"@type":"SearchAction","target":{"@type":"EntryPoint","urlTemplate":"https:\/\/cooptaxis.pt\/?s={search_term_string}"},"query-input":{"@type":"PropertyValueSpecification","valueRequired":true,"valueName":"search_term_string"}}],"inLanguage":"es"},{"@type":"Organization","@id":"https:\/\/cooptaxis.pt\/#organization","name":"Coopt\u00e1xis","url":"https:\/\/cooptaxis.pt\/","logo":{"@type":"ImageObject","inLanguage":"es","@id":"https:\/\/cooptaxis.pt\/#\/schema\/logo\/image\/","url":"https:\/\/cooptaxis.pt\/wp-content\/uploads\/2019\/02\/cropped-COOPTAXIS_fundo_Pantone.jpg","contentUrl":"https:\/\/cooptaxis.pt\/wp-content\/uploads\/2019\/02\/cropped-COOPTAXIS_fundo_Pantone.jpg","width":512,"height":512,"caption":"Coopt\u00e1xis"},"image":{"@id":"https:\/\/cooptaxis.pt\/#\/schema\/logo\/image\/"},"sameAs":["https:\/\/www.instagram.com\/cooptaxisportugal\/","https:\/\/www.youtube.com\/watch?v=jLvAnznJhBo&amp;amp;amp;list=PLXqoHUfSBV2Dh-_t5RfvN-rKuClmSlzfW"]}]}},"uagb_featured_image_src":{"full":["https:\/\/cooptaxis.pt\/wp-content\/uploads\/2019\/01\/apreciar-vista-do-miradouro.jpg",1600,1066,false],"thumbnail":["https:\/\/cooptaxis.pt\/wp-content\/uploads\/2019\/01\/apreciar-vista-do-miradouro-150x150.jpg",150,150,true],"medium":["https:\/\/cooptaxis.pt\/wp-content\/uploads\/2019\/01\/apreciar-vista-do-miradouro-300x200.jpg",300,200,true],"medium_large":["https:\/\/cooptaxis.pt\/wp-content\/uploads\/2019\/01\/apreciar-vista-do-miradouro-768x512.jpg",768,512,true],"large":["https:\/\/cooptaxis.pt\/wp-content\/uploads\/2019\/01\/apreciar-vista-do-miradouro-1024x682.jpg",1024,682,true],"1536x1536":["https:\/\/cooptaxis.pt\/wp-content\/uploads\/2019\/01\/apreciar-vista-do-miradouro.jpg",1536,1023,false],"2048x2048":["https:\/\/cooptaxis.pt\/wp-content\/uploads\/2019\/01\/apreciar-vista-do-miradouro.jpg",1600,1066,false],"woocommerce_thumbnail":["https:\/\/cooptaxis.pt\/wp-content\/uploads\/2019\/01\/apreciar-vista-do-miradouro-600x450.jpg",600,450,true],"woocommerce_single":["https:\/\/cooptaxis.pt\/wp-content\/uploads\/2019\/01\/apreciar-vista-do-miradouro-600x400.jpg",600,400,true],"woocommerce_gallery_thumbnail":["https:\/\/cooptaxis.pt\/wp-content\/uploads\/2019\/01\/apreciar-vista-do-miradouro-100x100.jpg",100,100,true],"post-thumbnail":["https:\/\/cooptaxis.pt\/wp-content\/uploads\/2019\/01\/apreciar-vista-do-miradouro-100x67.jpg",100,67,true],"entry":["https:\/\/cooptaxis.pt\/wp-content\/uploads\/2019\/01\/apreciar-vista-do-miradouro-862x574.jpg",862,574,true],"entry-cropped":["https:\/\/cooptaxis.pt\/wp-content\/uploads\/2019\/01\/apreciar-vista-do-miradouro-862x482.jpg",862,482,true],"entry-fullwidth":["https:\/\/cooptaxis.pt\/wp-content\/uploads\/2019\/01\/apreciar-vista-do-miradouro-1200x800.jpg",1200,800,true],"entry-cropped-fullwidth":["https:\/\/cooptaxis.pt\/wp-content\/uploads\/2019\/01\/apreciar-vista-do-miradouro-1200x671.jpg",1200,671,true]},"uagb_author_info":{"display_name":"mauriatti","author_link":"https:\/\/cooptaxis.pt\/es\/author\/"},"uagb_comment_info":0,"uagb_excerpt":"Descubra todas las maravillas naturales de esta regi\u00f3n, situada en el alto norte del estuario del r\u00edo Sado.Comenzamos nuestro paseo parando en Azeit\u00e3o, para que se deleite con los famosos quesos y las tortas de Azeit\u00e3o. Vamos a seguir Sesimbra, un impresionante pueblo pesquero portugu\u00e9s y donde se puede visitar el Cabo Espichel. Nos dirigiremos&hellip;","_links":{"self":[{"href":"https:\/\/cooptaxis.pt\/es\/wp-json\/wp\/v2\/product\/1760","targetHints":{"allow":["GET"]}}],"collection":[{"href":"https:\/\/cooptaxis.pt\/es\/wp-json\/wp\/v2\/product"}],"about":[{"href":"https:\/\/cooptaxis.pt\/es\/wp-json\/wp\/v2\/types\/product"}],"wp:featuredmedia":[{"embeddable":true,"href":"https:\/\/cooptaxis.pt\/es\/wp-json\/wp\/v2\/media\/326"}],"wp:attachment":[{"href":"https:\/\/cooptaxis.pt\/es\/wp-json\/wp\/v2\/media?parent=1760"}],"wp:term":[{"taxonomy":"product_brand","embeddable":true,"href":"https:\/\/cooptaxis.pt\/es\/wp-json\/wp\/v2\/product_brand?post=1760"},{"taxonomy":"product_cat","embeddable":true,"href":"https:\/\/cooptaxis.pt\/es\/wp-json\/wp\/v2\/product_cat?post=1760"},{"taxonomy":"product_tag","embeddable":true,"href":"https:\/\/cooptaxis.pt\/es\/wp-json\/wp\/v2\/product_tag?post=1760"}],"curies":[{"name":"wp","href":"https:\/\/api.w.org\/{rel}","templated":true}]}}