{"id":1775,"date":"2019-01-14T16:41:35","date_gmt":"2019-02-13T14:05:21","guid":{"rendered":"https:\/\/new.cooptaxis.pt\/?post_type=product&#038;p=1775"},"modified":"2023-11-15T11:48:34","modified_gmt":"2023-11-15T11:48:34","slug":"tour-sintra-cascais-estoril","status":"publish","type":"product","link":"https:\/\/cooptaxis.pt\/es\/producto\/tour-sintra-cascais-estoril\/","title":{"rendered":"Tour Sintra \/ Cascais \/ Estoril"},"content":{"rendered":"<p>En este paseo, conciliamos el gusto por la historia y los monumentos, con el placer de observar el mar.<\/p>\n<p>Comenzamos con una parada en el Palacio Nacional de Queluz, el ejemplo m\u00e1s extraordinario de la arquitectura palaciega de Portugal y antigua residencia de la corte. Seguimos con el tour al centro hist\u00f3rico de Sintra, Patrimonio de la Humanidad, donde podr\u00e1 ver las maravillosas calles antiguas y visitar el Palacio da Pena y la Quinta da Regaleira, lugares ejemplares de la belleza arquitect\u00f3nica local. Vamos hacia el Cabo da Roca, el punto m\u00e1s occidental del continente y su magn\u00edfica vista del Atl\u00e1ntico y el Parque Natural Sintra-Cascais. Pasaremos por un imponente testimonio geol\u00f3gico de la erosi\u00f3n costera, la Boca del Infierno. A su regreso a Lisboa, vamos a cubrir la costa mirando el r\u00edo y las concurridas playas de la Costa de Estoril. En el transcurso, pasaremos por varios antiguos fuertes militares que defend\u00edan la capital.<\/p>\n<p><strong>Importante<\/strong><br \/>\nDuraci\u00f3n 6H<\/p>\n<p><strong>Reservas en:<\/strong><br \/>\ncooptaxis.pt<\/p>\n<p><strong>Condiciones generales:<\/strong><br \/>\nTodos los tours requieren reserva previa.<br \/>\nTodos los monumentos nacionales se cierran a los d\u00edas de fiesta.<\/p>\n<p><strong>Incluye: <\/strong>Transporte con las paradas anunciadas, Wi-Fi<br \/>\n<strong>No incluye: <\/strong>Comidas, entradas y acompa\u00f1amiento en monumentos y otros lugares de inter\u00e9s tur\u00edstico o de parada.<\/p>\n<p><strong>Notas<\/strong><br \/>\nOtros itinerarios pueden ser acordados seg\u00fan su inter\u00e9s. Contacte con nosotros en taxi@cooptaxis.pt<\/p>\n<p><strong>Further Informations<\/strong><br \/>\nPor cada fracci\u00f3n de 30 minutos despu\u00e9s de la duraci\u00f3n estipulada en la descripci\u00f3n del tour ser\u00e1n cobrados 12 \u20ac.<\/p>\n","protected":false},"excerpt":{"rendered":"<p>En este paseo, conciliamos el gusto por la historia y los monumentos, con el placer de observar el mar. Comenzamos con una parada en el Palacio Nacional de Queluz, el ejemplo m\u00e1s extraordinario de la arquitectura palaciega de Portugal y antigua residencia de la corte. Seguimos con el tour al centro hist\u00f3rico de Sintra, Patrimonio de la Humanidad, donde podr\u00e1 &#8230; <\/p>\n<div><a href=\"https:\/\/cooptaxis.pt\/es\/producto\/tour-sintra-cascais-estoril\/\" class=\"more-link\">Read More<\/a><\/div>\n","protected":false},"featured_media":8901,"template":"","meta":{"om_disable_all_campaigns":false,"_uag_custom_page_level_css":"","_monsterinsights_skip_tracking":false,"_monsterinsights_sitenote_active":false,"_monsterinsights_sitenote_note":"","_monsterinsights_sitenote_category":0},"product_brand":[],"product_cat":[347],"product_tag":[363],"class_list":{"0":"post-1775","1":"product","2":"type-product","3":"status-publish","4":"has-post-thumbnail","6":"product_cat-tours-es","7":"product_tag-tour-es","8":"tm-has-options","11":"first","12":"instock","13":"taxable","14":"shipping-taxable","15":"purchasable","16":"product-type-simple"},"aioseo_notices":[],"yoast_head":"<!-- This site is optimized with the Yoast SEO plugin v24.7 - https:\/\/yoast.com\/wordpress\/plugins\/seo\/ -->\n<title>Tour Sintra \/ Cascais \/ Estoril - Coopt\u00e1xis<\/title>\n<meta name=\"robots\" content=\"index, follow, max-snippet:-1, max-image-preview:large, max-video-preview:-1\" \/>\n<link rel=\"canonical\" href=\"https:\/\/cooptaxis.pt\/es\/producto\/tour-sintra-cascais-estoril\/\" \/>\n<meta property=\"og:locale\" content=\"es_ES\" \/>\n<meta property=\"og:type\" content=\"article\" \/>\n<meta property=\"og:title\" content=\"Tour Sintra \/ Cascais \/ Estoril - Coopt\u00e1xis\" \/>\n<meta property=\"og:description\" content=\"En este paseo, conciliamos el gusto por la historia y los monumentos, con el placer de observar el mar. Comenzamos con una parada en el Palacio Nacional de Queluz, el ejemplo m\u00e1s extraordinario de la arquitectura palaciega de Portugal y antigua residencia de la corte. Seguimos con el tour al centro hist\u00f3rico de Sintra, Patrimonio de la Humanidad, donde podr\u00e1 ... Read More\" \/>\n<meta property=\"og:url\" content=\"https:\/\/cooptaxis.pt\/es\/producto\/tour-sintra-cascais-estoril\/\" \/>\n<meta property=\"og:site_name\" content=\"Coopt\u00e1xis\" \/>\n<meta property=\"article:publisher\" content=\"https:\/\/www.instagram.com\/cooptaxisportugal\/\" \/>\n<meta property=\"article:modified_time\" content=\"2023-11-15T11:48:34+00:00\" \/>\n<meta property=\"og:image\" content=\"https:\/\/cooptaxis.pt\/wp-content\/uploads\/2019\/01\/sintra_palace02.jpg\" \/>\n\t<meta property=\"og:image:width\" content=\"518\" \/>\n\t<meta property=\"og:image:height\" content=\"391\" \/>\n\t<meta property=\"og:image:type\" content=\"image\/jpeg\" \/>\n<meta name=\"twitter:card\" content=\"summary_large_image\" \/>\n<meta name=\"twitter:label1\" content=\"Tiempo de lectura\" \/>\n\t<meta name=\"twitter:data1\" content=\"2 minutos\" \/>\n<script type=\"application\/ld+json\" class=\"yoast-schema-graph\">{\"@context\":\"https:\/\/schema.org\",\"@graph\":[{\"@type\":\"WebPage\",\"@id\":\"https:\/\/cooptaxis.pt\/es\/producto\/tour-sintra-cascais-estoril\/\",\"url\":\"https:\/\/cooptaxis.pt\/es\/producto\/tour-sintra-cascais-estoril\/\",\"name\":\"Tour Sintra \/ Cascais \/ Estoril - Coopt\u00e1xis\",\"isPartOf\":{\"@id\":\"https:\/\/cooptaxis.pt\/#website\"},\"primaryImageOfPage\":{\"@id\":\"https:\/\/cooptaxis.pt\/es\/producto\/tour-sintra-cascais-estoril\/#primaryimage\"},\"image\":{\"@id\":\"https:\/\/cooptaxis.pt\/es\/producto\/tour-sintra-cascais-estoril\/#primaryimage\"},\"thumbnailUrl\":\"https:\/\/cooptaxis.pt\/wp-content\/uploads\/2019\/01\/View-over-Pena-Palace-Sintra-2000x922-1-e1700052763169.png\",\"datePublished\":\"2019-02-13T14:05:21+00:00\",\"dateModified\":\"2023-11-15T11:48:34+00:00\",\"breadcrumb\":{\"@id\":\"https:\/\/cooptaxis.pt\/es\/producto\/tour-sintra-cascais-estoril\/#breadcrumb\"},\"inLanguage\":\"es\",\"potentialAction\":[{\"@type\":\"ReadAction\",\"target\":[\"https:\/\/cooptaxis.pt\/es\/producto\/tour-sintra-cascais-estoril\/\"]}]},{\"@type\":\"ImageObject\",\"inLanguage\":\"es\",\"@id\":\"https:\/\/cooptaxis.pt\/es\/producto\/tour-sintra-cascais-estoril\/#primaryimage\",\"url\":\"https:\/\/cooptaxis.pt\/wp-content\/uploads\/2019\/01\/View-over-Pena-Palace-Sintra-2000x922-1-e1700052763169.png\",\"contentUrl\":\"https:\/\/cooptaxis.pt\/wp-content\/uploads\/2019\/01\/View-over-Pena-Palace-Sintra-2000x922-1-e1700052763169.png\",\"width\":2000,\"height\":922},{\"@type\":\"BreadcrumbList\",\"@id\":\"https:\/\/cooptaxis.pt\/es\/producto\/tour-sintra-cascais-estoril\/#breadcrumb\",\"itemListElement\":[{\"@type\":\"ListItem\",\"position\":1,\"name\":\"In\u00edcio\",\"item\":\"https:\/\/cooptaxis.pt\/es\/home-es\/\"},{\"@type\":\"ListItem\",\"position\":2,\"name\":\"Tours\",\"item\":\"https:\/\/cooptaxis.pt\/es\/tienda\/\"},{\"@type\":\"ListItem\",\"position\":3,\"name\":\"Tour Sintra \/ Cascais \/ Estoril\"}]},{\"@type\":\"WebSite\",\"@id\":\"https:\/\/cooptaxis.pt\/#website\",\"url\":\"https:\/\/cooptaxis.pt\/\",\"name\":\"Coopt\u00e1xis\",\"description\":\"A maior Frota Nacional de T\u00e1xis\",\"publisher\":{\"@id\":\"https:\/\/cooptaxis.pt\/#organization\"},\"potentialAction\":[{\"@type\":\"SearchAction\",\"target\":{\"@type\":\"EntryPoint\",\"urlTemplate\":\"https:\/\/cooptaxis.pt\/?s={search_term_string}\"},\"query-input\":{\"@type\":\"PropertyValueSpecification\",\"valueRequired\":true,\"valueName\":\"search_term_string\"}}],\"inLanguage\":\"es\"},{\"@type\":\"Organization\",\"@id\":\"https:\/\/cooptaxis.pt\/#organization\",\"name\":\"Coopt\u00e1xis\",\"url\":\"https:\/\/cooptaxis.pt\/\",\"logo\":{\"@type\":\"ImageObject\",\"inLanguage\":\"es\",\"@id\":\"https:\/\/cooptaxis.pt\/#\/schema\/logo\/image\/\",\"url\":\"https:\/\/cooptaxis.pt\/wp-content\/uploads\/2019\/02\/cropped-COOPTAXIS_fundo_Pantone.jpg\",\"contentUrl\":\"https:\/\/cooptaxis.pt\/wp-content\/uploads\/2019\/02\/cropped-COOPTAXIS_fundo_Pantone.jpg\",\"width\":512,\"height\":512,\"caption\":\"Coopt\u00e1xis\"},\"image\":{\"@id\":\"https:\/\/cooptaxis.pt\/#\/schema\/logo\/image\/\"},\"sameAs\":[\"https:\/\/www.instagram.com\/cooptaxisportugal\/\",\"https:\/\/www.youtube.com\/watch?v=jLvAnznJhBo&amp;amp;amp;list=PLXqoHUfSBV2Dh-_t5RfvN-rKuClmSlzfW\"]}]}<\/script>\n<!-- \/ Yoast SEO plugin. -->","yoast_head_json":{"title":"Tour Sintra \/ Cascais \/ Estoril - Coopt\u00e1xis","robots":{"index":"index","follow":"follow","max-snippet":"max-snippet:-1","max-image-preview":"max-image-preview:large","max-video-preview":"max-video-preview:-1"},"canonical":"https:\/\/cooptaxis.pt\/es\/producto\/tour-sintra-cascais-estoril\/","og_locale":"es_ES","og_type":"article","og_title":"Tour Sintra \/ Cascais \/ Estoril - Coopt\u00e1xis","og_description":"En este paseo, conciliamos el gusto por la historia y los monumentos, con el placer de observar el mar. Comenzamos con una parada en el Palacio Nacional de Queluz, el ejemplo m\u00e1s extraordinario de la arquitectura palaciega de Portugal y antigua residencia de la corte. Seguimos con el tour al centro hist\u00f3rico de Sintra, Patrimonio de la Humanidad, donde podr\u00e1 ... Read More","og_url":"https:\/\/cooptaxis.pt\/es\/producto\/tour-sintra-cascais-estoril\/","og_site_name":"Coopt\u00e1xis","article_publisher":"https:\/\/www.instagram.com\/cooptaxisportugal\/","article_modified_time":"2023-11-15T11:48:34+00:00","og_image":[{"width":518,"height":391,"url":"https:\/\/cooptaxis.pt\/wp-content\/uploads\/2019\/01\/sintra_palace02.jpg","type":"image\/jpeg"}],"twitter_card":"summary_large_image","twitter_misc":{"Tiempo de lectura":"2 minutos"},"schema":{"@context":"https:\/\/schema.org","@graph":[{"@type":"WebPage","@id":"https:\/\/cooptaxis.pt\/es\/producto\/tour-sintra-cascais-estoril\/","url":"https:\/\/cooptaxis.pt\/es\/producto\/tour-sintra-cascais-estoril\/","name":"Tour Sintra \/ Cascais \/ Estoril - Coopt\u00e1xis","isPartOf":{"@id":"https:\/\/cooptaxis.pt\/#website"},"primaryImageOfPage":{"@id":"https:\/\/cooptaxis.pt\/es\/producto\/tour-sintra-cascais-estoril\/#primaryimage"},"image":{"@id":"https:\/\/cooptaxis.pt\/es\/producto\/tour-sintra-cascais-estoril\/#primaryimage"},"thumbnailUrl":"https:\/\/cooptaxis.pt\/wp-content\/uploads\/2019\/01\/View-over-Pena-Palace-Sintra-2000x922-1-e1700052763169.png","datePublished":"2019-02-13T14:05:21+00:00","dateModified":"2023-11-15T11:48:34+00:00","breadcrumb":{"@id":"https:\/\/cooptaxis.pt\/es\/producto\/tour-sintra-cascais-estoril\/#breadcrumb"},"inLanguage":"es","potentialAction":[{"@type":"ReadAction","target":["https:\/\/cooptaxis.pt\/es\/producto\/tour-sintra-cascais-estoril\/"]}]},{"@type":"ImageObject","inLanguage":"es","@id":"https:\/\/cooptaxis.pt\/es\/producto\/tour-sintra-cascais-estoril\/#primaryimage","url":"https:\/\/cooptaxis.pt\/wp-content\/uploads\/2019\/01\/View-over-Pena-Palace-Sintra-2000x922-1-e1700052763169.png","contentUrl":"https:\/\/cooptaxis.pt\/wp-content\/uploads\/2019\/01\/View-over-Pena-Palace-Sintra-2000x922-1-e1700052763169.png","width":2000,"height":922},{"@type":"BreadcrumbList","@id":"https:\/\/cooptaxis.pt\/es\/producto\/tour-sintra-cascais-estoril\/#breadcrumb","itemListElement":[{"@type":"ListItem","position":1,"name":"In\u00edcio","item":"https:\/\/cooptaxis.pt\/es\/home-es\/"},{"@type":"ListItem","position":2,"name":"Tours","item":"https:\/\/cooptaxis.pt\/es\/tienda\/"},{"@type":"ListItem","position":3,"name":"Tour Sintra \/ Cascais \/ Estoril"}]},{"@type":"WebSite","@id":"https:\/\/cooptaxis.pt\/#website","url":"https:\/\/cooptaxis.pt\/","name":"Coopt\u00e1xis","description":"A maior Frota Nacional de T\u00e1xis","publisher":{"@id":"https:\/\/cooptaxis.pt\/#organization"},"potentialAction":[{"@type":"SearchAction","target":{"@type":"EntryPoint","urlTemplate":"https:\/\/cooptaxis.pt\/?s={search_term_string}"},"query-input":{"@type":"PropertyValueSpecification","valueRequired":true,"valueName":"search_term_string"}}],"inLanguage":"es"},{"@type":"Organization","@id":"https:\/\/cooptaxis.pt\/#organization","name":"Coopt\u00e1xis","url":"https:\/\/cooptaxis.pt\/","logo":{"@type":"ImageObject","inLanguage":"es","@id":"https:\/\/cooptaxis.pt\/#\/schema\/logo\/image\/","url":"https:\/\/cooptaxis.pt\/wp-content\/uploads\/2019\/02\/cropped-COOPTAXIS_fundo_Pantone.jpg","contentUrl":"https:\/\/cooptaxis.pt\/wp-content\/uploads\/2019\/02\/cropped-COOPTAXIS_fundo_Pantone.jpg","width":512,"height":512,"caption":"Coopt\u00e1xis"},"image":{"@id":"https:\/\/cooptaxis.pt\/#\/schema\/logo\/image\/"},"sameAs":["https:\/\/www.instagram.com\/cooptaxisportugal\/","https:\/\/www.youtube.com\/watch?v=jLvAnznJhBo&amp;amp;amp;list=PLXqoHUfSBV2Dh-_t5RfvN-rKuClmSlzfW"]}]}},"uagb_featured_image_src":{"full":["https:\/\/cooptaxis.pt\/wp-content\/uploads\/2019\/01\/View-over-Pena-Palace-Sintra-2000x922-1-e1700052763169.png",2000,922,false],"thumbnail":["https:\/\/cooptaxis.pt\/wp-content\/uploads\/2019\/01\/View-over-Pena-Palace-Sintra-2000x922-1-150x150.png",150,150,true],"medium":["https:\/\/cooptaxis.pt\/wp-content\/uploads\/2019\/01\/View-over-Pena-Palace-Sintra-2000x922-1-300x138.png",300,138,true],"medium_large":["https:\/\/cooptaxis.pt\/wp-content\/uploads\/2019\/01\/View-over-Pena-Palace-Sintra-2000x922-1-768x354.png",768,354,true],"large":["https:\/\/cooptaxis.pt\/wp-content\/uploads\/2019\/01\/View-over-Pena-Palace-Sintra-2000x922-1-1024x472.png",1024,472,true],"1536x1536":["https:\/\/cooptaxis.pt\/wp-content\/uploads\/2019\/01\/View-over-Pena-Palace-Sintra-2000x922-1-1536x708.png",1536,708,true],"2048x2048":["https:\/\/cooptaxis.pt\/wp-content\/uploads\/2019\/01\/View-over-Pena-Palace-Sintra-2000x922-1-e1700052763169.png",2000,922,false],"woocommerce_thumbnail":["https:\/\/cooptaxis.pt\/wp-content\/uploads\/2019\/01\/View-over-Pena-Palace-Sintra-2000x922-1-600x450.png",600,450,true],"woocommerce_single":["https:\/\/cooptaxis.pt\/wp-content\/uploads\/2019\/01\/View-over-Pena-Palace-Sintra-2000x922-1-600x277.png",600,277,true],"woocommerce_gallery_thumbnail":["https:\/\/cooptaxis.pt\/wp-content\/uploads\/2019\/01\/View-over-Pena-Palace-Sintra-2000x922-1-100x100.png",100,100,true],"post-thumbnail":["https:\/\/cooptaxis.pt\/wp-content\/uploads\/2019\/01\/View-over-Pena-Palace-Sintra-2000x922-1-100x46.png",100,46,true],"entry":["https:\/\/cooptaxis.pt\/wp-content\/uploads\/2019\/01\/View-over-Pena-Palace-Sintra-2000x922-1-862x397.png",862,397,true],"entry-cropped":["https:\/\/cooptaxis.pt\/wp-content\/uploads\/2019\/01\/View-over-Pena-Palace-Sintra-2000x922-1-862x482.png",862,482,true],"entry-fullwidth":["https:\/\/cooptaxis.pt\/wp-content\/uploads\/2019\/01\/View-over-Pena-Palace-Sintra-2000x922-1-1200x553.png",1200,553,true],"entry-cropped-fullwidth":["https:\/\/cooptaxis.pt\/wp-content\/uploads\/2019\/01\/View-over-Pena-Palace-Sintra-2000x922-1-1200x671.png",1200,671,true]},"uagb_author_info":{"display_name":"mauriatti","author_link":"https:\/\/cooptaxis.pt\/es\/author\/"},"uagb_comment_info":0,"uagb_excerpt":"En este paseo, conciliamos el gusto por la historia y los monumentos, con el placer de observar el mar. Comenzamos con una parada en el Palacio Nacional de Queluz, el ejemplo m\u00e1s extraordinario de la arquitectura palaciega de Portugal y antigua residencia de la corte. Seguimos con el tour al centro hist\u00f3rico de Sintra, Patrimonio&hellip;","_links":{"self":[{"href":"https:\/\/cooptaxis.pt\/es\/wp-json\/wp\/v2\/product\/1775","targetHints":{"allow":["GET"]}}],"collection":[{"href":"https:\/\/cooptaxis.pt\/es\/wp-json\/wp\/v2\/product"}],"about":[{"href":"https:\/\/cooptaxis.pt\/es\/wp-json\/wp\/v2\/types\/product"}],"wp:featuredmedia":[{"embeddable":true,"href":"https:\/\/cooptaxis.pt\/es\/wp-json\/wp\/v2\/media\/8901"}],"wp:attachment":[{"href":"https:\/\/cooptaxis.pt\/es\/wp-json\/wp\/v2\/media?parent=1775"}],"wp:term":[{"taxonomy":"product_brand","embeddable":true,"href":"https:\/\/cooptaxis.pt\/es\/wp-json\/wp\/v2\/product_brand?post=1775"},{"taxonomy":"product_cat","embeddable":true,"href":"https:\/\/cooptaxis.pt\/es\/wp-json\/wp\/v2\/product_cat?post=1775"},{"taxonomy":"product_tag","embeddable":true,"href":"https:\/\/cooptaxis.pt\/es\/wp-json\/wp\/v2\/product_tag?post=1775"}],"curies":[{"name":"wp","href":"https:\/\/api.w.org\/{rel}","templated":true}]}}