{"id":8906,"date":"2023-11-15T12:09:41","date_gmt":"2023-11-15T14:20:04","guid":{"rendered":"https:\/\/cooptaxis.pt\/?post_type=product&#038;p=8906"},"modified":"2023-11-15T14:26:00","modified_gmt":"2023-11-15T14:26:00","slug":"porto-covo-la-isla-de-pessegueiro-y-milfontes","status":"publish","type":"product","link":"https:\/\/cooptaxis.pt\/es\/producto\/porto-covo-la-isla-de-pessegueiro-y-milfontes\/","title":{"rendered":"Porto Covo, la isla de Pessegueiro y Milfontes"},"content":{"rendered":"<p>Disfruta de un encantador viaje hacia la belleza intacta de la costa de Alentejo. Una ruta pintoresca que te llevar\u00e1 a los lugares m\u00e1s emblem\u00e1ticos de estas regiones deslumbrantes, brindando una visi\u00f3n de las playas doradas que se extienden a lo largo de la costa y una vista magn\u00edfica de la isla de Pessegueiro.<\/p>\n<p>Al llegar a Porto Covo, el encanto \u00fanico de este pueblo pesquero deslumbra a los visitantes. Los tonos vibrantes de las casas tradicionales junto al mar dan vida a esta localidad pintoresca. Haz una pausa para explorar las estrechas calles, contemplar los imponentes acantilados y sentir la brisa marina que caracteriza este lugar.<\/p>\n<p>El viaje contin\u00faa hacia Vila Nova de Milfontes, donde la fusi\u00f3n entre el r\u00edo y el mar crea un paisaje verdaderamente impresionante. Aqu\u00ed, puedes divisar el castillo medieval que domina el paisaje, mientras que las orillas del r\u00edo invitan a momentos de relajaci\u00f3n junto al agua.<\/p>\n<p>La belleza natural de estos lugares seguramente te dejar\u00e1 recuerdos perdurables de un viaje que revela lo mejor que la costa de Alentejo tiene para ofrecer.<\/p>\n<p><strong>Importante:<\/strong> Duraci\u00f3n: 8 horas*<\/p>\n<p><strong>Reservas:<\/strong> cooptaxis.pt<\/p>\n<p><strong>Condiciones generales:<\/strong> Todas las visitas requieren reserva previa. Todos los monumentos nacionales est\u00e1n cerrados en d\u00edas festivos.<\/p>\n<p><strong>No incluido:<\/strong> comidas, tarifas de entrada y visitas guiadas en monumentos y otros lugares tur\u00edsticos o paradas.<\/p>\n<p><strong>Incluido:<\/strong> transporte con paradas anunciadas.<\/p>\n<p><strong>Notas:<\/strong> Se pueden organizar otros itinerarios seg\u00fan tus intereses. Contacta a <a href=\"mailto:taxi@cooptaxis.pt\" target=\"_new\" rel=\"noopener\">taxi@cooptaxis.pt<\/a><\/p>\n<p><strong>Informaci\u00f3n:<\/strong> Se cobrar\u00e1n 12 \u20ac por cada fracci\u00f3n de 30 minutos m\u00e1s all\u00e1 de la duraci\u00f3n estipulada en la descripci\u00f3n del tour.<\/p>\n","protected":false},"excerpt":{"rendered":"<p>Disfruta de un encantador viaje hacia la belleza intacta de la costa de Alentejo. Una ruta pintoresca que te llevar\u00e1 a los lugares m\u00e1s emblem\u00e1ticos de estas regiones deslumbrantes, brindando una visi\u00f3n de las playas doradas que se extienden a lo largo de la costa y una vista magn\u00edfica de la isla de Pessegueiro. Al llegar a Porto Covo, el &#8230; <\/p>\n<div><a href=\"https:\/\/cooptaxis.pt\/es\/producto\/porto-covo-la-isla-de-pessegueiro-y-milfontes\/\" class=\"more-link\">Read More<\/a><\/div>\n","protected":false},"featured_media":8876,"template":"","meta":{"om_disable_all_campaigns":false,"_uag_custom_page_level_css":"","_monsterinsights_skip_tracking":false,"_monsterinsights_sitenote_active":false,"_monsterinsights_sitenote_note":"","_monsterinsights_sitenote_category":0},"product_brand":[],"product_cat":[347],"product_tag":[],"class_list":{"0":"post-8906","1":"product","2":"type-product","3":"status-publish","4":"has-post-thumbnail","6":"product_cat-tours-es","7":"tm-has-options","10":"first","11":"instock","12":"taxable","13":"shipping-taxable","14":"purchasable","15":"product-type-simple"},"aioseo_notices":[],"yoast_head":"<!-- This site is optimized with the Yoast SEO plugin v24.7 - https:\/\/yoast.com\/wordpress\/plugins\/seo\/ -->\n<title>Porto Covo, la isla de Pessegueiro y Milfontes - Coopt\u00e1xis<\/title>\n<meta name=\"robots\" content=\"index, follow, max-snippet:-1, max-image-preview:large, max-video-preview:-1\" \/>\n<link rel=\"canonical\" href=\"https:\/\/cooptaxis.pt\/es\/producto\/porto-covo-la-isla-de-pessegueiro-y-milfontes\/\" \/>\n<meta property=\"og:locale\" content=\"es_ES\" \/>\n<meta property=\"og:type\" content=\"article\" \/>\n<meta property=\"og:title\" content=\"Porto Covo, la isla de Pessegueiro y Milfontes - Coopt\u00e1xis\" \/>\n<meta property=\"og:description\" content=\"Disfruta de un encantador viaje hacia la belleza intacta de la costa de Alentejo. Una ruta pintoresca que te llevar\u00e1 a los lugares m\u00e1s emblem\u00e1ticos de estas regiones deslumbrantes, brindando una visi\u00f3n de las playas doradas que se extienden a lo largo de la costa y una vista magn\u00edfica de la isla de Pessegueiro. Al llegar a Porto Covo, el ... Read More\" \/>\n<meta property=\"og:url\" content=\"https:\/\/cooptaxis.pt\/es\/producto\/porto-covo-la-isla-de-pessegueiro-y-milfontes\/\" \/>\n<meta property=\"og:site_name\" content=\"Coopt\u00e1xis\" \/>\n<meta property=\"article:publisher\" content=\"https:\/\/www.instagram.com\/cooptaxisportugal\/\" \/>\n<meta property=\"article:modified_time\" content=\"2023-11-15T14:26:00+00:00\" \/>\n<meta property=\"og:image\" content=\"https:\/\/cooptaxis.pt\/wp-content\/uploads\/2023\/11\/vila_nova_milfontes-1-1024x684.png\" \/>\n\t<meta property=\"og:image:width\" content=\"1024\" \/>\n\t<meta property=\"og:image:height\" content=\"684\" \/>\n\t<meta property=\"og:image:type\" content=\"image\/png\" \/>\n<meta name=\"twitter:card\" content=\"summary_large_image\" \/>\n<meta name=\"twitter:label1\" content=\"Tiempo de lectura\" \/>\n\t<meta name=\"twitter:data1\" content=\"2 minutos\" \/>\n<script type=\"application\/ld+json\" class=\"yoast-schema-graph\">{\"@context\":\"https:\/\/schema.org\",\"@graph\":[{\"@type\":\"WebPage\",\"@id\":\"https:\/\/cooptaxis.pt\/es\/producto\/porto-covo-la-isla-de-pessegueiro-y-milfontes\/\",\"url\":\"https:\/\/cooptaxis.pt\/es\/producto\/porto-covo-la-isla-de-pessegueiro-y-milfontes\/\",\"name\":\"Porto Covo, la isla de Pessegueiro y Milfontes - Coopt\u00e1xis\",\"isPartOf\":{\"@id\":\"https:\/\/cooptaxis.pt\/#website\"},\"primaryImageOfPage\":{\"@id\":\"https:\/\/cooptaxis.pt\/es\/producto\/porto-covo-la-isla-de-pessegueiro-y-milfontes\/#primaryimage\"},\"image\":{\"@id\":\"https:\/\/cooptaxis.pt\/es\/producto\/porto-covo-la-isla-de-pessegueiro-y-milfontes\/#primaryimage\"},\"thumbnailUrl\":\"https:\/\/cooptaxis.pt\/wp-content\/uploads\/2023\/11\/vila_nova_milfontes-1-e1700051666723.png\",\"datePublished\":\"2023-11-15T14:20:04+00:00\",\"dateModified\":\"2023-11-15T14:26:00+00:00\",\"breadcrumb\":{\"@id\":\"https:\/\/cooptaxis.pt\/es\/producto\/porto-covo-la-isla-de-pessegueiro-y-milfontes\/#breadcrumb\"},\"inLanguage\":\"es\",\"potentialAction\":[{\"@type\":\"ReadAction\",\"target\":[\"https:\/\/cooptaxis.pt\/es\/producto\/porto-covo-la-isla-de-pessegueiro-y-milfontes\/\"]}]},{\"@type\":\"ImageObject\",\"inLanguage\":\"es\",\"@id\":\"https:\/\/cooptaxis.pt\/es\/producto\/porto-covo-la-isla-de-pessegueiro-y-milfontes\/#primaryimage\",\"url\":\"https:\/\/cooptaxis.pt\/wp-content\/uploads\/2023\/11\/vila_nova_milfontes-1-e1700051666723.png\",\"contentUrl\":\"https:\/\/cooptaxis.pt\/wp-content\/uploads\/2023\/11\/vila_nova_milfontes-1-e1700051666723.png\",\"width\":1920,\"height\":1283},{\"@type\":\"BreadcrumbList\",\"@id\":\"https:\/\/cooptaxis.pt\/es\/producto\/porto-covo-la-isla-de-pessegueiro-y-milfontes\/#breadcrumb\",\"itemListElement\":[{\"@type\":\"ListItem\",\"position\":1,\"name\":\"In\u00edcio\",\"item\":\"https:\/\/cooptaxis.pt\/es\/home-es\/\"},{\"@type\":\"ListItem\",\"position\":2,\"name\":\"Tours\",\"item\":\"https:\/\/cooptaxis.pt\/es\/tienda\/\"},{\"@type\":\"ListItem\",\"position\":3,\"name\":\"Porto Covo, la isla de Pessegueiro y Milfontes\"}]},{\"@type\":\"WebSite\",\"@id\":\"https:\/\/cooptaxis.pt\/#website\",\"url\":\"https:\/\/cooptaxis.pt\/\",\"name\":\"Coopt\u00e1xis\",\"description\":\"A maior Frota Nacional de T\u00e1xis\",\"publisher\":{\"@id\":\"https:\/\/cooptaxis.pt\/#organization\"},\"potentialAction\":[{\"@type\":\"SearchAction\",\"target\":{\"@type\":\"EntryPoint\",\"urlTemplate\":\"https:\/\/cooptaxis.pt\/?s={search_term_string}\"},\"query-input\":{\"@type\":\"PropertyValueSpecification\",\"valueRequired\":true,\"valueName\":\"search_term_string\"}}],\"inLanguage\":\"es\"},{\"@type\":\"Organization\",\"@id\":\"https:\/\/cooptaxis.pt\/#organization\",\"name\":\"Coopt\u00e1xis\",\"url\":\"https:\/\/cooptaxis.pt\/\",\"logo\":{\"@type\":\"ImageObject\",\"inLanguage\":\"es\",\"@id\":\"https:\/\/cooptaxis.pt\/#\/schema\/logo\/image\/\",\"url\":\"https:\/\/cooptaxis.pt\/wp-content\/uploads\/2019\/02\/cropped-COOPTAXIS_fundo_Pantone.jpg\",\"contentUrl\":\"https:\/\/cooptaxis.pt\/wp-content\/uploads\/2019\/02\/cropped-COOPTAXIS_fundo_Pantone.jpg\",\"width\":512,\"height\":512,\"caption\":\"Coopt\u00e1xis\"},\"image\":{\"@id\":\"https:\/\/cooptaxis.pt\/#\/schema\/logo\/image\/\"},\"sameAs\":[\"https:\/\/www.instagram.com\/cooptaxisportugal\/\",\"https:\/\/www.youtube.com\/watch?v=jLvAnznJhBo&amp;amp;amp;list=PLXqoHUfSBV2Dh-_t5RfvN-rKuClmSlzfW\"]}]}<\/script>\n<!-- \/ Yoast SEO plugin. -->","yoast_head_json":{"title":"Porto Covo, la isla de Pessegueiro y Milfontes - Coopt\u00e1xis","robots":{"index":"index","follow":"follow","max-snippet":"max-snippet:-1","max-image-preview":"max-image-preview:large","max-video-preview":"max-video-preview:-1"},"canonical":"https:\/\/cooptaxis.pt\/es\/producto\/porto-covo-la-isla-de-pessegueiro-y-milfontes\/","og_locale":"es_ES","og_type":"article","og_title":"Porto Covo, la isla de Pessegueiro y Milfontes - Coopt\u00e1xis","og_description":"Disfruta de un encantador viaje hacia la belleza intacta de la costa de Alentejo. Una ruta pintoresca que te llevar\u00e1 a los lugares m\u00e1s emblem\u00e1ticos de estas regiones deslumbrantes, brindando una visi\u00f3n de las playas doradas que se extienden a lo largo de la costa y una vista magn\u00edfica de la isla de Pessegueiro. Al llegar a Porto Covo, el ... Read More","og_url":"https:\/\/cooptaxis.pt\/es\/producto\/porto-covo-la-isla-de-pessegueiro-y-milfontes\/","og_site_name":"Coopt\u00e1xis","article_publisher":"https:\/\/www.instagram.com\/cooptaxisportugal\/","article_modified_time":"2023-11-15T14:26:00+00:00","og_image":[{"width":1024,"height":684,"url":"https:\/\/cooptaxis.pt\/wp-content\/uploads\/2023\/11\/vila_nova_milfontes-1-1024x684.png","type":"image\/png"}],"twitter_card":"summary_large_image","twitter_misc":{"Tiempo de lectura":"2 minutos"},"schema":{"@context":"https:\/\/schema.org","@graph":[{"@type":"WebPage","@id":"https:\/\/cooptaxis.pt\/es\/producto\/porto-covo-la-isla-de-pessegueiro-y-milfontes\/","url":"https:\/\/cooptaxis.pt\/es\/producto\/porto-covo-la-isla-de-pessegueiro-y-milfontes\/","name":"Porto Covo, la isla de Pessegueiro y Milfontes - Coopt\u00e1xis","isPartOf":{"@id":"https:\/\/cooptaxis.pt\/#website"},"primaryImageOfPage":{"@id":"https:\/\/cooptaxis.pt\/es\/producto\/porto-covo-la-isla-de-pessegueiro-y-milfontes\/#primaryimage"},"image":{"@id":"https:\/\/cooptaxis.pt\/es\/producto\/porto-covo-la-isla-de-pessegueiro-y-milfontes\/#primaryimage"},"thumbnailUrl":"https:\/\/cooptaxis.pt\/wp-content\/uploads\/2023\/11\/vila_nova_milfontes-1-e1700051666723.png","datePublished":"2023-11-15T14:20:04+00:00","dateModified":"2023-11-15T14:26:00+00:00","breadcrumb":{"@id":"https:\/\/cooptaxis.pt\/es\/producto\/porto-covo-la-isla-de-pessegueiro-y-milfontes\/#breadcrumb"},"inLanguage":"es","potentialAction":[{"@type":"ReadAction","target":["https:\/\/cooptaxis.pt\/es\/producto\/porto-covo-la-isla-de-pessegueiro-y-milfontes\/"]}]},{"@type":"ImageObject","inLanguage":"es","@id":"https:\/\/cooptaxis.pt\/es\/producto\/porto-covo-la-isla-de-pessegueiro-y-milfontes\/#primaryimage","url":"https:\/\/cooptaxis.pt\/wp-content\/uploads\/2023\/11\/vila_nova_milfontes-1-e1700051666723.png","contentUrl":"https:\/\/cooptaxis.pt\/wp-content\/uploads\/2023\/11\/vila_nova_milfontes-1-e1700051666723.png","width":1920,"height":1283},{"@type":"BreadcrumbList","@id":"https:\/\/cooptaxis.pt\/es\/producto\/porto-covo-la-isla-de-pessegueiro-y-milfontes\/#breadcrumb","itemListElement":[{"@type":"ListItem","position":1,"name":"In\u00edcio","item":"https:\/\/cooptaxis.pt\/es\/home-es\/"},{"@type":"ListItem","position":2,"name":"Tours","item":"https:\/\/cooptaxis.pt\/es\/tienda\/"},{"@type":"ListItem","position":3,"name":"Porto Covo, la isla de Pessegueiro y Milfontes"}]},{"@type":"WebSite","@id":"https:\/\/cooptaxis.pt\/#website","url":"https:\/\/cooptaxis.pt\/","name":"Coopt\u00e1xis","description":"A maior Frota Nacional de T\u00e1xis","publisher":{"@id":"https:\/\/cooptaxis.pt\/#organization"},"potentialAction":[{"@type":"SearchAction","target":{"@type":"EntryPoint","urlTemplate":"https:\/\/cooptaxis.pt\/?s={search_term_string}"},"query-input":{"@type":"PropertyValueSpecification","valueRequired":true,"valueName":"search_term_string"}}],"inLanguage":"es"},{"@type":"Organization","@id":"https:\/\/cooptaxis.pt\/#organization","name":"Coopt\u00e1xis","url":"https:\/\/cooptaxis.pt\/","logo":{"@type":"ImageObject","inLanguage":"es","@id":"https:\/\/cooptaxis.pt\/#\/schema\/logo\/image\/","url":"https:\/\/cooptaxis.pt\/wp-content\/uploads\/2019\/02\/cropped-COOPTAXIS_fundo_Pantone.jpg","contentUrl":"https:\/\/cooptaxis.pt\/wp-content\/uploads\/2019\/02\/cropped-COOPTAXIS_fundo_Pantone.jpg","width":512,"height":512,"caption":"Coopt\u00e1xis"},"image":{"@id":"https:\/\/cooptaxis.pt\/#\/schema\/logo\/image\/"},"sameAs":["https:\/\/www.instagram.com\/cooptaxisportugal\/","https:\/\/www.youtube.com\/watch?v=jLvAnznJhBo&amp;amp;amp;list=PLXqoHUfSBV2Dh-_t5RfvN-rKuClmSlzfW"]}]}},"uagb_featured_image_src":{"full":["https:\/\/cooptaxis.pt\/wp-content\/uploads\/2023\/11\/vila_nova_milfontes-1-e1700051666723.png",1920,1283,false],"thumbnail":["https:\/\/cooptaxis.pt\/wp-content\/uploads\/2023\/11\/vila_nova_milfontes-1-150x150.png",150,150,true],"medium":["https:\/\/cooptaxis.pt\/wp-content\/uploads\/2023\/11\/vila_nova_milfontes-1-300x200.png",300,200,true],"medium_large":["https:\/\/cooptaxis.pt\/wp-content\/uploads\/2023\/11\/vila_nova_milfontes-1-768x513.png",768,513,true],"large":["https:\/\/cooptaxis.pt\/wp-content\/uploads\/2023\/11\/vila_nova_milfontes-1-1024x684.png",1024,684,true],"1536x1536":["https:\/\/cooptaxis.pt\/wp-content\/uploads\/2023\/11\/vila_nova_milfontes-1-1536x1026.png",1536,1026,true],"2048x2048":["https:\/\/cooptaxis.pt\/wp-content\/uploads\/2023\/11\/vila_nova_milfontes-1-e1700051666723.png",1920,1283,false],"woocommerce_thumbnail":["https:\/\/cooptaxis.pt\/wp-content\/uploads\/2023\/11\/vila_nova_milfontes-1-600x450.png",600,450,true],"woocommerce_single":["https:\/\/cooptaxis.pt\/wp-content\/uploads\/2023\/11\/vila_nova_milfontes-1-600x401.png",600,401,true],"woocommerce_gallery_thumbnail":["https:\/\/cooptaxis.pt\/wp-content\/uploads\/2023\/11\/vila_nova_milfontes-1-100x100.png",100,100,true],"post-thumbnail":["https:\/\/cooptaxis.pt\/wp-content\/uploads\/2023\/11\/vila_nova_milfontes-1-100x67.png",100,67,true],"entry":["https:\/\/cooptaxis.pt\/wp-content\/uploads\/2023\/11\/vila_nova_milfontes-1-862x576.png",862,576,true],"entry-cropped":["https:\/\/cooptaxis.pt\/wp-content\/uploads\/2023\/11\/vila_nova_milfontes-1-862x482.png",862,482,true],"entry-fullwidth":["https:\/\/cooptaxis.pt\/wp-content\/uploads\/2023\/11\/vila_nova_milfontes-1-1200x802.png",1200,802,true],"entry-cropped-fullwidth":["https:\/\/cooptaxis.pt\/wp-content\/uploads\/2023\/11\/vila_nova_milfontes-1-1200x671.png",1200,671,true]},"uagb_author_info":{"display_name":"mauriatti","author_link":"https:\/\/cooptaxis.pt\/es\/author\/"},"uagb_comment_info":0,"uagb_excerpt":"Disfruta de un encantador viaje hacia la belleza intacta de la costa de Alentejo. Una ruta pintoresca que te llevar\u00e1 a los lugares m\u00e1s emblem\u00e1ticos de estas regiones deslumbrantes, brindando una visi\u00f3n de las playas doradas que se extienden a lo largo de la costa y una vista magn\u00edfica de la isla de Pessegueiro. Al&hellip;","_links":{"self":[{"href":"https:\/\/cooptaxis.pt\/es\/wp-json\/wp\/v2\/product\/8906","targetHints":{"allow":["GET"]}}],"collection":[{"href":"https:\/\/cooptaxis.pt\/es\/wp-json\/wp\/v2\/product"}],"about":[{"href":"https:\/\/cooptaxis.pt\/es\/wp-json\/wp\/v2\/types\/product"}],"wp:featuredmedia":[{"embeddable":true,"href":"https:\/\/cooptaxis.pt\/es\/wp-json\/wp\/v2\/media\/8876"}],"wp:attachment":[{"href":"https:\/\/cooptaxis.pt\/es\/wp-json\/wp\/v2\/media?parent=8906"}],"wp:term":[{"taxonomy":"product_brand","embeddable":true,"href":"https:\/\/cooptaxis.pt\/es\/wp-json\/wp\/v2\/product_brand?post=8906"},{"taxonomy":"product_cat","embeddable":true,"href":"https:\/\/cooptaxis.pt\/es\/wp-json\/wp\/v2\/product_cat?post=8906"},{"taxonomy":"product_tag","embeddable":true,"href":"https:\/\/cooptaxis.pt\/es\/wp-json\/wp\/v2\/product_tag?post=8906"}],"curies":[{"name":"wp","href":"https:\/\/api.w.org\/{rel}","templated":true}]}}