{"id":1408,"date":"2019-02-07T13:54:31","date_gmt":"2019-02-07T13:54:31","guid":{"rendered":"https:\/\/new.cooptaxis.pt\/?page_id=1408"},"modified":"2019-02-26T17:09:47","modified_gmt":"2019-02-26T17:09:47","slug":"empresa-fr","status":"publish","type":"page","link":"https:\/\/cooptaxis.pt\/fr\/empresa-fr\/","title":{"rendered":"Soci\u00e9t\u00e9"},"content":{"rendered":"<div id=\"cs-content\" class=\"cs-content\"><\/div>\n","protected":false},"excerpt":{"rendered":"<p>La plus grande flotte nationale de taxis Coopt\u00e1xis est une marque d\u00e9pos\u00e9e d&rsquo;Autocoope, CRL, la plus grande coop\u00e9rative de taxis de la p\u00e9ninsule ib\u00e9rique. Coopt\u00e1xis, qui compte plus de 1 200 taxis et 2 400 professionnels, transporte chaque ann\u00e9e plus de 10 millions de passagers.Mission Notre mission est de fournir un service public de qualit\u00e9 garantissant la s\u00e9curit\u00e9 des passagers. &#8230; <\/p>\n<div><a href=\"https:\/\/cooptaxis.pt\/fr\/empresa-fr\/\" class=\"more-link\">Read More<\/a><\/div>\n","protected":false},"author":1,"featured_media":0,"parent":0,"menu_order":0,"comment_status":"closed","ping_status":"closed","template":"template-blank-4.php","meta":{"om_disable_all_campaigns":false,"_uag_custom_page_level_css":"","_monsterinsights_skip_tracking":false,"_monsterinsights_sitenote_active":false,"_monsterinsights_sitenote_note":"","_monsterinsights_sitenote_category":0,"footnotes":""},"class_list":["post-1408","page","type-page","status-publish","hentry","no-post-thumbnail"],"aioseo_notices":[],"yoast_head":"<!-- This site is optimized with the Yoast SEO plugin v24.7 - https:\/\/yoast.com\/wordpress\/plugins\/seo\/ -->\n<title>Soci\u00e9t\u00e9 - Coopt\u00e1xis<\/title>\n<meta name=\"robots\" content=\"index, follow, max-snippet:-1, max-image-preview:large, max-video-preview:-1\" \/>\n<link rel=\"canonical\" href=\"https:\/\/cooptaxis.pt\/fr\/empresa-fr\/\" \/>\n<meta property=\"og:locale\" content=\"fr_FR\" \/>\n<meta property=\"og:type\" content=\"article\" \/>\n<meta property=\"og:title\" content=\"Soci\u00e9t\u00e9 - Coopt\u00e1xis\" \/>\n<meta property=\"og:description\" content=\"La plus grande flotte nationale de taxis Coopt\u00e1xis est une marque d\u00e9pos\u00e9e d&#039;Autocoope, CRL, la plus grande coop\u00e9rative de taxis de la p\u00e9ninsule ib\u00e9rique. Coopt\u00e1xis, qui compte plus de 1 200 taxis et 2 400 professionnels, transporte chaque ann\u00e9e plus de 10 millions de passagers.Mission Notre mission est de fournir un service public de qualit\u00e9 garantissant la s\u00e9curit\u00e9 des passagers. ... Read More\" \/>\n<meta property=\"og:url\" content=\"https:\/\/cooptaxis.pt\/fr\/empresa-fr\/\" \/>\n<meta property=\"og:site_name\" content=\"Coopt\u00e1xis\" \/>\n<meta property=\"article:publisher\" content=\"https:\/\/www.instagram.com\/cooptaxisportugal\/\" \/>\n<meta property=\"article:modified_time\" content=\"2019-02-26T17:09:47+00:00\" \/>\n<meta name=\"twitter:card\" content=\"summary_large_image\" \/>\n<script type=\"application\/ld+json\" class=\"yoast-schema-graph\">{\"@context\":\"https:\/\/schema.org\",\"@graph\":[{\"@type\":\"WebPage\",\"@id\":\"https:\/\/cooptaxis.pt\/fr\/empresa-fr\/\",\"url\":\"https:\/\/cooptaxis.pt\/fr\/empresa-fr\/\",\"name\":\"Soci\u00e9t\u00e9 - Coopt\u00e1xis\",\"isPartOf\":{\"@id\":\"https:\/\/cooptaxis.pt\/#website\"},\"datePublished\":\"2019-02-07T13:54:31+00:00\",\"dateModified\":\"2019-02-26T17:09:47+00:00\",\"breadcrumb\":{\"@id\":\"https:\/\/cooptaxis.pt\/fr\/empresa-fr\/#breadcrumb\"},\"inLanguage\":\"fr-FR\",\"potentialAction\":[{\"@type\":\"ReadAction\",\"target\":[\"https:\/\/cooptaxis.pt\/fr\/empresa-fr\/\"]}]},{\"@type\":\"BreadcrumbList\",\"@id\":\"https:\/\/cooptaxis.pt\/fr\/empresa-fr\/#breadcrumb\",\"itemListElement\":[{\"@type\":\"ListItem\",\"position\":1,\"name\":\"In\u00edcio\",\"item\":\"https:\/\/cooptaxis.pt\/fr\/home\/\"},{\"@type\":\"ListItem\",\"position\":2,\"name\":\"Soci\u00e9t\u00e9\"}]},{\"@type\":\"WebSite\",\"@id\":\"https:\/\/cooptaxis.pt\/#website\",\"url\":\"https:\/\/cooptaxis.pt\/\",\"name\":\"Coopt\u00e1xis\",\"description\":\"A maior Frota Nacional de T\u00e1xis\",\"publisher\":{\"@id\":\"https:\/\/cooptaxis.pt\/#organization\"},\"potentialAction\":[{\"@type\":\"SearchAction\",\"target\":{\"@type\":\"EntryPoint\",\"urlTemplate\":\"https:\/\/cooptaxis.pt\/?s={search_term_string}\"},\"query-input\":{\"@type\":\"PropertyValueSpecification\",\"valueRequired\":true,\"valueName\":\"search_term_string\"}}],\"inLanguage\":\"fr-FR\"},{\"@type\":\"Organization\",\"@id\":\"https:\/\/cooptaxis.pt\/#organization\",\"name\":\"Coopt\u00e1xis\",\"url\":\"https:\/\/cooptaxis.pt\/\",\"logo\":{\"@type\":\"ImageObject\",\"inLanguage\":\"fr-FR\",\"@id\":\"https:\/\/cooptaxis.pt\/#\/schema\/logo\/image\/\",\"url\":\"https:\/\/cooptaxis.pt\/wp-content\/uploads\/2019\/02\/cropped-COOPTAXIS_fundo_Pantone.jpg\",\"contentUrl\":\"https:\/\/cooptaxis.pt\/wp-content\/uploads\/2019\/02\/cropped-COOPTAXIS_fundo_Pantone.jpg\",\"width\":512,\"height\":512,\"caption\":\"Coopt\u00e1xis\"},\"image\":{\"@id\":\"https:\/\/cooptaxis.pt\/#\/schema\/logo\/image\/\"},\"sameAs\":[\"https:\/\/www.instagram.com\/cooptaxisportugal\/\",\"https:\/\/www.youtube.com\/watch?v=jLvAnznJhBo&amp;amp;amp;list=PLXqoHUfSBV2Dh-_t5RfvN-rKuClmSlzfW\"]}]}<\/script>\n<!-- \/ Yoast SEO plugin. -->","yoast_head_json":{"title":"Soci\u00e9t\u00e9 - Coopt\u00e1xis","robots":{"index":"index","follow":"follow","max-snippet":"max-snippet:-1","max-image-preview":"max-image-preview:large","max-video-preview":"max-video-preview:-1"},"canonical":"https:\/\/cooptaxis.pt\/fr\/empresa-fr\/","og_locale":"fr_FR","og_type":"article","og_title":"Soci\u00e9t\u00e9 - Coopt\u00e1xis","og_description":"La plus grande flotte nationale de taxis Coopt\u00e1xis est une marque d\u00e9pos\u00e9e d'Autocoope, CRL, la plus grande coop\u00e9rative de taxis de la p\u00e9ninsule ib\u00e9rique. Coopt\u00e1xis, qui compte plus de 1 200 taxis et 2 400 professionnels, transporte chaque ann\u00e9e plus de 10 millions de passagers.Mission Notre mission est de fournir un service public de qualit\u00e9 garantissant la s\u00e9curit\u00e9 des passagers. ... Read More","og_url":"https:\/\/cooptaxis.pt\/fr\/empresa-fr\/","og_site_name":"Coopt\u00e1xis","article_publisher":"https:\/\/www.instagram.com\/cooptaxisportugal\/","article_modified_time":"2019-02-26T17:09:47+00:00","twitter_card":"summary_large_image","schema":{"@context":"https:\/\/schema.org","@graph":[{"@type":"WebPage","@id":"https:\/\/cooptaxis.pt\/fr\/empresa-fr\/","url":"https:\/\/cooptaxis.pt\/fr\/empresa-fr\/","name":"Soci\u00e9t\u00e9 - Coopt\u00e1xis","isPartOf":{"@id":"https:\/\/cooptaxis.pt\/#website"},"datePublished":"2019-02-07T13:54:31+00:00","dateModified":"2019-02-26T17:09:47+00:00","breadcrumb":{"@id":"https:\/\/cooptaxis.pt\/fr\/empresa-fr\/#breadcrumb"},"inLanguage":"fr-FR","potentialAction":[{"@type":"ReadAction","target":["https:\/\/cooptaxis.pt\/fr\/empresa-fr\/"]}]},{"@type":"BreadcrumbList","@id":"https:\/\/cooptaxis.pt\/fr\/empresa-fr\/#breadcrumb","itemListElement":[{"@type":"ListItem","position":1,"name":"In\u00edcio","item":"https:\/\/cooptaxis.pt\/fr\/home\/"},{"@type":"ListItem","position":2,"name":"Soci\u00e9t\u00e9"}]},{"@type":"WebSite","@id":"https:\/\/cooptaxis.pt\/#website","url":"https:\/\/cooptaxis.pt\/","name":"Coopt\u00e1xis","description":"A maior Frota Nacional de T\u00e1xis","publisher":{"@id":"https:\/\/cooptaxis.pt\/#organization"},"potentialAction":[{"@type":"SearchAction","target":{"@type":"EntryPoint","urlTemplate":"https:\/\/cooptaxis.pt\/?s={search_term_string}"},"query-input":{"@type":"PropertyValueSpecification","valueRequired":true,"valueName":"search_term_string"}}],"inLanguage":"fr-FR"},{"@type":"Organization","@id":"https:\/\/cooptaxis.pt\/#organization","name":"Coopt\u00e1xis","url":"https:\/\/cooptaxis.pt\/","logo":{"@type":"ImageObject","inLanguage":"fr-FR","@id":"https:\/\/cooptaxis.pt\/#\/schema\/logo\/image\/","url":"https:\/\/cooptaxis.pt\/wp-content\/uploads\/2019\/02\/cropped-COOPTAXIS_fundo_Pantone.jpg","contentUrl":"https:\/\/cooptaxis.pt\/wp-content\/uploads\/2019\/02\/cropped-COOPTAXIS_fundo_Pantone.jpg","width":512,"height":512,"caption":"Coopt\u00e1xis"},"image":{"@id":"https:\/\/cooptaxis.pt\/#\/schema\/logo\/image\/"},"sameAs":["https:\/\/www.instagram.com\/cooptaxisportugal\/","https:\/\/www.youtube.com\/watch?v=jLvAnznJhBo&amp;amp;amp;list=PLXqoHUfSBV2Dh-_t5RfvN-rKuClmSlzfW"]}]}},"uagb_featured_image_src":{"full":false,"thumbnail":false,"medium":false,"medium_large":false,"large":false,"1536x1536":false,"2048x2048":false,"woocommerce_thumbnail":false,"woocommerce_single":false,"woocommerce_gallery_thumbnail":false,"post-thumbnail":false,"entry":false,"entry-cropped":false,"entry-fullwidth":false,"entry-cropped-fullwidth":false},"uagb_author_info":{"display_name":"mauriatti","author_link":"https:\/\/cooptaxis.pt\/fr\/author\/mauriatti\/"},"uagb_comment_info":0,"uagb_excerpt":"La plus grande flotte nationale de taxis Coopt\u00e1xis est une marque d\u00e9pos\u00e9e d'Autocoope, CRL, la plus grande coop\u00e9rative de taxis de la p\u00e9ninsule ib\u00e9rique. Coopt\u00e1xis, qui compte plus de 1 200 taxis et 2 400 professionnels, transporte chaque ann\u00e9e plus de 10 millions de passagers.Mission Notre mission est de fournir un service public de qualit\u00e9\u2026","_links":{"self":[{"href":"https:\/\/cooptaxis.pt\/fr\/wp-json\/wp\/v2\/pages\/1408","targetHints":{"allow":["GET"]}}],"collection":[{"href":"https:\/\/cooptaxis.pt\/fr\/wp-json\/wp\/v2\/pages"}],"about":[{"href":"https:\/\/cooptaxis.pt\/fr\/wp-json\/wp\/v2\/types\/page"}],"author":[{"embeddable":true,"href":"https:\/\/cooptaxis.pt\/fr\/wp-json\/wp\/v2\/users\/1"}],"replies":[{"embeddable":true,"href":"https:\/\/cooptaxis.pt\/fr\/wp-json\/wp\/v2\/comments?post=1408"}],"version-history":[{"count":3,"href":"https:\/\/cooptaxis.pt\/fr\/wp-json\/wp\/v2\/pages\/1408\/revisions"}],"predecessor-version":[{"id":1541,"href":"https:\/\/cooptaxis.pt\/fr\/wp-json\/wp\/v2\/pages\/1408\/revisions\/1541"}],"wp:attachment":[{"href":"https:\/\/cooptaxis.pt\/fr\/wp-json\/wp\/v2\/media?parent=1408"}],"curies":[{"name":"wp","href":"https:\/\/api.w.org\/{rel}","templated":true}]}}