{"id":1497,"date":"2019-02-11T10:28:53","date_gmt":"2019-02-11T10:28:53","guid":{"rendered":"https:\/\/new.cooptaxis.pt\/?page_id=1497"},"modified":"2025-04-22T13:42:35","modified_gmt":"2025-04-22T13:42:35","slug":"netaxi-fr","status":"publish","type":"page","link":"https:\/\/cooptaxis.pt\/fr\/netaxi-fr\/","title":{"rendered":"netaxi-fr"},"content":{"rendered":"<div id=\"cs-content\" class=\"cs-content\"><\/div>\n","protected":false},"excerpt":{"rendered":"<p>Choisissez le type de taxi, la technologie disponible, le mode de paiement.Comme vous voulez, quand vous voulez, o\u00f9 vous voulez. R\u00e9servez votre trajet en toute libert\u00e9.. Lisboa Book Taxi Loures Book Taxi Odivelas Book Taxi Almada Book Taxi Seixal Book Taxi\/button> Faro Book Taxi Loul\u00e9\/Vilamoura Book Taxi Tavira Book Taxi Portim\u00e3o Book Taxi V. R. S. Ant\u00f3nio Book Taxi Olh\u00e3o &#8230; <\/p>\n<div><a href=\"https:\/\/cooptaxis.pt\/fr\/netaxi-fr\/\" class=\"more-link\">Read More<\/a><\/div>\n","protected":false},"author":1,"featured_media":0,"parent":0,"menu_order":0,"comment_status":"closed","ping_status":"closed","template":"template-blank-4.php","meta":{"om_disable_all_campaigns":false,"_uag_custom_page_level_css":"","_monsterinsights_skip_tracking":false,"_monsterinsights_sitenote_active":false,"_monsterinsights_sitenote_note":"","_monsterinsights_sitenote_category":0,"footnotes":""},"class_list":["post-1497","page","type-page","status-publish","hentry","no-post-thumbnail"],"aioseo_notices":[],"yoast_head":"<!-- This site is optimized with the Yoast SEO plugin v24.7 - https:\/\/yoast.com\/wordpress\/plugins\/seo\/ -->\n<title>netaxi-fr - Coopt\u00e1xis<\/title>\n<meta name=\"robots\" content=\"index, follow, max-snippet:-1, max-image-preview:large, max-video-preview:-1\" \/>\n<link rel=\"canonical\" href=\"https:\/\/cooptaxis.pt\/fr\/netaxi-fr\/\" \/>\n<meta property=\"og:locale\" content=\"fr_FR\" \/>\n<meta property=\"og:type\" content=\"article\" \/>\n<meta property=\"og:title\" content=\"netaxi-fr - Coopt\u00e1xis\" \/>\n<meta property=\"og:description\" content=\"Choisissez le type de taxi, la technologie disponible, le mode de paiement.Comme vous voulez, quand vous voulez, o\u00f9 vous voulez. R\u00e9servez votre trajet en toute libert\u00e9.. Lisboa Book Taxi Loures Book Taxi Odivelas Book Taxi Almada Book Taxi Seixal Book Taxi\/button&gt; Faro Book Taxi Loul\u00e9\/Vilamoura Book Taxi Tavira Book Taxi Portim\u00e3o Book Taxi V. R. S. Ant\u00f3nio Book Taxi Olh\u00e3o ... Read More\" \/>\n<meta property=\"og:url\" content=\"https:\/\/cooptaxis.pt\/fr\/netaxi-fr\/\" \/>\n<meta property=\"og:site_name\" content=\"Coopt\u00e1xis\" \/>\n<meta property=\"article:publisher\" content=\"https:\/\/www.instagram.com\/cooptaxisportugal\/\" \/>\n<meta property=\"article:modified_time\" content=\"2025-04-22T13:42:35+00:00\" \/>\n<meta name=\"twitter:card\" content=\"summary_large_image\" \/>\n<meta name=\"twitter:label1\" content=\"Dur\u00e9e de lecture estim\u00e9e\" \/>\n\t<meta name=\"twitter:data1\" content=\"2 minutes\" \/>\n<script type=\"application\/ld+json\" class=\"yoast-schema-graph\">{\"@context\":\"https:\/\/schema.org\",\"@graph\":[{\"@type\":\"WebPage\",\"@id\":\"https:\/\/cooptaxis.pt\/fr\/netaxi-fr\/\",\"url\":\"https:\/\/cooptaxis.pt\/fr\/netaxi-fr\/\",\"name\":\"netaxi-fr - Coopt\u00e1xis\",\"isPartOf\":{\"@id\":\"https:\/\/cooptaxis.pt\/#website\"},\"datePublished\":\"2019-02-11T10:28:53+00:00\",\"dateModified\":\"2025-04-22T13:42:35+00:00\",\"breadcrumb\":{\"@id\":\"https:\/\/cooptaxis.pt\/fr\/netaxi-fr\/#breadcrumb\"},\"inLanguage\":\"fr-FR\",\"potentialAction\":[{\"@type\":\"ReadAction\",\"target\":[\"https:\/\/cooptaxis.pt\/fr\/netaxi-fr\/\"]}]},{\"@type\":\"BreadcrumbList\",\"@id\":\"https:\/\/cooptaxis.pt\/fr\/netaxi-fr\/#breadcrumb\",\"itemListElement\":[{\"@type\":\"ListItem\",\"position\":1,\"name\":\"In\u00edcio\",\"item\":\"https:\/\/cooptaxis.pt\/fr\/home\/\"},{\"@type\":\"ListItem\",\"position\":2,\"name\":\"netaxi-fr\"}]},{\"@type\":\"WebSite\",\"@id\":\"https:\/\/cooptaxis.pt\/#website\",\"url\":\"https:\/\/cooptaxis.pt\/\",\"name\":\"Coopt\u00e1xis\",\"description\":\"A maior Frota Nacional de T\u00e1xis\",\"publisher\":{\"@id\":\"https:\/\/cooptaxis.pt\/#organization\"},\"potentialAction\":[{\"@type\":\"SearchAction\",\"target\":{\"@type\":\"EntryPoint\",\"urlTemplate\":\"https:\/\/cooptaxis.pt\/?s={search_term_string}\"},\"query-input\":{\"@type\":\"PropertyValueSpecification\",\"valueRequired\":true,\"valueName\":\"search_term_string\"}}],\"inLanguage\":\"fr-FR\"},{\"@type\":\"Organization\",\"@id\":\"https:\/\/cooptaxis.pt\/#organization\",\"name\":\"Coopt\u00e1xis\",\"url\":\"https:\/\/cooptaxis.pt\/\",\"logo\":{\"@type\":\"ImageObject\",\"inLanguage\":\"fr-FR\",\"@id\":\"https:\/\/cooptaxis.pt\/#\/schema\/logo\/image\/\",\"url\":\"https:\/\/cooptaxis.pt\/wp-content\/uploads\/2019\/02\/cropped-COOPTAXIS_fundo_Pantone.jpg\",\"contentUrl\":\"https:\/\/cooptaxis.pt\/wp-content\/uploads\/2019\/02\/cropped-COOPTAXIS_fundo_Pantone.jpg\",\"width\":512,\"height\":512,\"caption\":\"Coopt\u00e1xis\"},\"image\":{\"@id\":\"https:\/\/cooptaxis.pt\/#\/schema\/logo\/image\/\"},\"sameAs\":[\"https:\/\/www.instagram.com\/cooptaxisportugal\/\",\"https:\/\/www.youtube.com\/watch?v=jLvAnznJhBo&amp;amp;amp;list=PLXqoHUfSBV2Dh-_t5RfvN-rKuClmSlzfW\"]}]}<\/script>\n<!-- \/ Yoast SEO plugin. -->","yoast_head_json":{"title":"netaxi-fr - Coopt\u00e1xis","robots":{"index":"index","follow":"follow","max-snippet":"max-snippet:-1","max-image-preview":"max-image-preview:large","max-video-preview":"max-video-preview:-1"},"canonical":"https:\/\/cooptaxis.pt\/fr\/netaxi-fr\/","og_locale":"fr_FR","og_type":"article","og_title":"netaxi-fr - Coopt\u00e1xis","og_description":"Choisissez le type de taxi, la technologie disponible, le mode de paiement.Comme vous voulez, quand vous voulez, o\u00f9 vous voulez. R\u00e9servez votre trajet en toute libert\u00e9.. Lisboa Book Taxi Loures Book Taxi Odivelas Book Taxi Almada Book Taxi Seixal Book Taxi\/button> Faro Book Taxi Loul\u00e9\/Vilamoura Book Taxi Tavira Book Taxi Portim\u00e3o Book Taxi V. R. S. Ant\u00f3nio Book Taxi Olh\u00e3o ... Read More","og_url":"https:\/\/cooptaxis.pt\/fr\/netaxi-fr\/","og_site_name":"Coopt\u00e1xis","article_publisher":"https:\/\/www.instagram.com\/cooptaxisportugal\/","article_modified_time":"2025-04-22T13:42:35+00:00","twitter_card":"summary_large_image","twitter_misc":{"Dur\u00e9e de lecture estim\u00e9e":"2 minutes"},"schema":{"@context":"https:\/\/schema.org","@graph":[{"@type":"WebPage","@id":"https:\/\/cooptaxis.pt\/fr\/netaxi-fr\/","url":"https:\/\/cooptaxis.pt\/fr\/netaxi-fr\/","name":"netaxi-fr - Coopt\u00e1xis","isPartOf":{"@id":"https:\/\/cooptaxis.pt\/#website"},"datePublished":"2019-02-11T10:28:53+00:00","dateModified":"2025-04-22T13:42:35+00:00","breadcrumb":{"@id":"https:\/\/cooptaxis.pt\/fr\/netaxi-fr\/#breadcrumb"},"inLanguage":"fr-FR","potentialAction":[{"@type":"ReadAction","target":["https:\/\/cooptaxis.pt\/fr\/netaxi-fr\/"]}]},{"@type":"BreadcrumbList","@id":"https:\/\/cooptaxis.pt\/fr\/netaxi-fr\/#breadcrumb","itemListElement":[{"@type":"ListItem","position":1,"name":"In\u00edcio","item":"https:\/\/cooptaxis.pt\/fr\/home\/"},{"@type":"ListItem","position":2,"name":"netaxi-fr"}]},{"@type":"WebSite","@id":"https:\/\/cooptaxis.pt\/#website","url":"https:\/\/cooptaxis.pt\/","name":"Coopt\u00e1xis","description":"A maior Frota Nacional de T\u00e1xis","publisher":{"@id":"https:\/\/cooptaxis.pt\/#organization"},"potentialAction":[{"@type":"SearchAction","target":{"@type":"EntryPoint","urlTemplate":"https:\/\/cooptaxis.pt\/?s={search_term_string}"},"query-input":{"@type":"PropertyValueSpecification","valueRequired":true,"valueName":"search_term_string"}}],"inLanguage":"fr-FR"},{"@type":"Organization","@id":"https:\/\/cooptaxis.pt\/#organization","name":"Coopt\u00e1xis","url":"https:\/\/cooptaxis.pt\/","logo":{"@type":"ImageObject","inLanguage":"fr-FR","@id":"https:\/\/cooptaxis.pt\/#\/schema\/logo\/image\/","url":"https:\/\/cooptaxis.pt\/wp-content\/uploads\/2019\/02\/cropped-COOPTAXIS_fundo_Pantone.jpg","contentUrl":"https:\/\/cooptaxis.pt\/wp-content\/uploads\/2019\/02\/cropped-COOPTAXIS_fundo_Pantone.jpg","width":512,"height":512,"caption":"Coopt\u00e1xis"},"image":{"@id":"https:\/\/cooptaxis.pt\/#\/schema\/logo\/image\/"},"sameAs":["https:\/\/www.instagram.com\/cooptaxisportugal\/","https:\/\/www.youtube.com\/watch?v=jLvAnznJhBo&amp;amp;amp;list=PLXqoHUfSBV2Dh-_t5RfvN-rKuClmSlzfW"]}]}},"uagb_featured_image_src":{"full":false,"thumbnail":false,"medium":false,"medium_large":false,"large":false,"1536x1536":false,"2048x2048":false,"woocommerce_thumbnail":false,"woocommerce_single":false,"woocommerce_gallery_thumbnail":false,"post-thumbnail":false,"entry":false,"entry-cropped":false,"entry-fullwidth":false,"entry-cropped-fullwidth":false},"uagb_author_info":{"display_name":"mauriatti","author_link":"https:\/\/cooptaxis.pt\/fr\/author\/mauriatti\/"},"uagb_comment_info":0,"uagb_excerpt":"Choisissez le type de taxi, la technologie disponible, le mode de paiement.Comme vous voulez, quand vous voulez, o\u00f9 vous voulez. R\u00e9servez votre trajet en toute libert\u00e9.. Lisboa Book Taxi Loures Book Taxi Odivelas Book Taxi Almada Book Taxi Seixal Book Taxi\/button> Faro Book Taxi Loul\u00e9\/Vilamoura Book Taxi Tavira Book Taxi Portim\u00e3o Book Taxi V. R.\u2026","_links":{"self":[{"href":"https:\/\/cooptaxis.pt\/fr\/wp-json\/wp\/v2\/pages\/1497","targetHints":{"allow":["GET"]}}],"collection":[{"href":"https:\/\/cooptaxis.pt\/fr\/wp-json\/wp\/v2\/pages"}],"about":[{"href":"https:\/\/cooptaxis.pt\/fr\/wp-json\/wp\/v2\/types\/page"}],"author":[{"embeddable":true,"href":"https:\/\/cooptaxis.pt\/fr\/wp-json\/wp\/v2\/users\/1"}],"replies":[{"embeddable":true,"href":"https:\/\/cooptaxis.pt\/fr\/wp-json\/wp\/v2\/comments?post=1497"}],"version-history":[{"count":4,"href":"https:\/\/cooptaxis.pt\/fr\/wp-json\/wp\/v2\/pages\/1497\/revisions"}],"predecessor-version":[{"id":9856,"href":"https:\/\/cooptaxis.pt\/fr\/wp-json\/wp\/v2\/pages\/1497\/revisions\/9856"}],"wp:attachment":[{"href":"https:\/\/cooptaxis.pt\/fr\/wp-json\/wp\/v2\/media?parent=1497"}],"curies":[{"name":"wp","href":"https:\/\/api.w.org\/{rel}","templated":true}]}}