{"id":1629,"date":"2019-02-12T11:50:41","date_gmt":"2019-02-12T11:50:41","guid":{"rendered":"https:\/\/new.cooptaxis.pt\/a-minha-conta\/"},"modified":"2019-02-15T11:50:59","modified_gmt":"2019-02-15T11:50:59","slug":"a-minha-conta","status":"publish","type":"page","link":"https:\/\/cooptaxis.pt\/fr\/a-minha-conta\/","title":{"rendered":"CONDITIONS G\u00c9N\u00c9RALES"},"content":{"rendered":"<p><strong>CONDITIONS G\u00c9N\u00c9RALES<\/strong><\/p>\n<ol>\n<li><strong> Conditions g\u00e9n\u00e9rales<\/strong><br \/>\na) Coopt\u00e1xis\u00ae est une marque d\u00e9pos\u00e9e de Autocoope Cooperativa de T\u00e1xis de Lisboa, CRL, dont le si\u00e8ge est situ\u00e9 \u00e0 Av. Visconde Valmor, 30 ans, 1050-240 Lisboa et avec NIF 500 320 462, qui publie, fais la promotion et vend des produits sur son site Web, ce qui peut \u00eatre appr\u00e9ci\u00e9 par les d\u00e9tenteurs l\u00e9gitimes de bons d\u2019achat.<br \/>\nb) Les bons d&rsquo;achat mentionn\u00e9s prennent la forme d&rsquo;un bon en ligne, commercialis\u00e9 sur cooptaxis.pt, et utilisable dans le Portugal continental.<br \/>\nc) Les bons annonc\u00e9s et promus par Coopt\u00e1xis\u00ae incluent une vari\u00e9t\u00e9 de services, en constante \u00e9volution et mise \u00e0 jour.<br \/>\nd) Les produits divulgu\u00e9s et promus par Coopt\u00e1xis\u00ae sont fournis par des chauffeurs certifi\u00e9s et qualifi\u00e9s, selon les conditions d\u00e9finies dans les accords de partenariat conclus entre eux et Coopt\u00e1xis\u00ae.<br \/>\ne) Les bons d&rsquo;achat sont seulement consid\u00e9r\u00e9s valables apr\u00e8s le paiement correct de ceux-ci. Le porteur \/ acheteur doit conserver la preuve du paiement des bons achet\u00e9s sur le site Web Coopt\u00e1xis\u00ae, lequel est activ\u00e9 par un syst\u00e8me informatique situ\u00e9 dans le magasin m\u00eame. Si le syst\u00e8me de Coopt\u00e1xis\u00ae ne dispose pas de l&rsquo;enregistrement de ce paiement, se r\u00e9serve le droit de ne pas permettre le marquage de l&rsquo;accomplissement du service pr\u00e9vu.<br \/>\nf) Tout achat d\u2019un bon implique l\u2019acceptation par les acheteurs et les porteurs des pr\u00e9sentes conditions g\u00e9n\u00e9rales, ainsi que leur adh\u00e9sion pleine et enti\u00e8re aux conditions respectives, qui l\u2019emporte sur tout autre document des acheteurs ou des porteurs et, notamment, dans toutes autres conditions g\u00e9n\u00e9rales d&rsquo;achat, que les acheteurs ou les d\u00e9tenteurs reconnaissent express\u00e9ment qu&rsquo;elles ne seront pas applicables &#8211; sauf convention contraire \u00e9crite, expresse et pr\u00e9alable de Coopt\u00e1xis\u00ae.<br \/>\ng) Les informations contenues dans la description du bon, y compris les prix, ne lient pas Coopt\u00e1xis\u00ae avant la conclusion de chaque contrat.<\/li>\n<li><strong> Bons d&rsquo;achat \u2013 Marquage \/ R\u00e9alisation des Services<\/strong><br \/>\na) Les marquages ne seront consid\u00e9r\u00e9s comme valides et d\u00e9finitifs que lorsque le transporteur recevra la confirmation des services, par courrier \u00e9lectronique de Coopt\u00e1xis\u00ae.<br \/>\nb) Le jour de l&rsquo;ex\u00e9cution du service est une condition pour l&rsquo;ex\u00e9cution du service, la pr\u00e9sentation du bon au conducteur d\u00fbment sign\u00e9e et la pr\u00e9sence sur place le jour et l&rsquo;heure marqu\u00e9s.<br \/>\nc) L&rsquo;\u00e9mission de la facture sera trait\u00e9e imm\u00e9diatement apr\u00e8s la preuve de paiement.<\/li>\n<li><strong> Bons d&rsquo;achat \u2013 Services inclus<\/strong><br \/>\na) Les bons d&rsquo;achat en ligne conf\u00e8rent la possibilit\u00e9 de marquer et d&rsquo;ex\u00e9cuter les services publi\u00e9s ou promus par Coopt\u00e1xis\u00ae &#8211; ins\u00e9r\u00e9s dans la liste en ligne des produits de Coopt\u00e1xis\u00ae.<br \/>\nb) Dans le cas d\u2019un bon achet\u00e9 \u00e0 des conditions promotionnelles, l\u2019acheteur \/ le d\u00e9tenteur respectif ne peut effectuer aucun type d\u2019\u00e9change du produit achet\u00e9.<\/li>\n<li><strong> Bons d&rsquo;achat &#8211; Annulation, non pr\u00e9sentation et impr\u00e9vu<\/strong><br \/>\na) Toute modification ou annulation demand\u00e9e par le d\u00e9tenteur du bon d&rsquo;achat doit \u00eatre faite au moins 48 heures \u00e0 l&rsquo;avance.<br \/>\nb) Une annulation qui ne respecte pas le d\u00e9lai pr\u00e9vu au paragraphe pr\u00e9c\u00e9dent entra\u00eene la perte des droits inh\u00e9rents au bon en question.<br \/>\nc) Une fois le marquage effectu\u00e9, si le titulaire ne se pr\u00e9sente pas \u00e0 la date, \u00e0 l&rsquo;heure et \u00e0 l&rsquo;endroit marqu\u00e9s sans annulation ou modification des conditions d\u00e9crites ci-dessus, il perdra tous les droits inh\u00e9rents \u00e0 ce bon, \u00e0 savoir le droit \u00e0 un nouveau marquage.<br \/>\nd) Coopt\u00e1xis\u00ae ne peut \u00eatre tenu responsable si, pour des raisons impr\u00e9visibles ou naturelles, il ne peut pas ex\u00e9cuter les services achet\u00e9s et marqu\u00e9s.<br \/>\ne) Chaque fois que d&rsquo;autres raisons le justifient, Coopt\u00e1xis\u00ae peut modifier l&rsquo;ordre des produits vendus, modifier les horaires ou les lieux de d\u00e9part.<\/li>\n<li><strong> Description et dur\u00e9e des exp\u00e9riences et des transports<\/strong><br \/>\na) La description de chaque service, bien qu\u2019abr\u00e9g\u00e9e, est list\u00e9e dans l&rsquo;adresse cooptaxis.pt. Ces descriptions peuvent \u00eatre modifi\u00e9es sans pr\u00e9avis (notamment en ce qui concerne la dur\u00e9e et les caract\u00e9ristiques des services inclus).<br \/>\nb) La dur\u00e9e de la prestation est approximative et le prix respectif suppose la dur\u00e9e maximale de douze heures, laquelle, \u00e0 l&rsquo;exception des transferts, lorsque d\u00e9pass\u00e9e, d\u00e9termine le recouvrement de l&rsquo;augmentation correspondante.<br \/>\nc) Les voyages (visites et transferts) ne incluent pas l&rsquo;h\u00e9bergement, les repas, les entr\u00e9es et l&rsquo;accompagnement dans les monuments, et autres lieux d&rsquo;int\u00e9r\u00eat touristique ou arr\u00eats.<\/li>\n<li><strong> Validit\u00e9 des cadeaux &#8211; Termes et conditions<\/strong><br \/>\nEn achetant un coupon annonc\u00e9 par Coopt\u00e1xis\u00ae, les acheteurs, les d\u00e9tenteurs et, en g\u00e9n\u00e9ral, tous les clients de Coopt\u00e1xis\u00ae d\u00e9clarent express\u00e9ment avoir \u00e9t\u00e9 correctement inform\u00e9s des pr\u00e9sentes conditions d&rsquo;utilisation, pr\u00e9cisant par la suite qu\u2019ils ont pris connaissance et compr\u00e9hension totale et pleinement compl\u00e8te de son contenu, ses conditions et son implication, et d\u00e9clare en outre accepter sans r\u00e9serve les pr\u00e9sentes conditions g\u00e9n\u00e9rales.<\/li>\n<\/ol>\n<p>L&rsquo;acheteur \/ d\u00e9tenteur du coupon en assume l&rsquo;enti\u00e8re responsabilit\u00e9 apr\u00e8s sa validation par Coopt\u00e1xis\u00ae, notamment pour sa non-utilisation, sa perte, son vol ou sa destruction, et ne peut, en raison de tels actes, exiger une indemnit\u00e9 ou une indemnisation de la part de Coopt\u00e1xis\u00ae.<\/p>\n<ol start=\"7\">\n<li><strong> Suggestions et plaintes<\/strong><br \/>\nVotre avis est important pour Coopt\u00e1xis\u00ae. Si vous avez une suggestion ou une plainte, n&rsquo;h\u00e9sitez pas \u00e0 la soumettre, car cela est extr\u00eamement important pour l&rsquo;am\u00e9lioration de nos services. Contactez-nous \u00e0 taxi@cooptaxis.pt.<\/li>\n<\/ol>\n","protected":false},"excerpt":{"rendered":"<p>CONDITIONS G\u00c9N\u00c9RALES Conditions g\u00e9n\u00e9rales a) Coopt\u00e1xis\u00ae est une marque d\u00e9pos\u00e9e de Autocoope Cooperativa de T\u00e1xis de Lisboa, CRL, dont le si\u00e8ge est situ\u00e9 \u00e0 Av. Visconde Valmor, 30 ans, 1050-240 Lisboa et avec NIF 500 320 462, qui publie, fais la promotion et vend des produits sur son site Web, ce qui peut \u00eatre appr\u00e9ci\u00e9 par les d\u00e9tenteurs l\u00e9gitimes de &#8230; <\/p>\n<div><a href=\"https:\/\/cooptaxis.pt\/fr\/a-minha-conta\/\" class=\"more-link\">Read More<\/a><\/div>\n","protected":false},"author":1,"featured_media":0,"parent":0,"menu_order":0,"comment_status":"closed","ping_status":"open","template":"template-blank-1.php","meta":{"om_disable_all_campaigns":false,"_uag_custom_page_level_css":"","_monsterinsights_skip_tracking":false,"_monsterinsights_sitenote_active":false,"_monsterinsights_sitenote_note":"","_monsterinsights_sitenote_category":0,"footnotes":""},"class_list":["post-1629","page","type-page","status-publish","hentry","no-post-thumbnail"],"aioseo_notices":[],"yoast_head":"<!-- This site is optimized with the Yoast SEO plugin v24.7 - https:\/\/yoast.com\/wordpress\/plugins\/seo\/ -->\n<title>CONDITIONS G\u00c9N\u00c9RALES - Coopt\u00e1xis<\/title>\n<meta name=\"robots\" content=\"index, follow, max-snippet:-1, max-image-preview:large, max-video-preview:-1\" \/>\n<link rel=\"canonical\" href=\"https:\/\/cooptaxis.pt\/fr\/a-minha-conta\/\" \/>\n<meta property=\"og:locale\" content=\"fr_FR\" \/>\n<meta property=\"og:type\" content=\"article\" \/>\n<meta property=\"og:title\" content=\"CONDITIONS G\u00c9N\u00c9RALES - Coopt\u00e1xis\" \/>\n<meta property=\"og:description\" content=\"CONDITIONS G\u00c9N\u00c9RALES Conditions g\u00e9n\u00e9rales a) Coopt\u00e1xis\u00ae est une marque d\u00e9pos\u00e9e de Autocoope Cooperativa de T\u00e1xis de Lisboa, CRL, dont le si\u00e8ge est situ\u00e9 \u00e0 Av. Visconde Valmor, 30 ans, 1050-240 Lisboa et avec NIF 500 320 462, qui publie, fais la promotion et vend des produits sur son site Web, ce qui peut \u00eatre appr\u00e9ci\u00e9 par les d\u00e9tenteurs l\u00e9gitimes de ... Read More\" \/>\n<meta property=\"og:url\" content=\"https:\/\/cooptaxis.pt\/fr\/a-minha-conta\/\" \/>\n<meta property=\"og:site_name\" content=\"Coopt\u00e1xis\" \/>\n<meta property=\"article:publisher\" content=\"https:\/\/www.instagram.com\/cooptaxisportugal\/\" \/>\n<meta property=\"article:modified_time\" content=\"2019-02-15T11:50:59+00:00\" \/>\n<meta name=\"twitter:card\" content=\"summary_large_image\" \/>\n<meta name=\"twitter:label1\" content=\"Dur\u00e9e de lecture estim\u00e9e\" \/>\n\t<meta name=\"twitter:data1\" content=\"5 minutes\" \/>\n<script type=\"application\/ld+json\" class=\"yoast-schema-graph\">{\"@context\":\"https:\/\/schema.org\",\"@graph\":[{\"@type\":\"WebPage\",\"@id\":\"https:\/\/cooptaxis.pt\/fr\/a-minha-conta\/\",\"url\":\"https:\/\/cooptaxis.pt\/fr\/a-minha-conta\/\",\"name\":\"CONDITIONS G\u00c9N\u00c9RALES - Coopt\u00e1xis\",\"isPartOf\":{\"@id\":\"https:\/\/cooptaxis.pt\/#website\"},\"datePublished\":\"2019-02-12T11:50:41+00:00\",\"dateModified\":\"2019-02-15T11:50:59+00:00\",\"breadcrumb\":{\"@id\":\"https:\/\/cooptaxis.pt\/fr\/a-minha-conta\/#breadcrumb\"},\"inLanguage\":\"fr-FR\",\"potentialAction\":[{\"@type\":\"ReadAction\",\"target\":[\"https:\/\/cooptaxis.pt\/fr\/a-minha-conta\/\"]}]},{\"@type\":\"BreadcrumbList\",\"@id\":\"https:\/\/cooptaxis.pt\/fr\/a-minha-conta\/#breadcrumb\",\"itemListElement\":[{\"@type\":\"ListItem\",\"position\":1,\"name\":\"In\u00edcio\",\"item\":\"https:\/\/cooptaxis.pt\/fr\/home\/\"},{\"@type\":\"ListItem\",\"position\":2,\"name\":\"CONDITIONS G\u00c9N\u00c9RALES\"}]},{\"@type\":\"WebSite\",\"@id\":\"https:\/\/cooptaxis.pt\/#website\",\"url\":\"https:\/\/cooptaxis.pt\/\",\"name\":\"Coopt\u00e1xis\",\"description\":\"A maior Frota Nacional de T\u00e1xis\",\"publisher\":{\"@id\":\"https:\/\/cooptaxis.pt\/#organization\"},\"potentialAction\":[{\"@type\":\"SearchAction\",\"target\":{\"@type\":\"EntryPoint\",\"urlTemplate\":\"https:\/\/cooptaxis.pt\/?s={search_term_string}\"},\"query-input\":{\"@type\":\"PropertyValueSpecification\",\"valueRequired\":true,\"valueName\":\"search_term_string\"}}],\"inLanguage\":\"fr-FR\"},{\"@type\":\"Organization\",\"@id\":\"https:\/\/cooptaxis.pt\/#organization\",\"name\":\"Coopt\u00e1xis\",\"url\":\"https:\/\/cooptaxis.pt\/\",\"logo\":{\"@type\":\"ImageObject\",\"inLanguage\":\"fr-FR\",\"@id\":\"https:\/\/cooptaxis.pt\/#\/schema\/logo\/image\/\",\"url\":\"https:\/\/cooptaxis.pt\/wp-content\/uploads\/2019\/02\/cropped-COOPTAXIS_fundo_Pantone.jpg\",\"contentUrl\":\"https:\/\/cooptaxis.pt\/wp-content\/uploads\/2019\/02\/cropped-COOPTAXIS_fundo_Pantone.jpg\",\"width\":512,\"height\":512,\"caption\":\"Coopt\u00e1xis\"},\"image\":{\"@id\":\"https:\/\/cooptaxis.pt\/#\/schema\/logo\/image\/\"},\"sameAs\":[\"https:\/\/www.instagram.com\/cooptaxisportugal\/\",\"https:\/\/www.youtube.com\/watch?v=jLvAnznJhBo&amp;amp;amp;list=PLXqoHUfSBV2Dh-_t5RfvN-rKuClmSlzfW\"]}]}<\/script>\n<!-- \/ Yoast SEO plugin. -->","yoast_head_json":{"title":"CONDITIONS G\u00c9N\u00c9RALES - Coopt\u00e1xis","robots":{"index":"index","follow":"follow","max-snippet":"max-snippet:-1","max-image-preview":"max-image-preview:large","max-video-preview":"max-video-preview:-1"},"canonical":"https:\/\/cooptaxis.pt\/fr\/a-minha-conta\/","og_locale":"fr_FR","og_type":"article","og_title":"CONDITIONS G\u00c9N\u00c9RALES - Coopt\u00e1xis","og_description":"CONDITIONS G\u00c9N\u00c9RALES Conditions g\u00e9n\u00e9rales a) Coopt\u00e1xis\u00ae est une marque d\u00e9pos\u00e9e de Autocoope Cooperativa de T\u00e1xis de Lisboa, CRL, dont le si\u00e8ge est situ\u00e9 \u00e0 Av. Visconde Valmor, 30 ans, 1050-240 Lisboa et avec NIF 500 320 462, qui publie, fais la promotion et vend des produits sur son site Web, ce qui peut \u00eatre appr\u00e9ci\u00e9 par les d\u00e9tenteurs l\u00e9gitimes de ... Read More","og_url":"https:\/\/cooptaxis.pt\/fr\/a-minha-conta\/","og_site_name":"Coopt\u00e1xis","article_publisher":"https:\/\/www.instagram.com\/cooptaxisportugal\/","article_modified_time":"2019-02-15T11:50:59+00:00","twitter_card":"summary_large_image","twitter_misc":{"Dur\u00e9e de lecture estim\u00e9e":"5 minutes"},"schema":{"@context":"https:\/\/schema.org","@graph":[{"@type":"WebPage","@id":"https:\/\/cooptaxis.pt\/fr\/a-minha-conta\/","url":"https:\/\/cooptaxis.pt\/fr\/a-minha-conta\/","name":"CONDITIONS G\u00c9N\u00c9RALES - Coopt\u00e1xis","isPartOf":{"@id":"https:\/\/cooptaxis.pt\/#website"},"datePublished":"2019-02-12T11:50:41+00:00","dateModified":"2019-02-15T11:50:59+00:00","breadcrumb":{"@id":"https:\/\/cooptaxis.pt\/fr\/a-minha-conta\/#breadcrumb"},"inLanguage":"fr-FR","potentialAction":[{"@type":"ReadAction","target":["https:\/\/cooptaxis.pt\/fr\/a-minha-conta\/"]}]},{"@type":"BreadcrumbList","@id":"https:\/\/cooptaxis.pt\/fr\/a-minha-conta\/#breadcrumb","itemListElement":[{"@type":"ListItem","position":1,"name":"In\u00edcio","item":"https:\/\/cooptaxis.pt\/fr\/home\/"},{"@type":"ListItem","position":2,"name":"CONDITIONS G\u00c9N\u00c9RALES"}]},{"@type":"WebSite","@id":"https:\/\/cooptaxis.pt\/#website","url":"https:\/\/cooptaxis.pt\/","name":"Coopt\u00e1xis","description":"A maior Frota Nacional de T\u00e1xis","publisher":{"@id":"https:\/\/cooptaxis.pt\/#organization"},"potentialAction":[{"@type":"SearchAction","target":{"@type":"EntryPoint","urlTemplate":"https:\/\/cooptaxis.pt\/?s={search_term_string}"},"query-input":{"@type":"PropertyValueSpecification","valueRequired":true,"valueName":"search_term_string"}}],"inLanguage":"fr-FR"},{"@type":"Organization","@id":"https:\/\/cooptaxis.pt\/#organization","name":"Coopt\u00e1xis","url":"https:\/\/cooptaxis.pt\/","logo":{"@type":"ImageObject","inLanguage":"fr-FR","@id":"https:\/\/cooptaxis.pt\/#\/schema\/logo\/image\/","url":"https:\/\/cooptaxis.pt\/wp-content\/uploads\/2019\/02\/cropped-COOPTAXIS_fundo_Pantone.jpg","contentUrl":"https:\/\/cooptaxis.pt\/wp-content\/uploads\/2019\/02\/cropped-COOPTAXIS_fundo_Pantone.jpg","width":512,"height":512,"caption":"Coopt\u00e1xis"},"image":{"@id":"https:\/\/cooptaxis.pt\/#\/schema\/logo\/image\/"},"sameAs":["https:\/\/www.instagram.com\/cooptaxisportugal\/","https:\/\/www.youtube.com\/watch?v=jLvAnznJhBo&amp;amp;amp;list=PLXqoHUfSBV2Dh-_t5RfvN-rKuClmSlzfW"]}]}},"uagb_featured_image_src":{"full":false,"thumbnail":false,"medium":false,"medium_large":false,"large":false,"1536x1536":false,"2048x2048":false,"woocommerce_thumbnail":false,"woocommerce_single":false,"woocommerce_gallery_thumbnail":false,"post-thumbnail":false,"entry":false,"entry-cropped":false,"entry-fullwidth":false,"entry-cropped-fullwidth":false},"uagb_author_info":{"display_name":"mauriatti","author_link":"https:\/\/cooptaxis.pt\/fr\/author\/mauriatti\/"},"uagb_comment_info":0,"uagb_excerpt":"CONDITIONS G\u00c9N\u00c9RALES Conditions g\u00e9n\u00e9rales a) Coopt\u00e1xis\u00ae est une marque d\u00e9pos\u00e9e de Autocoope Cooperativa de T\u00e1xis de Lisboa, CRL, dont le si\u00e8ge est situ\u00e9 \u00e0 Av. Visconde Valmor, 30 ans, 1050-240 Lisboa et avec NIF 500 320 462, qui publie, fais la promotion et vend des produits sur son site Web, ce qui peut \u00eatre appr\u00e9ci\u00e9\u2026","_links":{"self":[{"href":"https:\/\/cooptaxis.pt\/fr\/wp-json\/wp\/v2\/pages\/1629","targetHints":{"allow":["GET"]}}],"collection":[{"href":"https:\/\/cooptaxis.pt\/fr\/wp-json\/wp\/v2\/pages"}],"about":[{"href":"https:\/\/cooptaxis.pt\/fr\/wp-json\/wp\/v2\/types\/page"}],"author":[{"embeddable":true,"href":"https:\/\/cooptaxis.pt\/fr\/wp-json\/wp\/v2\/users\/1"}],"replies":[{"embeddable":true,"href":"https:\/\/cooptaxis.pt\/fr\/wp-json\/wp\/v2\/comments?post=1629"}],"version-history":[{"count":2,"href":"https:\/\/cooptaxis.pt\/fr\/wp-json\/wp\/v2\/pages\/1629\/revisions"}],"predecessor-version":[{"id":2000,"href":"https:\/\/cooptaxis.pt\/fr\/wp-json\/wp\/v2\/pages\/1629\/revisions\/2000"}],"wp:attachment":[{"href":"https:\/\/cooptaxis.pt\/fr\/wp-json\/wp\/v2\/media?parent=1629"}],"curies":[{"name":"wp","href":"https:\/\/api.w.org\/{rel}","templated":true}]}}