{"id":1901,"date":"2019-02-13T16:11:12","date_gmt":"2019-02-13T16:11:12","guid":{"rendered":"https:\/\/new.cooptaxis.pt\/?page_id=1901"},"modified":"2019-02-13T16:16:29","modified_gmt":"2019-02-13T16:16:29","slug":"politique-de-confidentialite","status":"publish","type":"page","link":"https:\/\/cooptaxis.pt\/fr\/politique-de-confidentialite\/","title":{"rendered":"Politique de Confidentialit\u00e9"},"content":{"rendered":"<h2 class=\"wp-block-heading\">POLITIQUE DE CONFIDENTIALIT\u00c9<br><\/h2><p><\/p><p class=\"has-text-color has-very-dark-gray-color\"><a>Coopt\u00e1xis s&rsquo;engage \u00e0 prot\u00e9ger la vie priv\u00e9e des utilisateurs des sites Web et des applications propos\u00e9s.<\/a> <br>Cette politique de confidentialit\u00e9 a \u00e9t\u00e9 \u00e9labor\u00e9e dans le but d&rsquo;affirmer son engagement et son respect des r\u00e8gles de confidentialit\u00e9 et de protection des donn\u00e9es personnelles.  <br>L&rsquo;utilisation et la navigation sur nos sites Web et applications et la fourniture de donn\u00e9es impliquent la connaissance et l&rsquo;acceptation des conditions de cette politique de confidentialit\u00e9.  <br>Coopt\u00e1xis offre \u00e0 tous ses clients le service de centre d&rsquo;appels pour l&rsquo;envoi de services de transport en taxi, ne fournissant pas d&rsquo;informations contractuelles ni de donn\u00e9es personnelles \u00e0 des tiers.  <br>Cependant, nous nous r\u00e9servons le droit, conform\u00e9ment \u00e0 une obligation l\u00e9gale et \u00e0 la demande de l&rsquo;autorit\u00e9 comp\u00e9tente (autorit\u00e9s fiscales et douani\u00e8res, tribunaux, forces de s\u00e9curit\u00e9 et autres juridiquement applicables), de nous informer de vos <\/p><h4 class=\"wp-block-heading\"><strong>Contr\u00f4leur de\ndonn\u00e9es<\/strong><\/h4><p class=\"has-text-color has-very-dark-gray-color\">L&rsquo;Autocoope &#8211; Coop\u00e9rative de Taxis\nde Lisbonne, C.R.L, propri\u00e9taire de la marque Coopt\u00e1xis, ayant son si\u00e8ge social\n\u00e0 Av. Visconde Valmor, n \u00b0 30 rc\/dto, 1050-240 Lisboa, est l&rsquo;entit\u00e9 responsable\nde la gestion de vos donn\u00e9es personnelles. <\/p><p class=\"has-text-color has-very-dark-gray-color\">La personne concern\u00e9e peut contacter\nAutocoope, CRL par \u00e9crit pour toute question relative \u00e0 la protection des\ndonn\u00e9es \u00e0 caract\u00e8re personnel, ainsi que pour l&rsquo;exercice des droits relatifs\naux donn\u00e9es \u00e0 caract\u00e8re personnel, par registre postal \u00e0 l&rsquo;adresse\nsusmentionn\u00e9e ou par courrier \u00e9lectronique \u00e0 l&rsquo;adresse du d\u00e9l\u00e9gu\u00e9 \u00e0 la\nprotection des donn\u00e9es.<\/p><p class=\"has-text-color has-very-dark-gray-color\">Le d\u00e9l\u00e9gu\u00e9 \u00e0 la protection des\ndonn\u00e9es peut \u00eatre contact\u00e9 par \u00e9crit \u00e0 l&rsquo;adresse susmentionn\u00e9e et par courrier\n\u00e9lectronique \u00e0 l&rsquo;adresse dpo@autocoope.pt.<\/p><h4 class=\"wp-block-heading\"><strong>Donn\u00e9es\npersonnelles<\/strong><\/h4><p class=\"has-text-color has-very-dark-gray-color\">\u00ab\u00a0Donn\u00e9es \u00e0 caract\u00e8re personnel\u00a0\u00bb d\u00e9signe toute information, de quelque nature que ce soit et quel que soit son support (son et image compris), relative \u00e0 une personne physique identifi\u00e9e ou identifiable (personne concern\u00e9e).<br>Toute personne qui peut \u00eatre reconnue directement ou indirectement, y compris par r\u00e9f\u00e9rence \u00e0 un num\u00e9ro d&rsquo;identification ou \u00e0 d&rsquo;autres \u00e9l\u00e9ments sp\u00e9cifiques de son identit\u00e9 physique, physiologique, psychique, \u00e9conomique, culturelle ou sociale, est consid\u00e9r\u00e9e comme identifiable.<\/p><h4 class=\"wp-block-heading\"><strong>Collection et but\ndu traitement<\/strong><\/h4><p class=\"has-text-color has-very-dark-gray-color\">Coopt\u00e1xis collecte, fournie par le\ntitulaire respectif, et le traitement, entre autres, des donn\u00e9es personnelles suivantes\n: nom, num\u00e9ro de t\u00e9l\u00e9phone, adresse, email, NIF et adresse email. <\/p><p class=\"has-text-color has-very-dark-gray-color\">Coopt\u00e1xis suppose que les donn\u00e9es fournies\nsont les donn\u00e9es respectives du titulaire ou que l&rsquo;auteur en a donn\u00e9\nl&rsquo;autorisation, et pr\u00e9sume qu&rsquo;elles sont vraies et \u00e0 jour.<\/p><p class=\"has-text-color has-very-dark-gray-color\"><strong>Les donn\u00e9es personnelles peuvent \u00eatre collect\u00e9es par les moyens suivants :<\/strong><\/p><p class=\"has-text-color has-very-dark-gray-color\">E-mail ; <br>Sites Web ;  <br>Appels t\u00e9l\u00e9phoniques ;  <br>Applications install\u00e9es sur des appareils mobiles <\/p><p class=\"has-text-color has-very-dark-gray-color\"><strong>Les donn\u00e9es personnelles que nous traitons ne seront utilis\u00e9es qu&rsquo;aux fins suivantes :<\/strong><\/p><p class=\"has-text-color has-very-dark-gray-color\">Requ\u00eate, gestion, traitement et autres n\u00e9cessaires \u00e0 la fourniture de services \/ produits ;<\/p><p class=\"has-text-color has-very-dark-gray-color\">Les donn\u00e9es collect\u00e9es sont trait\u00e9es et stock\u00e9es dans une base de donn\u00e9es\ninformatis\u00e9e dans le strict respect de la l\u00e9gislation sur la protection des\ndonn\u00e9es \u00e0 caract\u00e8re personnel par Coopt\u00e1xis ou par les entit\u00e9s sous contrat\navec elle. Certaines donn\u00e9es \u00e0 caract\u00e8re personnel collect\u00e9es sur le site Web\nsont obligatoires et l&rsquo;absence ou l&rsquo;insuffisance des donn\u00e9es demand\u00e9es peut\nd\u00e9terminer l&rsquo;impossibilit\u00e9 pour Coopt\u00e1xis de fournir les services ou les\ndemandes \/ informations recherch\u00e9es. <\/p><p class=\"has-text-color has-very-dark-gray-color\">Autocoope, CRL peut sous-traiter la fourniture de services \u00e0 d&rsquo;autres\nsoci\u00e9t\u00e9s ou entit\u00e9s afin de r\u00e9pondre aux objectifs indiqu\u00e9s ci-dessus. Dans ce\ncas, il sera certifi\u00e9 que ces entit\u00e9s se conforment aux exigences du RGPD. <\/p><h4 class=\"wp-block-heading\"><strong>Vos droits<\/strong><\/h4><p class=\"has-text-color has-very-dark-gray-color\">Conform\u00e9ment \u00e0 la l\u00e9gislation\napplicable, la personne concern\u00e9e peut demander \u00e0 tout moment l&rsquo;acc\u00e8s \u00e0 ses\ndonn\u00e9es \u00e0 caract\u00e8re personnel, ainsi que sa rectification, l&rsquo;\u00e9limination ou la\nlimitation de son traitement et la portabilit\u00e9 de ses donn\u00e9es, ou de s&rsquo;opposer\n\u00e0 (sauf pour les donn\u00e9es strictement n\u00e9cessaires \u00e0 la fourniture du service),\ndirectement via une demande \u00e9crite adress\u00e9e aux adresses indiqu\u00e9es ci-dessus.<\/p><p class=\"has-text-color has-very-dark-gray-color\">Vous pouvez obtenir une confirmation\nde vos donn\u00e9es personnelles ainsi que l&rsquo;acc\u00e8s \u00e0 celles-ci. Une copie des\ndonn\u00e9es trait\u00e9es par Coopt\u00e1xis vous sera mise \u00e0 votre disposition si vous en\navez besoin.<\/p><p class=\"has-text-color has-very-dark-gray-color\">&nbsp;<br>\nAux termes de la loi, vous b\u00e9n\u00e9ficiez \u00e9galement du droit de retirer, par les\nmoyens susmentionn\u00e9s, votre autorisation pour le traitement de donn\u00e9es dont le\nconsentement constitue la base de la l\u00e9gitimit\u00e9 du traitement et \/ ou de\nl&rsquo;effacement correspondants. <\/p><p class=\"has-text-color has-very-dark-gray-color\"><br>\nSans pr\u00e9judice de tout autre recours administratif ou judiciaire, la personne\nconcern\u00e9e a le droit de d\u00e9poser une plainte aupr\u00e8s de la Commission nationale\nde la protection des donn\u00e9es (CNPD) ou d&rsquo;une autre autorit\u00e9 de contr\u00f4le\ncomp\u00e9tente conform\u00e9ment \u00e0 la loi si elle estime que ses donn\u00e9es ne sont pas\nl\u00e9galement trait\u00e9es par Coopt\u00e1xis, conform\u00e9ment \u00e0 la l\u00e9gislation applicable et\n\u00e0 la pr\u00e9sente Politique de Confidentialit\u00e9.<\/p><h4 class=\"wp-block-heading\"><strong>Dur\u00e9e de vie<\/strong><\/h4><p class=\"has-text-color has-very-dark-gray-color\">Les donn\u00e9es personnelles collect\u00e9es sont trait\u00e9es conform\u00e9ment au droit\napplicable et stock\u00e9es dans des bases de donn\u00e9es sp\u00e9cifiques cr\u00e9\u00e9es \u00e0 cet\neffet.<br>\nLa dur\u00e9e pendant laquelle les donn\u00e9es sont stock\u00e9es varie en fonction de la\nfinalit\u00e9 pour laquelle elles ont \u00e9t\u00e9 collect\u00e9es et est conserv\u00e9e pendant la dur\u00e9e\ndu contrat concern\u00e9, sauf dans des situations couvertes par une obligation\nl\u00e9gale.<\/p><h4 class=\"wp-block-heading\"><strong>Transfert de donn\u00e9es<\/strong><\/h4><p class=\"has-text-color has-very-dark-gray-color\">En cas de transfert \/ portabilit\u00e9\ndes donn\u00e9es vers des pays tiers en dehors de l&rsquo;Union europ\u00e9enne ou de l&rsquo;Espace\n\u00e9conomique europ\u00e9en, Coopt\u00e1xis respectera la loi, en particulier en ce qui\nconcerne l&rsquo;aptitude du pays de destination \u00e0 la protection des donn\u00e9es \u00e0\ncaract\u00e8re personnel et applicables \u00e0 de tels transferts, et les donn\u00e9es\npersonnelles ne sont pas transf\u00e9r\u00e9es \u00e0 des juridictions qui ne fournissent pas\nde garanties de s\u00e9curit\u00e9 et de protection.<\/p><h4 class=\"wp-block-heading\"><strong>Changements de la politique de\nconfidentialit\u00e9 <\/strong><\/h4><p class=\"has-text-color has-very-dark-gray-color\">Coopt\u00e1xis se r\u00e9serve le droit, si\nn\u00e9cessaire, d&rsquo;apporter des modifications ou des mises \u00e0 jour \u00e0 la pr\u00e9sente\npolitique de confidentialit\u00e9, modifications qui seront mises \u00e0 jour dans nos\nplates-formes. Nous vous sugg\u00e9rons de les v\u00e9rifier r\u00e9guli\u00e8rement pour \u00eatre au\ncourant de tout changement.<\/p>","protected":false},"excerpt":{"rendered":"<p>POLITIQUE DE CONFIDENTIALIT\u00c9 Coopt\u00e1xis s&rsquo;engage \u00e0 prot\u00e9ger la vie priv\u00e9e des utilisateurs des sites Web et des applications propos\u00e9s. Cette politique de confidentialit\u00e9 a \u00e9t\u00e9 \u00e9labor\u00e9e dans le but d&rsquo;affirmer son engagement et son respect des r\u00e8gles de confidentialit\u00e9 et de protection des donn\u00e9es personnelles. L&rsquo;utilisation et la navigation sur nos sites Web et applications et la fourniture de donn\u00e9es &#8230; <\/p>\n<div><a href=\"https:\/\/cooptaxis.pt\/fr\/politique-de-confidentialite\/\" class=\"more-link\">Read More<\/a><\/div>\n","protected":false},"author":1,"featured_media":0,"parent":0,"menu_order":0,"comment_status":"closed","ping_status":"closed","template":"template-blank-1.php","meta":{"om_disable_all_campaigns":false,"_uag_custom_page_level_css":"","_monsterinsights_skip_tracking":false,"_monsterinsights_sitenote_active":false,"_monsterinsights_sitenote_note":"","_monsterinsights_sitenote_category":0,"footnotes":""},"class_list":["post-1901","page","type-page","status-publish","hentry","no-post-thumbnail"],"aioseo_notices":[],"yoast_head":"<!-- This site is optimized with the Yoast SEO plugin v24.7 - https:\/\/yoast.com\/wordpress\/plugins\/seo\/ -->\n<title>Politique de Confidentialit\u00e9 - Coopt\u00e1xis<\/title>\n<meta name=\"robots\" content=\"index, follow, max-snippet:-1, max-image-preview:large, max-video-preview:-1\" \/>\n<link rel=\"canonical\" href=\"https:\/\/cooptaxis.pt\/fr\/politique-de-confidentialite\/\" \/>\n<meta property=\"og:locale\" content=\"fr_FR\" \/>\n<meta property=\"og:type\" content=\"article\" \/>\n<meta property=\"og:title\" content=\"Politique de Confidentialit\u00e9 - Coopt\u00e1xis\" \/>\n<meta property=\"og:description\" content=\"POLITIQUE DE CONFIDENTIALIT\u00c9 Coopt\u00e1xis s&rsquo;engage \u00e0 prot\u00e9ger la vie priv\u00e9e des utilisateurs des sites Web et des applications propos\u00e9s. Cette politique de confidentialit\u00e9 a \u00e9t\u00e9 \u00e9labor\u00e9e dans le but d&rsquo;affirmer son engagement et son respect des r\u00e8gles de confidentialit\u00e9 et de protection des donn\u00e9es personnelles. L&rsquo;utilisation et la navigation sur nos sites Web et applications et la fourniture de donn\u00e9es ... Read More\" \/>\n<meta property=\"og:url\" content=\"https:\/\/cooptaxis.pt\/fr\/politique-de-confidentialite\/\" \/>\n<meta property=\"og:site_name\" content=\"Coopt\u00e1xis\" \/>\n<meta property=\"article:publisher\" content=\"https:\/\/www.instagram.com\/cooptaxisportugal\/\" \/>\n<meta property=\"article:modified_time\" content=\"2019-02-13T16:16:29+00:00\" \/>\n<meta name=\"twitter:card\" content=\"summary_large_image\" \/>\n<meta name=\"twitter:label1\" content=\"Dur\u00e9e de lecture estim\u00e9e\" \/>\n\t<meta name=\"twitter:data1\" content=\"5 minutes\" \/>\n<script type=\"application\/ld+json\" class=\"yoast-schema-graph\">{\"@context\":\"https:\/\/schema.org\",\"@graph\":[{\"@type\":\"WebPage\",\"@id\":\"https:\/\/cooptaxis.pt\/fr\/politique-de-confidentialite\/\",\"url\":\"https:\/\/cooptaxis.pt\/fr\/politique-de-confidentialite\/\",\"name\":\"Politique de Confidentialit\u00e9 - Coopt\u00e1xis\",\"isPartOf\":{\"@id\":\"https:\/\/cooptaxis.pt\/#website\"},\"datePublished\":\"2019-02-13T16:11:12+00:00\",\"dateModified\":\"2019-02-13T16:16:29+00:00\",\"breadcrumb\":{\"@id\":\"https:\/\/cooptaxis.pt\/fr\/politique-de-confidentialite\/#breadcrumb\"},\"inLanguage\":\"fr-FR\",\"potentialAction\":[{\"@type\":\"ReadAction\",\"target\":[\"https:\/\/cooptaxis.pt\/fr\/politique-de-confidentialite\/\"]}]},{\"@type\":\"BreadcrumbList\",\"@id\":\"https:\/\/cooptaxis.pt\/fr\/politique-de-confidentialite\/#breadcrumb\",\"itemListElement\":[{\"@type\":\"ListItem\",\"position\":1,\"name\":\"In\u00edcio\",\"item\":\"https:\/\/cooptaxis.pt\/fr\/home\/\"},{\"@type\":\"ListItem\",\"position\":2,\"name\":\"Politique de Confidentialit\u00e9\"}]},{\"@type\":\"WebSite\",\"@id\":\"https:\/\/cooptaxis.pt\/#website\",\"url\":\"https:\/\/cooptaxis.pt\/\",\"name\":\"Coopt\u00e1xis\",\"description\":\"A maior Frota Nacional de T\u00e1xis\",\"publisher\":{\"@id\":\"https:\/\/cooptaxis.pt\/#organization\"},\"potentialAction\":[{\"@type\":\"SearchAction\",\"target\":{\"@type\":\"EntryPoint\",\"urlTemplate\":\"https:\/\/cooptaxis.pt\/?s={search_term_string}\"},\"query-input\":{\"@type\":\"PropertyValueSpecification\",\"valueRequired\":true,\"valueName\":\"search_term_string\"}}],\"inLanguage\":\"fr-FR\"},{\"@type\":\"Organization\",\"@id\":\"https:\/\/cooptaxis.pt\/#organization\",\"name\":\"Coopt\u00e1xis\",\"url\":\"https:\/\/cooptaxis.pt\/\",\"logo\":{\"@type\":\"ImageObject\",\"inLanguage\":\"fr-FR\",\"@id\":\"https:\/\/cooptaxis.pt\/#\/schema\/logo\/image\/\",\"url\":\"https:\/\/cooptaxis.pt\/wp-content\/uploads\/2019\/02\/cropped-COOPTAXIS_fundo_Pantone.jpg\",\"contentUrl\":\"https:\/\/cooptaxis.pt\/wp-content\/uploads\/2019\/02\/cropped-COOPTAXIS_fundo_Pantone.jpg\",\"width\":512,\"height\":512,\"caption\":\"Coopt\u00e1xis\"},\"image\":{\"@id\":\"https:\/\/cooptaxis.pt\/#\/schema\/logo\/image\/\"},\"sameAs\":[\"https:\/\/www.instagram.com\/cooptaxisportugal\/\",\"https:\/\/www.youtube.com\/watch?v=jLvAnznJhBo&amp;amp;amp;list=PLXqoHUfSBV2Dh-_t5RfvN-rKuClmSlzfW\"]}]}<\/script>\n<!-- \/ Yoast SEO plugin. -->","yoast_head_json":{"title":"Politique de Confidentialit\u00e9 - Coopt\u00e1xis","robots":{"index":"index","follow":"follow","max-snippet":"max-snippet:-1","max-image-preview":"max-image-preview:large","max-video-preview":"max-video-preview:-1"},"canonical":"https:\/\/cooptaxis.pt\/fr\/politique-de-confidentialite\/","og_locale":"fr_FR","og_type":"article","og_title":"Politique de Confidentialit\u00e9 - Coopt\u00e1xis","og_description":"POLITIQUE DE CONFIDENTIALIT\u00c9 Coopt\u00e1xis s&rsquo;engage \u00e0 prot\u00e9ger la vie priv\u00e9e des utilisateurs des sites Web et des applications propos\u00e9s. Cette politique de confidentialit\u00e9 a \u00e9t\u00e9 \u00e9labor\u00e9e dans le but d&rsquo;affirmer son engagement et son respect des r\u00e8gles de confidentialit\u00e9 et de protection des donn\u00e9es personnelles. L&rsquo;utilisation et la navigation sur nos sites Web et applications et la fourniture de donn\u00e9es ... Read More","og_url":"https:\/\/cooptaxis.pt\/fr\/politique-de-confidentialite\/","og_site_name":"Coopt\u00e1xis","article_publisher":"https:\/\/www.instagram.com\/cooptaxisportugal\/","article_modified_time":"2019-02-13T16:16:29+00:00","twitter_card":"summary_large_image","twitter_misc":{"Dur\u00e9e de lecture estim\u00e9e":"5 minutes"},"schema":{"@context":"https:\/\/schema.org","@graph":[{"@type":"WebPage","@id":"https:\/\/cooptaxis.pt\/fr\/politique-de-confidentialite\/","url":"https:\/\/cooptaxis.pt\/fr\/politique-de-confidentialite\/","name":"Politique de Confidentialit\u00e9 - Coopt\u00e1xis","isPartOf":{"@id":"https:\/\/cooptaxis.pt\/#website"},"datePublished":"2019-02-13T16:11:12+00:00","dateModified":"2019-02-13T16:16:29+00:00","breadcrumb":{"@id":"https:\/\/cooptaxis.pt\/fr\/politique-de-confidentialite\/#breadcrumb"},"inLanguage":"fr-FR","potentialAction":[{"@type":"ReadAction","target":["https:\/\/cooptaxis.pt\/fr\/politique-de-confidentialite\/"]}]},{"@type":"BreadcrumbList","@id":"https:\/\/cooptaxis.pt\/fr\/politique-de-confidentialite\/#breadcrumb","itemListElement":[{"@type":"ListItem","position":1,"name":"In\u00edcio","item":"https:\/\/cooptaxis.pt\/fr\/home\/"},{"@type":"ListItem","position":2,"name":"Politique de Confidentialit\u00e9"}]},{"@type":"WebSite","@id":"https:\/\/cooptaxis.pt\/#website","url":"https:\/\/cooptaxis.pt\/","name":"Coopt\u00e1xis","description":"A maior Frota Nacional de T\u00e1xis","publisher":{"@id":"https:\/\/cooptaxis.pt\/#organization"},"potentialAction":[{"@type":"SearchAction","target":{"@type":"EntryPoint","urlTemplate":"https:\/\/cooptaxis.pt\/?s={search_term_string}"},"query-input":{"@type":"PropertyValueSpecification","valueRequired":true,"valueName":"search_term_string"}}],"inLanguage":"fr-FR"},{"@type":"Organization","@id":"https:\/\/cooptaxis.pt\/#organization","name":"Coopt\u00e1xis","url":"https:\/\/cooptaxis.pt\/","logo":{"@type":"ImageObject","inLanguage":"fr-FR","@id":"https:\/\/cooptaxis.pt\/#\/schema\/logo\/image\/","url":"https:\/\/cooptaxis.pt\/wp-content\/uploads\/2019\/02\/cropped-COOPTAXIS_fundo_Pantone.jpg","contentUrl":"https:\/\/cooptaxis.pt\/wp-content\/uploads\/2019\/02\/cropped-COOPTAXIS_fundo_Pantone.jpg","width":512,"height":512,"caption":"Coopt\u00e1xis"},"image":{"@id":"https:\/\/cooptaxis.pt\/#\/schema\/logo\/image\/"},"sameAs":["https:\/\/www.instagram.com\/cooptaxisportugal\/","https:\/\/www.youtube.com\/watch?v=jLvAnznJhBo&amp;amp;amp;list=PLXqoHUfSBV2Dh-_t5RfvN-rKuClmSlzfW"]}]}},"uagb_featured_image_src":{"full":false,"thumbnail":false,"medium":false,"medium_large":false,"large":false,"1536x1536":false,"2048x2048":false,"woocommerce_thumbnail":false,"woocommerce_single":false,"woocommerce_gallery_thumbnail":false,"post-thumbnail":false,"entry":false,"entry-cropped":false,"entry-fullwidth":false,"entry-cropped-fullwidth":false},"uagb_author_info":{"display_name":"mauriatti","author_link":"https:\/\/cooptaxis.pt\/fr\/author\/mauriatti\/"},"uagb_comment_info":0,"uagb_excerpt":"POLITIQUE DE CONFIDENTIALIT\u00c9 Coopt\u00e1xis s&rsquo;engage \u00e0 prot\u00e9ger la vie priv\u00e9e des utilisateurs des sites Web et des applications propos\u00e9s. Cette politique de confidentialit\u00e9 a \u00e9t\u00e9 \u00e9labor\u00e9e dans le but d&rsquo;affirmer son engagement et son respect des r\u00e8gles de confidentialit\u00e9 et de protection des donn\u00e9es personnelles. L&rsquo;utilisation et la navigation sur nos sites Web et applications\u2026","_links":{"self":[{"href":"https:\/\/cooptaxis.pt\/fr\/wp-json\/wp\/v2\/pages\/1901","targetHints":{"allow":["GET"]}}],"collection":[{"href":"https:\/\/cooptaxis.pt\/fr\/wp-json\/wp\/v2\/pages"}],"about":[{"href":"https:\/\/cooptaxis.pt\/fr\/wp-json\/wp\/v2\/types\/page"}],"author":[{"embeddable":true,"href":"https:\/\/cooptaxis.pt\/fr\/wp-json\/wp\/v2\/users\/1"}],"replies":[{"embeddable":true,"href":"https:\/\/cooptaxis.pt\/fr\/wp-json\/wp\/v2\/comments?post=1901"}],"version-history":[{"count":3,"href":"https:\/\/cooptaxis.pt\/fr\/wp-json\/wp\/v2\/pages\/1901\/revisions"}],"predecessor-version":[{"id":1909,"href":"https:\/\/cooptaxis.pt\/fr\/wp-json\/wp\/v2\/pages\/1901\/revisions\/1909"}],"wp:attachment":[{"href":"https:\/\/cooptaxis.pt\/fr\/wp-json\/wp\/v2\/media?parent=1901"}],"curies":[{"name":"wp","href":"https:\/\/api.w.org\/{rel}","templated":true}]}}