{"id":1972,"date":"2019-02-14T11:48:18","date_gmt":"2019-02-14T11:48:18","guid":{"rendered":"https:\/\/new.cooptaxis.pt\/?page_id=1972"},"modified":"2019-02-14T11:50:02","modified_gmt":"2019-02-14T11:50:02","slug":"les-reservations","status":"publish","type":"page","link":"https:\/\/cooptaxis.pt\/fr\/les-reservations\/","title":{"rendered":"Les r\u00e9servations"},"content":{"rendered":"<div id=\"cs-content\" class=\"cs-content\"><\/div>\n","protected":false},"excerpt":{"rendered":"<p>R\u00e9servations Pour plus d&rsquo;informations remplissez le formulaire de contact. &#8211;\u00a0comunicac\u00e3o@cooptaxis.pt &#8211; taxi@cooptaxis.pt &#8211; dpo@autocoope.pt T\u00e1xiTransfersToursautre L&rsquo;envoi des donn\u00e9es via ce formulaire est absolument volontaire. Toutes les informations que vous nous fournissez seront int\u00e9gr\u00e9es \u00e0 notre fichier clients. Toutes les donn\u00e9es personnelles seront trait\u00e9es en toute confidentialit\u00e9 par Autocoope, Coop\u00e9rative de Taxis de Lisbonne, CRL. Si vous souhaitez acc\u00e9der \u00e0, rectifier &#8230; <\/p>\n<div><a href=\"https:\/\/cooptaxis.pt\/fr\/les-reservations\/\" class=\"more-link\">Read More<\/a><\/div>\n","protected":false},"author":1,"featured_media":0,"parent":0,"menu_order":0,"comment_status":"closed","ping_status":"closed","template":"template-blank-1.php","meta":{"om_disable_all_campaigns":false,"_uag_custom_page_level_css":"","_monsterinsights_skip_tracking":false,"_monsterinsights_sitenote_active":false,"_monsterinsights_sitenote_note":"","_monsterinsights_sitenote_category":0,"footnotes":""},"class_list":["post-1972","page","type-page","status-publish","hentry","no-post-thumbnail"],"aioseo_notices":[],"yoast_head":"<!-- This site is optimized with the Yoast SEO plugin v24.7 - https:\/\/yoast.com\/wordpress\/plugins\/seo\/ -->\n<title>Les r\u00e9servations - Coopt\u00e1xis<\/title>\n<meta name=\"robots\" content=\"index, follow, max-snippet:-1, max-image-preview:large, max-video-preview:-1\" \/>\n<link rel=\"canonical\" href=\"https:\/\/cooptaxis.pt\/fr\/les-reservations\/\" \/>\n<meta property=\"og:locale\" content=\"fr_FR\" \/>\n<meta property=\"og:type\" content=\"article\" \/>\n<meta property=\"og:title\" content=\"Les r\u00e9servations - Coopt\u00e1xis\" \/>\n<meta property=\"og:description\" content=\"R\u00e9servations Pour plus d&#039;informations remplissez le formulaire de contact. -\u00a0comunicac\u00e3o@cooptaxis.pt - taxi@cooptaxis.pt - dpo@autocoope.pt T\u00e1xiTransfersToursautre L&#039;envoi des donn\u00e9es via ce formulaire est absolument volontaire. Toutes les informations que vous nous fournissez seront int\u00e9gr\u00e9es \u00e0 notre fichier clients. Toutes les donn\u00e9es personnelles seront trait\u00e9es en toute confidentialit\u00e9 par Autocoope, Coop\u00e9rative de Taxis de Lisbonne, CRL. Si vous souhaitez acc\u00e9der \u00e0, rectifier ... Read More\" \/>\n<meta property=\"og:url\" content=\"https:\/\/cooptaxis.pt\/fr\/les-reservations\/\" \/>\n<meta property=\"og:site_name\" content=\"Coopt\u00e1xis\" \/>\n<meta property=\"article:publisher\" content=\"https:\/\/www.instagram.com\/cooptaxisportugal\/\" \/>\n<meta property=\"article:modified_time\" content=\"2019-02-14T11:50:02+00:00\" \/>\n<meta name=\"twitter:card\" content=\"summary_large_image\" \/>\n<script type=\"application\/ld+json\" class=\"yoast-schema-graph\">{\"@context\":\"https:\/\/schema.org\",\"@graph\":[{\"@type\":\"WebPage\",\"@id\":\"https:\/\/cooptaxis.pt\/fr\/les-reservations\/\",\"url\":\"https:\/\/cooptaxis.pt\/fr\/les-reservations\/\",\"name\":\"Les r\u00e9servations - Coopt\u00e1xis\",\"isPartOf\":{\"@id\":\"https:\/\/cooptaxis.pt\/#website\"},\"datePublished\":\"2019-02-14T11:48:18+00:00\",\"dateModified\":\"2019-02-14T11:50:02+00:00\",\"breadcrumb\":{\"@id\":\"https:\/\/cooptaxis.pt\/fr\/les-reservations\/#breadcrumb\"},\"inLanguage\":\"fr-FR\",\"potentialAction\":[{\"@type\":\"ReadAction\",\"target\":[\"https:\/\/cooptaxis.pt\/fr\/les-reservations\/\"]}]},{\"@type\":\"BreadcrumbList\",\"@id\":\"https:\/\/cooptaxis.pt\/fr\/les-reservations\/#breadcrumb\",\"itemListElement\":[{\"@type\":\"ListItem\",\"position\":1,\"name\":\"In\u00edcio\",\"item\":\"https:\/\/cooptaxis.pt\/fr\/home\/\"},{\"@type\":\"ListItem\",\"position\":2,\"name\":\"Les r\u00e9servations\"}]},{\"@type\":\"WebSite\",\"@id\":\"https:\/\/cooptaxis.pt\/#website\",\"url\":\"https:\/\/cooptaxis.pt\/\",\"name\":\"Coopt\u00e1xis\",\"description\":\"A maior Frota Nacional de T\u00e1xis\",\"publisher\":{\"@id\":\"https:\/\/cooptaxis.pt\/#organization\"},\"potentialAction\":[{\"@type\":\"SearchAction\",\"target\":{\"@type\":\"EntryPoint\",\"urlTemplate\":\"https:\/\/cooptaxis.pt\/?s={search_term_string}\"},\"query-input\":{\"@type\":\"PropertyValueSpecification\",\"valueRequired\":true,\"valueName\":\"search_term_string\"}}],\"inLanguage\":\"fr-FR\"},{\"@type\":\"Organization\",\"@id\":\"https:\/\/cooptaxis.pt\/#organization\",\"name\":\"Coopt\u00e1xis\",\"url\":\"https:\/\/cooptaxis.pt\/\",\"logo\":{\"@type\":\"ImageObject\",\"inLanguage\":\"fr-FR\",\"@id\":\"https:\/\/cooptaxis.pt\/#\/schema\/logo\/image\/\",\"url\":\"https:\/\/cooptaxis.pt\/wp-content\/uploads\/2019\/02\/cropped-COOPTAXIS_fundo_Pantone.jpg\",\"contentUrl\":\"https:\/\/cooptaxis.pt\/wp-content\/uploads\/2019\/02\/cropped-COOPTAXIS_fundo_Pantone.jpg\",\"width\":512,\"height\":512,\"caption\":\"Coopt\u00e1xis\"},\"image\":{\"@id\":\"https:\/\/cooptaxis.pt\/#\/schema\/logo\/image\/\"},\"sameAs\":[\"https:\/\/www.instagram.com\/cooptaxisportugal\/\",\"https:\/\/www.youtube.com\/watch?v=jLvAnznJhBo&amp;amp;amp;list=PLXqoHUfSBV2Dh-_t5RfvN-rKuClmSlzfW\"]}]}<\/script>\n<!-- \/ Yoast SEO plugin. -->","yoast_head_json":{"title":"Les r\u00e9servations - Coopt\u00e1xis","robots":{"index":"index","follow":"follow","max-snippet":"max-snippet:-1","max-image-preview":"max-image-preview:large","max-video-preview":"max-video-preview:-1"},"canonical":"https:\/\/cooptaxis.pt\/fr\/les-reservations\/","og_locale":"fr_FR","og_type":"article","og_title":"Les r\u00e9servations - Coopt\u00e1xis","og_description":"R\u00e9servations Pour plus d'informations remplissez le formulaire de contact. -\u00a0comunicac\u00e3o@cooptaxis.pt - taxi@cooptaxis.pt - dpo@autocoope.pt T\u00e1xiTransfersToursautre L'envoi des donn\u00e9es via ce formulaire est absolument volontaire. Toutes les informations que vous nous fournissez seront int\u00e9gr\u00e9es \u00e0 notre fichier clients. Toutes les donn\u00e9es personnelles seront trait\u00e9es en toute confidentialit\u00e9 par Autocoope, Coop\u00e9rative de Taxis de Lisbonne, CRL. Si vous souhaitez acc\u00e9der \u00e0, rectifier ... Read More","og_url":"https:\/\/cooptaxis.pt\/fr\/les-reservations\/","og_site_name":"Coopt\u00e1xis","article_publisher":"https:\/\/www.instagram.com\/cooptaxisportugal\/","article_modified_time":"2019-02-14T11:50:02+00:00","twitter_card":"summary_large_image","schema":{"@context":"https:\/\/schema.org","@graph":[{"@type":"WebPage","@id":"https:\/\/cooptaxis.pt\/fr\/les-reservations\/","url":"https:\/\/cooptaxis.pt\/fr\/les-reservations\/","name":"Les r\u00e9servations - Coopt\u00e1xis","isPartOf":{"@id":"https:\/\/cooptaxis.pt\/#website"},"datePublished":"2019-02-14T11:48:18+00:00","dateModified":"2019-02-14T11:50:02+00:00","breadcrumb":{"@id":"https:\/\/cooptaxis.pt\/fr\/les-reservations\/#breadcrumb"},"inLanguage":"fr-FR","potentialAction":[{"@type":"ReadAction","target":["https:\/\/cooptaxis.pt\/fr\/les-reservations\/"]}]},{"@type":"BreadcrumbList","@id":"https:\/\/cooptaxis.pt\/fr\/les-reservations\/#breadcrumb","itemListElement":[{"@type":"ListItem","position":1,"name":"In\u00edcio","item":"https:\/\/cooptaxis.pt\/fr\/home\/"},{"@type":"ListItem","position":2,"name":"Les r\u00e9servations"}]},{"@type":"WebSite","@id":"https:\/\/cooptaxis.pt\/#website","url":"https:\/\/cooptaxis.pt\/","name":"Coopt\u00e1xis","description":"A maior Frota Nacional de T\u00e1xis","publisher":{"@id":"https:\/\/cooptaxis.pt\/#organization"},"potentialAction":[{"@type":"SearchAction","target":{"@type":"EntryPoint","urlTemplate":"https:\/\/cooptaxis.pt\/?s={search_term_string}"},"query-input":{"@type":"PropertyValueSpecification","valueRequired":true,"valueName":"search_term_string"}}],"inLanguage":"fr-FR"},{"@type":"Organization","@id":"https:\/\/cooptaxis.pt\/#organization","name":"Coopt\u00e1xis","url":"https:\/\/cooptaxis.pt\/","logo":{"@type":"ImageObject","inLanguage":"fr-FR","@id":"https:\/\/cooptaxis.pt\/#\/schema\/logo\/image\/","url":"https:\/\/cooptaxis.pt\/wp-content\/uploads\/2019\/02\/cropped-COOPTAXIS_fundo_Pantone.jpg","contentUrl":"https:\/\/cooptaxis.pt\/wp-content\/uploads\/2019\/02\/cropped-COOPTAXIS_fundo_Pantone.jpg","width":512,"height":512,"caption":"Coopt\u00e1xis"},"image":{"@id":"https:\/\/cooptaxis.pt\/#\/schema\/logo\/image\/"},"sameAs":["https:\/\/www.instagram.com\/cooptaxisportugal\/","https:\/\/www.youtube.com\/watch?v=jLvAnznJhBo&amp;amp;amp;list=PLXqoHUfSBV2Dh-_t5RfvN-rKuClmSlzfW"]}]}},"uagb_featured_image_src":{"full":false,"thumbnail":false,"medium":false,"medium_large":false,"large":false,"1536x1536":false,"2048x2048":false,"woocommerce_thumbnail":false,"woocommerce_single":false,"woocommerce_gallery_thumbnail":false,"post-thumbnail":false,"entry":false,"entry-cropped":false,"entry-fullwidth":false,"entry-cropped-fullwidth":false},"uagb_author_info":{"display_name":"mauriatti","author_link":"https:\/\/cooptaxis.pt\/fr\/author\/mauriatti\/"},"uagb_comment_info":0,"uagb_excerpt":"R\u00e9servations Pour plus d'informations remplissez le formulaire de contact. -\u00a0comunicac\u00e3o@cooptaxis.pt - taxi@cooptaxis.pt - dpo@autocoope.pt T\u00e1xiTransfersToursautre L'envoi des donn\u00e9es via ce formulaire est absolument volontaire. Toutes les informations que vous nous fournissez seront int\u00e9gr\u00e9es \u00e0 notre fichier clients. Toutes les donn\u00e9es personnelles seront trait\u00e9es en toute confidentialit\u00e9 par Autocoope, Coop\u00e9rative de Taxis de Lisbonne, CRL. Si\u2026","_links":{"self":[{"href":"https:\/\/cooptaxis.pt\/fr\/wp-json\/wp\/v2\/pages\/1972","targetHints":{"allow":["GET"]}}],"collection":[{"href":"https:\/\/cooptaxis.pt\/fr\/wp-json\/wp\/v2\/pages"}],"about":[{"href":"https:\/\/cooptaxis.pt\/fr\/wp-json\/wp\/v2\/types\/page"}],"author":[{"embeddable":true,"href":"https:\/\/cooptaxis.pt\/fr\/wp-json\/wp\/v2\/users\/1"}],"replies":[{"embeddable":true,"href":"https:\/\/cooptaxis.pt\/fr\/wp-json\/wp\/v2\/comments?post=1972"}],"version-history":[{"count":2,"href":"https:\/\/cooptaxis.pt\/fr\/wp-json\/wp\/v2\/pages\/1972\/revisions"}],"predecessor-version":[{"id":1979,"href":"https:\/\/cooptaxis.pt\/fr\/wp-json\/wp\/v2\/pages\/1972\/revisions\/1979"}],"wp:attachment":[{"href":"https:\/\/cooptaxis.pt\/fr\/wp-json\/wp\/v2\/media?parent=1972"}],"curies":[{"name":"wp","href":"https:\/\/api.w.org\/{rel}","templated":true}]}}