{"id":1687,"date":"2019-01-30T15:43:15","date_gmt":"2019-02-13T09:34:50","guid":{"rendered":"https:\/\/new.cooptaxis.pt\/?post_type=product&#038;p=1687"},"modified":"2023-11-15T11:42:58","modified_gmt":"2023-11-15T11:42:58","slug":"tour-lisboa","status":"publish","type":"product","link":"https:\/\/cooptaxis.pt\/fr\/produit\/tour-lisboa\/","title":{"rendered":"Tour Lisbonne"},"content":{"rendered":"<p>Cette visite est un moyen unique de d\u00e9couvrir les lieux les plus historiques et embl\u00e9matiques du centre de Lisbonne. Ce circuit s&rsquo;adresse \u00e0 tous ceux qui s&rsquo;int\u00e9ressent \u00e0 l&rsquo;histoire et \u00e0 la culture de cette belle et ancienne ville. Vous pourrez conna\u00eetre les points de vue de Santa Luzia, de Senhora do Monte, de S\u00e3o Pedro de Alc\u00e2ntara et de Portas do Sol.Venez visiter le ch\u00e2teau S\u00e3o Jorge, consid\u00e9r\u00e9 comme l&rsquo;un des monuments les plus embl\u00e9matiques de la ville de Lisbonne, o\u00f9 vous pourrez admirer l&rsquo;une des plus belles vues de la ville. Nous continuerons vers Bel\u00e9m, le lieu de d\u00e9part des navigateurs portugais du XXe si\u00e8cle. XVI \u00e0 la recherche de nouveaux mondes. Ici, vous pourrez voir et voir le monast\u00e8re des Hi\u00e9ronymites, la tour de Bel\u00e9m et l&rsquo;historique Past\u00e9is de Bel\u00e9m et d\u00e9guster une des confiseries les plus c\u00e9l\u00e8bres du Portugal au-del\u00e0 des fronti\u00e8res.<\/p>\n<p><strong>Important<\/strong><br \/>\nDur\u00e9e 3H<\/p>\n<p><strong>R\u00e9servations:<\/strong><br \/>\ncooptaxis.pt<\/p>\n<p><strong>Conditions g\u00e9n\u00e9rales<\/strong><br \/>\nToutes les visites n\u00e9cessitent une r\u00e9servation pr\u00e9alable.<br \/>\nTous les monuments nationaux sont ferm\u00e9s les jours f\u00e9ri\u00e9s.<\/p>\n<p><strong>Inclus: <\/strong>Transport avec arr\u00eats annonc\u00e9s<br \/>\n<strong>Pas compris: <\/strong> Les repas, les entr\u00e9es et l\u2019accompagnement dans les monuments et autres lieux d\u2019int\u00e9r\u00eat touristique.<\/p>\n<p><strong>Notes<\/strong><br \/>\nD&rsquo;autres itin\u00e9raires peuvent \u00eatre convenus selon votre int\u00e9r\u00eat. Contactez taxi@cooptaxis.pt<\/p>\n<p><strong>Informations<\/strong><br \/>\nPour chaque 30 minutes apr\u00e8s la dur\u00e9e stipul\u00e9e dans la description du voyage sera factur\u00e9 12 \u20ac.<\/p>\n","protected":false},"excerpt":{"rendered":"<p>Cette visite est un moyen unique de d\u00e9couvrir les lieux les plus historiques et embl\u00e9matiques du centre de Lisbonne. Ce circuit s&rsquo;adresse \u00e0 tous ceux qui s&rsquo;int\u00e9ressent \u00e0 l&rsquo;histoire et \u00e0 la culture de cette belle et ancienne ville. Vous pourrez conna\u00eetre les points de vue de Santa Luzia, de Senhora do Monte, de S\u00e3o Pedro de Alc\u00e2ntara et de &#8230; <\/p>\n<div><a href=\"https:\/\/cooptaxis.pt\/fr\/produit\/tour-lisboa\/\" class=\"more-link\">Read More<\/a><\/div>\n","protected":false},"featured_media":8895,"template":"","meta":{"om_disable_all_campaigns":false,"_uag_custom_page_level_css":"","_monsterinsights_skip_tracking":false,"_monsterinsights_sitenote_active":false,"_monsterinsights_sitenote_note":"","_monsterinsights_sitenote_category":0},"product_brand":[],"product_cat":[345],"product_tag":[],"class_list":{"0":"post-1687","1":"product","2":"type-product","3":"status-publish","4":"has-post-thumbnail","6":"product_cat-tours-fr","7":"tm-has-options","10":"first","11":"instock","12":"taxable","13":"shipping-taxable","14":"purchasable","15":"product-type-simple"},"aioseo_notices":[],"yoast_head":"<!-- This site is optimized with the Yoast SEO plugin v24.7 - https:\/\/yoast.com\/wordpress\/plugins\/seo\/ -->\n<title>Tour Lisbonne - Coopt\u00e1xis<\/title>\n<meta name=\"description\" content=\"Cette visite est un moyen unique de d\u00e9couvrir les lieux les plus historiques et embl\u00e9matiques du centre de Lisbonne. Ce circuit s&#039;adresse \u00e0 tous ceux qui s&#039;int\u00e9ressent \u00e0 l&#039;histoire et \u00e0 la culture de cette belle et ancienne ville. Vous pourrez conna\u00eetre les points de vue de Santa Luzia, de Senhora do Monte, de S\u00e3o Pedro de Alc\u00e2ntara et de Portas do Sol.Venez visiter le ch\u00e2teau S\u00e3o Jorge, consid\u00e9r\u00e9 comme l&#039;un des monuments les plus embl\u00e9matiques de la ville de Lisbonne, o\u00f9 vous pourrez admirer l&#039;une des plus belles vues de la ville.\" \/>\n<meta name=\"robots\" content=\"index, follow, max-snippet:-1, max-image-preview:large, max-video-preview:-1\" \/>\n<link rel=\"canonical\" href=\"https:\/\/cooptaxis.pt\/fr\/produit\/tour-lisboa\/\" \/>\n<meta property=\"og:locale\" content=\"fr_FR\" \/>\n<meta property=\"og:type\" content=\"article\" \/>\n<meta property=\"og:title\" content=\"Tour Lisbonne - Coopt\u00e1xis\" \/>\n<meta property=\"og:description\" content=\"Cette visite est un moyen unique de d\u00e9couvrir les lieux les plus historiques et embl\u00e9matiques du centre de Lisbonne. Ce circuit s&#039;adresse \u00e0 tous ceux qui s&#039;int\u00e9ressent \u00e0 l&#039;histoire et \u00e0 la culture de cette belle et ancienne ville. Vous pourrez conna\u00eetre les points de vue de Santa Luzia, de Senhora do Monte, de S\u00e3o Pedro de Alc\u00e2ntara et de Portas do Sol.Venez visiter le ch\u00e2teau S\u00e3o Jorge, consid\u00e9r\u00e9 comme l&#039;un des monuments les plus embl\u00e9matiques de la ville de Lisbonne, o\u00f9 vous pourrez admirer l&#039;une des plus belles vues de la ville.\" \/>\n<meta property=\"og:url\" content=\"https:\/\/cooptaxis.pt\/fr\/produit\/tour-lisboa\/\" \/>\n<meta property=\"og:site_name\" content=\"Coopt\u00e1xis\" \/>\n<meta property=\"article:publisher\" content=\"https:\/\/www.instagram.com\/cooptaxisportugal\/\" \/>\n<meta property=\"article:modified_time\" content=\"2023-11-15T11:42:58+00:00\" \/>\n<meta property=\"og:image\" content=\"https:\/\/cooptaxis.pt\/wp-content\/uploads\/2019\/01\/lisboa03-1.jpg\" \/>\n\t<meta property=\"og:image:width\" content=\"518\" \/>\n\t<meta property=\"og:image:height\" content=\"391\" \/>\n\t<meta property=\"og:image:type\" content=\"image\/jpeg\" \/>\n<meta name=\"twitter:card\" content=\"summary_large_image\" \/>\n<meta name=\"twitter:label1\" content=\"Dur\u00e9e de lecture estim\u00e9e\" \/>\n\t<meta name=\"twitter:data1\" content=\"2 minutes\" \/>\n<script type=\"application\/ld+json\" class=\"yoast-schema-graph\">{\"@context\":\"https:\/\/schema.org\",\"@graph\":[{\"@type\":\"WebPage\",\"@id\":\"https:\/\/cooptaxis.pt\/fr\/produit\/tour-lisboa\/\",\"url\":\"https:\/\/cooptaxis.pt\/fr\/produit\/tour-lisboa\/\",\"name\":\"Tour Lisbonne - Coopt\u00e1xis\",\"isPartOf\":{\"@id\":\"https:\/\/cooptaxis.pt\/#website\"},\"primaryImageOfPage\":{\"@id\":\"https:\/\/cooptaxis.pt\/fr\/produit\/tour-lisboa\/#primaryimage\"},\"image\":{\"@id\":\"https:\/\/cooptaxis.pt\/fr\/produit\/tour-lisboa\/#primaryimage\"},\"thumbnailUrl\":\"https:\/\/cooptaxis.pt\/wp-content\/uploads\/2019\/01\/torre-scaled-e1700052422318.jpg\",\"datePublished\":\"2019-02-13T09:34:50+00:00\",\"dateModified\":\"2023-11-15T11:42:58+00:00\",\"description\":\"Cette visite est un moyen unique de d\u00e9couvrir les lieux les plus historiques et embl\u00e9matiques du centre de Lisbonne. Ce circuit s'adresse \u00e0 tous ceux qui s'int\u00e9ressent \u00e0 l'histoire et \u00e0 la culture de cette belle et ancienne ville. Vous pourrez conna\u00eetre les points de vue de Santa Luzia, de Senhora do Monte, de S\u00e3o Pedro de Alc\u00e2ntara et de Portas do Sol.Venez visiter le ch\u00e2teau S\u00e3o Jorge, consid\u00e9r\u00e9 comme l'un des monuments les plus embl\u00e9matiques de la ville de Lisbonne, o\u00f9 vous pourrez admirer l'une des plus belles vues de la ville.\",\"breadcrumb\":{\"@id\":\"https:\/\/cooptaxis.pt\/fr\/produit\/tour-lisboa\/#breadcrumb\"},\"inLanguage\":\"fr-FR\",\"potentialAction\":[{\"@type\":\"ReadAction\",\"target\":[\"https:\/\/cooptaxis.pt\/fr\/produit\/tour-lisboa\/\"]}]},{\"@type\":\"ImageObject\",\"inLanguage\":\"fr-FR\",\"@id\":\"https:\/\/cooptaxis.pt\/fr\/produit\/tour-lisboa\/#primaryimage\",\"url\":\"https:\/\/cooptaxis.pt\/wp-content\/uploads\/2019\/01\/torre-scaled-e1700052422318.jpg\",\"contentUrl\":\"https:\/\/cooptaxis.pt\/wp-content\/uploads\/2019\/01\/torre-scaled-e1700052422318.jpg\",\"width\":2048,\"height\":1368},{\"@type\":\"BreadcrumbList\",\"@id\":\"https:\/\/cooptaxis.pt\/fr\/produit\/tour-lisboa\/#breadcrumb\",\"itemListElement\":[{\"@type\":\"ListItem\",\"position\":1,\"name\":\"In\u00edcio\",\"item\":\"https:\/\/cooptaxis.pt\/fr\/home\/\"},{\"@type\":\"ListItem\",\"position\":2,\"name\":\"Tours-fr\",\"item\":\"https:\/\/cooptaxis.pt\/fr\/boutique\/\"},{\"@type\":\"ListItem\",\"position\":3,\"name\":\"Tour Lisbonne\"}]},{\"@type\":\"WebSite\",\"@id\":\"https:\/\/cooptaxis.pt\/#website\",\"url\":\"https:\/\/cooptaxis.pt\/\",\"name\":\"Coopt\u00e1xis\",\"description\":\"A maior Frota Nacional de T\u00e1xis\",\"publisher\":{\"@id\":\"https:\/\/cooptaxis.pt\/#organization\"},\"potentialAction\":[{\"@type\":\"SearchAction\",\"target\":{\"@type\":\"EntryPoint\",\"urlTemplate\":\"https:\/\/cooptaxis.pt\/?s={search_term_string}\"},\"query-input\":{\"@type\":\"PropertyValueSpecification\",\"valueRequired\":true,\"valueName\":\"search_term_string\"}}],\"inLanguage\":\"fr-FR\"},{\"@type\":\"Organization\",\"@id\":\"https:\/\/cooptaxis.pt\/#organization\",\"name\":\"Coopt\u00e1xis\",\"url\":\"https:\/\/cooptaxis.pt\/\",\"logo\":{\"@type\":\"ImageObject\",\"inLanguage\":\"fr-FR\",\"@id\":\"https:\/\/cooptaxis.pt\/#\/schema\/logo\/image\/\",\"url\":\"https:\/\/cooptaxis.pt\/wp-content\/uploads\/2019\/02\/cropped-COOPTAXIS_fundo_Pantone.jpg\",\"contentUrl\":\"https:\/\/cooptaxis.pt\/wp-content\/uploads\/2019\/02\/cropped-COOPTAXIS_fundo_Pantone.jpg\",\"width\":512,\"height\":512,\"caption\":\"Coopt\u00e1xis\"},\"image\":{\"@id\":\"https:\/\/cooptaxis.pt\/#\/schema\/logo\/image\/\"},\"sameAs\":[\"https:\/\/www.instagram.com\/cooptaxisportugal\/\",\"https:\/\/www.youtube.com\/watch?v=jLvAnznJhBo&amp;amp;amp;list=PLXqoHUfSBV2Dh-_t5RfvN-rKuClmSlzfW\"]}]}<\/script>\n<!-- \/ Yoast SEO plugin. -->","yoast_head_json":{"title":"Tour Lisbonne - Coopt\u00e1xis","description":"Cette visite est un moyen unique de d\u00e9couvrir les lieux les plus historiques et embl\u00e9matiques du centre de Lisbonne. Ce circuit s'adresse \u00e0 tous ceux qui s'int\u00e9ressent \u00e0 l'histoire et \u00e0 la culture de cette belle et ancienne ville. Vous pourrez conna\u00eetre les points de vue de Santa Luzia, de Senhora do Monte, de S\u00e3o Pedro de Alc\u00e2ntara et de Portas do Sol.Venez visiter le ch\u00e2teau S\u00e3o Jorge, consid\u00e9r\u00e9 comme l'un des monuments les plus embl\u00e9matiques de la ville de Lisbonne, o\u00f9 vous pourrez admirer l'une des plus belles vues de la ville.","robots":{"index":"index","follow":"follow","max-snippet":"max-snippet:-1","max-image-preview":"max-image-preview:large","max-video-preview":"max-video-preview:-1"},"canonical":"https:\/\/cooptaxis.pt\/fr\/produit\/tour-lisboa\/","og_locale":"fr_FR","og_type":"article","og_title":"Tour Lisbonne - Coopt\u00e1xis","og_description":"Cette visite est un moyen unique de d\u00e9couvrir les lieux les plus historiques et embl\u00e9matiques du centre de Lisbonne. Ce circuit s'adresse \u00e0 tous ceux qui s'int\u00e9ressent \u00e0 l'histoire et \u00e0 la culture de cette belle et ancienne ville. Vous pourrez conna\u00eetre les points de vue de Santa Luzia, de Senhora do Monte, de S\u00e3o Pedro de Alc\u00e2ntara et de Portas do Sol.Venez visiter le ch\u00e2teau S\u00e3o Jorge, consid\u00e9r\u00e9 comme l'un des monuments les plus embl\u00e9matiques de la ville de Lisbonne, o\u00f9 vous pourrez admirer l'une des plus belles vues de la ville.","og_url":"https:\/\/cooptaxis.pt\/fr\/produit\/tour-lisboa\/","og_site_name":"Coopt\u00e1xis","article_publisher":"https:\/\/www.instagram.com\/cooptaxisportugal\/","article_modified_time":"2023-11-15T11:42:58+00:00","og_image":[{"width":518,"height":391,"url":"https:\/\/cooptaxis.pt\/wp-content\/uploads\/2019\/01\/lisboa03-1.jpg","type":"image\/jpeg"}],"twitter_card":"summary_large_image","twitter_misc":{"Dur\u00e9e de lecture estim\u00e9e":"2 minutes"},"schema":{"@context":"https:\/\/schema.org","@graph":[{"@type":"WebPage","@id":"https:\/\/cooptaxis.pt\/fr\/produit\/tour-lisboa\/","url":"https:\/\/cooptaxis.pt\/fr\/produit\/tour-lisboa\/","name":"Tour Lisbonne - Coopt\u00e1xis","isPartOf":{"@id":"https:\/\/cooptaxis.pt\/#website"},"primaryImageOfPage":{"@id":"https:\/\/cooptaxis.pt\/fr\/produit\/tour-lisboa\/#primaryimage"},"image":{"@id":"https:\/\/cooptaxis.pt\/fr\/produit\/tour-lisboa\/#primaryimage"},"thumbnailUrl":"https:\/\/cooptaxis.pt\/wp-content\/uploads\/2019\/01\/torre-scaled-e1700052422318.jpg","datePublished":"2019-02-13T09:34:50+00:00","dateModified":"2023-11-15T11:42:58+00:00","description":"Cette visite est un moyen unique de d\u00e9couvrir les lieux les plus historiques et embl\u00e9matiques du centre de Lisbonne. Ce circuit s'adresse \u00e0 tous ceux qui s'int\u00e9ressent \u00e0 l'histoire et \u00e0 la culture de cette belle et ancienne ville. Vous pourrez conna\u00eetre les points de vue de Santa Luzia, de Senhora do Monte, de S\u00e3o Pedro de Alc\u00e2ntara et de Portas do Sol.Venez visiter le ch\u00e2teau S\u00e3o Jorge, consid\u00e9r\u00e9 comme l'un des monuments les plus embl\u00e9matiques de la ville de Lisbonne, o\u00f9 vous pourrez admirer l'une des plus belles vues de la ville.","breadcrumb":{"@id":"https:\/\/cooptaxis.pt\/fr\/produit\/tour-lisboa\/#breadcrumb"},"inLanguage":"fr-FR","potentialAction":[{"@type":"ReadAction","target":["https:\/\/cooptaxis.pt\/fr\/produit\/tour-lisboa\/"]}]},{"@type":"ImageObject","inLanguage":"fr-FR","@id":"https:\/\/cooptaxis.pt\/fr\/produit\/tour-lisboa\/#primaryimage","url":"https:\/\/cooptaxis.pt\/wp-content\/uploads\/2019\/01\/torre-scaled-e1700052422318.jpg","contentUrl":"https:\/\/cooptaxis.pt\/wp-content\/uploads\/2019\/01\/torre-scaled-e1700052422318.jpg","width":2048,"height":1368},{"@type":"BreadcrumbList","@id":"https:\/\/cooptaxis.pt\/fr\/produit\/tour-lisboa\/#breadcrumb","itemListElement":[{"@type":"ListItem","position":1,"name":"In\u00edcio","item":"https:\/\/cooptaxis.pt\/fr\/home\/"},{"@type":"ListItem","position":2,"name":"Tours-fr","item":"https:\/\/cooptaxis.pt\/fr\/boutique\/"},{"@type":"ListItem","position":3,"name":"Tour Lisbonne"}]},{"@type":"WebSite","@id":"https:\/\/cooptaxis.pt\/#website","url":"https:\/\/cooptaxis.pt\/","name":"Coopt\u00e1xis","description":"A maior Frota Nacional de T\u00e1xis","publisher":{"@id":"https:\/\/cooptaxis.pt\/#organization"},"potentialAction":[{"@type":"SearchAction","target":{"@type":"EntryPoint","urlTemplate":"https:\/\/cooptaxis.pt\/?s={search_term_string}"},"query-input":{"@type":"PropertyValueSpecification","valueRequired":true,"valueName":"search_term_string"}}],"inLanguage":"fr-FR"},{"@type":"Organization","@id":"https:\/\/cooptaxis.pt\/#organization","name":"Coopt\u00e1xis","url":"https:\/\/cooptaxis.pt\/","logo":{"@type":"ImageObject","inLanguage":"fr-FR","@id":"https:\/\/cooptaxis.pt\/#\/schema\/logo\/image\/","url":"https:\/\/cooptaxis.pt\/wp-content\/uploads\/2019\/02\/cropped-COOPTAXIS_fundo_Pantone.jpg","contentUrl":"https:\/\/cooptaxis.pt\/wp-content\/uploads\/2019\/02\/cropped-COOPTAXIS_fundo_Pantone.jpg","width":512,"height":512,"caption":"Coopt\u00e1xis"},"image":{"@id":"https:\/\/cooptaxis.pt\/#\/schema\/logo\/image\/"},"sameAs":["https:\/\/www.instagram.com\/cooptaxisportugal\/","https:\/\/www.youtube.com\/watch?v=jLvAnznJhBo&amp;amp;amp;list=PLXqoHUfSBV2Dh-_t5RfvN-rKuClmSlzfW"]}]}},"uagb_featured_image_src":{"full":["https:\/\/cooptaxis.pt\/wp-content\/uploads\/2019\/01\/torre-scaled-e1700052422318.jpg",2048,1368,false],"thumbnail":["https:\/\/cooptaxis.pt\/wp-content\/uploads\/2019\/01\/torre-150x150.jpg",150,150,true],"medium":["https:\/\/cooptaxis.pt\/wp-content\/uploads\/2019\/01\/torre-300x200.jpg",300,200,true],"medium_large":["https:\/\/cooptaxis.pt\/wp-content\/uploads\/2019\/01\/torre-768x513.jpg",768,513,true],"large":["https:\/\/cooptaxis.pt\/wp-content\/uploads\/2019\/01\/torre-1024x684.jpg",1024,684,true],"1536x1536":["https:\/\/cooptaxis.pt\/wp-content\/uploads\/2019\/01\/torre-1536x1026.jpg",1536,1026,true],"2048x2048":["https:\/\/cooptaxis.pt\/wp-content\/uploads\/2019\/01\/torre-2048x1368.jpg",2048,1368,true],"woocommerce_thumbnail":["https:\/\/cooptaxis.pt\/wp-content\/uploads\/2019\/01\/torre-600x450.jpg",600,450,true],"woocommerce_single":["https:\/\/cooptaxis.pt\/wp-content\/uploads\/2019\/01\/torre-600x401.jpg",600,401,true],"woocommerce_gallery_thumbnail":["https:\/\/cooptaxis.pt\/wp-content\/uploads\/2019\/01\/torre-100x100.jpg",100,100,true],"post-thumbnail":["https:\/\/cooptaxis.pt\/wp-content\/uploads\/2019\/01\/torre-100x67.jpg",100,67,true],"entry":["https:\/\/cooptaxis.pt\/wp-content\/uploads\/2019\/01\/torre-862x576.jpg",862,576,true],"entry-cropped":["https:\/\/cooptaxis.pt\/wp-content\/uploads\/2019\/01\/torre-862x482.jpg",862,482,true],"entry-fullwidth":["https:\/\/cooptaxis.pt\/wp-content\/uploads\/2019\/01\/torre-1200x802.jpg",1200,802,true],"entry-cropped-fullwidth":["https:\/\/cooptaxis.pt\/wp-content\/uploads\/2019\/01\/torre-1200x671.jpg",1200,671,true]},"uagb_author_info":{"display_name":"mauriatti","author_link":"https:\/\/cooptaxis.pt\/fr\/author\/"},"uagb_comment_info":0,"uagb_excerpt":"Cette visite est un moyen unique de d\u00e9couvrir les lieux les plus historiques et embl\u00e9matiques du centre de Lisbonne. Ce circuit s&rsquo;adresse \u00e0 tous ceux qui s&rsquo;int\u00e9ressent \u00e0 l&rsquo;histoire et \u00e0 la culture de cette belle et ancienne ville. Vous pourrez conna\u00eetre les points de vue de Santa Luzia, de Senhora do Monte, de S\u00e3o\u2026","_links":{"self":[{"href":"https:\/\/cooptaxis.pt\/fr\/wp-json\/wp\/v2\/product\/1687","targetHints":{"allow":["GET"]}}],"collection":[{"href":"https:\/\/cooptaxis.pt\/fr\/wp-json\/wp\/v2\/product"}],"about":[{"href":"https:\/\/cooptaxis.pt\/fr\/wp-json\/wp\/v2\/types\/product"}],"wp:featuredmedia":[{"embeddable":true,"href":"https:\/\/cooptaxis.pt\/fr\/wp-json\/wp\/v2\/media\/8895"}],"wp:attachment":[{"href":"https:\/\/cooptaxis.pt\/fr\/wp-json\/wp\/v2\/media?parent=1687"}],"wp:term":[{"taxonomy":"product_brand","embeddable":true,"href":"https:\/\/cooptaxis.pt\/fr\/wp-json\/wp\/v2\/product_brand?post=1687"},{"taxonomy":"product_cat","embeddable":true,"href":"https:\/\/cooptaxis.pt\/fr\/wp-json\/wp\/v2\/product_cat?post=1687"},{"taxonomy":"product_tag","embeddable":true,"href":"https:\/\/cooptaxis.pt\/fr\/wp-json\/wp\/v2\/product_tag?post=1687"}],"curies":[{"name":"wp","href":"https:\/\/api.w.org\/{rel}","templated":true}]}}