{"id":1721,"date":"2019-01-14T17:31:38","date_gmt":"2019-02-13T12:41:57","guid":{"rendered":"https:\/\/new.cooptaxis.pt\/?post_type=product&#038;p=1721"},"modified":"2023-11-15T11:39:43","modified_gmt":"2023-11-15T11:39:43","slug":"tour-evora","status":"publish","type":"product","link":"https:\/\/cooptaxis.pt\/fr\/produit\/tour-evora\/","title":{"rendered":"Tour \u00c9vora"},"content":{"rendered":"<p>\u00c0 1h30 de Lisbonne, \u00c9vora a tout pour vous surprendre.<\/p>\n<p>Ici vous pourrez contempler une vaste richesse historique et culturelle, class\u00e9e comme patrimoine mondial de l&rsquo;UNESCO. Nous commen\u00e7ons la visite par le centre historique, entour\u00e9 de murailles du 17\u00e8me si\u00e8cle, au c\u0153ur de la ville, Pra\u00e7a do Giraldo. Vous pouvez \u00e9galement visiter le temple de Diane, l&rsquo;un des plus anciens monuments de la romanisation du pays, qui remonte au I si\u00e8cle D.C., et la chapelle des os, dans l&rsquo;\u00e9glise de Saint Fran\u00e7ois, du XVI\u00e8me si\u00e8cle, l&rsquo;un des monuments les plus impressionnants d&rsquo;\u00c9vora, dont l&rsquo;int\u00e9rieur est orn\u00e9 de plus de 5 000 cr\u00e2nes et os humains. Vous pouvez \u00e9galement visiter la cath\u00e9drale d&rsquo;\u00c9vora, la plus grande du pays, monument de la transition du style roman au style gothique.<\/p>\n<p><strong>Important<\/strong><br \/>\nDur\u00e9e 8H<\/p>\n<p><strong>R\u00e9servations:<\/strong><br \/>\ncooptaxis.pt<\/p>\n<p><strong>Conditions g\u00e9n\u00e9rales<\/strong><br \/>\nToutes les visites n\u00e9cessitent une r\u00e9servation pr\u00e9alable.<br \/>\nTous les monuments nationaux sont ferm\u00e9s les jours f\u00e9ri\u00e9s.<\/p>\n<p><strong>Inclus: <\/strong>Transport avec arr\u00eats annonc\u00e9s<br \/>\n<strong>Pas compris: <\/strong> Les repas, les entr\u00e9es et l\u2019accompagnement dans les monuments et autres lieux d\u2019int\u00e9r\u00eat touristique.<\/p>\n<p><strong>Notes<\/strong><br \/>\nD&rsquo;autres itin\u00e9raires peuvent \u00eatre convenus selon votre int\u00e9r\u00eat. Contactez taxi@cooptaxis.pt<\/p>\n<p><strong>Informations<\/strong><br \/>\nPour chaque 30 minutes apr\u00e8s la dur\u00e9e stipul\u00e9e dans la description du voyage sera factur\u00e9 12 \u20ac.<\/p>\n","protected":false},"excerpt":{"rendered":"<p>\u00c0 1h30 de Lisbonne, \u00c9vora a tout pour vous surprendre. Ici vous pourrez contempler une vaste richesse historique et culturelle, class\u00e9e comme patrimoine mondial de l&rsquo;UNESCO. Nous commen\u00e7ons la visite par le centre historique, entour\u00e9 de murailles du 17\u00e8me si\u00e8cle, au c\u0153ur de la ville, Pra\u00e7a do Giraldo. Vous pouvez \u00e9galement visiter le temple de Diane, l&rsquo;un des plus anciens &#8230; <\/p>\n<div><a href=\"https:\/\/cooptaxis.pt\/fr\/produit\/tour-evora\/\" class=\"more-link\">Read More<\/a><\/div>\n","protected":false},"featured_media":1734,"template":"","meta":{"om_disable_all_campaigns":false,"_uag_custom_page_level_css":"","_monsterinsights_skip_tracking":false,"_monsterinsights_sitenote_active":false,"_monsterinsights_sitenote_note":"","_monsterinsights_sitenote_category":0},"product_brand":[],"product_cat":[345],"product_tag":[341],"class_list":{"0":"post-1721","1":"product","2":"type-product","3":"status-publish","4":"has-post-thumbnail","6":"product_cat-tours-fr","7":"product_tag-tour-fr","8":"tm-has-options","11":"first","12":"instock","13":"taxable","14":"shipping-taxable","15":"purchasable","16":"product-type-simple"},"aioseo_notices":[],"yoast_head":"<!-- This site is optimized with the Yoast SEO plugin v24.7 - https:\/\/yoast.com\/wordpress\/plugins\/seo\/ -->\n<title>Tour \u00c9vora - Coopt\u00e1xis<\/title>\n<meta name=\"robots\" content=\"index, follow, max-snippet:-1, max-image-preview:large, max-video-preview:-1\" \/>\n<link rel=\"canonical\" href=\"https:\/\/cooptaxis.pt\/fr\/produit\/tour-evora\/\" \/>\n<meta property=\"og:locale\" content=\"fr_FR\" \/>\n<meta property=\"og:type\" content=\"article\" \/>\n<meta property=\"og:title\" content=\"Tour \u00c9vora - Coopt\u00e1xis\" \/>\n<meta property=\"og:description\" content=\"\u00c0 1h30 de Lisbonne, \u00c9vora a tout pour vous surprendre. Ici vous pourrez contempler une vaste richesse historique et culturelle, class\u00e9e comme patrimoine mondial de l&rsquo;UNESCO. Nous commen\u00e7ons la visite par le centre historique, entour\u00e9 de murailles du 17\u00e8me si\u00e8cle, au c\u0153ur de la ville, Pra\u00e7a do Giraldo. Vous pouvez \u00e9galement visiter le temple de Diane, l&rsquo;un des plus anciens ... Read More\" \/>\n<meta property=\"og:url\" content=\"https:\/\/cooptaxis.pt\/fr\/produit\/tour-evora\/\" \/>\n<meta property=\"og:site_name\" content=\"Coopt\u00e1xis\" \/>\n<meta property=\"article:publisher\" content=\"https:\/\/www.instagram.com\/cooptaxisportugal\/\" \/>\n<meta property=\"article:modified_time\" content=\"2023-11-15T11:39:43+00:00\" \/>\n<meta property=\"og:image\" content=\"https:\/\/cooptaxis.pt\/wp-content\/uploads\/2019\/01\/Evora-RomanTemple.jpg\" \/>\n\t<meta property=\"og:image:width\" content=\"1600\" \/>\n\t<meta property=\"og:image:height\" content=\"1200\" \/>\n\t<meta property=\"og:image:type\" content=\"image\/jpeg\" \/>\n<meta name=\"twitter:card\" content=\"summary_large_image\" \/>\n<meta name=\"twitter:label1\" content=\"Dur\u00e9e de lecture estim\u00e9e\" \/>\n\t<meta name=\"twitter:data1\" content=\"2 minutes\" \/>\n<script type=\"application\/ld+json\" class=\"yoast-schema-graph\">{\"@context\":\"https:\/\/schema.org\",\"@graph\":[{\"@type\":\"WebPage\",\"@id\":\"https:\/\/cooptaxis.pt\/fr\/produit\/tour-evora\/\",\"url\":\"https:\/\/cooptaxis.pt\/fr\/produit\/tour-evora\/\",\"name\":\"Tour \u00c9vora - Coopt\u00e1xis\",\"isPartOf\":{\"@id\":\"https:\/\/cooptaxis.pt\/#website\"},\"primaryImageOfPage\":{\"@id\":\"https:\/\/cooptaxis.pt\/fr\/produit\/tour-evora\/#primaryimage\"},\"image\":{\"@id\":\"https:\/\/cooptaxis.pt\/fr\/produit\/tour-evora\/#primaryimage\"},\"thumbnailUrl\":\"https:\/\/cooptaxis.pt\/wp-content\/uploads\/2019\/01\/Evora-RomanTemple.jpg\",\"datePublished\":\"2019-02-13T12:41:57+00:00\",\"dateModified\":\"2023-11-15T11:39:43+00:00\",\"breadcrumb\":{\"@id\":\"https:\/\/cooptaxis.pt\/fr\/produit\/tour-evora\/#breadcrumb\"},\"inLanguage\":\"fr-FR\",\"potentialAction\":[{\"@type\":\"ReadAction\",\"target\":[\"https:\/\/cooptaxis.pt\/fr\/produit\/tour-evora\/\"]}]},{\"@type\":\"ImageObject\",\"inLanguage\":\"fr-FR\",\"@id\":\"https:\/\/cooptaxis.pt\/fr\/produit\/tour-evora\/#primaryimage\",\"url\":\"https:\/\/cooptaxis.pt\/wp-content\/uploads\/2019\/01\/Evora-RomanTemple.jpg\",\"contentUrl\":\"https:\/\/cooptaxis.pt\/wp-content\/uploads\/2019\/01\/Evora-RomanTemple.jpg\",\"width\":1600,\"height\":1200},{\"@type\":\"BreadcrumbList\",\"@id\":\"https:\/\/cooptaxis.pt\/fr\/produit\/tour-evora\/#breadcrumb\",\"itemListElement\":[{\"@type\":\"ListItem\",\"position\":1,\"name\":\"In\u00edcio\",\"item\":\"https:\/\/cooptaxis.pt\/fr\/home\/\"},{\"@type\":\"ListItem\",\"position\":2,\"name\":\"Tours-fr\",\"item\":\"https:\/\/cooptaxis.pt\/fr\/boutique\/\"},{\"@type\":\"ListItem\",\"position\":3,\"name\":\"Tour \u00c9vora\"}]},{\"@type\":\"WebSite\",\"@id\":\"https:\/\/cooptaxis.pt\/#website\",\"url\":\"https:\/\/cooptaxis.pt\/\",\"name\":\"Coopt\u00e1xis\",\"description\":\"A maior Frota Nacional de T\u00e1xis\",\"publisher\":{\"@id\":\"https:\/\/cooptaxis.pt\/#organization\"},\"potentialAction\":[{\"@type\":\"SearchAction\",\"target\":{\"@type\":\"EntryPoint\",\"urlTemplate\":\"https:\/\/cooptaxis.pt\/?s={search_term_string}\"},\"query-input\":{\"@type\":\"PropertyValueSpecification\",\"valueRequired\":true,\"valueName\":\"search_term_string\"}}],\"inLanguage\":\"fr-FR\"},{\"@type\":\"Organization\",\"@id\":\"https:\/\/cooptaxis.pt\/#organization\",\"name\":\"Coopt\u00e1xis\",\"url\":\"https:\/\/cooptaxis.pt\/\",\"logo\":{\"@type\":\"ImageObject\",\"inLanguage\":\"fr-FR\",\"@id\":\"https:\/\/cooptaxis.pt\/#\/schema\/logo\/image\/\",\"url\":\"https:\/\/cooptaxis.pt\/wp-content\/uploads\/2019\/02\/cropped-COOPTAXIS_fundo_Pantone.jpg\",\"contentUrl\":\"https:\/\/cooptaxis.pt\/wp-content\/uploads\/2019\/02\/cropped-COOPTAXIS_fundo_Pantone.jpg\",\"width\":512,\"height\":512,\"caption\":\"Coopt\u00e1xis\"},\"image\":{\"@id\":\"https:\/\/cooptaxis.pt\/#\/schema\/logo\/image\/\"},\"sameAs\":[\"https:\/\/www.instagram.com\/cooptaxisportugal\/\",\"https:\/\/www.youtube.com\/watch?v=jLvAnznJhBo&amp;amp;amp;list=PLXqoHUfSBV2Dh-_t5RfvN-rKuClmSlzfW\"]}]}<\/script>\n<!-- \/ Yoast SEO plugin. -->","yoast_head_json":{"title":"Tour \u00c9vora - Coopt\u00e1xis","robots":{"index":"index","follow":"follow","max-snippet":"max-snippet:-1","max-image-preview":"max-image-preview:large","max-video-preview":"max-video-preview:-1"},"canonical":"https:\/\/cooptaxis.pt\/fr\/produit\/tour-evora\/","og_locale":"fr_FR","og_type":"article","og_title":"Tour \u00c9vora - Coopt\u00e1xis","og_description":"\u00c0 1h30 de Lisbonne, \u00c9vora a tout pour vous surprendre. Ici vous pourrez contempler une vaste richesse historique et culturelle, class\u00e9e comme patrimoine mondial de l&rsquo;UNESCO. Nous commen\u00e7ons la visite par le centre historique, entour\u00e9 de murailles du 17\u00e8me si\u00e8cle, au c\u0153ur de la ville, Pra\u00e7a do Giraldo. Vous pouvez \u00e9galement visiter le temple de Diane, l&rsquo;un des plus anciens ... Read More","og_url":"https:\/\/cooptaxis.pt\/fr\/produit\/tour-evora\/","og_site_name":"Coopt\u00e1xis","article_publisher":"https:\/\/www.instagram.com\/cooptaxisportugal\/","article_modified_time":"2023-11-15T11:39:43+00:00","og_image":[{"width":1600,"height":1200,"url":"https:\/\/cooptaxis.pt\/wp-content\/uploads\/2019\/01\/Evora-RomanTemple.jpg","type":"image\/jpeg"}],"twitter_card":"summary_large_image","twitter_misc":{"Dur\u00e9e de lecture estim\u00e9e":"2 minutes"},"schema":{"@context":"https:\/\/schema.org","@graph":[{"@type":"WebPage","@id":"https:\/\/cooptaxis.pt\/fr\/produit\/tour-evora\/","url":"https:\/\/cooptaxis.pt\/fr\/produit\/tour-evora\/","name":"Tour \u00c9vora - Coopt\u00e1xis","isPartOf":{"@id":"https:\/\/cooptaxis.pt\/#website"},"primaryImageOfPage":{"@id":"https:\/\/cooptaxis.pt\/fr\/produit\/tour-evora\/#primaryimage"},"image":{"@id":"https:\/\/cooptaxis.pt\/fr\/produit\/tour-evora\/#primaryimage"},"thumbnailUrl":"https:\/\/cooptaxis.pt\/wp-content\/uploads\/2019\/01\/Evora-RomanTemple.jpg","datePublished":"2019-02-13T12:41:57+00:00","dateModified":"2023-11-15T11:39:43+00:00","breadcrumb":{"@id":"https:\/\/cooptaxis.pt\/fr\/produit\/tour-evora\/#breadcrumb"},"inLanguage":"fr-FR","potentialAction":[{"@type":"ReadAction","target":["https:\/\/cooptaxis.pt\/fr\/produit\/tour-evora\/"]}]},{"@type":"ImageObject","inLanguage":"fr-FR","@id":"https:\/\/cooptaxis.pt\/fr\/produit\/tour-evora\/#primaryimage","url":"https:\/\/cooptaxis.pt\/wp-content\/uploads\/2019\/01\/Evora-RomanTemple.jpg","contentUrl":"https:\/\/cooptaxis.pt\/wp-content\/uploads\/2019\/01\/Evora-RomanTemple.jpg","width":1600,"height":1200},{"@type":"BreadcrumbList","@id":"https:\/\/cooptaxis.pt\/fr\/produit\/tour-evora\/#breadcrumb","itemListElement":[{"@type":"ListItem","position":1,"name":"In\u00edcio","item":"https:\/\/cooptaxis.pt\/fr\/home\/"},{"@type":"ListItem","position":2,"name":"Tours-fr","item":"https:\/\/cooptaxis.pt\/fr\/boutique\/"},{"@type":"ListItem","position":3,"name":"Tour \u00c9vora"}]},{"@type":"WebSite","@id":"https:\/\/cooptaxis.pt\/#website","url":"https:\/\/cooptaxis.pt\/","name":"Coopt\u00e1xis","description":"A maior Frota Nacional de T\u00e1xis","publisher":{"@id":"https:\/\/cooptaxis.pt\/#organization"},"potentialAction":[{"@type":"SearchAction","target":{"@type":"EntryPoint","urlTemplate":"https:\/\/cooptaxis.pt\/?s={search_term_string}"},"query-input":{"@type":"PropertyValueSpecification","valueRequired":true,"valueName":"search_term_string"}}],"inLanguage":"fr-FR"},{"@type":"Organization","@id":"https:\/\/cooptaxis.pt\/#organization","name":"Coopt\u00e1xis","url":"https:\/\/cooptaxis.pt\/","logo":{"@type":"ImageObject","inLanguage":"fr-FR","@id":"https:\/\/cooptaxis.pt\/#\/schema\/logo\/image\/","url":"https:\/\/cooptaxis.pt\/wp-content\/uploads\/2019\/02\/cropped-COOPTAXIS_fundo_Pantone.jpg","contentUrl":"https:\/\/cooptaxis.pt\/wp-content\/uploads\/2019\/02\/cropped-COOPTAXIS_fundo_Pantone.jpg","width":512,"height":512,"caption":"Coopt\u00e1xis"},"image":{"@id":"https:\/\/cooptaxis.pt\/#\/schema\/logo\/image\/"},"sameAs":["https:\/\/www.instagram.com\/cooptaxisportugal\/","https:\/\/www.youtube.com\/watch?v=jLvAnznJhBo&amp;amp;amp;list=PLXqoHUfSBV2Dh-_t5RfvN-rKuClmSlzfW"]}]}},"uagb_featured_image_src":{"full":["https:\/\/cooptaxis.pt\/wp-content\/uploads\/2019\/01\/Evora-RomanTemple.jpg",1600,1200,false],"thumbnail":["https:\/\/cooptaxis.pt\/wp-content\/uploads\/2019\/01\/Evora-RomanTemple-150x150.jpg",150,150,true],"medium":["https:\/\/cooptaxis.pt\/wp-content\/uploads\/2019\/01\/Evora-RomanTemple-300x225.jpg",300,225,true],"medium_large":["https:\/\/cooptaxis.pt\/wp-content\/uploads\/2019\/01\/Evora-RomanTemple-768x576.jpg",768,576,true],"large":["https:\/\/cooptaxis.pt\/wp-content\/uploads\/2019\/01\/Evora-RomanTemple-1024x768.jpg",1024,768,true],"1536x1536":["https:\/\/cooptaxis.pt\/wp-content\/uploads\/2019\/01\/Evora-RomanTemple.jpg",1536,1152,false],"2048x2048":["https:\/\/cooptaxis.pt\/wp-content\/uploads\/2019\/01\/Evora-RomanTemple.jpg",1600,1200,false],"woocommerce_thumbnail":["https:\/\/cooptaxis.pt\/wp-content\/uploads\/2019\/01\/Evora-RomanTemple-600x450.jpg",600,450,true],"woocommerce_single":["https:\/\/cooptaxis.pt\/wp-content\/uploads\/2019\/01\/Evora-RomanTemple-600x450.jpg",600,450,true],"woocommerce_gallery_thumbnail":["https:\/\/cooptaxis.pt\/wp-content\/uploads\/2019\/01\/Evora-RomanTemple-100x100.jpg",100,100,true],"post-thumbnail":["https:\/\/cooptaxis.pt\/wp-content\/uploads\/2019\/01\/Evora-RomanTemple-100x75.jpg",100,75,true],"entry":["https:\/\/cooptaxis.pt\/wp-content\/uploads\/2019\/01\/Evora-RomanTemple-862x647.jpg",862,647,true],"entry-cropped":["https:\/\/cooptaxis.pt\/wp-content\/uploads\/2019\/01\/Evora-RomanTemple-862x482.jpg",862,482,true],"entry-fullwidth":["https:\/\/cooptaxis.pt\/wp-content\/uploads\/2019\/01\/Evora-RomanTemple-1200x900.jpg",1200,900,true],"entry-cropped-fullwidth":["https:\/\/cooptaxis.pt\/wp-content\/uploads\/2019\/01\/Evora-RomanTemple-1200x671.jpg",1200,671,true]},"uagb_author_info":{"display_name":"mauriatti","author_link":"https:\/\/cooptaxis.pt\/fr\/author\/"},"uagb_comment_info":0,"uagb_excerpt":"\u00c0 1h30 de Lisbonne, \u00c9vora a tout pour vous surprendre. Ici vous pourrez contempler une vaste richesse historique et culturelle, class\u00e9e comme patrimoine mondial de l&rsquo;UNESCO. Nous commen\u00e7ons la visite par le centre historique, entour\u00e9 de murailles du 17\u00e8me si\u00e8cle, au c\u0153ur de la ville, Pra\u00e7a do Giraldo. Vous pouvez \u00e9galement visiter le temple de\u2026","_links":{"self":[{"href":"https:\/\/cooptaxis.pt\/fr\/wp-json\/wp\/v2\/product\/1721","targetHints":{"allow":["GET"]}}],"collection":[{"href":"https:\/\/cooptaxis.pt\/fr\/wp-json\/wp\/v2\/product"}],"about":[{"href":"https:\/\/cooptaxis.pt\/fr\/wp-json\/wp\/v2\/types\/product"}],"wp:featuredmedia":[{"embeddable":true,"href":"https:\/\/cooptaxis.pt\/fr\/wp-json\/wp\/v2\/media\/1734"}],"wp:attachment":[{"href":"https:\/\/cooptaxis.pt\/fr\/wp-json\/wp\/v2\/media?parent=1721"}],"wp:term":[{"taxonomy":"product_brand","embeddable":true,"href":"https:\/\/cooptaxis.pt\/fr\/wp-json\/wp\/v2\/product_brand?post=1721"},{"taxonomy":"product_cat","embeddable":true,"href":"https:\/\/cooptaxis.pt\/fr\/wp-json\/wp\/v2\/product_cat?post=1721"},{"taxonomy":"product_tag","embeddable":true,"href":"https:\/\/cooptaxis.pt\/fr\/wp-json\/wp\/v2\/product_tag?post=1721"}],"curies":[{"name":"wp","href":"https:\/\/api.w.org\/{rel}","templated":true}]}}