{"id":1738,"date":"2019-01-14T17:13:11","date_gmt":"2019-02-13T13:41:29","guid":{"rendered":"https:\/\/new.cooptaxis.pt\/?post_type=product&#038;p=1738"},"modified":"2023-11-15T11:34:35","modified_gmt":"2023-11-15T11:34:35","slug":"tour-fatima-batalha-nazare-obidos","status":"publish","type":"product","link":"https:\/\/cooptaxis.pt\/fr\/produit\/tour-fatima-batalha-nazare-obidos\/","title":{"rendered":"Tour F\u00e1tima \/ Batalha \/ Nazar\u00e9 \/ \u00d3bidos"},"content":{"rendered":"<p>D\u00e9couvrez le magnifique sanctuaire de F\u00e1tima et profitez des villages historiques et traditionnels d&rsquo;\u00d3bidos, Batalha et Nazar\u00e9.<\/p>\n<p>Nous continuerons vers Batalha o\u00f9 vous pourrez visiter le monast\u00e8re, qui c\u00e9l\u00e8bre la victoire du Portugal sur l&rsquo;arm\u00e9e d&rsquo;invasion, un monument gothique consid\u00e9r\u00e9 comme un site du patrimoine mondial de l&rsquo;UNESCO. Dans cette visite, vous pourrez voir d&rsquo;autres beaut\u00e9s de la r\u00e9gion, telles que le village de p\u00eacheurs typique de Nazar\u00e9 avec vue sous la plage. Sur le chemin du retour, vous pourrez vous promener dans \u00d3bidos, un village m\u00e9di\u00e9val avec des si\u00e8cles d&rsquo;histoire.<\/p>\n<p><strong>Important<\/strong><br \/>\nDur\u00e9e 8H<\/p>\n<p><strong>R\u00e9servations:<\/strong><br \/>\ncooptaxis.pt<\/p>\n<p><strong>Conditions g\u00e9n\u00e9rales<\/strong><br \/>\nToutes les visites n\u00e9cessitent une r\u00e9servation pr\u00e9alable.<br \/>\nTous les monuments nationaux sont ferm\u00e9s les jours f\u00e9ri\u00e9s.<\/p>\n<p><strong>Inclus: <\/strong>Transport avec arr\u00eats annonc\u00e9s<br \/>\n<strong>Pas compris: <\/strong> Les repas, les entr\u00e9es et l\u2019accompagnement dans les monuments et autres lieux d\u2019int\u00e9r\u00eat touristique.<\/p>\n<p><strong>Notes<\/strong><br \/>\nD&rsquo;autres itin\u00e9raires peuvent \u00eatre convenus selon votre int\u00e9r\u00eat. Contactez taxi@cooptaxis.pt<\/p>\n<p><strong>Informations<\/strong><br \/>\nPour chaque 30 minutes apr\u00e8s la dur\u00e9e stipul\u00e9e dans la description du voyage sera factur\u00e9 12 \u20ac.<\/p>\n","protected":false},"excerpt":{"rendered":"<p>D\u00e9couvrez le magnifique sanctuaire de F\u00e1tima et profitez des villages historiques et traditionnels d&rsquo;\u00d3bidos, Batalha et Nazar\u00e9. Nous continuerons vers Batalha o\u00f9 vous pourrez visiter le monast\u00e8re, qui c\u00e9l\u00e8bre la victoire du Portugal sur l&rsquo;arm\u00e9e d&rsquo;invasion, un monument gothique consid\u00e9r\u00e9 comme un site du patrimoine mondial de l&rsquo;UNESCO. Dans cette visite, vous pourrez voir d&rsquo;autres beaut\u00e9s de la r\u00e9gion, telles &#8230; <\/p>\n<div><a href=\"https:\/\/cooptaxis.pt\/fr\/produit\/tour-fatima-batalha-nazare-obidos\/\" class=\"more-link\">Read More<\/a><\/div>\n","protected":false},"featured_media":8891,"template":"","meta":{"om_disable_all_campaigns":false,"_uag_custom_page_level_css":"","_monsterinsights_skip_tracking":false,"_monsterinsights_sitenote_active":false,"_monsterinsights_sitenote_note":"","_monsterinsights_sitenote_category":0},"product_brand":[],"product_cat":[345],"product_tag":[341],"class_list":{"0":"post-1738","1":"product","2":"type-product","3":"status-publish","4":"has-post-thumbnail","6":"product_cat-tours-fr","7":"product_tag-tour-fr","8":"tm-has-options","11":"first","12":"instock","13":"taxable","14":"shipping-taxable","15":"purchasable","16":"product-type-simple"},"aioseo_notices":[],"yoast_head":"<!-- This site is optimized with the Yoast SEO plugin v24.7 - https:\/\/yoast.com\/wordpress\/plugins\/seo\/ -->\n<title>Tour F\u00e1tima \/ Batalha \/ Nazar\u00e9 \/ \u00d3bidos - Coopt\u00e1xis<\/title>\n<meta name=\"robots\" content=\"index, follow, max-snippet:-1, max-image-preview:large, max-video-preview:-1\" \/>\n<link rel=\"canonical\" href=\"https:\/\/cooptaxis.pt\/fr\/produit\/tour-fatima-batalha-nazare-obidos\/\" \/>\n<meta property=\"og:locale\" content=\"fr_FR\" \/>\n<meta property=\"og:type\" content=\"article\" \/>\n<meta property=\"og:title\" content=\"Tour F\u00e1tima \/ Batalha \/ Nazar\u00e9 \/ \u00d3bidos - Coopt\u00e1xis\" \/>\n<meta property=\"og:description\" content=\"D\u00e9couvrez le magnifique sanctuaire de F\u00e1tima et profitez des villages historiques et traditionnels d&rsquo;\u00d3bidos, Batalha et Nazar\u00e9. Nous continuerons vers Batalha o\u00f9 vous pourrez visiter le monast\u00e8re, qui c\u00e9l\u00e8bre la victoire du Portugal sur l&rsquo;arm\u00e9e d&rsquo;invasion, un monument gothique consid\u00e9r\u00e9 comme un site du patrimoine mondial de l&rsquo;UNESCO. Dans cette visite, vous pourrez voir d&rsquo;autres beaut\u00e9s de la r\u00e9gion, telles ... Read More\" \/>\n<meta property=\"og:url\" content=\"https:\/\/cooptaxis.pt\/fr\/produit\/tour-fatima-batalha-nazare-obidos\/\" \/>\n<meta property=\"og:site_name\" content=\"Coopt\u00e1xis\" \/>\n<meta property=\"article:publisher\" content=\"https:\/\/www.instagram.com\/cooptaxisportugal\/\" \/>\n<meta property=\"article:modified_time\" content=\"2023-11-15T11:34:35+00:00\" \/>\n<meta property=\"og:image\" content=\"https:\/\/cooptaxis.pt\/wp-content\/uploads\/2019\/01\/fatima.jpg\" \/>\n\t<meta property=\"og:image:width\" content=\"518\" \/>\n\t<meta property=\"og:image:height\" content=\"391\" \/>\n\t<meta property=\"og:image:type\" content=\"image\/jpeg\" \/>\n<meta name=\"twitter:card\" content=\"summary_large_image\" \/>\n<meta name=\"twitter:label1\" content=\"Dur\u00e9e de lecture estim\u00e9e\" \/>\n\t<meta name=\"twitter:data1\" content=\"1 minute\" \/>\n<script type=\"application\/ld+json\" class=\"yoast-schema-graph\">{\"@context\":\"https:\/\/schema.org\",\"@graph\":[{\"@type\":\"WebPage\",\"@id\":\"https:\/\/cooptaxis.pt\/fr\/produit\/tour-fatima-batalha-nazare-obidos\/\",\"url\":\"https:\/\/cooptaxis.pt\/fr\/produit\/tour-fatima-batalha-nazare-obidos\/\",\"name\":\"Tour F\u00e1tima \/ Batalha \/ Nazar\u00e9 \/ \u00d3bidos - Coopt\u00e1xis\",\"isPartOf\":{\"@id\":\"https:\/\/cooptaxis.pt\/#website\"},\"primaryImageOfPage\":{\"@id\":\"https:\/\/cooptaxis.pt\/fr\/produit\/tour-fatima-batalha-nazare-obidos\/#primaryimage\"},\"image\":{\"@id\":\"https:\/\/cooptaxis.pt\/fr\/produit\/tour-fatima-batalha-nazare-obidos\/#primaryimage\"},\"thumbnailUrl\":\"https:\/\/cooptaxis.pt\/wp-content\/uploads\/2019\/01\/fatima-1-e1700052531247.jpg\",\"datePublished\":\"2019-02-13T13:41:29+00:00\",\"dateModified\":\"2023-11-15T11:34:35+00:00\",\"breadcrumb\":{\"@id\":\"https:\/\/cooptaxis.pt\/fr\/produit\/tour-fatima-batalha-nazare-obidos\/#breadcrumb\"},\"inLanguage\":\"fr-FR\",\"potentialAction\":[{\"@type\":\"ReadAction\",\"target\":[\"https:\/\/cooptaxis.pt\/fr\/produit\/tour-fatima-batalha-nazare-obidos\/\"]}]},{\"@type\":\"ImageObject\",\"inLanguage\":\"fr-FR\",\"@id\":\"https:\/\/cooptaxis.pt\/fr\/produit\/tour-fatima-batalha-nazare-obidos\/#primaryimage\",\"url\":\"https:\/\/cooptaxis.pt\/wp-content\/uploads\/2019\/01\/fatima-1-e1700052531247.jpg\",\"contentUrl\":\"https:\/\/cooptaxis.pt\/wp-content\/uploads\/2019\/01\/fatima-1-e1700052531247.jpg\",\"width\":730,\"height\":487},{\"@type\":\"BreadcrumbList\",\"@id\":\"https:\/\/cooptaxis.pt\/fr\/produit\/tour-fatima-batalha-nazare-obidos\/#breadcrumb\",\"itemListElement\":[{\"@type\":\"ListItem\",\"position\":1,\"name\":\"In\u00edcio\",\"item\":\"https:\/\/cooptaxis.pt\/fr\/home\/\"},{\"@type\":\"ListItem\",\"position\":2,\"name\":\"Tours-fr\",\"item\":\"https:\/\/cooptaxis.pt\/fr\/boutique\/\"},{\"@type\":\"ListItem\",\"position\":3,\"name\":\"Tour F\u00e1tima \/ Batalha \/ Nazar\u00e9 \/ \u00d3bidos\"}]},{\"@type\":\"WebSite\",\"@id\":\"https:\/\/cooptaxis.pt\/#website\",\"url\":\"https:\/\/cooptaxis.pt\/\",\"name\":\"Coopt\u00e1xis\",\"description\":\"A maior Frota Nacional de T\u00e1xis\",\"publisher\":{\"@id\":\"https:\/\/cooptaxis.pt\/#organization\"},\"potentialAction\":[{\"@type\":\"SearchAction\",\"target\":{\"@type\":\"EntryPoint\",\"urlTemplate\":\"https:\/\/cooptaxis.pt\/?s={search_term_string}\"},\"query-input\":{\"@type\":\"PropertyValueSpecification\",\"valueRequired\":true,\"valueName\":\"search_term_string\"}}],\"inLanguage\":\"fr-FR\"},{\"@type\":\"Organization\",\"@id\":\"https:\/\/cooptaxis.pt\/#organization\",\"name\":\"Coopt\u00e1xis\",\"url\":\"https:\/\/cooptaxis.pt\/\",\"logo\":{\"@type\":\"ImageObject\",\"inLanguage\":\"fr-FR\",\"@id\":\"https:\/\/cooptaxis.pt\/#\/schema\/logo\/image\/\",\"url\":\"https:\/\/cooptaxis.pt\/wp-content\/uploads\/2019\/02\/cropped-COOPTAXIS_fundo_Pantone.jpg\",\"contentUrl\":\"https:\/\/cooptaxis.pt\/wp-content\/uploads\/2019\/02\/cropped-COOPTAXIS_fundo_Pantone.jpg\",\"width\":512,\"height\":512,\"caption\":\"Coopt\u00e1xis\"},\"image\":{\"@id\":\"https:\/\/cooptaxis.pt\/#\/schema\/logo\/image\/\"},\"sameAs\":[\"https:\/\/www.instagram.com\/cooptaxisportugal\/\",\"https:\/\/www.youtube.com\/watch?v=jLvAnznJhBo&amp;amp;amp;list=PLXqoHUfSBV2Dh-_t5RfvN-rKuClmSlzfW\"]}]}<\/script>\n<!-- \/ Yoast SEO plugin. -->","yoast_head_json":{"title":"Tour F\u00e1tima \/ Batalha \/ Nazar\u00e9 \/ \u00d3bidos - Coopt\u00e1xis","robots":{"index":"index","follow":"follow","max-snippet":"max-snippet:-1","max-image-preview":"max-image-preview:large","max-video-preview":"max-video-preview:-1"},"canonical":"https:\/\/cooptaxis.pt\/fr\/produit\/tour-fatima-batalha-nazare-obidos\/","og_locale":"fr_FR","og_type":"article","og_title":"Tour F\u00e1tima \/ Batalha \/ Nazar\u00e9 \/ \u00d3bidos - Coopt\u00e1xis","og_description":"D\u00e9couvrez le magnifique sanctuaire de F\u00e1tima et profitez des villages historiques et traditionnels d&rsquo;\u00d3bidos, Batalha et Nazar\u00e9. Nous continuerons vers Batalha o\u00f9 vous pourrez visiter le monast\u00e8re, qui c\u00e9l\u00e8bre la victoire du Portugal sur l&rsquo;arm\u00e9e d&rsquo;invasion, un monument gothique consid\u00e9r\u00e9 comme un site du patrimoine mondial de l&rsquo;UNESCO. Dans cette visite, vous pourrez voir d&rsquo;autres beaut\u00e9s de la r\u00e9gion, telles ... Read More","og_url":"https:\/\/cooptaxis.pt\/fr\/produit\/tour-fatima-batalha-nazare-obidos\/","og_site_name":"Coopt\u00e1xis","article_publisher":"https:\/\/www.instagram.com\/cooptaxisportugal\/","article_modified_time":"2023-11-15T11:34:35+00:00","og_image":[{"width":518,"height":391,"url":"https:\/\/cooptaxis.pt\/wp-content\/uploads\/2019\/01\/fatima.jpg","type":"image\/jpeg"}],"twitter_card":"summary_large_image","twitter_misc":{"Dur\u00e9e de lecture estim\u00e9e":"1 minute"},"schema":{"@context":"https:\/\/schema.org","@graph":[{"@type":"WebPage","@id":"https:\/\/cooptaxis.pt\/fr\/produit\/tour-fatima-batalha-nazare-obidos\/","url":"https:\/\/cooptaxis.pt\/fr\/produit\/tour-fatima-batalha-nazare-obidos\/","name":"Tour F\u00e1tima \/ Batalha \/ Nazar\u00e9 \/ \u00d3bidos - Coopt\u00e1xis","isPartOf":{"@id":"https:\/\/cooptaxis.pt\/#website"},"primaryImageOfPage":{"@id":"https:\/\/cooptaxis.pt\/fr\/produit\/tour-fatima-batalha-nazare-obidos\/#primaryimage"},"image":{"@id":"https:\/\/cooptaxis.pt\/fr\/produit\/tour-fatima-batalha-nazare-obidos\/#primaryimage"},"thumbnailUrl":"https:\/\/cooptaxis.pt\/wp-content\/uploads\/2019\/01\/fatima-1-e1700052531247.jpg","datePublished":"2019-02-13T13:41:29+00:00","dateModified":"2023-11-15T11:34:35+00:00","breadcrumb":{"@id":"https:\/\/cooptaxis.pt\/fr\/produit\/tour-fatima-batalha-nazare-obidos\/#breadcrumb"},"inLanguage":"fr-FR","potentialAction":[{"@type":"ReadAction","target":["https:\/\/cooptaxis.pt\/fr\/produit\/tour-fatima-batalha-nazare-obidos\/"]}]},{"@type":"ImageObject","inLanguage":"fr-FR","@id":"https:\/\/cooptaxis.pt\/fr\/produit\/tour-fatima-batalha-nazare-obidos\/#primaryimage","url":"https:\/\/cooptaxis.pt\/wp-content\/uploads\/2019\/01\/fatima-1-e1700052531247.jpg","contentUrl":"https:\/\/cooptaxis.pt\/wp-content\/uploads\/2019\/01\/fatima-1-e1700052531247.jpg","width":730,"height":487},{"@type":"BreadcrumbList","@id":"https:\/\/cooptaxis.pt\/fr\/produit\/tour-fatima-batalha-nazare-obidos\/#breadcrumb","itemListElement":[{"@type":"ListItem","position":1,"name":"In\u00edcio","item":"https:\/\/cooptaxis.pt\/fr\/home\/"},{"@type":"ListItem","position":2,"name":"Tours-fr","item":"https:\/\/cooptaxis.pt\/fr\/boutique\/"},{"@type":"ListItem","position":3,"name":"Tour F\u00e1tima \/ Batalha \/ Nazar\u00e9 \/ \u00d3bidos"}]},{"@type":"WebSite","@id":"https:\/\/cooptaxis.pt\/#website","url":"https:\/\/cooptaxis.pt\/","name":"Coopt\u00e1xis","description":"A maior Frota Nacional de T\u00e1xis","publisher":{"@id":"https:\/\/cooptaxis.pt\/#organization"},"potentialAction":[{"@type":"SearchAction","target":{"@type":"EntryPoint","urlTemplate":"https:\/\/cooptaxis.pt\/?s={search_term_string}"},"query-input":{"@type":"PropertyValueSpecification","valueRequired":true,"valueName":"search_term_string"}}],"inLanguage":"fr-FR"},{"@type":"Organization","@id":"https:\/\/cooptaxis.pt\/#organization","name":"Coopt\u00e1xis","url":"https:\/\/cooptaxis.pt\/","logo":{"@type":"ImageObject","inLanguage":"fr-FR","@id":"https:\/\/cooptaxis.pt\/#\/schema\/logo\/image\/","url":"https:\/\/cooptaxis.pt\/wp-content\/uploads\/2019\/02\/cropped-COOPTAXIS_fundo_Pantone.jpg","contentUrl":"https:\/\/cooptaxis.pt\/wp-content\/uploads\/2019\/02\/cropped-COOPTAXIS_fundo_Pantone.jpg","width":512,"height":512,"caption":"Coopt\u00e1xis"},"image":{"@id":"https:\/\/cooptaxis.pt\/#\/schema\/logo\/image\/"},"sameAs":["https:\/\/www.instagram.com\/cooptaxisportugal\/","https:\/\/www.youtube.com\/watch?v=jLvAnznJhBo&amp;amp;amp;list=PLXqoHUfSBV2Dh-_t5RfvN-rKuClmSlzfW"]}]}},"uagb_featured_image_src":{"full":["https:\/\/cooptaxis.pt\/wp-content\/uploads\/2019\/01\/fatima-1-e1700052531247.jpg",730,487,false],"thumbnail":["https:\/\/cooptaxis.pt\/wp-content\/uploads\/2019\/01\/fatima-1-150x150.jpg",150,150,true],"medium":["https:\/\/cooptaxis.pt\/wp-content\/uploads\/2019\/01\/fatima-1-300x200.jpg",300,200,true],"medium_large":["https:\/\/cooptaxis.pt\/wp-content\/uploads\/2019\/01\/fatima-1-e1700052531247.jpg",730,487,false],"large":["https:\/\/cooptaxis.pt\/wp-content\/uploads\/2019\/01\/fatima-1-e1700052531247.jpg",730,487,false],"1536x1536":["https:\/\/cooptaxis.pt\/wp-content\/uploads\/2019\/01\/fatima-1-e1700052531247.jpg",730,487,false],"2048x2048":["https:\/\/cooptaxis.pt\/wp-content\/uploads\/2019\/01\/fatima-1-e1700052531247.jpg",730,487,false],"woocommerce_thumbnail":["https:\/\/cooptaxis.pt\/wp-content\/uploads\/2019\/01\/fatima-1-600x450.jpg",600,450,true],"woocommerce_single":["https:\/\/cooptaxis.pt\/wp-content\/uploads\/2019\/01\/fatima-1-600x400.jpg",600,400,true],"woocommerce_gallery_thumbnail":["https:\/\/cooptaxis.pt\/wp-content\/uploads\/2019\/01\/fatima-1-100x100.jpg",100,100,true],"post-thumbnail":["https:\/\/cooptaxis.pt\/wp-content\/uploads\/2019\/01\/fatima-1-100x67.jpg",100,67,true],"entry":["https:\/\/cooptaxis.pt\/wp-content\/uploads\/2019\/01\/fatima-1-e1700052531247.jpg",730,487,false],"entry-cropped":["https:\/\/cooptaxis.pt\/wp-content\/uploads\/2019\/01\/fatima-1-730x482.jpg",730,482,true],"entry-fullwidth":["https:\/\/cooptaxis.pt\/wp-content\/uploads\/2019\/01\/fatima-1-e1700052531247.jpg",730,487,false],"entry-cropped-fullwidth":["https:\/\/cooptaxis.pt\/wp-content\/uploads\/2019\/01\/fatima-1-e1700052531247.jpg",730,487,false]},"uagb_author_info":{"display_name":"mauriatti","author_link":"https:\/\/cooptaxis.pt\/fr\/author\/"},"uagb_comment_info":0,"uagb_excerpt":"D\u00e9couvrez le magnifique sanctuaire de F\u00e1tima et profitez des villages historiques et traditionnels d&rsquo;\u00d3bidos, Batalha et Nazar\u00e9. Nous continuerons vers Batalha o\u00f9 vous pourrez visiter le monast\u00e8re, qui c\u00e9l\u00e8bre la victoire du Portugal sur l&rsquo;arm\u00e9e d&rsquo;invasion, un monument gothique consid\u00e9r\u00e9 comme un site du patrimoine mondial de l&rsquo;UNESCO. Dans cette visite, vous pourrez voir d&rsquo;autres\u2026","_links":{"self":[{"href":"https:\/\/cooptaxis.pt\/fr\/wp-json\/wp\/v2\/product\/1738","targetHints":{"allow":["GET"]}}],"collection":[{"href":"https:\/\/cooptaxis.pt\/fr\/wp-json\/wp\/v2\/product"}],"about":[{"href":"https:\/\/cooptaxis.pt\/fr\/wp-json\/wp\/v2\/types\/product"}],"wp:featuredmedia":[{"embeddable":true,"href":"https:\/\/cooptaxis.pt\/fr\/wp-json\/wp\/v2\/media\/8891"}],"wp:attachment":[{"href":"https:\/\/cooptaxis.pt\/fr\/wp-json\/wp\/v2\/media?parent=1738"}],"wp:term":[{"taxonomy":"product_brand","embeddable":true,"href":"https:\/\/cooptaxis.pt\/fr\/wp-json\/wp\/v2\/product_brand?post=1738"},{"taxonomy":"product_cat","embeddable":true,"href":"https:\/\/cooptaxis.pt\/fr\/wp-json\/wp\/v2\/product_cat?post=1738"},{"taxonomy":"product_tag","embeddable":true,"href":"https:\/\/cooptaxis.pt\/fr\/wp-json\/wp\/v2\/product_tag?post=1738"}],"curies":[{"name":"wp","href":"https:\/\/api.w.org\/{rel}","templated":true}]}}