{"id":1774,"date":"2019-01-14T16:41:35","date_gmt":"2019-02-13T14:05:12","guid":{"rendered":"https:\/\/new.cooptaxis.pt\/?post_type=product&#038;p=1774"},"modified":"2023-11-15T11:51:08","modified_gmt":"2023-11-15T11:51:08","slug":"tour-sintra-cascais-estoril","status":"publish","type":"product","link":"https:\/\/cooptaxis.pt\/fr\/produit\/tour-sintra-cascais-estoril\/","title":{"rendered":"Tour Sintra \/ Cascais \/ Estoril"},"content":{"rendered":"<p>Dans cette promenade, nous concilions le go\u00fbt de l\u2019histoire et des monuments, avec le plaisir d\u2019observer la mer.<\/p>\n<p>Nous commen\u00e7ons par une halte au Palais national de Queluz, l\u2019exemple plus extraordinaire d\u2019un palais portugais, ancienne r\u00e9sidence de la cour. Nous continuons avec la visite du centre historique de Sintra, un site du patrimoine mondial, o\u00f9 vous pourrez voir les merveilleuses vieilles rues et visiter le Pal\u00e1cio da Pena et la Quinta da Regaleira, des exemples locaux de la beaut\u00e9 architecturale locale. Nous irons \u00e0 Cabo da Roca, le point le plus occidental du continent et sa superbe vue sur l&rsquo;Atlantique et le parc naturel de Sintra-Cascais. Nous allons \u00e9galement passer en revue une imposante preuve g\u00e9ologique d&rsquo;\u00e9rosion c\u00f4ti\u00e8re, la bouche de l&rsquo;enfer. Sur le chemin du retour \u00e0 Lisbonne, nous longerons la c\u00f4te le long du Tage et les plages anim\u00e9es de la c\u00f4te d\u2019Estoril. Pendant le parcours, nous traverserons plusieurs anciens forts militaires qui d\u00e9fendaient la capitale.<\/p>\n<p><strong>Important<\/strong><br \/>\nDur\u00e9e 6H<\/p>\n<p><strong>R\u00e9servations:<\/strong><br \/>\ncooptaxis.pt<\/p>\n<p><strong>Conditions g\u00e9n\u00e9rales<\/strong><br \/>\nToutes les visites n\u00e9cessitent une r\u00e9servation pr\u00e9alable.<br \/>\nTous les monuments nationaux sont ferm\u00e9s les jours f\u00e9ri\u00e9s.<\/p>\n<p><strong>Inclus: <\/strong>Transport avec arr\u00eats annonc\u00e9s<br \/>\n<strong>Pas compris: <\/strong> Les repas, les entr\u00e9es et l\u2019accompagnement dans les monuments et autres lieux d\u2019int\u00e9r\u00eat touristique.<\/p>\n<p><strong>Notes<\/strong><br \/>\nD&rsquo;autres itin\u00e9raires peuvent \u00eatre convenus selon votre int\u00e9r\u00eat. Contactez taxi@cooptaxis.pt<\/p>\n<p><strong>Informations<\/strong><br \/>\nPour chaque 30 minutes apr\u00e8s la dur\u00e9e stipul\u00e9e dans la description du voyage sera factur\u00e9 12 \u20ac.<\/p>\n","protected":false},"excerpt":{"rendered":"<p>Dans cette promenade, nous concilions le go\u00fbt de l\u2019histoire et des monuments, avec le plaisir d\u2019observer la mer. Nous commen\u00e7ons par une halte au Palais national de Queluz, l\u2019exemple plus extraordinaire d\u2019un palais portugais, ancienne r\u00e9sidence de la cour. Nous continuons avec la visite du centre historique de Sintra, un site du patrimoine mondial, o\u00f9 vous pourrez voir les merveilleuses &#8230; <\/p>\n<div><a href=\"https:\/\/cooptaxis.pt\/fr\/produit\/tour-sintra-cascais-estoril\/\" class=\"more-link\">Read More<\/a><\/div>\n","protected":false},"featured_media":8900,"template":"","meta":{"om_disable_all_campaigns":false,"_uag_custom_page_level_css":"","_monsterinsights_skip_tracking":false,"_monsterinsights_sitenote_active":false,"_monsterinsights_sitenote_note":"","_monsterinsights_sitenote_category":0},"product_brand":[],"product_cat":[345],"product_tag":[341],"class_list":{"0":"post-1774","1":"product","2":"type-product","3":"status-publish","4":"has-post-thumbnail","6":"product_cat-tours-fr","7":"product_tag-tour-fr","8":"tm-has-options","11":"first","12":"instock","13":"taxable","14":"shipping-taxable","15":"purchasable","16":"product-type-simple"},"aioseo_notices":[],"yoast_head":"<!-- This site is optimized with the Yoast SEO plugin v24.7 - https:\/\/yoast.com\/wordpress\/plugins\/seo\/ -->\n<title>Tour Sintra \/ Cascais \/ Estoril - Coopt\u00e1xis<\/title>\n<meta name=\"robots\" content=\"index, follow, max-snippet:-1, max-image-preview:large, max-video-preview:-1\" \/>\n<link rel=\"canonical\" href=\"https:\/\/cooptaxis.pt\/fr\/produit\/tour-sintra-cascais-estoril\/\" \/>\n<meta property=\"og:locale\" content=\"fr_FR\" \/>\n<meta property=\"og:type\" content=\"article\" \/>\n<meta property=\"og:title\" content=\"Tour Sintra \/ Cascais \/ Estoril - Coopt\u00e1xis\" \/>\n<meta property=\"og:description\" content=\"Dans cette promenade, nous concilions le go\u00fbt de l\u2019histoire et des monuments, avec le plaisir d\u2019observer la mer. Nous commen\u00e7ons par une halte au Palais national de Queluz, l\u2019exemple plus extraordinaire d\u2019un palais portugais, ancienne r\u00e9sidence de la cour. Nous continuons avec la visite du centre historique de Sintra, un site du patrimoine mondial, o\u00f9 vous pourrez voir les merveilleuses ... Read More\" \/>\n<meta property=\"og:url\" content=\"https:\/\/cooptaxis.pt\/fr\/produit\/tour-sintra-cascais-estoril\/\" \/>\n<meta property=\"og:site_name\" content=\"Coopt\u00e1xis\" \/>\n<meta property=\"article:publisher\" content=\"https:\/\/www.instagram.com\/cooptaxisportugal\/\" \/>\n<meta property=\"article:modified_time\" content=\"2023-11-15T11:51:08+00:00\" \/>\n<meta property=\"og:image\" content=\"https:\/\/cooptaxis.pt\/wp-content\/uploads\/2019\/01\/sintra_palace02.jpg\" \/>\n\t<meta property=\"og:image:width\" content=\"518\" \/>\n\t<meta property=\"og:image:height\" content=\"391\" \/>\n\t<meta property=\"og:image:type\" content=\"image\/jpeg\" \/>\n<meta name=\"twitter:card\" content=\"summary_large_image\" \/>\n<meta name=\"twitter:label1\" content=\"Dur\u00e9e de lecture estim\u00e9e\" \/>\n\t<meta name=\"twitter:data1\" content=\"2 minutes\" \/>\n<script type=\"application\/ld+json\" class=\"yoast-schema-graph\">{\"@context\":\"https:\/\/schema.org\",\"@graph\":[{\"@type\":\"WebPage\",\"@id\":\"https:\/\/cooptaxis.pt\/fr\/produit\/tour-sintra-cascais-estoril\/\",\"url\":\"https:\/\/cooptaxis.pt\/fr\/produit\/tour-sintra-cascais-estoril\/\",\"name\":\"Tour Sintra \/ Cascais \/ Estoril - Coopt\u00e1xis\",\"isPartOf\":{\"@id\":\"https:\/\/cooptaxis.pt\/#website\"},\"primaryImageOfPage\":{\"@id\":\"https:\/\/cooptaxis.pt\/fr\/produit\/tour-sintra-cascais-estoril\/#primaryimage\"},\"image\":{\"@id\":\"https:\/\/cooptaxis.pt\/fr\/produit\/tour-sintra-cascais-estoril\/#primaryimage\"},\"thumbnailUrl\":\"https:\/\/cooptaxis.pt\/wp-content\/uploads\/2019\/01\/View-over-Pena-Palace-Sintra-2000x922-1-e1700052763169.png\",\"datePublished\":\"2019-02-13T14:05:12+00:00\",\"dateModified\":\"2023-11-15T11:51:08+00:00\",\"breadcrumb\":{\"@id\":\"https:\/\/cooptaxis.pt\/fr\/produit\/tour-sintra-cascais-estoril\/#breadcrumb\"},\"inLanguage\":\"fr-FR\",\"potentialAction\":[{\"@type\":\"ReadAction\",\"target\":[\"https:\/\/cooptaxis.pt\/fr\/produit\/tour-sintra-cascais-estoril\/\"]}]},{\"@type\":\"ImageObject\",\"inLanguage\":\"fr-FR\",\"@id\":\"https:\/\/cooptaxis.pt\/fr\/produit\/tour-sintra-cascais-estoril\/#primaryimage\",\"url\":\"https:\/\/cooptaxis.pt\/wp-content\/uploads\/2019\/01\/View-over-Pena-Palace-Sintra-2000x922-1-e1700052763169.png\",\"contentUrl\":\"https:\/\/cooptaxis.pt\/wp-content\/uploads\/2019\/01\/View-over-Pena-Palace-Sintra-2000x922-1-e1700052763169.png\",\"width\":2000,\"height\":922},{\"@type\":\"BreadcrumbList\",\"@id\":\"https:\/\/cooptaxis.pt\/fr\/produit\/tour-sintra-cascais-estoril\/#breadcrumb\",\"itemListElement\":[{\"@type\":\"ListItem\",\"position\":1,\"name\":\"In\u00edcio\",\"item\":\"https:\/\/cooptaxis.pt\/fr\/home\/\"},{\"@type\":\"ListItem\",\"position\":2,\"name\":\"Tours-fr\",\"item\":\"https:\/\/cooptaxis.pt\/fr\/boutique\/\"},{\"@type\":\"ListItem\",\"position\":3,\"name\":\"Tour Sintra \/ Cascais \/ Estoril\"}]},{\"@type\":\"WebSite\",\"@id\":\"https:\/\/cooptaxis.pt\/#website\",\"url\":\"https:\/\/cooptaxis.pt\/\",\"name\":\"Coopt\u00e1xis\",\"description\":\"A maior Frota Nacional de T\u00e1xis\",\"publisher\":{\"@id\":\"https:\/\/cooptaxis.pt\/#organization\"},\"potentialAction\":[{\"@type\":\"SearchAction\",\"target\":{\"@type\":\"EntryPoint\",\"urlTemplate\":\"https:\/\/cooptaxis.pt\/?s={search_term_string}\"},\"query-input\":{\"@type\":\"PropertyValueSpecification\",\"valueRequired\":true,\"valueName\":\"search_term_string\"}}],\"inLanguage\":\"fr-FR\"},{\"@type\":\"Organization\",\"@id\":\"https:\/\/cooptaxis.pt\/#organization\",\"name\":\"Coopt\u00e1xis\",\"url\":\"https:\/\/cooptaxis.pt\/\",\"logo\":{\"@type\":\"ImageObject\",\"inLanguage\":\"fr-FR\",\"@id\":\"https:\/\/cooptaxis.pt\/#\/schema\/logo\/image\/\",\"url\":\"https:\/\/cooptaxis.pt\/wp-content\/uploads\/2019\/02\/cropped-COOPTAXIS_fundo_Pantone.jpg\",\"contentUrl\":\"https:\/\/cooptaxis.pt\/wp-content\/uploads\/2019\/02\/cropped-COOPTAXIS_fundo_Pantone.jpg\",\"width\":512,\"height\":512,\"caption\":\"Coopt\u00e1xis\"},\"image\":{\"@id\":\"https:\/\/cooptaxis.pt\/#\/schema\/logo\/image\/\"},\"sameAs\":[\"https:\/\/www.instagram.com\/cooptaxisportugal\/\",\"https:\/\/www.youtube.com\/watch?v=jLvAnznJhBo&amp;amp;amp;list=PLXqoHUfSBV2Dh-_t5RfvN-rKuClmSlzfW\"]}]}<\/script>\n<!-- \/ Yoast SEO plugin. -->","yoast_head_json":{"title":"Tour Sintra \/ Cascais \/ Estoril - Coopt\u00e1xis","robots":{"index":"index","follow":"follow","max-snippet":"max-snippet:-1","max-image-preview":"max-image-preview:large","max-video-preview":"max-video-preview:-1"},"canonical":"https:\/\/cooptaxis.pt\/fr\/produit\/tour-sintra-cascais-estoril\/","og_locale":"fr_FR","og_type":"article","og_title":"Tour Sintra \/ Cascais \/ Estoril - Coopt\u00e1xis","og_description":"Dans cette promenade, nous concilions le go\u00fbt de l\u2019histoire et des monuments, avec le plaisir d\u2019observer la mer. Nous commen\u00e7ons par une halte au Palais national de Queluz, l\u2019exemple plus extraordinaire d\u2019un palais portugais, ancienne r\u00e9sidence de la cour. Nous continuons avec la visite du centre historique de Sintra, un site du patrimoine mondial, o\u00f9 vous pourrez voir les merveilleuses ... Read More","og_url":"https:\/\/cooptaxis.pt\/fr\/produit\/tour-sintra-cascais-estoril\/","og_site_name":"Coopt\u00e1xis","article_publisher":"https:\/\/www.instagram.com\/cooptaxisportugal\/","article_modified_time":"2023-11-15T11:51:08+00:00","og_image":[{"width":518,"height":391,"url":"https:\/\/cooptaxis.pt\/wp-content\/uploads\/2019\/01\/sintra_palace02.jpg","type":"image\/jpeg"}],"twitter_card":"summary_large_image","twitter_misc":{"Dur\u00e9e de lecture estim\u00e9e":"2 minutes"},"schema":{"@context":"https:\/\/schema.org","@graph":[{"@type":"WebPage","@id":"https:\/\/cooptaxis.pt\/fr\/produit\/tour-sintra-cascais-estoril\/","url":"https:\/\/cooptaxis.pt\/fr\/produit\/tour-sintra-cascais-estoril\/","name":"Tour Sintra \/ Cascais \/ Estoril - Coopt\u00e1xis","isPartOf":{"@id":"https:\/\/cooptaxis.pt\/#website"},"primaryImageOfPage":{"@id":"https:\/\/cooptaxis.pt\/fr\/produit\/tour-sintra-cascais-estoril\/#primaryimage"},"image":{"@id":"https:\/\/cooptaxis.pt\/fr\/produit\/tour-sintra-cascais-estoril\/#primaryimage"},"thumbnailUrl":"https:\/\/cooptaxis.pt\/wp-content\/uploads\/2019\/01\/View-over-Pena-Palace-Sintra-2000x922-1-e1700052763169.png","datePublished":"2019-02-13T14:05:12+00:00","dateModified":"2023-11-15T11:51:08+00:00","breadcrumb":{"@id":"https:\/\/cooptaxis.pt\/fr\/produit\/tour-sintra-cascais-estoril\/#breadcrumb"},"inLanguage":"fr-FR","potentialAction":[{"@type":"ReadAction","target":["https:\/\/cooptaxis.pt\/fr\/produit\/tour-sintra-cascais-estoril\/"]}]},{"@type":"ImageObject","inLanguage":"fr-FR","@id":"https:\/\/cooptaxis.pt\/fr\/produit\/tour-sintra-cascais-estoril\/#primaryimage","url":"https:\/\/cooptaxis.pt\/wp-content\/uploads\/2019\/01\/View-over-Pena-Palace-Sintra-2000x922-1-e1700052763169.png","contentUrl":"https:\/\/cooptaxis.pt\/wp-content\/uploads\/2019\/01\/View-over-Pena-Palace-Sintra-2000x922-1-e1700052763169.png","width":2000,"height":922},{"@type":"BreadcrumbList","@id":"https:\/\/cooptaxis.pt\/fr\/produit\/tour-sintra-cascais-estoril\/#breadcrumb","itemListElement":[{"@type":"ListItem","position":1,"name":"In\u00edcio","item":"https:\/\/cooptaxis.pt\/fr\/home\/"},{"@type":"ListItem","position":2,"name":"Tours-fr","item":"https:\/\/cooptaxis.pt\/fr\/boutique\/"},{"@type":"ListItem","position":3,"name":"Tour Sintra \/ Cascais \/ Estoril"}]},{"@type":"WebSite","@id":"https:\/\/cooptaxis.pt\/#website","url":"https:\/\/cooptaxis.pt\/","name":"Coopt\u00e1xis","description":"A maior Frota Nacional de T\u00e1xis","publisher":{"@id":"https:\/\/cooptaxis.pt\/#organization"},"potentialAction":[{"@type":"SearchAction","target":{"@type":"EntryPoint","urlTemplate":"https:\/\/cooptaxis.pt\/?s={search_term_string}"},"query-input":{"@type":"PropertyValueSpecification","valueRequired":true,"valueName":"search_term_string"}}],"inLanguage":"fr-FR"},{"@type":"Organization","@id":"https:\/\/cooptaxis.pt\/#organization","name":"Coopt\u00e1xis","url":"https:\/\/cooptaxis.pt\/","logo":{"@type":"ImageObject","inLanguage":"fr-FR","@id":"https:\/\/cooptaxis.pt\/#\/schema\/logo\/image\/","url":"https:\/\/cooptaxis.pt\/wp-content\/uploads\/2019\/02\/cropped-COOPTAXIS_fundo_Pantone.jpg","contentUrl":"https:\/\/cooptaxis.pt\/wp-content\/uploads\/2019\/02\/cropped-COOPTAXIS_fundo_Pantone.jpg","width":512,"height":512,"caption":"Coopt\u00e1xis"},"image":{"@id":"https:\/\/cooptaxis.pt\/#\/schema\/logo\/image\/"},"sameAs":["https:\/\/www.instagram.com\/cooptaxisportugal\/","https:\/\/www.youtube.com\/watch?v=jLvAnznJhBo&amp;amp;amp;list=PLXqoHUfSBV2Dh-_t5RfvN-rKuClmSlzfW"]}]}},"uagb_featured_image_src":{"full":["https:\/\/cooptaxis.pt\/wp-content\/uploads\/2019\/01\/View-over-Pena-Palace-Sintra-2000x922-1-e1700052763169.png",2000,922,false],"thumbnail":["https:\/\/cooptaxis.pt\/wp-content\/uploads\/2019\/01\/View-over-Pena-Palace-Sintra-2000x922-1-150x150.png",150,150,true],"medium":["https:\/\/cooptaxis.pt\/wp-content\/uploads\/2019\/01\/View-over-Pena-Palace-Sintra-2000x922-1-300x138.png",300,138,true],"medium_large":["https:\/\/cooptaxis.pt\/wp-content\/uploads\/2019\/01\/View-over-Pena-Palace-Sintra-2000x922-1-768x354.png",768,354,true],"large":["https:\/\/cooptaxis.pt\/wp-content\/uploads\/2019\/01\/View-over-Pena-Palace-Sintra-2000x922-1-1024x472.png",1024,472,true],"1536x1536":["https:\/\/cooptaxis.pt\/wp-content\/uploads\/2019\/01\/View-over-Pena-Palace-Sintra-2000x922-1-1536x708.png",1536,708,true],"2048x2048":["https:\/\/cooptaxis.pt\/wp-content\/uploads\/2019\/01\/View-over-Pena-Palace-Sintra-2000x922-1-e1700052763169.png",2000,922,false],"woocommerce_thumbnail":["https:\/\/cooptaxis.pt\/wp-content\/uploads\/2019\/01\/View-over-Pena-Palace-Sintra-2000x922-1-600x450.png",600,450,true],"woocommerce_single":["https:\/\/cooptaxis.pt\/wp-content\/uploads\/2019\/01\/View-over-Pena-Palace-Sintra-2000x922-1-600x277.png",600,277,true],"woocommerce_gallery_thumbnail":["https:\/\/cooptaxis.pt\/wp-content\/uploads\/2019\/01\/View-over-Pena-Palace-Sintra-2000x922-1-100x100.png",100,100,true],"post-thumbnail":["https:\/\/cooptaxis.pt\/wp-content\/uploads\/2019\/01\/View-over-Pena-Palace-Sintra-2000x922-1-100x46.png",100,46,true],"entry":["https:\/\/cooptaxis.pt\/wp-content\/uploads\/2019\/01\/View-over-Pena-Palace-Sintra-2000x922-1-862x397.png",862,397,true],"entry-cropped":["https:\/\/cooptaxis.pt\/wp-content\/uploads\/2019\/01\/View-over-Pena-Palace-Sintra-2000x922-1-862x482.png",862,482,true],"entry-fullwidth":["https:\/\/cooptaxis.pt\/wp-content\/uploads\/2019\/01\/View-over-Pena-Palace-Sintra-2000x922-1-1200x553.png",1200,553,true],"entry-cropped-fullwidth":["https:\/\/cooptaxis.pt\/wp-content\/uploads\/2019\/01\/View-over-Pena-Palace-Sintra-2000x922-1-1200x671.png",1200,671,true]},"uagb_author_info":{"display_name":"mauriatti","author_link":"https:\/\/cooptaxis.pt\/fr\/author\/"},"uagb_comment_info":0,"uagb_excerpt":"Dans cette promenade, nous concilions le go\u00fbt de l\u2019histoire et des monuments, avec le plaisir d\u2019observer la mer. Nous commen\u00e7ons par une halte au Palais national de Queluz, l\u2019exemple plus extraordinaire d\u2019un palais portugais, ancienne r\u00e9sidence de la cour. Nous continuons avec la visite du centre historique de Sintra, un site du patrimoine mondial, o\u00f9\u2026","_links":{"self":[{"href":"https:\/\/cooptaxis.pt\/fr\/wp-json\/wp\/v2\/product\/1774","targetHints":{"allow":["GET"]}}],"collection":[{"href":"https:\/\/cooptaxis.pt\/fr\/wp-json\/wp\/v2\/product"}],"about":[{"href":"https:\/\/cooptaxis.pt\/fr\/wp-json\/wp\/v2\/types\/product"}],"wp:featuredmedia":[{"embeddable":true,"href":"https:\/\/cooptaxis.pt\/fr\/wp-json\/wp\/v2\/media\/8900"}],"wp:attachment":[{"href":"https:\/\/cooptaxis.pt\/fr\/wp-json\/wp\/v2\/media?parent=1774"}],"wp:term":[{"taxonomy":"product_brand","embeddable":true,"href":"https:\/\/cooptaxis.pt\/fr\/wp-json\/wp\/v2\/product_brand?post=1774"},{"taxonomy":"product_cat","embeddable":true,"href":"https:\/\/cooptaxis.pt\/fr\/wp-json\/wp\/v2\/product_cat?post=1774"},{"taxonomy":"product_tag","embeddable":true,"href":"https:\/\/cooptaxis.pt\/fr\/wp-json\/wp\/v2\/product_tag?post=1774"}],"curies":[{"name":"wp","href":"https:\/\/api.w.org\/{rel}","templated":true}]}}