{"id":1790,"date":"2019-01-14T16:23:29","date_gmt":"2019-02-13T14:14:33","guid":{"rendered":"https:\/\/new.cooptaxis.pt\/?post_type=product&#038;p=1790"},"modified":"2023-11-15T11:53:02","modified_gmt":"2023-11-15T11:53:02","slug":"tour-coimbra","status":"publish","type":"product","link":"https:\/\/cooptaxis.pt\/fr\/produit\/tour-coimbra\/","title":{"rendered":"Tour Coimbra"},"content":{"rendered":"<p>Sur les rives du fleuve Mondego, Coimbra est connue pour son universit\u00e9, l&rsquo;une des plus anciennes au Portugal et en Europe.<\/p>\n<p>Nous commencerons notre visite de l\u2019universit\u00e9, fond\u00e9e au XIIIe si\u00e8cle et class\u00e9e comme patrimoine mondial de l\u2019UNESCO, qui peut \u00eatre visit\u00e9 et o\u00f9 se trouve l\u2019un des plus beaux endroits de la ville, la plus belle et c\u00e9l\u00e8bre biblioth\u00e8que du Portugal. Nous traverserons le monast\u00e8re gothique de Santa Clara-a-Velha, fond\u00e9 en 1283 et le convent de Santa Clara-a-Nova, \u00e9galement connu sous le nom de couvent de la Reine Santa Isabel, datant de 1649, l&rsquo;un des plus importants \u00e9difices romans du pays, un vieil exemple des racines architecturales et religieuses du Portugal. Sur le chemin du retour, nous traverserons un site arch\u00e9ologique important, les ruines de Con\u00edmbriga, monument national.<\/p>\n<p><strong>Important<\/strong><br \/>\nDur\u00e9e 8H<\/p>\n<p><strong>R\u00e9servations:<\/strong><br \/>\ncooptaxis.pt<\/p>\n<p><strong>Conditions g\u00e9n\u00e9rales<\/strong><br \/>\nToutes les visites n\u00e9cessitent une r\u00e9servation pr\u00e9alable.<br \/>\nTous les monuments nationaux sont ferm\u00e9s les jours f\u00e9ri\u00e9s.<\/p>\n<p><strong>Inclus: <\/strong>Transport avec arr\u00eats annonc\u00e9s<br \/>\n<strong>Pas compris: <\/strong> Les repas, les entr\u00e9es et l\u2019accompagnement dans les monuments et autres lieux d\u2019int\u00e9r\u00eat touristique.<\/p>\n<p><strong>Notes<\/strong><br \/>\nD&rsquo;autres itin\u00e9raires peuvent \u00eatre convenus selon votre int\u00e9r\u00eat. Contactez taxi@cooptaxis.pt<\/p>\n<p><strong>Informations<\/strong><br \/>\nPour chaque 30 minutes apr\u00e8s la dur\u00e9e stipul\u00e9e dans la description du voyage sera factur\u00e9 12 \u20ac.<\/p>\n","protected":false},"excerpt":{"rendered":"<p>Sur les rives du fleuve Mondego, Coimbra est connue pour son universit\u00e9, l&rsquo;une des plus anciennes au Portugal et en Europe. Nous commencerons notre visite de l\u2019universit\u00e9, fond\u00e9e au XIIIe si\u00e8cle et class\u00e9e comme patrimoine mondial de l\u2019UNESCO, qui peut \u00eatre visit\u00e9 et o\u00f9 se trouve l\u2019un des plus beaux endroits de la ville, la plus belle et c\u00e9l\u00e8bre biblioth\u00e8que &#8230; <\/p>\n<div><a href=\"https:\/\/cooptaxis.pt\/fr\/produit\/tour-coimbra\/\" class=\"more-link\">Read More<\/a><\/div>\n","protected":false},"featured_media":8887,"template":"","meta":{"om_disable_all_campaigns":false,"_uag_custom_page_level_css":"","_monsterinsights_skip_tracking":false,"_monsterinsights_sitenote_active":false,"_monsterinsights_sitenote_note":"","_monsterinsights_sitenote_category":0},"product_brand":[],"product_cat":[345],"product_tag":[341],"class_list":{"0":"post-1790","1":"product","2":"type-product","3":"status-publish","4":"has-post-thumbnail","6":"product_cat-tours-fr","7":"product_tag-tour-fr","8":"tm-has-options","11":"first","12":"instock","13":"taxable","14":"shipping-taxable","15":"purchasable","16":"product-type-simple"},"aioseo_notices":[],"yoast_head":"<!-- This site is optimized with the Yoast SEO plugin v24.7 - https:\/\/yoast.com\/wordpress\/plugins\/seo\/ -->\n<title>Tour Coimbra - Coopt\u00e1xis<\/title>\n<meta name=\"robots\" content=\"index, follow, max-snippet:-1, max-image-preview:large, max-video-preview:-1\" \/>\n<link rel=\"canonical\" href=\"https:\/\/cooptaxis.pt\/fr\/produit\/tour-coimbra\/\" \/>\n<meta property=\"og:locale\" content=\"fr_FR\" \/>\n<meta property=\"og:type\" content=\"article\" \/>\n<meta property=\"og:title\" content=\"Tour Coimbra - Coopt\u00e1xis\" \/>\n<meta property=\"og:description\" content=\"Sur les rives du fleuve Mondego, Coimbra est connue pour son universit\u00e9, l&rsquo;une des plus anciennes au Portugal et en Europe. Nous commencerons notre visite de l\u2019universit\u00e9, fond\u00e9e au XIIIe si\u00e8cle et class\u00e9e comme patrimoine mondial de l\u2019UNESCO, qui peut \u00eatre visit\u00e9 et o\u00f9 se trouve l\u2019un des plus beaux endroits de la ville, la plus belle et c\u00e9l\u00e8bre biblioth\u00e8que ... Read More\" \/>\n<meta property=\"og:url\" content=\"https:\/\/cooptaxis.pt\/fr\/produit\/tour-coimbra\/\" \/>\n<meta property=\"og:site_name\" content=\"Coopt\u00e1xis\" \/>\n<meta property=\"article:publisher\" content=\"https:\/\/www.instagram.com\/cooptaxisportugal\/\" \/>\n<meta property=\"article:modified_time\" content=\"2023-11-15T11:53:02+00:00\" \/>\n<meta property=\"og:image\" content=\"https:\/\/cooptaxis.pt\/wp-content\/uploads\/2019\/01\/464668787_full.jpg\" \/>\n\t<meta property=\"og:image:width\" content=\"518\" \/>\n\t<meta property=\"og:image:height\" content=\"391\" \/>\n\t<meta property=\"og:image:type\" content=\"image\/jpeg\" \/>\n<meta name=\"twitter:card\" content=\"summary_large_image\" \/>\n<meta name=\"twitter:label1\" content=\"Dur\u00e9e de lecture estim\u00e9e\" \/>\n\t<meta name=\"twitter:data1\" content=\"2 minutes\" \/>\n<script type=\"application\/ld+json\" class=\"yoast-schema-graph\">{\"@context\":\"https:\/\/schema.org\",\"@graph\":[{\"@type\":\"WebPage\",\"@id\":\"https:\/\/cooptaxis.pt\/fr\/produit\/tour-coimbra\/\",\"url\":\"https:\/\/cooptaxis.pt\/fr\/produit\/tour-coimbra\/\",\"name\":\"Tour Coimbra - Coopt\u00e1xis\",\"isPartOf\":{\"@id\":\"https:\/\/cooptaxis.pt\/#website\"},\"primaryImageOfPage\":{\"@id\":\"https:\/\/cooptaxis.pt\/fr\/produit\/tour-coimbra\/#primaryimage\"},\"image\":{\"@id\":\"https:\/\/cooptaxis.pt\/fr\/produit\/tour-coimbra\/#primaryimage\"},\"thumbnailUrl\":\"https:\/\/cooptaxis.pt\/wp-content\/uploads\/2019\/01\/ice-124946-72421078_3XL-359778-scaled-e1700051560864.jpg\",\"datePublished\":\"2019-02-13T14:14:33+00:00\",\"dateModified\":\"2023-11-15T11:53:02+00:00\",\"breadcrumb\":{\"@id\":\"https:\/\/cooptaxis.pt\/fr\/produit\/tour-coimbra\/#breadcrumb\"},\"inLanguage\":\"fr-FR\",\"potentialAction\":[{\"@type\":\"ReadAction\",\"target\":[\"https:\/\/cooptaxis.pt\/fr\/produit\/tour-coimbra\/\"]}]},{\"@type\":\"ImageObject\",\"inLanguage\":\"fr-FR\",\"@id\":\"https:\/\/cooptaxis.pt\/fr\/produit\/tour-coimbra\/#primaryimage\",\"url\":\"https:\/\/cooptaxis.pt\/wp-content\/uploads\/2019\/01\/ice-124946-72421078_3XL-359778-scaled-e1700051560864.jpg\",\"contentUrl\":\"https:\/\/cooptaxis.pt\/wp-content\/uploads\/2019\/01\/ice-124946-72421078_3XL-359778-scaled-e1700051560864.jpg\",\"width\":2048,\"height\":1003},{\"@type\":\"BreadcrumbList\",\"@id\":\"https:\/\/cooptaxis.pt\/fr\/produit\/tour-coimbra\/#breadcrumb\",\"itemListElement\":[{\"@type\":\"ListItem\",\"position\":1,\"name\":\"In\u00edcio\",\"item\":\"https:\/\/cooptaxis.pt\/fr\/home\/\"},{\"@type\":\"ListItem\",\"position\":2,\"name\":\"Tours-fr\",\"item\":\"https:\/\/cooptaxis.pt\/fr\/boutique\/\"},{\"@type\":\"ListItem\",\"position\":3,\"name\":\"Tour Coimbra\"}]},{\"@type\":\"WebSite\",\"@id\":\"https:\/\/cooptaxis.pt\/#website\",\"url\":\"https:\/\/cooptaxis.pt\/\",\"name\":\"Coopt\u00e1xis\",\"description\":\"A maior Frota Nacional de T\u00e1xis\",\"publisher\":{\"@id\":\"https:\/\/cooptaxis.pt\/#organization\"},\"potentialAction\":[{\"@type\":\"SearchAction\",\"target\":{\"@type\":\"EntryPoint\",\"urlTemplate\":\"https:\/\/cooptaxis.pt\/?s={search_term_string}\"},\"query-input\":{\"@type\":\"PropertyValueSpecification\",\"valueRequired\":true,\"valueName\":\"search_term_string\"}}],\"inLanguage\":\"fr-FR\"},{\"@type\":\"Organization\",\"@id\":\"https:\/\/cooptaxis.pt\/#organization\",\"name\":\"Coopt\u00e1xis\",\"url\":\"https:\/\/cooptaxis.pt\/\",\"logo\":{\"@type\":\"ImageObject\",\"inLanguage\":\"fr-FR\",\"@id\":\"https:\/\/cooptaxis.pt\/#\/schema\/logo\/image\/\",\"url\":\"https:\/\/cooptaxis.pt\/wp-content\/uploads\/2019\/02\/cropped-COOPTAXIS_fundo_Pantone.jpg\",\"contentUrl\":\"https:\/\/cooptaxis.pt\/wp-content\/uploads\/2019\/02\/cropped-COOPTAXIS_fundo_Pantone.jpg\",\"width\":512,\"height\":512,\"caption\":\"Coopt\u00e1xis\"},\"image\":{\"@id\":\"https:\/\/cooptaxis.pt\/#\/schema\/logo\/image\/\"},\"sameAs\":[\"https:\/\/www.instagram.com\/cooptaxisportugal\/\",\"https:\/\/www.youtube.com\/watch?v=jLvAnznJhBo&amp;amp;amp;list=PLXqoHUfSBV2Dh-_t5RfvN-rKuClmSlzfW\"]}]}<\/script>\n<!-- \/ Yoast SEO plugin. -->","yoast_head_json":{"title":"Tour Coimbra - Coopt\u00e1xis","robots":{"index":"index","follow":"follow","max-snippet":"max-snippet:-1","max-image-preview":"max-image-preview:large","max-video-preview":"max-video-preview:-1"},"canonical":"https:\/\/cooptaxis.pt\/fr\/produit\/tour-coimbra\/","og_locale":"fr_FR","og_type":"article","og_title":"Tour Coimbra - Coopt\u00e1xis","og_description":"Sur les rives du fleuve Mondego, Coimbra est connue pour son universit\u00e9, l&rsquo;une des plus anciennes au Portugal et en Europe. Nous commencerons notre visite de l\u2019universit\u00e9, fond\u00e9e au XIIIe si\u00e8cle et class\u00e9e comme patrimoine mondial de l\u2019UNESCO, qui peut \u00eatre visit\u00e9 et o\u00f9 se trouve l\u2019un des plus beaux endroits de la ville, la plus belle et c\u00e9l\u00e8bre biblioth\u00e8que ... Read More","og_url":"https:\/\/cooptaxis.pt\/fr\/produit\/tour-coimbra\/","og_site_name":"Coopt\u00e1xis","article_publisher":"https:\/\/www.instagram.com\/cooptaxisportugal\/","article_modified_time":"2023-11-15T11:53:02+00:00","og_image":[{"width":518,"height":391,"url":"https:\/\/cooptaxis.pt\/wp-content\/uploads\/2019\/01\/464668787_full.jpg","type":"image\/jpeg"}],"twitter_card":"summary_large_image","twitter_misc":{"Dur\u00e9e de lecture estim\u00e9e":"2 minutes"},"schema":{"@context":"https:\/\/schema.org","@graph":[{"@type":"WebPage","@id":"https:\/\/cooptaxis.pt\/fr\/produit\/tour-coimbra\/","url":"https:\/\/cooptaxis.pt\/fr\/produit\/tour-coimbra\/","name":"Tour Coimbra - Coopt\u00e1xis","isPartOf":{"@id":"https:\/\/cooptaxis.pt\/#website"},"primaryImageOfPage":{"@id":"https:\/\/cooptaxis.pt\/fr\/produit\/tour-coimbra\/#primaryimage"},"image":{"@id":"https:\/\/cooptaxis.pt\/fr\/produit\/tour-coimbra\/#primaryimage"},"thumbnailUrl":"https:\/\/cooptaxis.pt\/wp-content\/uploads\/2019\/01\/ice-124946-72421078_3XL-359778-scaled-e1700051560864.jpg","datePublished":"2019-02-13T14:14:33+00:00","dateModified":"2023-11-15T11:53:02+00:00","breadcrumb":{"@id":"https:\/\/cooptaxis.pt\/fr\/produit\/tour-coimbra\/#breadcrumb"},"inLanguage":"fr-FR","potentialAction":[{"@type":"ReadAction","target":["https:\/\/cooptaxis.pt\/fr\/produit\/tour-coimbra\/"]}]},{"@type":"ImageObject","inLanguage":"fr-FR","@id":"https:\/\/cooptaxis.pt\/fr\/produit\/tour-coimbra\/#primaryimage","url":"https:\/\/cooptaxis.pt\/wp-content\/uploads\/2019\/01\/ice-124946-72421078_3XL-359778-scaled-e1700051560864.jpg","contentUrl":"https:\/\/cooptaxis.pt\/wp-content\/uploads\/2019\/01\/ice-124946-72421078_3XL-359778-scaled-e1700051560864.jpg","width":2048,"height":1003},{"@type":"BreadcrumbList","@id":"https:\/\/cooptaxis.pt\/fr\/produit\/tour-coimbra\/#breadcrumb","itemListElement":[{"@type":"ListItem","position":1,"name":"In\u00edcio","item":"https:\/\/cooptaxis.pt\/fr\/home\/"},{"@type":"ListItem","position":2,"name":"Tours-fr","item":"https:\/\/cooptaxis.pt\/fr\/boutique\/"},{"@type":"ListItem","position":3,"name":"Tour Coimbra"}]},{"@type":"WebSite","@id":"https:\/\/cooptaxis.pt\/#website","url":"https:\/\/cooptaxis.pt\/","name":"Coopt\u00e1xis","description":"A maior Frota Nacional de T\u00e1xis","publisher":{"@id":"https:\/\/cooptaxis.pt\/#organization"},"potentialAction":[{"@type":"SearchAction","target":{"@type":"EntryPoint","urlTemplate":"https:\/\/cooptaxis.pt\/?s={search_term_string}"},"query-input":{"@type":"PropertyValueSpecification","valueRequired":true,"valueName":"search_term_string"}}],"inLanguage":"fr-FR"},{"@type":"Organization","@id":"https:\/\/cooptaxis.pt\/#organization","name":"Coopt\u00e1xis","url":"https:\/\/cooptaxis.pt\/","logo":{"@type":"ImageObject","inLanguage":"fr-FR","@id":"https:\/\/cooptaxis.pt\/#\/schema\/logo\/image\/","url":"https:\/\/cooptaxis.pt\/wp-content\/uploads\/2019\/02\/cropped-COOPTAXIS_fundo_Pantone.jpg","contentUrl":"https:\/\/cooptaxis.pt\/wp-content\/uploads\/2019\/02\/cropped-COOPTAXIS_fundo_Pantone.jpg","width":512,"height":512,"caption":"Coopt\u00e1xis"},"image":{"@id":"https:\/\/cooptaxis.pt\/#\/schema\/logo\/image\/"},"sameAs":["https:\/\/www.instagram.com\/cooptaxisportugal\/","https:\/\/www.youtube.com\/watch?v=jLvAnznJhBo&amp;amp;amp;list=PLXqoHUfSBV2Dh-_t5RfvN-rKuClmSlzfW"]}]}},"uagb_featured_image_src":{"full":["https:\/\/cooptaxis.pt\/wp-content\/uploads\/2019\/01\/ice-124946-72421078_3XL-359778-scaled-e1700051560864.jpg",2048,1003,false],"thumbnail":["https:\/\/cooptaxis.pt\/wp-content\/uploads\/2019\/01\/ice-124946-72421078_3XL-359778-150x150.jpg",150,150,true],"medium":["https:\/\/cooptaxis.pt\/wp-content\/uploads\/2019\/01\/ice-124946-72421078_3XL-359778-300x147.jpg",300,147,true],"medium_large":["https:\/\/cooptaxis.pt\/wp-content\/uploads\/2019\/01\/ice-124946-72421078_3XL-359778-768x376.jpg",768,376,true],"large":["https:\/\/cooptaxis.pt\/wp-content\/uploads\/2019\/01\/ice-124946-72421078_3XL-359778-1024x501.jpg",1024,501,true],"1536x1536":["https:\/\/cooptaxis.pt\/wp-content\/uploads\/2019\/01\/ice-124946-72421078_3XL-359778-1536x752.jpg",1536,752,true],"2048x2048":["https:\/\/cooptaxis.pt\/wp-content\/uploads\/2019\/01\/ice-124946-72421078_3XL-359778-2048x1003.jpg",2048,1003,true],"woocommerce_thumbnail":["https:\/\/cooptaxis.pt\/wp-content\/uploads\/2019\/01\/ice-124946-72421078_3XL-359778-600x450.jpg",600,450,true],"woocommerce_single":["https:\/\/cooptaxis.pt\/wp-content\/uploads\/2019\/01\/ice-124946-72421078_3XL-359778-600x294.jpg",600,294,true],"woocommerce_gallery_thumbnail":["https:\/\/cooptaxis.pt\/wp-content\/uploads\/2019\/01\/ice-124946-72421078_3XL-359778-100x100.jpg",100,100,true],"post-thumbnail":["https:\/\/cooptaxis.pt\/wp-content\/uploads\/2019\/01\/ice-124946-72421078_3XL-359778-100x49.jpg",100,49,true],"entry":["https:\/\/cooptaxis.pt\/wp-content\/uploads\/2019\/01\/ice-124946-72421078_3XL-359778-862x422.jpg",862,422,true],"entry-cropped":["https:\/\/cooptaxis.pt\/wp-content\/uploads\/2019\/01\/ice-124946-72421078_3XL-359778-862x482.jpg",862,482,true],"entry-fullwidth":["https:\/\/cooptaxis.pt\/wp-content\/uploads\/2019\/01\/ice-124946-72421078_3XL-359778-1200x588.jpg",1200,588,true],"entry-cropped-fullwidth":["https:\/\/cooptaxis.pt\/wp-content\/uploads\/2019\/01\/ice-124946-72421078_3XL-359778-1200x671.jpg",1200,671,true]},"uagb_author_info":{"display_name":"mauriatti","author_link":"https:\/\/cooptaxis.pt\/fr\/author\/"},"uagb_comment_info":0,"uagb_excerpt":"Sur les rives du fleuve Mondego, Coimbra est connue pour son universit\u00e9, l&rsquo;une des plus anciennes au Portugal et en Europe. Nous commencerons notre visite de l\u2019universit\u00e9, fond\u00e9e au XIIIe si\u00e8cle et class\u00e9e comme patrimoine mondial de l\u2019UNESCO, qui peut \u00eatre visit\u00e9 et o\u00f9 se trouve l\u2019un des plus beaux endroits de la ville, la\u2026","_links":{"self":[{"href":"https:\/\/cooptaxis.pt\/fr\/wp-json\/wp\/v2\/product\/1790","targetHints":{"allow":["GET"]}}],"collection":[{"href":"https:\/\/cooptaxis.pt\/fr\/wp-json\/wp\/v2\/product"}],"about":[{"href":"https:\/\/cooptaxis.pt\/fr\/wp-json\/wp\/v2\/types\/product"}],"wp:featuredmedia":[{"embeddable":true,"href":"https:\/\/cooptaxis.pt\/fr\/wp-json\/wp\/v2\/media\/8887"}],"wp:attachment":[{"href":"https:\/\/cooptaxis.pt\/fr\/wp-json\/wp\/v2\/media?parent=1790"}],"wp:term":[{"taxonomy":"product_brand","embeddable":true,"href":"https:\/\/cooptaxis.pt\/fr\/wp-json\/wp\/v2\/product_brand?post=1790"},{"taxonomy":"product_cat","embeddable":true,"href":"https:\/\/cooptaxis.pt\/fr\/wp-json\/wp\/v2\/product_cat?post=1790"},{"taxonomy":"product_tag","embeddable":true,"href":"https:\/\/cooptaxis.pt\/fr\/wp-json\/wp\/v2\/product_tag?post=1790"}],"curies":[{"name":"wp","href":"https:\/\/api.w.org\/{rel}","templated":true}]}}