{"id":8905,"date":"2023-11-15T12:09:41","date_gmt":"2023-11-15T14:15:55","guid":{"rendered":"https:\/\/cooptaxis.pt\/?post_type=product&#038;p=8905"},"modified":"2023-11-15T14:18:19","modified_gmt":"2023-11-15T14:18:19","slug":"porto-covo-lile-du-pessegueiro-et-milfontes","status":"publish","type":"product","link":"https:\/\/cooptaxis.pt\/fr\/produit\/porto-covo-lile-du-pessegueiro-et-milfontes\/","title":{"rendered":"Porto Covo, l&rsquo;\u00eele du Pessegueiro et Milfontes"},"content":{"rendered":"<p>Profitez d&rsquo;un voyage charmant vers la beaut\u00e9 intacte de la c\u00f4te de l&rsquo;Alentejo. Un itin\u00e9raire pittoresque qui vous m\u00e8nera aux endroits les plus embl\u00e9matiques de ces r\u00e9gions \u00e9blouissantes, offrant un aper\u00e7u des plages dor\u00e9es qui s&rsquo;\u00e9tendent le long de la c\u00f4te et une vue magnifique sur l&rsquo;\u00eele du Pessegueiro.<\/p>\n<p>En arrivant \u00e0 Porto Covo, le charme unique de ce village de p\u00eacheurs \u00e9blouit les visiteurs. Les tons vibrants des maisons traditionnelles au bord de la mer donnent vie \u00e0 cette localit\u00e9 pittoresque. Faites une pause pour explorer les rues \u00e9troites, contempler les falaises imposantes et ressentir la brise marine qui caract\u00e9rise cet endroit.<\/p>\n<p>Le voyage se poursuit vers Vila Nova de Milfontes, o\u00f9 la fusion entre la rivi\u00e8re et la mer cr\u00e9e un paysage vraiment \u00e9poustouflant. Ici, vous pouvez apercevoir le ch\u00e2teau m\u00e9di\u00e9val dominant le paysage, tandis que les rives de la rivi\u00e8re invitent \u00e0 des moments de d\u00e9tente au bord de l&rsquo;eau.<\/p>\n<p>La beaut\u00e9 naturelle de ces endroits vous laissera certainement des souvenirs durables d&rsquo;un voyage qui r\u00e9v\u00e8le le meilleur que la c\u00f4te de l&rsquo;Alentejo a \u00e0 offrir.<\/p>\n<p><strong>Important:<\/strong> Dur\u00e9e 8 heures*<\/p>\n<p><strong>R\u00e9servations:<\/strong> cooptaxis.pt<\/p>\n<p><strong>Conditions g\u00e9n\u00e9rales:<\/strong> Toutes les visites n\u00e9cessitent une r\u00e9servation pr\u00e9alable. Tous les monuments nationaux sont ferm\u00e9s les jours f\u00e9ri\u00e9s.<\/p>\n<p><strong>Non inclus:<\/strong> repas, droits d&rsquo;entr\u00e9e et visites guid\u00e9es dans les monuments et autres sites touristiques ou arr\u00eats.<\/p>\n<p><strong>Inclus:<\/strong> transport avec des arr\u00eats annonc\u00e9s.<\/p>\n<p><strong>Notes:<\/strong> D&rsquo;autres itin\u00e9raires peuvent \u00eatre organis\u00e9s selon vos int\u00e9r\u00eats. Contactez <a href=\"mailto:taxi@cooptaxis.pt\" target=\"_new\" rel=\"noopener\">taxi@cooptaxis.pt<\/a><\/p>\n<p><strong>Informations:<\/strong> Pour chaque tranche de 30 minutes au-del\u00e0 de la dur\u00e9e stipul\u00e9e dans la description de la visite, 12 \u20ac seront factur\u00e9s.<\/p>\n","protected":false},"excerpt":{"rendered":"<p>Profitez d&rsquo;un voyage charmant vers la beaut\u00e9 intacte de la c\u00f4te de l&rsquo;Alentejo. Un itin\u00e9raire pittoresque qui vous m\u00e8nera aux endroits les plus embl\u00e9matiques de ces r\u00e9gions \u00e9blouissantes, offrant un aper\u00e7u des plages dor\u00e9es qui s&rsquo;\u00e9tendent le long de la c\u00f4te et une vue magnifique sur l&rsquo;\u00eele du Pessegueiro. En arrivant \u00e0 Porto Covo, le charme unique de ce village &#8230; <\/p>\n<div><a href=\"https:\/\/cooptaxis.pt\/fr\/produit\/porto-covo-lile-du-pessegueiro-et-milfontes\/\" class=\"more-link\">Read More<\/a><\/div>\n","protected":false},"featured_media":8875,"template":"","meta":{"om_disable_all_campaigns":false,"_uag_custom_page_level_css":"","_monsterinsights_skip_tracking":false,"_monsterinsights_sitenote_active":false,"_monsterinsights_sitenote_note":"","_monsterinsights_sitenote_category":0},"product_brand":[],"product_cat":[345],"product_tag":[],"class_list":{"0":"post-8905","1":"product","2":"type-product","3":"status-publish","4":"has-post-thumbnail","6":"product_cat-tours-fr","7":"tm-has-options","10":"first","11":"instock","12":"taxable","13":"shipping-taxable","14":"purchasable","15":"product-type-simple"},"aioseo_notices":[],"yoast_head":"<!-- This site is optimized with the Yoast SEO plugin v24.7 - https:\/\/yoast.com\/wordpress\/plugins\/seo\/ -->\n<title>Porto Covo, l&#039;\u00eele du Pessegueiro et Milfontes - Coopt\u00e1xis<\/title>\n<meta name=\"robots\" content=\"index, follow, max-snippet:-1, max-image-preview:large, max-video-preview:-1\" \/>\n<link rel=\"canonical\" href=\"https:\/\/cooptaxis.pt\/fr\/produit\/porto-covo-lile-du-pessegueiro-et-milfontes\/\" \/>\n<meta property=\"og:locale\" content=\"fr_FR\" \/>\n<meta property=\"og:type\" content=\"article\" \/>\n<meta property=\"og:title\" content=\"Porto Covo, l&#039;\u00eele du Pessegueiro et Milfontes - Coopt\u00e1xis\" \/>\n<meta property=\"og:description\" content=\"Profitez d&rsquo;un voyage charmant vers la beaut\u00e9 intacte de la c\u00f4te de l&rsquo;Alentejo. Un itin\u00e9raire pittoresque qui vous m\u00e8nera aux endroits les plus embl\u00e9matiques de ces r\u00e9gions \u00e9blouissantes, offrant un aper\u00e7u des plages dor\u00e9es qui s&rsquo;\u00e9tendent le long de la c\u00f4te et une vue magnifique sur l&rsquo;\u00eele du Pessegueiro. En arrivant \u00e0 Porto Covo, le charme unique de ce village ... Read More\" \/>\n<meta property=\"og:url\" content=\"https:\/\/cooptaxis.pt\/fr\/produit\/porto-covo-lile-du-pessegueiro-et-milfontes\/\" \/>\n<meta property=\"og:site_name\" content=\"Coopt\u00e1xis\" \/>\n<meta property=\"article:publisher\" content=\"https:\/\/www.instagram.com\/cooptaxisportugal\/\" \/>\n<meta property=\"article:modified_time\" content=\"2023-11-15T14:18:19+00:00\" \/>\n<meta property=\"og:image\" content=\"https:\/\/cooptaxis.pt\/wp-content\/uploads\/2023\/11\/vila_nova_milfontes-1-1024x684.png\" \/>\n\t<meta property=\"og:image:width\" content=\"1024\" \/>\n\t<meta property=\"og:image:height\" content=\"684\" \/>\n\t<meta property=\"og:image:type\" content=\"image\/png\" \/>\n<meta name=\"twitter:card\" content=\"summary_large_image\" \/>\n<meta name=\"twitter:label1\" content=\"Dur\u00e9e de lecture estim\u00e9e\" \/>\n\t<meta name=\"twitter:data1\" content=\"2 minutes\" \/>\n<script type=\"application\/ld+json\" class=\"yoast-schema-graph\">{\"@context\":\"https:\/\/schema.org\",\"@graph\":[{\"@type\":\"WebPage\",\"@id\":\"https:\/\/cooptaxis.pt\/fr\/produit\/porto-covo-lile-du-pessegueiro-et-milfontes\/\",\"url\":\"https:\/\/cooptaxis.pt\/fr\/produit\/porto-covo-lile-du-pessegueiro-et-milfontes\/\",\"name\":\"Porto Covo, l'\u00eele du Pessegueiro et Milfontes - Coopt\u00e1xis\",\"isPartOf\":{\"@id\":\"https:\/\/cooptaxis.pt\/#website\"},\"primaryImageOfPage\":{\"@id\":\"https:\/\/cooptaxis.pt\/fr\/produit\/porto-covo-lile-du-pessegueiro-et-milfontes\/#primaryimage\"},\"image\":{\"@id\":\"https:\/\/cooptaxis.pt\/fr\/produit\/porto-covo-lile-du-pessegueiro-et-milfontes\/#primaryimage\"},\"thumbnailUrl\":\"https:\/\/cooptaxis.pt\/wp-content\/uploads\/2023\/11\/vila_nova_milfontes-1-e1700051666723.png\",\"datePublished\":\"2023-11-15T14:15:55+00:00\",\"dateModified\":\"2023-11-15T14:18:19+00:00\",\"breadcrumb\":{\"@id\":\"https:\/\/cooptaxis.pt\/fr\/produit\/porto-covo-lile-du-pessegueiro-et-milfontes\/#breadcrumb\"},\"inLanguage\":\"fr-FR\",\"potentialAction\":[{\"@type\":\"ReadAction\",\"target\":[\"https:\/\/cooptaxis.pt\/fr\/produit\/porto-covo-lile-du-pessegueiro-et-milfontes\/\"]}]},{\"@type\":\"ImageObject\",\"inLanguage\":\"fr-FR\",\"@id\":\"https:\/\/cooptaxis.pt\/fr\/produit\/porto-covo-lile-du-pessegueiro-et-milfontes\/#primaryimage\",\"url\":\"https:\/\/cooptaxis.pt\/wp-content\/uploads\/2023\/11\/vila_nova_milfontes-1-e1700051666723.png\",\"contentUrl\":\"https:\/\/cooptaxis.pt\/wp-content\/uploads\/2023\/11\/vila_nova_milfontes-1-e1700051666723.png\",\"width\":1920,\"height\":1283},{\"@type\":\"BreadcrumbList\",\"@id\":\"https:\/\/cooptaxis.pt\/fr\/produit\/porto-covo-lile-du-pessegueiro-et-milfontes\/#breadcrumb\",\"itemListElement\":[{\"@type\":\"ListItem\",\"position\":1,\"name\":\"In\u00edcio\",\"item\":\"https:\/\/cooptaxis.pt\/fr\/home\/\"},{\"@type\":\"ListItem\",\"position\":2,\"name\":\"Tours-fr\",\"item\":\"https:\/\/cooptaxis.pt\/fr\/boutique\/\"},{\"@type\":\"ListItem\",\"position\":3,\"name\":\"Porto Covo, l&#8217;\u00eele du Pessegueiro et Milfontes\"}]},{\"@type\":\"WebSite\",\"@id\":\"https:\/\/cooptaxis.pt\/#website\",\"url\":\"https:\/\/cooptaxis.pt\/\",\"name\":\"Coopt\u00e1xis\",\"description\":\"A maior Frota Nacional de T\u00e1xis\",\"publisher\":{\"@id\":\"https:\/\/cooptaxis.pt\/#organization\"},\"potentialAction\":[{\"@type\":\"SearchAction\",\"target\":{\"@type\":\"EntryPoint\",\"urlTemplate\":\"https:\/\/cooptaxis.pt\/?s={search_term_string}\"},\"query-input\":{\"@type\":\"PropertyValueSpecification\",\"valueRequired\":true,\"valueName\":\"search_term_string\"}}],\"inLanguage\":\"fr-FR\"},{\"@type\":\"Organization\",\"@id\":\"https:\/\/cooptaxis.pt\/#organization\",\"name\":\"Coopt\u00e1xis\",\"url\":\"https:\/\/cooptaxis.pt\/\",\"logo\":{\"@type\":\"ImageObject\",\"inLanguage\":\"fr-FR\",\"@id\":\"https:\/\/cooptaxis.pt\/#\/schema\/logo\/image\/\",\"url\":\"https:\/\/cooptaxis.pt\/wp-content\/uploads\/2019\/02\/cropped-COOPTAXIS_fundo_Pantone.jpg\",\"contentUrl\":\"https:\/\/cooptaxis.pt\/wp-content\/uploads\/2019\/02\/cropped-COOPTAXIS_fundo_Pantone.jpg\",\"width\":512,\"height\":512,\"caption\":\"Coopt\u00e1xis\"},\"image\":{\"@id\":\"https:\/\/cooptaxis.pt\/#\/schema\/logo\/image\/\"},\"sameAs\":[\"https:\/\/www.instagram.com\/cooptaxisportugal\/\",\"https:\/\/www.youtube.com\/watch?v=jLvAnznJhBo&amp;amp;amp;list=PLXqoHUfSBV2Dh-_t5RfvN-rKuClmSlzfW\"]}]}<\/script>\n<!-- \/ Yoast SEO plugin. -->","yoast_head_json":{"title":"Porto Covo, l'\u00eele du Pessegueiro et Milfontes - Coopt\u00e1xis","robots":{"index":"index","follow":"follow","max-snippet":"max-snippet:-1","max-image-preview":"max-image-preview:large","max-video-preview":"max-video-preview:-1"},"canonical":"https:\/\/cooptaxis.pt\/fr\/produit\/porto-covo-lile-du-pessegueiro-et-milfontes\/","og_locale":"fr_FR","og_type":"article","og_title":"Porto Covo, l'\u00eele du Pessegueiro et Milfontes - Coopt\u00e1xis","og_description":"Profitez d&rsquo;un voyage charmant vers la beaut\u00e9 intacte de la c\u00f4te de l&rsquo;Alentejo. Un itin\u00e9raire pittoresque qui vous m\u00e8nera aux endroits les plus embl\u00e9matiques de ces r\u00e9gions \u00e9blouissantes, offrant un aper\u00e7u des plages dor\u00e9es qui s&rsquo;\u00e9tendent le long de la c\u00f4te et une vue magnifique sur l&rsquo;\u00eele du Pessegueiro. En arrivant \u00e0 Porto Covo, le charme unique de ce village ... Read More","og_url":"https:\/\/cooptaxis.pt\/fr\/produit\/porto-covo-lile-du-pessegueiro-et-milfontes\/","og_site_name":"Coopt\u00e1xis","article_publisher":"https:\/\/www.instagram.com\/cooptaxisportugal\/","article_modified_time":"2023-11-15T14:18:19+00:00","og_image":[{"width":1024,"height":684,"url":"https:\/\/cooptaxis.pt\/wp-content\/uploads\/2023\/11\/vila_nova_milfontes-1-1024x684.png","type":"image\/png"}],"twitter_card":"summary_large_image","twitter_misc":{"Dur\u00e9e de lecture estim\u00e9e":"2 minutes"},"schema":{"@context":"https:\/\/schema.org","@graph":[{"@type":"WebPage","@id":"https:\/\/cooptaxis.pt\/fr\/produit\/porto-covo-lile-du-pessegueiro-et-milfontes\/","url":"https:\/\/cooptaxis.pt\/fr\/produit\/porto-covo-lile-du-pessegueiro-et-milfontes\/","name":"Porto Covo, l'\u00eele du Pessegueiro et Milfontes - Coopt\u00e1xis","isPartOf":{"@id":"https:\/\/cooptaxis.pt\/#website"},"primaryImageOfPage":{"@id":"https:\/\/cooptaxis.pt\/fr\/produit\/porto-covo-lile-du-pessegueiro-et-milfontes\/#primaryimage"},"image":{"@id":"https:\/\/cooptaxis.pt\/fr\/produit\/porto-covo-lile-du-pessegueiro-et-milfontes\/#primaryimage"},"thumbnailUrl":"https:\/\/cooptaxis.pt\/wp-content\/uploads\/2023\/11\/vila_nova_milfontes-1-e1700051666723.png","datePublished":"2023-11-15T14:15:55+00:00","dateModified":"2023-11-15T14:18:19+00:00","breadcrumb":{"@id":"https:\/\/cooptaxis.pt\/fr\/produit\/porto-covo-lile-du-pessegueiro-et-milfontes\/#breadcrumb"},"inLanguage":"fr-FR","potentialAction":[{"@type":"ReadAction","target":["https:\/\/cooptaxis.pt\/fr\/produit\/porto-covo-lile-du-pessegueiro-et-milfontes\/"]}]},{"@type":"ImageObject","inLanguage":"fr-FR","@id":"https:\/\/cooptaxis.pt\/fr\/produit\/porto-covo-lile-du-pessegueiro-et-milfontes\/#primaryimage","url":"https:\/\/cooptaxis.pt\/wp-content\/uploads\/2023\/11\/vila_nova_milfontes-1-e1700051666723.png","contentUrl":"https:\/\/cooptaxis.pt\/wp-content\/uploads\/2023\/11\/vila_nova_milfontes-1-e1700051666723.png","width":1920,"height":1283},{"@type":"BreadcrumbList","@id":"https:\/\/cooptaxis.pt\/fr\/produit\/porto-covo-lile-du-pessegueiro-et-milfontes\/#breadcrumb","itemListElement":[{"@type":"ListItem","position":1,"name":"In\u00edcio","item":"https:\/\/cooptaxis.pt\/fr\/home\/"},{"@type":"ListItem","position":2,"name":"Tours-fr","item":"https:\/\/cooptaxis.pt\/fr\/boutique\/"},{"@type":"ListItem","position":3,"name":"Porto Covo, l&#8217;\u00eele du Pessegueiro et Milfontes"}]},{"@type":"WebSite","@id":"https:\/\/cooptaxis.pt\/#website","url":"https:\/\/cooptaxis.pt\/","name":"Coopt\u00e1xis","description":"A maior Frota Nacional de T\u00e1xis","publisher":{"@id":"https:\/\/cooptaxis.pt\/#organization"},"potentialAction":[{"@type":"SearchAction","target":{"@type":"EntryPoint","urlTemplate":"https:\/\/cooptaxis.pt\/?s={search_term_string}"},"query-input":{"@type":"PropertyValueSpecification","valueRequired":true,"valueName":"search_term_string"}}],"inLanguage":"fr-FR"},{"@type":"Organization","@id":"https:\/\/cooptaxis.pt\/#organization","name":"Coopt\u00e1xis","url":"https:\/\/cooptaxis.pt\/","logo":{"@type":"ImageObject","inLanguage":"fr-FR","@id":"https:\/\/cooptaxis.pt\/#\/schema\/logo\/image\/","url":"https:\/\/cooptaxis.pt\/wp-content\/uploads\/2019\/02\/cropped-COOPTAXIS_fundo_Pantone.jpg","contentUrl":"https:\/\/cooptaxis.pt\/wp-content\/uploads\/2019\/02\/cropped-COOPTAXIS_fundo_Pantone.jpg","width":512,"height":512,"caption":"Coopt\u00e1xis"},"image":{"@id":"https:\/\/cooptaxis.pt\/#\/schema\/logo\/image\/"},"sameAs":["https:\/\/www.instagram.com\/cooptaxisportugal\/","https:\/\/www.youtube.com\/watch?v=jLvAnznJhBo&amp;amp;amp;list=PLXqoHUfSBV2Dh-_t5RfvN-rKuClmSlzfW"]}]}},"uagb_featured_image_src":{"full":["https:\/\/cooptaxis.pt\/wp-content\/uploads\/2023\/11\/vila_nova_milfontes-1-e1700051666723.png",1920,1283,false],"thumbnail":["https:\/\/cooptaxis.pt\/wp-content\/uploads\/2023\/11\/vila_nova_milfontes-1-150x150.png",150,150,true],"medium":["https:\/\/cooptaxis.pt\/wp-content\/uploads\/2023\/11\/vila_nova_milfontes-1-300x200.png",300,200,true],"medium_large":["https:\/\/cooptaxis.pt\/wp-content\/uploads\/2023\/11\/vila_nova_milfontes-1-768x513.png",768,513,true],"large":["https:\/\/cooptaxis.pt\/wp-content\/uploads\/2023\/11\/vila_nova_milfontes-1-1024x684.png",1024,684,true],"1536x1536":["https:\/\/cooptaxis.pt\/wp-content\/uploads\/2023\/11\/vila_nova_milfontes-1-1536x1026.png",1536,1026,true],"2048x2048":["https:\/\/cooptaxis.pt\/wp-content\/uploads\/2023\/11\/vila_nova_milfontes-1-e1700051666723.png",1920,1283,false],"woocommerce_thumbnail":["https:\/\/cooptaxis.pt\/wp-content\/uploads\/2023\/11\/vila_nova_milfontes-1-600x450.png",600,450,true],"woocommerce_single":["https:\/\/cooptaxis.pt\/wp-content\/uploads\/2023\/11\/vila_nova_milfontes-1-600x401.png",600,401,true],"woocommerce_gallery_thumbnail":["https:\/\/cooptaxis.pt\/wp-content\/uploads\/2023\/11\/vila_nova_milfontes-1-100x100.png",100,100,true],"post-thumbnail":["https:\/\/cooptaxis.pt\/wp-content\/uploads\/2023\/11\/vila_nova_milfontes-1-100x67.png",100,67,true],"entry":["https:\/\/cooptaxis.pt\/wp-content\/uploads\/2023\/11\/vila_nova_milfontes-1-862x576.png",862,576,true],"entry-cropped":["https:\/\/cooptaxis.pt\/wp-content\/uploads\/2023\/11\/vila_nova_milfontes-1-862x482.png",862,482,true],"entry-fullwidth":["https:\/\/cooptaxis.pt\/wp-content\/uploads\/2023\/11\/vila_nova_milfontes-1-1200x802.png",1200,802,true],"entry-cropped-fullwidth":["https:\/\/cooptaxis.pt\/wp-content\/uploads\/2023\/11\/vila_nova_milfontes-1-1200x671.png",1200,671,true]},"uagb_author_info":{"display_name":"mauriatti","author_link":"https:\/\/cooptaxis.pt\/fr\/author\/"},"uagb_comment_info":0,"uagb_excerpt":"Profitez d&rsquo;un voyage charmant vers la beaut\u00e9 intacte de la c\u00f4te de l&rsquo;Alentejo. Un itin\u00e9raire pittoresque qui vous m\u00e8nera aux endroits les plus embl\u00e9matiques de ces r\u00e9gions \u00e9blouissantes, offrant un aper\u00e7u des plages dor\u00e9es qui s&rsquo;\u00e9tendent le long de la c\u00f4te et une vue magnifique sur l&rsquo;\u00eele du Pessegueiro. En arrivant \u00e0 Porto Covo, le\u2026","_links":{"self":[{"href":"https:\/\/cooptaxis.pt\/fr\/wp-json\/wp\/v2\/product\/8905","targetHints":{"allow":["GET"]}}],"collection":[{"href":"https:\/\/cooptaxis.pt\/fr\/wp-json\/wp\/v2\/product"}],"about":[{"href":"https:\/\/cooptaxis.pt\/fr\/wp-json\/wp\/v2\/types\/product"}],"wp:featuredmedia":[{"embeddable":true,"href":"https:\/\/cooptaxis.pt\/fr\/wp-json\/wp\/v2\/media\/8875"}],"wp:attachment":[{"href":"https:\/\/cooptaxis.pt\/fr\/wp-json\/wp\/v2\/media?parent=8905"}],"wp:term":[{"taxonomy":"product_brand","embeddable":true,"href":"https:\/\/cooptaxis.pt\/fr\/wp-json\/wp\/v2\/product_brand?post=8905"},{"taxonomy":"product_cat","embeddable":true,"href":"https:\/\/cooptaxis.pt\/fr\/wp-json\/wp\/v2\/product_cat?post=8905"},{"taxonomy":"product_tag","embeddable":true,"href":"https:\/\/cooptaxis.pt\/fr\/wp-json\/wp\/v2\/product_tag?post=8905"}],"curies":[{"name":"wp","href":"https:\/\/api.w.org\/{rel}","templated":true}]}}